{"id":211679,"date":"2015-02-17T13:19:50","date_gmt":"2015-02-17T21:19:50","guid":{"rendered":"https:\/\/livingwaters.com\/store\/sin%20categor\u00eda\/ilusion-optica\/"},"modified":"2026-04-03T16:46:45","modified_gmt":"2026-04-03T23:46:45","slug":"ilusion-optica","status":"publish","type":"product","link":"https:\/\/livingwaters.com\/es\/tienda\/otros-idiomas\/espanol\/ilusion-optica\/","title":{"rendered":"Ilusi\u00f3n \u00d3ptica"},"content":{"rendered":"<p>TARJETA UNO: Levanta ambas tarjetas con la curva hacia el lado derecho. \u00bfCu\u00e1l es m\u00e1s grande, la roja o la verde? \u00a1Ambas son id\u00e9nticas! Nuestros ojos a menudo son enga\u00f1ados por ilusiones \u00f5pticas. Hablando de ojos, \u00bfvender\u00edas uno de tus ojos por $1 mill\u00f5n de d\u00f5lares? \u00bfQu\u00e9 tal ambos por $20 millones? Nadie en su sano juicio lo har\u00eda. Tus ojos no tienen precio, aunque solamente son las ventanas de tu alma. Jes\u00fas dijo precisamente que tus ojos no valen nada comparados al valor de tu alma: &#8220;Y si tu ojo te es ocasi\u00f5n de pecar, s\u00e1catelo; te es mejor entrar al reino de Dios con un solo ojo, que teniendo dos ojos ser echado al Infierno&#8221; (Marcos 9:47). Jes\u00fas pregunt\u00f5, &#8220;\u00bfQu\u00e9 provecho obtendr\u00e1 un hombre si gana el mundo entero, pero pierde su alma? \u00bfO qu\u00e9 recompensa dar\u00e1 el hombre por su alma?\u201d (Mateo 16:26). No hay nada m\u00e1s importante que tu salvaci\u00f5n. \u00bfT\u00fa crees que ir\u00e1s al Cielo cuando mueras?<\/p>\n<p>TARJETA DOS: Exam\u00ednate a ti mismo yendo a trav\u00e9s de los Diez Mandamientos: \u00bfCu\u00e1ntas mentiras has dicho en tu vida? \u00bfAlguna vez has robado algo? (no importa el valor). \u00bfHas cometido adulterio? (Jes\u00fas dijo, &#8220;Cualquiera que mira a una mujer para codiciarla, ya adulter\u00f5 con ella en su coraz\u00f5n&#8221; \u2013 Mateo. 5:28). \u00bfHas asesinado a alguien? (Dios considera que odiar es lo mismo que matar \u2013 1st Juan 3:15). \u00bfHas amado siempre a Dios sobre todas las cosas? S\u00e9 honesto. T\u00fa sabes que ser\u00e1s encontrado culpable en el D\u00eda del Juicio y por lo tanto acabar\u00e1s en el Infierno. Pero Jes\u00fas demostr\u00f5 cu\u00e1nto nos ama Dios, al morir en la cruz para recibir nuestro castigo y despu\u00e9s resucitar de entre los muertos. Arrepi\u00e9ntete hoy mismo, (confiesa y dale la espalda a tu pecado) y conf\u00eda en Jesucristo. Lee la Biblia diariamente, y obed\u00e9cela. Dios nunca te fallar\u00e1.<\/p>\n","protected":false},"excerpt":{"rendered":"<p>Cuando comparas las tarjetas, una parece ser m\u00e1s grande que la otra. Cuando las cambias de posici\u00f3n la que parece m\u00e1s grande ahora parece ser m\u00e1s peque\u00f1a, y la m\u00e1s peque\u00f1a ahora parce ser m\u00e1s grande.<\/p>\n","protected":false},"featured_media":210955,"comment_status":"open","ping_status":"closed","template":"","meta":{"_acf_changed":false,"_searchwp_excluded":""},"product_author":[],"product_collection":[],"product_topic":[],"product_brand":[],"product_cat":[10845,8193],"product_tag":[10868],"class_list":{"0":"post-211679","1":"product","2":"type-product","3":"status-publish","4":"has-post-thumbnail","6":"product_cat-espanol","7":"product_cat-tratado-evangelistico","8":"product_tag-alcance-espanol","9":"pa_language-espanol","10":"entry","11":"has-media","13":"first","14":"instock","15":"taxable","16":"shipping-taxable","17":"purchasable","18":"product-type-variable","19":"has-default-attributes"},"group_of_quantity":0,"min_quantity":0,"max_quantity":"","exclude_order_quantity_value_rules":"no","exclude_category_quantity_rules":"no","combine_variations":"no","acf":[],"yoast_head":"<!-- This site is optimized with the Yoast SEO Premium plugin v27.2 (Yoast SEO v27.2) - https:\/\/yoast.com\/product\/yoast-seo-premium-wordpress\/ -->\n<title>Ilusi\u00f3n \u00d3ptica - Living Waters<\/title>\n<meta name=\"robots\" content=\"index, follow, max-snippet:-1, max-image-preview:large, max-video-preview:-1\" \/>\n<link rel=\"canonical\" href=\"https:\/\/livingwaters.com\/es\/tienda\/otros-idiomas\/espanol\/ilusion-optica\/\" \/>\n<meta property=\"og:locale\" content=\"es_ES\" \/>\n<meta property=\"og:type\" content=\"article\" \/>\n<meta property=\"og:title\" content=\"Ilusi\u00f3n \u00d3ptica\" \/>\n<meta property=\"og:description\" content=\"Cuando comparas las tarjetas, una parece ser m\u00e1s grande que la otra. Cuando las cambias de posici\u00f3n la que parece m\u00e1s grande ahora parece ser m\u00e1s peque\u00f1a, y la m\u00e1s peque\u00f1a ahora parce ser m\u00e1s grande.\" \/>\n<meta property=\"og:url\" content=\"https:\/\/livingwaters.com\/es\/tienda\/otros-idiomas\/espanol\/ilusion-optica\/\" \/>\n<meta property=\"og:site_name\" content=\"Living Waters\" \/>\n<meta property=\"article:publisher\" content=\"https:\/\/www.facebook.com\/lwwotm\/\" \/>\n<meta property=\"article:modified_time\" content=\"2026-04-03T23:46:45+00:00\" \/>\n<meta property=\"og:image\" content=\"https:\/\/livingwaters.com\/wp-content\/uploads\/2015\/02\/curved-illusion-spanish-product-image-3.jpg\" \/>\n\t<meta property=\"og:image:width\" content=\"700\" \/>\n\t<meta property=\"og:image:height\" content=\"700\" \/>\n\t<meta property=\"og:image:type\" content=\"image\/jpeg\" \/>\n<meta name=\"twitter:card\" content=\"summary_large_image\" \/>\n<meta name=\"twitter:site\" content=\"@LivingWatersPub\" \/>\n<meta name=\"twitter:label1\" content=\"Tiempo de lectura\" \/>\n\t<meta name=\"twitter:data1\" content=\"2 minutos\" \/>\n<script type=\"application\/ld+json\" class=\"yoast-schema-graph\">{\"@context\":\"https:\/\/schema.org\",\"@graph\":[{\"@type\":\"WebPage\",\"@id\":\"https:\/\/livingwaters.com\/es\/tienda\/otros-idiomas\/espanol\/ilusion-optica\/\",\"url\":\"https:\/\/livingwaters.com\/es\/tienda\/otros-idiomas\/espanol\/ilusion-optica\/\",\"name\":\"Ilusi\u00f3n \u00d3ptica - Living Waters\",\"isPartOf\":{\"@id\":\"https:\/\/livingwaters.com\/es\/#website\"},\"primaryImageOfPage\":{\"@id\":\"https:\/\/livingwaters.com\/es\/tienda\/otros-idiomas\/espanol\/ilusion-optica\/#primaryimage\"},\"image\":{\"@id\":\"https:\/\/livingwaters.com\/es\/tienda\/otros-idiomas\/espanol\/ilusion-optica\/#primaryimage\"},\"thumbnailUrl\":\"https:\/\/livingwaters.com\/wp-content\/uploads\/2015\/02\/curved-illusion-spanish-product-image-3.jpg\",\"datePublished\":\"2015-02-17T21:19:50+00:00\",\"dateModified\":\"2026-04-03T23:46:45+00:00\",\"breadcrumb\":{\"@id\":\"https:\/\/livingwaters.com\/es\/tienda\/otros-idiomas\/espanol\/ilusion-optica\/#breadcrumb\"},\"inLanguage\":\"es\",\"potentialAction\":[{\"@type\":\"ReadAction\",\"target\":[\"https:\/\/livingwaters.com\/es\/tienda\/otros-idiomas\/espanol\/ilusion-optica\/\"]}]},{\"@type\":\"ImageObject\",\"inLanguage\":\"es\",\"@id\":\"https:\/\/livingwaters.com\/es\/tienda\/otros-idiomas\/espanol\/ilusion-optica\/#primaryimage\",\"url\":\"https:\/\/livingwaters.com\/wp-content\/uploads\/2015\/02\/curved-illusion-spanish-product-image-3.jpg\",\"contentUrl\":\"https:\/\/livingwaters.com\/wp-content\/uploads\/2015\/02\/curved-illusion-spanish-product-image-3.jpg\",\"width\":700,\"height\":700},{\"@type\":\"BreadcrumbList\",\"@id\":\"https:\/\/livingwaters.com\/es\/tienda\/otros-idiomas\/espanol\/ilusion-optica\/#breadcrumb\",\"itemListElement\":[{\"@type\":\"ListItem\",\"position\":1,\"name\":\"Home\",\"item\":\"https:\/\/livingwaters.com\/es\/\"},{\"@type\":\"ListItem\",\"position\":2,\"name\":\"Productos\",\"item\":\"https:\/\/livingwaters.com\/es\/shop\/\"},{\"@type\":\"ListItem\",\"position\":3,\"name\":\"Otros idiomas\",\"item\":\"https:\/\/livingwaters.com\/es\/categoria-producto\/otros-idiomas\/\"},{\"@type\":\"ListItem\",\"position\":4,\"name\":\"Espa\u00f1ol\",\"item\":\"https:\/\/livingwaters.com\/es\/categoria-producto\/otros-idiomas\/espanol\/\"},{\"@type\":\"ListItem\",\"position\":5,\"name\":\"Ilusi\u00f3n \u00d3ptica\"}]},{\"@type\":\"WebSite\",\"@id\":\"https:\/\/livingwaters.com\/es\/#website\",\"url\":\"https:\/\/livingwaters.com\/es\/\",\"name\":\"Living Waters\",\"description\":\"Inspiring. Equipping. Fulfilling.\",\"publisher\":{\"@id\":\"https:\/\/livingwaters.com\/es\/#organization\"},\"potentialAction\":[{\"@type\":\"SearchAction\",\"target\":{\"@type\":\"EntryPoint\",\"urlTemplate\":\"https:\/\/livingwaters.com\/es\/?s={search_term_string}\"},\"query-input\":{\"@type\":\"PropertyValueSpecification\",\"valueRequired\":true,\"valueName\":\"search_term_string\"}}],\"inLanguage\":\"es\"},{\"@type\":\"Organization\",\"@id\":\"https:\/\/livingwaters.com\/es\/#organization\",\"name\":\"Living Waters\",\"url\":\"https:\/\/livingwaters.com\/es\/\",\"logo\":{\"@type\":\"ImageObject\",\"inLanguage\":\"es\",\"@id\":\"https:\/\/livingwaters.com\/es\/#\/schema\/logo\/image\/\",\"url\":\"https:\/\/livingwaters.com\/wp-content\/uploads\/2017\/12\/logo-blue.png\",\"contentUrl\":\"https:\/\/livingwaters.com\/wp-content\/uploads\/2017\/12\/logo-blue.png\",\"width\":152,\"height\":42,\"caption\":\"Living Waters\"},\"image\":{\"@id\":\"https:\/\/livingwaters.com\/es\/#\/schema\/logo\/image\/\"},\"sameAs\":[\"https:\/\/www.facebook.com\/lwwotm\/\",\"https:\/\/x.com\/LivingWatersPub\",\"https:\/\/www.instagram.com\/livingwatersofficial\/\",\"https:\/\/www.youtube.com\/thewayofthemaster\"]}]}<\/script>\n<!-- \/ Yoast SEO Premium plugin. -->","yoast_head_json":{"title":"Ilusi\u00f3n \u00d3ptica - Living Waters","robots":{"index":"index","follow":"follow","max-snippet":"max-snippet:-1","max-image-preview":"max-image-preview:large","max-video-preview":"max-video-preview:-1"},"canonical":"https:\/\/livingwaters.com\/es\/tienda\/otros-idiomas\/espanol\/ilusion-optica\/","og_locale":"es_ES","og_type":"article","og_title":"Ilusi\u00f3n \u00d3ptica","og_description":"Cuando comparas las tarjetas, una parece ser m\u00e1s grande que la otra. Cuando las cambias de posici\u00f3n la que parece m\u00e1s grande ahora parece ser m\u00e1s peque\u00f1a, y la m\u00e1s peque\u00f1a ahora parce ser m\u00e1s grande.","og_url":"https:\/\/livingwaters.com\/es\/tienda\/otros-idiomas\/espanol\/ilusion-optica\/","og_site_name":"Living Waters","article_publisher":"https:\/\/www.facebook.com\/lwwotm\/","article_modified_time":"2026-04-03T23:46:45+00:00","og_image":[{"width":700,"height":700,"url":"https:\/\/livingwaters.com\/wp-content\/uploads\/2015\/02\/curved-illusion-spanish-product-image-3.jpg","type":"image\/jpeg"}],"twitter_card":"summary_large_image","twitter_site":"@LivingWatersPub","twitter_misc":{"Tiempo de lectura":"2 minutos"},"schema":{"@context":"https:\/\/schema.org","@graph":[{"@type":"WebPage","@id":"https:\/\/livingwaters.com\/es\/tienda\/otros-idiomas\/espanol\/ilusion-optica\/","url":"https:\/\/livingwaters.com\/es\/tienda\/otros-idiomas\/espanol\/ilusion-optica\/","name":"Ilusi\u00f3n \u00d3ptica - Living Waters","isPartOf":{"@id":"https:\/\/livingwaters.com\/es\/#website"},"primaryImageOfPage":{"@id":"https:\/\/livingwaters.com\/es\/tienda\/otros-idiomas\/espanol\/ilusion-optica\/#primaryimage"},"image":{"@id":"https:\/\/livingwaters.com\/es\/tienda\/otros-idiomas\/espanol\/ilusion-optica\/#primaryimage"},"thumbnailUrl":"https:\/\/livingwaters.com\/wp-content\/uploads\/2015\/02\/curved-illusion-spanish-product-image-3.jpg","datePublished":"2015-02-17T21:19:50+00:00","dateModified":"2026-04-03T23:46:45+00:00","breadcrumb":{"@id":"https:\/\/livingwaters.com\/es\/tienda\/otros-idiomas\/espanol\/ilusion-optica\/#breadcrumb"},"inLanguage":"es","potentialAction":[{"@type":"ReadAction","target":["https:\/\/livingwaters.com\/es\/tienda\/otros-idiomas\/espanol\/ilusion-optica\/"]}]},{"@type":"ImageObject","inLanguage":"es","@id":"https:\/\/livingwaters.com\/es\/tienda\/otros-idiomas\/espanol\/ilusion-optica\/#primaryimage","url":"https:\/\/livingwaters.com\/wp-content\/uploads\/2015\/02\/curved-illusion-spanish-product-image-3.jpg","contentUrl":"https:\/\/livingwaters.com\/wp-content\/uploads\/2015\/02\/curved-illusion-spanish-product-image-3.jpg","width":700,"height":700},{"@type":"BreadcrumbList","@id":"https:\/\/livingwaters.com\/es\/tienda\/otros-idiomas\/espanol\/ilusion-optica\/#breadcrumb","itemListElement":[{"@type":"ListItem","position":1,"name":"Home","item":"https:\/\/livingwaters.com\/es\/"},{"@type":"ListItem","position":2,"name":"Productos","item":"https:\/\/livingwaters.com\/es\/shop\/"},{"@type":"ListItem","position":3,"name":"Otros idiomas","item":"https:\/\/livingwaters.com\/es\/categoria-producto\/otros-idiomas\/"},{"@type":"ListItem","position":4,"name":"Espa\u00f1ol","item":"https:\/\/livingwaters.com\/es\/categoria-producto\/otros-idiomas\/espanol\/"},{"@type":"ListItem","position":5,"name":"Ilusi\u00f3n \u00d3ptica"}]},{"@type":"WebSite","@id":"https:\/\/livingwaters.com\/es\/#website","url":"https:\/\/livingwaters.com\/es\/","name":"Living Waters","description":"Inspiring. Equipping. Fulfilling.","publisher":{"@id":"https:\/\/livingwaters.com\/es\/#organization"},"potentialAction":[{"@type":"SearchAction","target":{"@type":"EntryPoint","urlTemplate":"https:\/\/livingwaters.com\/es\/?s={search_term_string}"},"query-input":{"@type":"PropertyValueSpecification","valueRequired":true,"valueName":"search_term_string"}}],"inLanguage":"es"},{"@type":"Organization","@id":"https:\/\/livingwaters.com\/es\/#organization","name":"Living Waters","url":"https:\/\/livingwaters.com\/es\/","logo":{"@type":"ImageObject","inLanguage":"es","@id":"https:\/\/livingwaters.com\/es\/#\/schema\/logo\/image\/","url":"https:\/\/livingwaters.com\/wp-content\/uploads\/2017\/12\/logo-blue.png","contentUrl":"https:\/\/livingwaters.com\/wp-content\/uploads\/2017\/12\/logo-blue.png","width":152,"height":42,"caption":"Living Waters"},"image":{"@id":"https:\/\/livingwaters.com\/es\/#\/schema\/logo\/image\/"},"sameAs":["https:\/\/www.facebook.com\/lwwotm\/","https:\/\/x.com\/LivingWatersPub","https:\/\/www.instagram.com\/livingwatersofficial\/","https:\/\/www.youtube.com\/thewayofthemaster"]}]}},"_links":{"self":[{"href":"https:\/\/livingwaters.com\/es\/wp-json\/wp\/v2\/product\/211679","targetHints":{"allow":["GET"]}}],"collection":[{"href":"https:\/\/livingwaters.com\/es\/wp-json\/wp\/v2\/product"}],"about":[{"href":"https:\/\/livingwaters.com\/es\/wp-json\/wp\/v2\/types\/product"}],"replies":[{"embeddable":true,"href":"https:\/\/livingwaters.com\/es\/wp-json\/wp\/v2\/comments?post=211679"}],"wp:featuredmedia":[{"embeddable":true,"href":"https:\/\/livingwaters.com\/es\/wp-json\/wp\/v2\/media\/210955"}],"wp:attachment":[{"href":"https:\/\/livingwaters.com\/es\/wp-json\/wp\/v2\/media?parent=211679"}],"wp:term":[{"taxonomy":"product_author","embeddable":true,"href":"https:\/\/livingwaters.com\/es\/wp-json\/wp\/v2\/product_author?post=211679"},{"taxonomy":"product_collection","embeddable":true,"href":"https:\/\/livingwaters.com\/es\/wp-json\/wp\/v2\/product_collection?post=211679"},{"taxonomy":"product_topic","embeddable":true,"href":"https:\/\/livingwaters.com\/es\/wp-json\/wp\/v2\/product_topic?post=211679"},{"taxonomy":"product_brand","embeddable":true,"href":"https:\/\/livingwaters.com\/es\/wp-json\/wp\/v2\/product_brand?post=211679"},{"taxonomy":"product_cat","embeddable":true,"href":"https:\/\/livingwaters.com\/es\/wp-json\/wp\/v2\/product_cat?post=211679"},{"taxonomy":"product_tag","embeddable":true,"href":"https:\/\/livingwaters.com\/es\/wp-json\/wp\/v2\/product_tag?post=211679"}],"curies":[{"name":"wp","href":"https:\/\/api.w.org\/{rel}","templated":true}]}}