{"id":211688,"date":"2015-05-21T16:29:54","date_gmt":"2015-05-21T16:29:54","guid":{"rendered":"https:\/\/livingwaters.com\/store\/sin%20categor\u00eda\/los-pasos-del-maestro-para-ninos\/"},"modified":"2026-04-10T08:30:57","modified_gmt":"2026-04-10T15:30:57","slug":"los-pasos-del-maestro-para-ninos-2","status":"publish","type":"product","link":"https:\/\/livingwaters.com\/es\/tienda\/libros\/los-pasos-del-maestro-para-ninos-2\/","title":{"rendered":"Los Pasos del Maestro para Ni\u00f1os"},"content":{"rendered":"<p><b>De tapa blanda | 112 p\u00e1ginas | Ray Comfort<\/b><\/p>\n<p>Los Pasos del Maestro para Ni\u00f1os: Ense\u00f1ando a ni\u00f1os Como Compartir su Fe<\/p>\n<p>Qu\u00e9 les deber\u00e1n decir a sus hijos si regresan de la escuela diciendo que la Biblia est\u00e1 llena de cuentos de hadas, y que la ciencia ha comprobado que el hombre es descendiente de los simios? Basado en el programa de televisi\u00f3n \u201cLos Pasos del Maestro\u201d, conducido por Kirk Cameron y Ray Comfort, este libro les ayudara a darles respuestas a sus hijos en un lenguaje que ellos podr\u00e1n entender.<\/p>\n<p>Escrito en dos partes, la primera parte del libro les da a ni\u00f1os de 3 a 5 a\u00f1os un entendimiento del amor de Dios por ellos. La segunda parte del libro es apta para ni\u00f1os de 6 a 10 a\u00f1os, y les explica c\u00f3mo pueden saber que Dios es real, quien hizo a Dios, porque la Biblia es verdadera, como podemos saber que las personas no vienen de los simios, y porque suceden cosas malas.<\/p>\n<p>Adem\u00e1s, este libro les ense\u00f1a a los ni\u00f1os a memorizar los Diez Mandamientos en tan solo cinco minutos, y les ayuda a entender porque necesitan a Jes\u00fas, lo cual que les permite alcanzar a sus amigos para Cristo.<\/p>\n<p>\u201cLos Pasos del Maestro para Ni\u00f1os <i>es un libro que debe estar en cada estante de la familia, y leerse una y otra vez hasta que se comprometa con la memoria. Da seguridad de salvaci\u00f3n, y es una herramienta invaluable para combatir el pensamiento secular de nuestra cultura postmoderna. No compre s\u00f3lo una copia, este es un libro que debe ser compartido.&#8221; \u2014<\/i><b>Anne Walker, Christian<br \/>\nBook Previews.com<\/b><\/p>\n","protected":false},"excerpt":{"rendered":"<p>Qu\u00e9 les deber\u00e1n decir a sus hijos si regresan de la escuela diciendo que la Biblia est\u00e1 llena de cuentos de hadas, y que la ciencia ha comprobado que el hombre es descendiente de los simios? Este libro ense\u00f1a a los ni\u00f1os a compartir su fe.<\/p>\n","protected":false},"featured_media":210995,"comment_status":"open","ping_status":"closed","template":"","meta":{"_acf_changed":false},"product_author":[9428,9356],"product_collection":[],"product_topic":[],"product_brand":[],"product_cat":[8191],"product_tag":[10870],"class_list":{"0":"post-211688","1":"product","2":"type-product","3":"status-publish","4":"has-post-thumbnail","6":"product_author-kirk-cameron","7":"product_author-ray-comfort","8":"product_cat-libros","9":"product_tag-equipamiento-espanol","10":"product_shipping_class-media-mail-es","11":"pa_language-espanol","12":"entry","13":"has-media","15":"first","16":"instock","17":"sale","18":"taxable","19":"shipping-taxable","20":"purchasable","21":"product-type-simple"},"group_of_quantity":0,"min_quantity":0,"max_quantity":"","exclude_order_quantity_value_rules":"no","exclude_category_quantity_rules":"no","combine_variations":"no","acf":[],"yoast_head":"<!-- This site is optimized with the Yoast SEO Premium plugin v27.3 (Yoast SEO v27.3) - https:\/\/yoast.com\/product\/yoast-seo-premium-wordpress\/ -->\n<title>Los Pasos del Maestro para Ni\u00f1os - Living Waters<\/title>\n<meta name=\"robots\" content=\"index, follow, max-snippet:-1, max-image-preview:large, max-video-preview:-1\" \/>\n<link rel=\"canonical\" href=\"https:\/\/livingwaters.com\/es\/tienda\/libros\/los-pasos-del-maestro-para-ninos-2\/\" \/>\n<meta property=\"og:locale\" content=\"es_ES\" \/>\n<meta property=\"og:type\" content=\"article\" \/>\n<meta property=\"og:title\" content=\"Los Pasos del Maestro para Ni\u00f1os\" \/>\n<meta property=\"og:description\" content=\"Qu\u00e9 les deber\u00e1n decir a sus hijos si regresan de la escuela diciendo que la Biblia est\u00e1 llena de cuentos de hadas, y que la ciencia ha comprobado que el hombre es descendiente de los simios? Este libro ense\u00f1a a los ni\u00f1os a compartir su fe.\" \/>\n<meta property=\"og:url\" content=\"https:\/\/livingwaters.com\/es\/tienda\/libros\/los-pasos-del-maestro-para-ninos-2\/\" \/>\n<meta property=\"og:site_name\" content=\"Living Waters\" \/>\n<meta property=\"article:publisher\" content=\"https:\/\/www.facebook.com\/lwwotm\/\" \/>\n<meta property=\"article:modified_time\" content=\"2026-04-10T15:30:57+00:00\" \/>\n<meta property=\"og:image\" content=\"https:\/\/livingwaters.com\/wp-content\/uploads\/2015\/05\/the-way-of-the-master-spanish-product-image-1.jpg\" \/>\n\t<meta property=\"og:image:width\" content=\"700\" \/>\n\t<meta property=\"og:image:height\" content=\"700\" \/>\n\t<meta property=\"og:image:type\" content=\"image\/jpeg\" \/>\n<meta name=\"twitter:card\" content=\"summary_large_image\" \/>\n<meta name=\"twitter:site\" content=\"@LivingWatersPub\" \/>\n<meta name=\"twitter:label1\" content=\"Tiempo de lectura\" \/>\n\t<meta name=\"twitter:data1\" content=\"2 minutos\" \/>\n<script type=\"application\/ld+json\" class=\"yoast-schema-graph\">{\"@context\":\"https:\\\/\\\/schema.org\",\"@graph\":[{\"@type\":\"WebPage\",\"@id\":\"https:\\\/\\\/livingwaters.com\\\/es\\\/tienda\\\/libros\\\/los-pasos-del-maestro-para-ninos-2\\\/\",\"url\":\"https:\\\/\\\/livingwaters.com\\\/es\\\/tienda\\\/libros\\\/los-pasos-del-maestro-para-ninos-2\\\/\",\"name\":\"Los Pasos del Maestro para Ni\u00f1os - Living Waters\",\"isPartOf\":{\"@id\":\"https:\\\/\\\/livingwaters.com\\\/es\\\/#website\"},\"primaryImageOfPage\":{\"@id\":\"https:\\\/\\\/livingwaters.com\\\/es\\\/tienda\\\/libros\\\/los-pasos-del-maestro-para-ninos-2\\\/#primaryimage\"},\"image\":{\"@id\":\"https:\\\/\\\/livingwaters.com\\\/es\\\/tienda\\\/libros\\\/los-pasos-del-maestro-para-ninos-2\\\/#primaryimage\"},\"thumbnailUrl\":\"https:\\\/\\\/livingwaters.com\\\/wp-content\\\/uploads\\\/2015\\\/05\\\/the-way-of-the-master-spanish-product-image-1.jpg\",\"datePublished\":\"2015-05-21T16:29:54+00:00\",\"dateModified\":\"2026-04-10T15:30:57+00:00\",\"breadcrumb\":{\"@id\":\"https:\\\/\\\/livingwaters.com\\\/es\\\/tienda\\\/libros\\\/los-pasos-del-maestro-para-ninos-2\\\/#breadcrumb\"},\"inLanguage\":\"es\",\"potentialAction\":[{\"@type\":\"ReadAction\",\"target\":[\"https:\\\/\\\/livingwaters.com\\\/es\\\/tienda\\\/libros\\\/los-pasos-del-maestro-para-ninos-2\\\/\"]}]},{\"@type\":\"ImageObject\",\"inLanguage\":\"es\",\"@id\":\"https:\\\/\\\/livingwaters.com\\\/es\\\/tienda\\\/libros\\\/los-pasos-del-maestro-para-ninos-2\\\/#primaryimage\",\"url\":\"https:\\\/\\\/livingwaters.com\\\/wp-content\\\/uploads\\\/2015\\\/05\\\/the-way-of-the-master-spanish-product-image-1.jpg\",\"contentUrl\":\"https:\\\/\\\/livingwaters.com\\\/wp-content\\\/uploads\\\/2015\\\/05\\\/the-way-of-the-master-spanish-product-image-1.jpg\",\"width\":700,\"height\":700},{\"@type\":\"BreadcrumbList\",\"@id\":\"https:\\\/\\\/livingwaters.com\\\/es\\\/tienda\\\/libros\\\/los-pasos-del-maestro-para-ninos-2\\\/#breadcrumb\",\"itemListElement\":[{\"@type\":\"ListItem\",\"position\":1,\"name\":\"Home\",\"item\":\"https:\\\/\\\/livingwaters.com\\\/es\\\/\"},{\"@type\":\"ListItem\",\"position\":2,\"name\":\"Productos\",\"item\":\"https:\\\/\\\/livingwaters.com\\\/es\\\/shop\\\/\"},{\"@type\":\"ListItem\",\"position\":3,\"name\":\"Libros\",\"item\":\"https:\\\/\\\/livingwaters.com\\\/es\\\/categoria-producto\\\/libros\\\/\"},{\"@type\":\"ListItem\",\"position\":4,\"name\":\"Los Pasos del Maestro para Ni\u00f1os\"}]},{\"@type\":\"WebSite\",\"@id\":\"https:\\\/\\\/livingwaters.com\\\/es\\\/#website\",\"url\":\"https:\\\/\\\/livingwaters.com\\\/es\\\/\",\"name\":\"Living Waters\",\"description\":\"Inspiring. Equipping. Fulfilling.\",\"publisher\":{\"@id\":\"https:\\\/\\\/livingwaters.com\\\/es\\\/#organization\"},\"potentialAction\":[{\"@type\":\"SearchAction\",\"target\":{\"@type\":\"EntryPoint\",\"urlTemplate\":\"https:\\\/\\\/livingwaters.com\\\/es\\\/?s={search_term_string}\"},\"query-input\":{\"@type\":\"PropertyValueSpecification\",\"valueRequired\":true,\"valueName\":\"search_term_string\"}}],\"inLanguage\":\"es\"},{\"@type\":\"Organization\",\"@id\":\"https:\\\/\\\/livingwaters.com\\\/es\\\/#organization\",\"name\":\"Living Waters\",\"url\":\"https:\\\/\\\/livingwaters.com\\\/es\\\/\",\"logo\":{\"@type\":\"ImageObject\",\"inLanguage\":\"es\",\"@id\":\"https:\\\/\\\/livingwaters.com\\\/es\\\/#\\\/schema\\\/logo\\\/image\\\/\",\"url\":\"https:\\\/\\\/livingwaters.com\\\/wp-content\\\/uploads\\\/2017\\\/12\\\/logo-blue.png\",\"contentUrl\":\"https:\\\/\\\/livingwaters.com\\\/wp-content\\\/uploads\\\/2017\\\/12\\\/logo-blue.png\",\"width\":152,\"height\":42,\"caption\":\"Living Waters\"},\"image\":{\"@id\":\"https:\\\/\\\/livingwaters.com\\\/es\\\/#\\\/schema\\\/logo\\\/image\\\/\"},\"sameAs\":[\"https:\\\/\\\/www.facebook.com\\\/lwwotm\\\/\",\"https:\\\/\\\/x.com\\\/LivingWatersPub\",\"https:\\\/\\\/www.instagram.com\\\/livingwatersofficial\\\/\",\"https:\\\/\\\/www.youtube.com\\\/thewayofthemaster\"]}]}<\/script>\n<!-- \/ Yoast SEO Premium plugin. -->","yoast_head_json":{"title":"Los Pasos del Maestro para Ni\u00f1os - Living Waters","robots":{"index":"index","follow":"follow","max-snippet":"max-snippet:-1","max-image-preview":"max-image-preview:large","max-video-preview":"max-video-preview:-1"},"canonical":"https:\/\/livingwaters.com\/es\/tienda\/libros\/los-pasos-del-maestro-para-ninos-2\/","og_locale":"es_ES","og_type":"article","og_title":"Los Pasos del Maestro para Ni\u00f1os","og_description":"Qu\u00e9 les deber\u00e1n decir a sus hijos si regresan de la escuela diciendo que la Biblia est\u00e1 llena de cuentos de hadas, y que la ciencia ha comprobado que el hombre es descendiente de los simios? Este libro ense\u00f1a a los ni\u00f1os a compartir su fe.","og_url":"https:\/\/livingwaters.com\/es\/tienda\/libros\/los-pasos-del-maestro-para-ninos-2\/","og_site_name":"Living Waters","article_publisher":"https:\/\/www.facebook.com\/lwwotm\/","article_modified_time":"2026-04-10T15:30:57+00:00","og_image":[{"width":700,"height":700,"url":"https:\/\/livingwaters.com\/wp-content\/uploads\/2015\/05\/the-way-of-the-master-spanish-product-image-1.jpg","type":"image\/jpeg"}],"twitter_card":"summary_large_image","twitter_site":"@LivingWatersPub","twitter_misc":{"Tiempo de lectura":"2 minutos"},"schema":{"@context":"https:\/\/schema.org","@graph":[{"@type":"WebPage","@id":"https:\/\/livingwaters.com\/es\/tienda\/libros\/los-pasos-del-maestro-para-ninos-2\/","url":"https:\/\/livingwaters.com\/es\/tienda\/libros\/los-pasos-del-maestro-para-ninos-2\/","name":"Los Pasos del Maestro para Ni\u00f1os - Living Waters","isPartOf":{"@id":"https:\/\/livingwaters.com\/es\/#website"},"primaryImageOfPage":{"@id":"https:\/\/livingwaters.com\/es\/tienda\/libros\/los-pasos-del-maestro-para-ninos-2\/#primaryimage"},"image":{"@id":"https:\/\/livingwaters.com\/es\/tienda\/libros\/los-pasos-del-maestro-para-ninos-2\/#primaryimage"},"thumbnailUrl":"https:\/\/livingwaters.com\/wp-content\/uploads\/2015\/05\/the-way-of-the-master-spanish-product-image-1.jpg","datePublished":"2015-05-21T16:29:54+00:00","dateModified":"2026-04-10T15:30:57+00:00","breadcrumb":{"@id":"https:\/\/livingwaters.com\/es\/tienda\/libros\/los-pasos-del-maestro-para-ninos-2\/#breadcrumb"},"inLanguage":"es","potentialAction":[{"@type":"ReadAction","target":["https:\/\/livingwaters.com\/es\/tienda\/libros\/los-pasos-del-maestro-para-ninos-2\/"]}]},{"@type":"ImageObject","inLanguage":"es","@id":"https:\/\/livingwaters.com\/es\/tienda\/libros\/los-pasos-del-maestro-para-ninos-2\/#primaryimage","url":"https:\/\/livingwaters.com\/wp-content\/uploads\/2015\/05\/the-way-of-the-master-spanish-product-image-1.jpg","contentUrl":"https:\/\/livingwaters.com\/wp-content\/uploads\/2015\/05\/the-way-of-the-master-spanish-product-image-1.jpg","width":700,"height":700},{"@type":"BreadcrumbList","@id":"https:\/\/livingwaters.com\/es\/tienda\/libros\/los-pasos-del-maestro-para-ninos-2\/#breadcrumb","itemListElement":[{"@type":"ListItem","position":1,"name":"Home","item":"https:\/\/livingwaters.com\/es\/"},{"@type":"ListItem","position":2,"name":"Productos","item":"https:\/\/livingwaters.com\/es\/shop\/"},{"@type":"ListItem","position":3,"name":"Libros","item":"https:\/\/livingwaters.com\/es\/categoria-producto\/libros\/"},{"@type":"ListItem","position":4,"name":"Los Pasos del Maestro para Ni\u00f1os"}]},{"@type":"WebSite","@id":"https:\/\/livingwaters.com\/es\/#website","url":"https:\/\/livingwaters.com\/es\/","name":"Living Waters","description":"Inspiring. Equipping. Fulfilling.","publisher":{"@id":"https:\/\/livingwaters.com\/es\/#organization"},"potentialAction":[{"@type":"SearchAction","target":{"@type":"EntryPoint","urlTemplate":"https:\/\/livingwaters.com\/es\/?s={search_term_string}"},"query-input":{"@type":"PropertyValueSpecification","valueRequired":true,"valueName":"search_term_string"}}],"inLanguage":"es"},{"@type":"Organization","@id":"https:\/\/livingwaters.com\/es\/#organization","name":"Living Waters","url":"https:\/\/livingwaters.com\/es\/","logo":{"@type":"ImageObject","inLanguage":"es","@id":"https:\/\/livingwaters.com\/es\/#\/schema\/logo\/image\/","url":"https:\/\/livingwaters.com\/wp-content\/uploads\/2017\/12\/logo-blue.png","contentUrl":"https:\/\/livingwaters.com\/wp-content\/uploads\/2017\/12\/logo-blue.png","width":152,"height":42,"caption":"Living Waters"},"image":{"@id":"https:\/\/livingwaters.com\/es\/#\/schema\/logo\/image\/"},"sameAs":["https:\/\/www.facebook.com\/lwwotm\/","https:\/\/x.com\/LivingWatersPub","https:\/\/www.instagram.com\/livingwatersofficial\/","https:\/\/www.youtube.com\/thewayofthemaster"]}]}},"_links":{"self":[{"href":"https:\/\/livingwaters.com\/es\/wp-json\/wp\/v2\/product\/211688","targetHints":{"allow":["GET"]}}],"collection":[{"href":"https:\/\/livingwaters.com\/es\/wp-json\/wp\/v2\/product"}],"about":[{"href":"https:\/\/livingwaters.com\/es\/wp-json\/wp\/v2\/types\/product"}],"replies":[{"embeddable":true,"href":"https:\/\/livingwaters.com\/es\/wp-json\/wp\/v2\/comments?post=211688"}],"wp:featuredmedia":[{"embeddable":true,"href":"https:\/\/livingwaters.com\/es\/wp-json\/wp\/v2\/media\/210995"}],"wp:attachment":[{"href":"https:\/\/livingwaters.com\/es\/wp-json\/wp\/v2\/media?parent=211688"}],"wp:term":[{"taxonomy":"product_author","embeddable":true,"href":"https:\/\/livingwaters.com\/es\/wp-json\/wp\/v2\/product_author?post=211688"},{"taxonomy":"product_collection","embeddable":true,"href":"https:\/\/livingwaters.com\/es\/wp-json\/wp\/v2\/product_collection?post=211688"},{"taxonomy":"product_topic","embeddable":true,"href":"https:\/\/livingwaters.com\/es\/wp-json\/wp\/v2\/product_topic?post=211688"},{"taxonomy":"product_brand","embeddable":true,"href":"https:\/\/livingwaters.com\/es\/wp-json\/wp\/v2\/product_brand?post=211688"},{"taxonomy":"product_cat","embeddable":true,"href":"https:\/\/livingwaters.com\/es\/wp-json\/wp\/v2\/product_cat?post=211688"},{"taxonomy":"product_tag","embeddable":true,"href":"https:\/\/livingwaters.com\/es\/wp-json\/wp\/v2\/product_tag?post=211688"}],"curies":[{"name":"wp","href":"https:\/\/api.w.org\/{rel}","templated":true}]}}