{"id":211692,"date":"2016-02-12T23:34:31","date_gmt":"2016-02-13T07:34:31","guid":{"rendered":"https:\/\/livingwaters.com\/store\/sin%20categor\u00eda\/hechos-cientificos-en-la-biblia\/"},"modified":"2026-03-17T17:56:30","modified_gmt":"2026-03-18T00:56:30","slug":"hechos-cientificos-en-la-biblia","status":"publish","type":"product","link":"https:\/\/livingwaters.com\/es\/tienda\/libros\/hechos-cientificos-en-la-biblia\/","title":{"rendered":"Hechos Cientificos en la Biblia"},"content":{"rendered":"<p><b>120 p\u00e1ginas | Ray Comfort<\/b><\/p>\n<p>Excelente libro de apolog\u00e9tica. Un buen material de lectura para cualquiera que haya sido enga\u00f1ado con la idea de que la ciencia ha refutado a Dios y el creacionismo. A trav\u00e9s de evidencias simples y explicaciones f\u00e1ciles de entender , este peque\u00f1o libro presenta algunos grandes argumentos para el creacionismo.<\/p>\n","protected":false},"excerpt":{"rendered":"<p>Este libro esta dise\u00f1ado para dar informaci\u00f3n r\u00e1pida y concisa para cada hecho, no como una gran lectura expositiva.<\/p>\n","protected":false},"featured_media":210965,"comment_status":"open","ping_status":"closed","template":"","meta":{"_acf_changed":false,"_searchwp_excluded":""},"product_author":[9356],"product_collection":[],"product_topic":[10788,10791],"product_brand":[],"product_cat":[8191],"product_tag":[10870],"class_list":{"0":"post-211692","1":"product","2":"type-product","3":"status-publish","4":"has-post-thumbnail","6":"product_author-ray-comfort","7":"product_topic-apologetica","8":"product_topic-ciencia-y-creacion","9":"product_cat-libros","10":"product_tag-equipamiento-espanol","11":"product_shipping_class-media-mail-es","12":"pa_language-espanol","13":"entry","14":"has-media","16":"first","17":"instock","18":"sale","19":"taxable","20":"shipping-taxable","21":"purchasable","22":"product-type-simple"},"group_of_quantity":0,"min_quantity":0,"max_quantity":"","exclude_order_quantity_value_rules":"no","exclude_category_quantity_rules":"no","combine_variations":"no","acf":[],"yoast_head":"<!-- This site is optimized with the Yoast SEO Premium plugin v27.2 (Yoast SEO v27.2) - https:\/\/yoast.com\/product\/yoast-seo-premium-wordpress\/ -->\n<title>Hechos Cientificos en la Biblia - Living Waters<\/title>\n<meta name=\"robots\" content=\"index, follow, max-snippet:-1, max-image-preview:large, max-video-preview:-1\" \/>\n<link rel=\"canonical\" href=\"https:\/\/livingwaters.com\/es\/tienda\/libros\/hechos-cientificos-en-la-biblia\/\" \/>\n<meta property=\"og:locale\" content=\"es_ES\" \/>\n<meta property=\"og:type\" content=\"article\" \/>\n<meta property=\"og:title\" content=\"Hechos Cientificos en la Biblia\" \/>\n<meta property=\"og:description\" content=\"Este libro esta dise\u00f1ado para dar informaci\u00f3n r\u00e1pida y concisa para cada hecho, no como una gran lectura expositiva.\" \/>\n<meta property=\"og:url\" content=\"https:\/\/livingwaters.com\/es\/tienda\/libros\/hechos-cientificos-en-la-biblia\/\" \/>\n<meta property=\"og:site_name\" content=\"Living Waters\" \/>\n<meta property=\"article:publisher\" content=\"https:\/\/www.facebook.com\/lwwotm\/\" \/>\n<meta property=\"article:modified_time\" content=\"2026-03-18T00:56:30+00:00\" \/>\n<meta property=\"og:image\" content=\"https:\/\/livingwaters.com\/wp-content\/uploads\/2016\/02\/scientific-facst-in-the-bible-spanish-product-image-2.jpg\" \/>\n\t<meta property=\"og:image:width\" content=\"700\" \/>\n\t<meta property=\"og:image:height\" content=\"700\" \/>\n\t<meta property=\"og:image:type\" content=\"image\/jpeg\" \/>\n<meta name=\"twitter:card\" content=\"summary_large_image\" \/>\n<meta name=\"twitter:site\" content=\"@LivingWatersPub\" \/>\n<script type=\"application\/ld+json\" class=\"yoast-schema-graph\">{\"@context\":\"https:\/\/schema.org\",\"@graph\":[{\"@type\":\"WebPage\",\"@id\":\"https:\/\/livingwaters.com\/es\/tienda\/libros\/hechos-cientificos-en-la-biblia\/\",\"url\":\"https:\/\/livingwaters.com\/es\/tienda\/libros\/hechos-cientificos-en-la-biblia\/\",\"name\":\"Hechos Cientificos en la Biblia - Living Waters\",\"isPartOf\":{\"@id\":\"https:\/\/livingwaters.com\/es\/#website\"},\"primaryImageOfPage\":{\"@id\":\"https:\/\/livingwaters.com\/es\/tienda\/libros\/hechos-cientificos-en-la-biblia\/#primaryimage\"},\"image\":{\"@id\":\"https:\/\/livingwaters.com\/es\/tienda\/libros\/hechos-cientificos-en-la-biblia\/#primaryimage\"},\"thumbnailUrl\":\"https:\/\/livingwaters.com\/wp-content\/uploads\/2016\/02\/scientific-facst-in-the-bible-spanish-product-image-2.jpg\",\"datePublished\":\"2016-02-13T07:34:31+00:00\",\"dateModified\":\"2026-03-18T00:56:30+00:00\",\"breadcrumb\":{\"@id\":\"https:\/\/livingwaters.com\/es\/tienda\/libros\/hechos-cientificos-en-la-biblia\/#breadcrumb\"},\"inLanguage\":\"es\",\"potentialAction\":[{\"@type\":\"ReadAction\",\"target\":[\"https:\/\/livingwaters.com\/es\/tienda\/libros\/hechos-cientificos-en-la-biblia\/\"]}]},{\"@type\":\"ImageObject\",\"inLanguage\":\"es\",\"@id\":\"https:\/\/livingwaters.com\/es\/tienda\/libros\/hechos-cientificos-en-la-biblia\/#primaryimage\",\"url\":\"https:\/\/livingwaters.com\/wp-content\/uploads\/2016\/02\/scientific-facst-in-the-bible-spanish-product-image-2.jpg\",\"contentUrl\":\"https:\/\/livingwaters.com\/wp-content\/uploads\/2016\/02\/scientific-facst-in-the-bible-spanish-product-image-2.jpg\",\"width\":700,\"height\":700},{\"@type\":\"BreadcrumbList\",\"@id\":\"https:\/\/livingwaters.com\/es\/tienda\/libros\/hechos-cientificos-en-la-biblia\/#breadcrumb\",\"itemListElement\":[{\"@type\":\"ListItem\",\"position\":1,\"name\":\"Home\",\"item\":\"https:\/\/livingwaters.com\/es\/\"},{\"@type\":\"ListItem\",\"position\":2,\"name\":\"Productos\",\"item\":\"https:\/\/livingwaters.com\/es\/shop\/\"},{\"@type\":\"ListItem\",\"position\":3,\"name\":\"Libros\",\"item\":\"https:\/\/livingwaters.com\/es\/categoria-producto\/libros\/\"},{\"@type\":\"ListItem\",\"position\":4,\"name\":\"Hechos Cientificos en la Biblia\"}]},{\"@type\":\"WebSite\",\"@id\":\"https:\/\/livingwaters.com\/es\/#website\",\"url\":\"https:\/\/livingwaters.com\/es\/\",\"name\":\"Living Waters\",\"description\":\"Inspiring. Equipping. Fulfilling.\",\"publisher\":{\"@id\":\"https:\/\/livingwaters.com\/es\/#organization\"},\"potentialAction\":[{\"@type\":\"SearchAction\",\"target\":{\"@type\":\"EntryPoint\",\"urlTemplate\":\"https:\/\/livingwaters.com\/es\/?s={search_term_string}\"},\"query-input\":{\"@type\":\"PropertyValueSpecification\",\"valueRequired\":true,\"valueName\":\"search_term_string\"}}],\"inLanguage\":\"es\"},{\"@type\":\"Organization\",\"@id\":\"https:\/\/livingwaters.com\/es\/#organization\",\"name\":\"Living Waters\",\"url\":\"https:\/\/livingwaters.com\/es\/\",\"logo\":{\"@type\":\"ImageObject\",\"inLanguage\":\"es\",\"@id\":\"https:\/\/livingwaters.com\/es\/#\/schema\/logo\/image\/\",\"url\":\"https:\/\/livingwaters.com\/wp-content\/uploads\/2017\/12\/logo-blue.png\",\"contentUrl\":\"https:\/\/livingwaters.com\/wp-content\/uploads\/2017\/12\/logo-blue.png\",\"width\":152,\"height\":42,\"caption\":\"Living Waters\"},\"image\":{\"@id\":\"https:\/\/livingwaters.com\/es\/#\/schema\/logo\/image\/\"},\"sameAs\":[\"https:\/\/www.facebook.com\/lwwotm\/\",\"https:\/\/x.com\/LivingWatersPub\",\"https:\/\/www.instagram.com\/livingwatersofficial\/\",\"https:\/\/www.youtube.com\/thewayofthemaster\"]}]}<\/script>\n<!-- \/ Yoast SEO Premium plugin. -->","yoast_head_json":{"title":"Hechos Cientificos en la Biblia - Living Waters","robots":{"index":"index","follow":"follow","max-snippet":"max-snippet:-1","max-image-preview":"max-image-preview:large","max-video-preview":"max-video-preview:-1"},"canonical":"https:\/\/livingwaters.com\/es\/tienda\/libros\/hechos-cientificos-en-la-biblia\/","og_locale":"es_ES","og_type":"article","og_title":"Hechos Cientificos en la Biblia","og_description":"Este libro esta dise\u00f1ado para dar informaci\u00f3n r\u00e1pida y concisa para cada hecho, no como una gran lectura expositiva.","og_url":"https:\/\/livingwaters.com\/es\/tienda\/libros\/hechos-cientificos-en-la-biblia\/","og_site_name":"Living Waters","article_publisher":"https:\/\/www.facebook.com\/lwwotm\/","article_modified_time":"2026-03-18T00:56:30+00:00","og_image":[{"width":700,"height":700,"url":"https:\/\/livingwaters.com\/wp-content\/uploads\/2016\/02\/scientific-facst-in-the-bible-spanish-product-image-2.jpg","type":"image\/jpeg"}],"twitter_card":"summary_large_image","twitter_site":"@LivingWatersPub","schema":{"@context":"https:\/\/schema.org","@graph":[{"@type":"WebPage","@id":"https:\/\/livingwaters.com\/es\/tienda\/libros\/hechos-cientificos-en-la-biblia\/","url":"https:\/\/livingwaters.com\/es\/tienda\/libros\/hechos-cientificos-en-la-biblia\/","name":"Hechos Cientificos en la Biblia - Living Waters","isPartOf":{"@id":"https:\/\/livingwaters.com\/es\/#website"},"primaryImageOfPage":{"@id":"https:\/\/livingwaters.com\/es\/tienda\/libros\/hechos-cientificos-en-la-biblia\/#primaryimage"},"image":{"@id":"https:\/\/livingwaters.com\/es\/tienda\/libros\/hechos-cientificos-en-la-biblia\/#primaryimage"},"thumbnailUrl":"https:\/\/livingwaters.com\/wp-content\/uploads\/2016\/02\/scientific-facst-in-the-bible-spanish-product-image-2.jpg","datePublished":"2016-02-13T07:34:31+00:00","dateModified":"2026-03-18T00:56:30+00:00","breadcrumb":{"@id":"https:\/\/livingwaters.com\/es\/tienda\/libros\/hechos-cientificos-en-la-biblia\/#breadcrumb"},"inLanguage":"es","potentialAction":[{"@type":"ReadAction","target":["https:\/\/livingwaters.com\/es\/tienda\/libros\/hechos-cientificos-en-la-biblia\/"]}]},{"@type":"ImageObject","inLanguage":"es","@id":"https:\/\/livingwaters.com\/es\/tienda\/libros\/hechos-cientificos-en-la-biblia\/#primaryimage","url":"https:\/\/livingwaters.com\/wp-content\/uploads\/2016\/02\/scientific-facst-in-the-bible-spanish-product-image-2.jpg","contentUrl":"https:\/\/livingwaters.com\/wp-content\/uploads\/2016\/02\/scientific-facst-in-the-bible-spanish-product-image-2.jpg","width":700,"height":700},{"@type":"BreadcrumbList","@id":"https:\/\/livingwaters.com\/es\/tienda\/libros\/hechos-cientificos-en-la-biblia\/#breadcrumb","itemListElement":[{"@type":"ListItem","position":1,"name":"Home","item":"https:\/\/livingwaters.com\/es\/"},{"@type":"ListItem","position":2,"name":"Productos","item":"https:\/\/livingwaters.com\/es\/shop\/"},{"@type":"ListItem","position":3,"name":"Libros","item":"https:\/\/livingwaters.com\/es\/categoria-producto\/libros\/"},{"@type":"ListItem","position":4,"name":"Hechos Cientificos en la Biblia"}]},{"@type":"WebSite","@id":"https:\/\/livingwaters.com\/es\/#website","url":"https:\/\/livingwaters.com\/es\/","name":"Living Waters","description":"Inspiring. Equipping. Fulfilling.","publisher":{"@id":"https:\/\/livingwaters.com\/es\/#organization"},"potentialAction":[{"@type":"SearchAction","target":{"@type":"EntryPoint","urlTemplate":"https:\/\/livingwaters.com\/es\/?s={search_term_string}"},"query-input":{"@type":"PropertyValueSpecification","valueRequired":true,"valueName":"search_term_string"}}],"inLanguage":"es"},{"@type":"Organization","@id":"https:\/\/livingwaters.com\/es\/#organization","name":"Living Waters","url":"https:\/\/livingwaters.com\/es\/","logo":{"@type":"ImageObject","inLanguage":"es","@id":"https:\/\/livingwaters.com\/es\/#\/schema\/logo\/image\/","url":"https:\/\/livingwaters.com\/wp-content\/uploads\/2017\/12\/logo-blue.png","contentUrl":"https:\/\/livingwaters.com\/wp-content\/uploads\/2017\/12\/logo-blue.png","width":152,"height":42,"caption":"Living Waters"},"image":{"@id":"https:\/\/livingwaters.com\/es\/#\/schema\/logo\/image\/"},"sameAs":["https:\/\/www.facebook.com\/lwwotm\/","https:\/\/x.com\/LivingWatersPub","https:\/\/www.instagram.com\/livingwatersofficial\/","https:\/\/www.youtube.com\/thewayofthemaster"]}]}},"_links":{"self":[{"href":"https:\/\/livingwaters.com\/es\/wp-json\/wp\/v2\/product\/211692","targetHints":{"allow":["GET"]}}],"collection":[{"href":"https:\/\/livingwaters.com\/es\/wp-json\/wp\/v2\/product"}],"about":[{"href":"https:\/\/livingwaters.com\/es\/wp-json\/wp\/v2\/types\/product"}],"replies":[{"embeddable":true,"href":"https:\/\/livingwaters.com\/es\/wp-json\/wp\/v2\/comments?post=211692"}],"wp:featuredmedia":[{"embeddable":true,"href":"https:\/\/livingwaters.com\/es\/wp-json\/wp\/v2\/media\/210965"}],"wp:attachment":[{"href":"https:\/\/livingwaters.com\/es\/wp-json\/wp\/v2\/media?parent=211692"}],"wp:term":[{"taxonomy":"product_author","embeddable":true,"href":"https:\/\/livingwaters.com\/es\/wp-json\/wp\/v2\/product_author?post=211692"},{"taxonomy":"product_collection","embeddable":true,"href":"https:\/\/livingwaters.com\/es\/wp-json\/wp\/v2\/product_collection?post=211692"},{"taxonomy":"product_topic","embeddable":true,"href":"https:\/\/livingwaters.com\/es\/wp-json\/wp\/v2\/product_topic?post=211692"},{"taxonomy":"product_brand","embeddable":true,"href":"https:\/\/livingwaters.com\/es\/wp-json\/wp\/v2\/product_brand?post=211692"},{"taxonomy":"product_cat","embeddable":true,"href":"https:\/\/livingwaters.com\/es\/wp-json\/wp\/v2\/product_cat?post=211692"},{"taxonomy":"product_tag","embeddable":true,"href":"https:\/\/livingwaters.com\/es\/wp-json\/wp\/v2\/product_tag?post=211692"}],"curies":[{"name":"wp","href":"https:\/\/api.w.org\/{rel}","templated":true}]}}