{"id":211693,"date":"2015-02-17T15:02:33","date_gmt":"2015-02-17T23:02:33","guid":{"rendered":"https:\/\/livingwaters.com\/store\/sin%20categor\u00eda\/billete-de-un-millon-de-dolares\/"},"modified":"2026-04-04T11:11:14","modified_gmt":"2026-04-04T18:11:14","slug":"billete-de-un-millon-de-dolares","status":"publish","type":"product","link":"https:\/\/livingwaters.com\/es\/tienda\/otros-idiomas\/espanol\/billete-de-un-millon-de-dolares\/","title":{"rendered":"Billete de Un Mill\u00f3n de D\u00f3lares"},"content":{"rendered":"<p>LA PREGUNTA DEL MILL\u00d3N DE D\u00d3LARES: \u00bfIr\u00e1s al cielo cuando mueras? \u00bfHas mentido, robado, usado el nombre de Dios en vano, o has mirado con lascivia (Jes\u00fas dijo que esto es adulterio, Mat 5:28)? Si es as\u00ed, Dios te ve como un mentiroso, ladr\u00f3n, blasfemo y ad\u00faltero de coraz\u00f3n. Si mueres en tus pecados, terminar\u00e1s en un lugar terrible llamado Infierno. Pero hay buenas noticias. Aunque rompimos la ley de Dios, Jes\u00fas pag\u00f3 la multa al morir en la cruz: &#8220;Porque de tal manera am\u00f3 Dios al mundo que dio a su Hijo unig\u00e9nito, para que todo aquel que en \u00c9l cree no se pierda, mas tenga vida eterna&#8221; (Juan. 3:16). Luego Jes\u00fas se levant\u00f3 de entre los muertos y fue visto por cientos (no es un cuento de hadas). Cumpli\u00f3 todas las profec\u00edas del Salvador prometido. Por favor, hoy, arrepi\u00e9ntete y conf\u00eda en Jes\u00fas, y Dios te perdonar\u00e1 y te conceder\u00e1 el regalo de la vida eterna (Ef. 2:8,9). Luego, para mostrar tu gratitud, lee la Biblia a diario y obed\u00e9cela, \u00fanete a una iglesia cristiana y baut\u00edzate. Visita Espanol.Livingwaters.com<\/p>\n","protected":false},"excerpt":{"rendered":"<p>Nuestro tratado evangel\u00edstico m\u00e1s popular que har\u00e1 que la gente sonre\u00edr y hacer que vuelvan a por m\u00e1s!<\/p>\n","protected":false},"featured_media":210959,"comment_status":"open","ping_status":"closed","template":"","meta":{"_acf_changed":false,"_searchwp_excluded":""},"product_author":[],"product_collection":[],"product_topic":[],"product_brand":[],"product_cat":[8193,10845],"product_tag":[10868,11934],"class_list":{"0":"post-211693","1":"product","2":"type-product","3":"status-publish","4":"has-post-thumbnail","6":"product_cat-tratado-evangelistico","7":"product_cat-espanol","8":"product_tag-alcance-espanol","9":"product_tag-featured-spanish-es","10":"pa_language-espanol","11":"entry","12":"has-media","14":"first","15":"instock","16":"taxable","17":"shipping-taxable","18":"purchasable","19":"product-type-variable","20":"has-default-attributes"},"group_of_quantity":0,"min_quantity":0,"max_quantity":"","exclude_order_quantity_value_rules":"no","exclude_category_quantity_rules":"no","combine_variations":"no","acf":[],"yoast_head":"<!-- This site is optimized with the Yoast SEO Premium plugin v27.2 (Yoast SEO v27.2) - https:\/\/yoast.com\/product\/yoast-seo-premium-wordpress\/ -->\n<title>Billete de Un Mill\u00f3n de D\u00f3lares - Living Waters<\/title>\n<meta name=\"description\" content=\"Nuestro tratado evangel\u00edstico m\u00e1s popular que har\u00e1 que la gente sonre\u00edr y hacer que vuelvan a por m\u00e1s!\" \/>\n<meta name=\"robots\" content=\"index, follow, max-snippet:-1, max-image-preview:large, max-video-preview:-1\" \/>\n<link rel=\"canonical\" href=\"https:\/\/livingwaters.com\/es\/tienda\/otros-idiomas\/espanol\/billete-de-un-millon-de-dolares\/\" \/>\n<meta property=\"og:locale\" content=\"es_ES\" \/>\n<meta property=\"og:type\" content=\"article\" \/>\n<meta property=\"og:title\" content=\"Billete de Un Mill\u00f3n de D\u00f3lares\" \/>\n<meta property=\"og:description\" content=\"Nuestro tratado evangel\u00edstico m\u00e1s popular que har\u00e1 que la gente sonre\u00edr y hacer que vuelvan a por m\u00e1s!\" \/>\n<meta property=\"og:url\" content=\"https:\/\/livingwaters.com\/es\/tienda\/otros-idiomas\/espanol\/billete-de-un-millon-de-dolares\/\" \/>\n<meta property=\"og:site_name\" content=\"Living Waters\" \/>\n<meta property=\"article:publisher\" content=\"https:\/\/www.facebook.com\/lwwotm\/\" \/>\n<meta property=\"article:modified_time\" content=\"2026-04-04T18:11:14+00:00\" \/>\n<meta property=\"og:image\" content=\"https:\/\/livingwaters.com\/wp-content\/uploads\/2015\/02\/million-dollar-bill-spanish-product-image-700x700-2.jpg\" \/>\n\t<meta property=\"og:image:width\" content=\"700\" \/>\n\t<meta property=\"og:image:height\" content=\"700\" \/>\n\t<meta property=\"og:image:type\" content=\"image\/jpeg\" \/>\n<meta name=\"twitter:card\" content=\"summary_large_image\" \/>\n<meta name=\"twitter:site\" content=\"@LivingWatersPub\" \/>\n<meta name=\"twitter:label1\" content=\"Tiempo de lectura\" \/>\n\t<meta name=\"twitter:data1\" content=\"1 minuto\" \/>\n<script type=\"application\/ld+json\" class=\"yoast-schema-graph\">{\"@context\":\"https:\/\/schema.org\",\"@graph\":[{\"@type\":\"WebPage\",\"@id\":\"https:\/\/livingwaters.com\/es\/tienda\/otros-idiomas\/espanol\/billete-de-un-millon-de-dolares\/\",\"url\":\"https:\/\/livingwaters.com\/es\/tienda\/otros-idiomas\/espanol\/billete-de-un-millon-de-dolares\/\",\"name\":\"Billete de Un Mill\u00f3n de D\u00f3lares - Living Waters\",\"isPartOf\":{\"@id\":\"https:\/\/livingwaters.com\/es\/#website\"},\"primaryImageOfPage\":{\"@id\":\"https:\/\/livingwaters.com\/es\/tienda\/otros-idiomas\/espanol\/billete-de-un-millon-de-dolares\/#primaryimage\"},\"image\":{\"@id\":\"https:\/\/livingwaters.com\/es\/tienda\/otros-idiomas\/espanol\/billete-de-un-millon-de-dolares\/#primaryimage\"},\"thumbnailUrl\":\"https:\/\/livingwaters.com\/wp-content\/uploads\/2015\/02\/million-dollar-bill-spanish-product-image-700x700-2.jpg\",\"datePublished\":\"2015-02-17T23:02:33+00:00\",\"dateModified\":\"2026-04-04T18:11:14+00:00\",\"description\":\"Nuestro tratado evangel\u00edstico m\u00e1s popular que har\u00e1 que la gente sonre\u00edr y hacer que vuelvan a por m\u00e1s!\",\"breadcrumb\":{\"@id\":\"https:\/\/livingwaters.com\/es\/tienda\/otros-idiomas\/espanol\/billete-de-un-millon-de-dolares\/#breadcrumb\"},\"inLanguage\":\"es\",\"potentialAction\":[{\"@type\":\"ReadAction\",\"target\":[\"https:\/\/livingwaters.com\/es\/tienda\/otros-idiomas\/espanol\/billete-de-un-millon-de-dolares\/\"]}]},{\"@type\":\"ImageObject\",\"inLanguage\":\"es\",\"@id\":\"https:\/\/livingwaters.com\/es\/tienda\/otros-idiomas\/espanol\/billete-de-un-millon-de-dolares\/#primaryimage\",\"url\":\"https:\/\/livingwaters.com\/wp-content\/uploads\/2015\/02\/million-dollar-bill-spanish-product-image-700x700-2.jpg\",\"contentUrl\":\"https:\/\/livingwaters.com\/wp-content\/uploads\/2015\/02\/million-dollar-bill-spanish-product-image-700x700-2.jpg\",\"width\":700,\"height\":700},{\"@type\":\"BreadcrumbList\",\"@id\":\"https:\/\/livingwaters.com\/es\/tienda\/otros-idiomas\/espanol\/billete-de-un-millon-de-dolares\/#breadcrumb\",\"itemListElement\":[{\"@type\":\"ListItem\",\"position\":1,\"name\":\"Home\",\"item\":\"https:\/\/livingwaters.com\/es\/\"},{\"@type\":\"ListItem\",\"position\":2,\"name\":\"Productos\",\"item\":\"https:\/\/livingwaters.com\/es\/shop\/\"},{\"@type\":\"ListItem\",\"position\":3,\"name\":\"Otros idiomas\",\"item\":\"https:\/\/livingwaters.com\/es\/categoria-producto\/otros-idiomas\/\"},{\"@type\":\"ListItem\",\"position\":4,\"name\":\"Espa\u00f1ol\",\"item\":\"https:\/\/livingwaters.com\/es\/categoria-producto\/otros-idiomas\/espanol\/\"},{\"@type\":\"ListItem\",\"position\":5,\"name\":\"Billete de Un Mill\u00f3n de D\u00f3lares\"}]},{\"@type\":\"WebSite\",\"@id\":\"https:\/\/livingwaters.com\/es\/#website\",\"url\":\"https:\/\/livingwaters.com\/es\/\",\"name\":\"Living Waters\",\"description\":\"Inspiring. Equipping. Fulfilling.\",\"publisher\":{\"@id\":\"https:\/\/livingwaters.com\/es\/#organization\"},\"potentialAction\":[{\"@type\":\"SearchAction\",\"target\":{\"@type\":\"EntryPoint\",\"urlTemplate\":\"https:\/\/livingwaters.com\/es\/?s={search_term_string}\"},\"query-input\":{\"@type\":\"PropertyValueSpecification\",\"valueRequired\":true,\"valueName\":\"search_term_string\"}}],\"inLanguage\":\"es\"},{\"@type\":\"Organization\",\"@id\":\"https:\/\/livingwaters.com\/es\/#organization\",\"name\":\"Living Waters\",\"url\":\"https:\/\/livingwaters.com\/es\/\",\"logo\":{\"@type\":\"ImageObject\",\"inLanguage\":\"es\",\"@id\":\"https:\/\/livingwaters.com\/es\/#\/schema\/logo\/image\/\",\"url\":\"https:\/\/livingwaters.com\/wp-content\/uploads\/2017\/12\/logo-blue.png\",\"contentUrl\":\"https:\/\/livingwaters.com\/wp-content\/uploads\/2017\/12\/logo-blue.png\",\"width\":152,\"height\":42,\"caption\":\"Living Waters\"},\"image\":{\"@id\":\"https:\/\/livingwaters.com\/es\/#\/schema\/logo\/image\/\"},\"sameAs\":[\"https:\/\/www.facebook.com\/lwwotm\/\",\"https:\/\/x.com\/LivingWatersPub\",\"https:\/\/www.instagram.com\/livingwatersofficial\/\",\"https:\/\/www.youtube.com\/thewayofthemaster\"]}]}<\/script>\n<!-- \/ Yoast SEO Premium plugin. -->","yoast_head_json":{"title":"Billete de Un Mill\u00f3n de D\u00f3lares - Living Waters","description":"Nuestro tratado evangel\u00edstico m\u00e1s popular que har\u00e1 que la gente sonre\u00edr y hacer que vuelvan a por m\u00e1s!","robots":{"index":"index","follow":"follow","max-snippet":"max-snippet:-1","max-image-preview":"max-image-preview:large","max-video-preview":"max-video-preview:-1"},"canonical":"https:\/\/livingwaters.com\/es\/tienda\/otros-idiomas\/espanol\/billete-de-un-millon-de-dolares\/","og_locale":"es_ES","og_type":"article","og_title":"Billete de Un Mill\u00f3n de D\u00f3lares","og_description":"Nuestro tratado evangel\u00edstico m\u00e1s popular que har\u00e1 que la gente sonre\u00edr y hacer que vuelvan a por m\u00e1s!","og_url":"https:\/\/livingwaters.com\/es\/tienda\/otros-idiomas\/espanol\/billete-de-un-millon-de-dolares\/","og_site_name":"Living Waters","article_publisher":"https:\/\/www.facebook.com\/lwwotm\/","article_modified_time":"2026-04-04T18:11:14+00:00","og_image":[{"width":700,"height":700,"url":"https:\/\/livingwaters.com\/wp-content\/uploads\/2015\/02\/million-dollar-bill-spanish-product-image-700x700-2.jpg","type":"image\/jpeg"}],"twitter_card":"summary_large_image","twitter_site":"@LivingWatersPub","twitter_misc":{"Tiempo de lectura":"1 minuto"},"schema":{"@context":"https:\/\/schema.org","@graph":[{"@type":"WebPage","@id":"https:\/\/livingwaters.com\/es\/tienda\/otros-idiomas\/espanol\/billete-de-un-millon-de-dolares\/","url":"https:\/\/livingwaters.com\/es\/tienda\/otros-idiomas\/espanol\/billete-de-un-millon-de-dolares\/","name":"Billete de Un Mill\u00f3n de D\u00f3lares - Living Waters","isPartOf":{"@id":"https:\/\/livingwaters.com\/es\/#website"},"primaryImageOfPage":{"@id":"https:\/\/livingwaters.com\/es\/tienda\/otros-idiomas\/espanol\/billete-de-un-millon-de-dolares\/#primaryimage"},"image":{"@id":"https:\/\/livingwaters.com\/es\/tienda\/otros-idiomas\/espanol\/billete-de-un-millon-de-dolares\/#primaryimage"},"thumbnailUrl":"https:\/\/livingwaters.com\/wp-content\/uploads\/2015\/02\/million-dollar-bill-spanish-product-image-700x700-2.jpg","datePublished":"2015-02-17T23:02:33+00:00","dateModified":"2026-04-04T18:11:14+00:00","description":"Nuestro tratado evangel\u00edstico m\u00e1s popular que har\u00e1 que la gente sonre\u00edr y hacer que vuelvan a por m\u00e1s!","breadcrumb":{"@id":"https:\/\/livingwaters.com\/es\/tienda\/otros-idiomas\/espanol\/billete-de-un-millon-de-dolares\/#breadcrumb"},"inLanguage":"es","potentialAction":[{"@type":"ReadAction","target":["https:\/\/livingwaters.com\/es\/tienda\/otros-idiomas\/espanol\/billete-de-un-millon-de-dolares\/"]}]},{"@type":"ImageObject","inLanguage":"es","@id":"https:\/\/livingwaters.com\/es\/tienda\/otros-idiomas\/espanol\/billete-de-un-millon-de-dolares\/#primaryimage","url":"https:\/\/livingwaters.com\/wp-content\/uploads\/2015\/02\/million-dollar-bill-spanish-product-image-700x700-2.jpg","contentUrl":"https:\/\/livingwaters.com\/wp-content\/uploads\/2015\/02\/million-dollar-bill-spanish-product-image-700x700-2.jpg","width":700,"height":700},{"@type":"BreadcrumbList","@id":"https:\/\/livingwaters.com\/es\/tienda\/otros-idiomas\/espanol\/billete-de-un-millon-de-dolares\/#breadcrumb","itemListElement":[{"@type":"ListItem","position":1,"name":"Home","item":"https:\/\/livingwaters.com\/es\/"},{"@type":"ListItem","position":2,"name":"Productos","item":"https:\/\/livingwaters.com\/es\/shop\/"},{"@type":"ListItem","position":3,"name":"Otros idiomas","item":"https:\/\/livingwaters.com\/es\/categoria-producto\/otros-idiomas\/"},{"@type":"ListItem","position":4,"name":"Espa\u00f1ol","item":"https:\/\/livingwaters.com\/es\/categoria-producto\/otros-idiomas\/espanol\/"},{"@type":"ListItem","position":5,"name":"Billete de Un Mill\u00f3n de D\u00f3lares"}]},{"@type":"WebSite","@id":"https:\/\/livingwaters.com\/es\/#website","url":"https:\/\/livingwaters.com\/es\/","name":"Living Waters","description":"Inspiring. Equipping. Fulfilling.","publisher":{"@id":"https:\/\/livingwaters.com\/es\/#organization"},"potentialAction":[{"@type":"SearchAction","target":{"@type":"EntryPoint","urlTemplate":"https:\/\/livingwaters.com\/es\/?s={search_term_string}"},"query-input":{"@type":"PropertyValueSpecification","valueRequired":true,"valueName":"search_term_string"}}],"inLanguage":"es"},{"@type":"Organization","@id":"https:\/\/livingwaters.com\/es\/#organization","name":"Living Waters","url":"https:\/\/livingwaters.com\/es\/","logo":{"@type":"ImageObject","inLanguage":"es","@id":"https:\/\/livingwaters.com\/es\/#\/schema\/logo\/image\/","url":"https:\/\/livingwaters.com\/wp-content\/uploads\/2017\/12\/logo-blue.png","contentUrl":"https:\/\/livingwaters.com\/wp-content\/uploads\/2017\/12\/logo-blue.png","width":152,"height":42,"caption":"Living Waters"},"image":{"@id":"https:\/\/livingwaters.com\/es\/#\/schema\/logo\/image\/"},"sameAs":["https:\/\/www.facebook.com\/lwwotm\/","https:\/\/x.com\/LivingWatersPub","https:\/\/www.instagram.com\/livingwatersofficial\/","https:\/\/www.youtube.com\/thewayofthemaster"]}]}},"_links":{"self":[{"href":"https:\/\/livingwaters.com\/es\/wp-json\/wp\/v2\/product\/211693","targetHints":{"allow":["GET"]}}],"collection":[{"href":"https:\/\/livingwaters.com\/es\/wp-json\/wp\/v2\/product"}],"about":[{"href":"https:\/\/livingwaters.com\/es\/wp-json\/wp\/v2\/types\/product"}],"replies":[{"embeddable":true,"href":"https:\/\/livingwaters.com\/es\/wp-json\/wp\/v2\/comments?post=211693"}],"wp:featuredmedia":[{"embeddable":true,"href":"https:\/\/livingwaters.com\/es\/wp-json\/wp\/v2\/media\/210959"}],"wp:attachment":[{"href":"https:\/\/livingwaters.com\/es\/wp-json\/wp\/v2\/media?parent=211693"}],"wp:term":[{"taxonomy":"product_author","embeddable":true,"href":"https:\/\/livingwaters.com\/es\/wp-json\/wp\/v2\/product_author?post=211693"},{"taxonomy":"product_collection","embeddable":true,"href":"https:\/\/livingwaters.com\/es\/wp-json\/wp\/v2\/product_collection?post=211693"},{"taxonomy":"product_topic","embeddable":true,"href":"https:\/\/livingwaters.com\/es\/wp-json\/wp\/v2\/product_topic?post=211693"},{"taxonomy":"product_brand","embeddable":true,"href":"https:\/\/livingwaters.com\/es\/wp-json\/wp\/v2\/product_brand?post=211693"},{"taxonomy":"product_cat","embeddable":true,"href":"https:\/\/livingwaters.com\/es\/wp-json\/wp\/v2\/product_cat?post=211693"},{"taxonomy":"product_tag","embeddable":true,"href":"https:\/\/livingwaters.com\/es\/wp-json\/wp\/v2\/product_tag?post=211693"}],"curies":[{"name":"wp","href":"https:\/\/api.w.org\/{rel}","templated":true}]}}