{"id":211694,"date":"2015-02-16T23:29:44","date_gmt":"2015-02-16T23:29:44","guid":{"rendered":"https:\/\/livingwaters.com\/store\/sin%20categor\u00eda\/como-conducir-a-tus-hijos-a-cristo\/"},"modified":"2026-04-15T17:16:34","modified_gmt":"2026-04-16T00:16:34","slug":"como-conducir-a-tus-hijos-a-cristo-2","status":"publish","type":"product","link":"https:\/\/livingwaters.com\/es\/tienda\/libros\/como-conducir-a-tus-hijos-a-cristo-2\/","title":{"rendered":"C\u00f3mo Conducir A Tus Hijos A Cristo"},"content":{"rendered":"<div class=\"wpb-content-wrapper\">[vc_row][vc_column]<style>.vcex-button.vcex_69ebf716362fd{border-radius:var(--wpex-rounded);background:#cc5500;color:#ffffff!important;font-size:24px;font-family:Montserrat;font-weight:600;text-transform:uppercase;}.vcex-button.vcex_69ebf716362fd:hover{background:#d17900!important;color:#fff9ef!important;}<\/style><div class=\"theme-button-wrap textcenter wpex-clr\"><a href=\"https:\/\/espanol.livingwaters.com\/solicitud-de-libro-digital-gratis\/\" class=\"vcex-button theme-button flat align-center inline vcex_69ebf716362fd\" target=\"_blank\" rel=\"noopener noreferrer\"><span class=\"vcex-button-inner theme-button-inner wpex-flex wpex-flex-wrap wpex-items-center wpex-justify-center\">HAGA CLIC AQU\u00cd PARA EL LIBRO DIGITAL GRATIS<\/span><\/a><\/div> [vc_column_text]<b>158 p\u00e1ginas | Ray Comfort<\/b><\/p>\n<p>El 88% de los ni\u00f1os criados en hogares evang\u00e9licos dejan la iglesia a los 18 a\u00f1os para no volver nunca.<\/p>\n<p>Como padre o madre, no deseas experimentar el pesar de que tus hijos se rebelen contra su crianza cristiana.<\/p>\n<p>Aun cuando s\u00f3lo Dios nos puede salvar y guardar, existen principios b\u00edblicos que puedes implementar para ayudar a evitar que tus hijos tr\u00e1gicamente abandonen la fe.<\/p>\n<p>Con su refutaci\u00f3n de la creencia antib\u00edblica de que un ni\u00f1o puede ser salvo con s\u00f3lo \u201cinvitar a Cristo a su coraz\u00f3n,\u201d el experimentado evangelista Ray Comfort comparte principios que han resistido la prueba del tiempo, para ayudarte a guiar a tus hijos a una experiencia genuina de salvaci\u00f3n y evitar el peligro de la rebeld\u00eda.<\/p>\n<p>\u201cUn librito poderoso sobre c\u00f3mo llevar a sus hijos a Cristo. He le\u00eddo muchos libros sobre formaci\u00f3n infantil a lo largo de los a\u00f1os, \u00a1pero este los supera a todos!&#8221;<br \/>\n\u2014Pastor Ernest D. Witmer<\/p>\n<p>\u201c\u00a1Los padres cristianos querr\u00e1n leer este libro invaluable! Gracias por esta manera tan f\u00e1cil para m\u00ed de llevar el evangelio b\u00edblico a las manos de tantas personas que &amp;quot;no tienen tiempo&amp;quot; para leer, pero que est\u00e1n m\u00e1s que dispuestas a leer este libro simple (divertido) y directo. \u00a1Tienes que venderlos por cajas!&#8221;<br \/>\n\u2014La familia Marsh<\/p>\n<p>\u201c<em>C\u00f3mo llevar a sus hijos a Cristo<\/em> es ideal para cualquier persona involucrada en la formaci\u00f3n espiritual de la juventud, y es una lectura tan agradable que querr\u00e1 completarla de una sola vez. La personalidad amante de la diversi\u00f3n del autor combinada con las verdades atemporales presentadas son una combinaci\u00f3n inmejorable.&#8221;<\/p>\n<p>\u2014ChristianBookPreviews.com<\/p>\n<p>Rese\u00f1as de Amazon.com<\/p>\n<p>\u201c\u00bfEst\u00e1 preocupado por la salvaci\u00f3n de sus hijos? \u00a1Este es el libro para ti! Como yo mismo tengo hijos, busqu\u00e9 un libro que abordara si su salvaci\u00f3n era, de hecho, verdadera. Por supuesto, aunque solo Dios conoce sus corazones, todav\u00eda sent\u00eda que no estar\u00eda cumpliendo con mi deber de paternidad si no hac\u00eda mi tarea.&#8221;<\/p>\n<hr \/>\n<p>\u201c\u00a1Encontr\u00e9 este libro muy f\u00e1cil de entender, profundo y convincente! Hay un cap\u00edtulo al final del libro que aborda las influencias externas que permitimos en la vida de nuestros hijos. Fue doloroso de leer cuando me di cuenta de lo sutil que es el enemigo y de lo f\u00e1cil que es ajustarse a los est\u00e1ndares del mundo.&#8221;<\/p>\n<hr \/>\n<p>\u201cCreo que esto cambiar\u00e1 por completo su forma de testificar a sus propios hijos. Ya comenc\u00e9 a usar este libro como una gu\u00eda para hablar con mis hijos sobre su salvaci\u00f3n.&#8221;[\/vc_column_text][\/vc_column][\/vc_row]\n<\/div>","protected":false},"excerpt":{"rendered":"<p>Aunque s\u00f3lo Dios puede salvarnos y guardarnos, hay principios b\u00edblicos que puede implementar para ayudar a evitar que sus hijos se alejen de la fe.<\/p>\n","protected":false},"featured_media":210999,"comment_status":"open","ping_status":"closed","template":"","meta":{"_acf_changed":false},"product_author":[],"product_collection":[],"product_topic":[10794],"product_brand":[],"product_cat":[8191],"product_tag":[10870],"class_list":{"0":"post-211694","1":"product","2":"type-product","3":"status-publish","4":"has-post-thumbnail","6":"product_topic-familia","7":"product_cat-libros","8":"product_tag-equipamiento-espanol","9":"product_shipping_class-media-mail-es","10":"pa_language-espanol","11":"entry","12":"has-media","14":"first","15":"instock","16":"sale","17":"taxable","18":"shipping-taxable","19":"purchasable","20":"product-type-simple"},"group_of_quantity":0,"min_quantity":0,"max_quantity":"","exclude_order_quantity_value_rules":"no","exclude_category_quantity_rules":"no","combine_variations":"no","acf":[],"yoast_head":"<!-- This site is optimized with the Yoast SEO Premium plugin v27.3 (Yoast SEO v27.4) - https:\/\/yoast.com\/product\/yoast-seo-premium-wordpress\/ -->\n<title>C\u00f3mo Conducir A Tus Hijos A Cristo - Living Waters<\/title>\n<meta name=\"robots\" content=\"index, follow, max-snippet:-1, max-image-preview:large, max-video-preview:-1\" \/>\n<link rel=\"canonical\" href=\"https:\/\/livingwaters.com\/es\/tienda\/libros\/como-conducir-a-tus-hijos-a-cristo-2\/\" \/>\n<meta property=\"og:locale\" content=\"es_ES\" \/>\n<meta property=\"og:type\" content=\"article\" \/>\n<meta property=\"og:title\" content=\"C\u00f3mo Conducir A Tus Hijos A Cristo\" \/>\n<meta property=\"og:description\" content=\"Aunque s\u00f3lo Dios puede salvarnos y guardarnos, hay principios b\u00edblicos que puede implementar para ayudar a evitar que sus hijos se alejen de la fe.\" \/>\n<meta property=\"og:url\" content=\"https:\/\/livingwaters.com\/es\/tienda\/libros\/como-conducir-a-tus-hijos-a-cristo-2\/\" \/>\n<meta property=\"og:site_name\" content=\"Living Waters\" \/>\n<meta property=\"article:publisher\" content=\"https:\/\/www.facebook.com\/lwwotm\/\" \/>\n<meta property=\"article:modified_time\" content=\"2026-04-16T00:16:34+00:00\" \/>\n<meta property=\"og:image\" content=\"https:\/\/livingwaters.com\/wp-content\/uploads\/2015\/02\/how-to-bring-your-children-to-christ-spanish-product-image-1.jpg\" \/>\n\t<meta property=\"og:image:width\" content=\"700\" \/>\n\t<meta property=\"og:image:height\" content=\"700\" \/>\n\t<meta property=\"og:image:type\" content=\"image\/jpeg\" \/>\n<meta name=\"twitter:card\" content=\"summary_large_image\" \/>\n<meta name=\"twitter:site\" content=\"@LivingWatersPub\" \/>\n<meta name=\"twitter:label1\" content=\"Tiempo de lectura\" \/>\n\t<meta name=\"twitter:data1\" content=\"2 minutos\" \/>\n<script type=\"application\/ld+json\" class=\"yoast-schema-graph\">{\"@context\":\"https:\\\/\\\/schema.org\",\"@graph\":[{\"@type\":\"WebPage\",\"@id\":\"https:\\\/\\\/livingwaters.com\\\/es\\\/tienda\\\/libros\\\/como-conducir-a-tus-hijos-a-cristo-2\\\/\",\"url\":\"https:\\\/\\\/livingwaters.com\\\/es\\\/tienda\\\/libros\\\/como-conducir-a-tus-hijos-a-cristo-2\\\/\",\"name\":\"C\u00f3mo Conducir A Tus Hijos A Cristo - Living Waters\",\"isPartOf\":{\"@id\":\"https:\\\/\\\/livingwaters.com\\\/es\\\/#website\"},\"primaryImageOfPage\":{\"@id\":\"https:\\\/\\\/livingwaters.com\\\/es\\\/tienda\\\/libros\\\/como-conducir-a-tus-hijos-a-cristo-2\\\/#primaryimage\"},\"image\":{\"@id\":\"https:\\\/\\\/livingwaters.com\\\/es\\\/tienda\\\/libros\\\/como-conducir-a-tus-hijos-a-cristo-2\\\/#primaryimage\"},\"thumbnailUrl\":\"https:\\\/\\\/livingwaters.com\\\/wp-content\\\/uploads\\\/2015\\\/02\\\/how-to-bring-your-children-to-christ-spanish-product-image-1.jpg\",\"datePublished\":\"2015-02-16T23:29:44+00:00\",\"dateModified\":\"2026-04-16T00:16:34+00:00\",\"breadcrumb\":{\"@id\":\"https:\\\/\\\/livingwaters.com\\\/es\\\/tienda\\\/libros\\\/como-conducir-a-tus-hijos-a-cristo-2\\\/#breadcrumb\"},\"inLanguage\":\"es\",\"potentialAction\":[{\"@type\":\"ReadAction\",\"target\":[\"https:\\\/\\\/livingwaters.com\\\/es\\\/tienda\\\/libros\\\/como-conducir-a-tus-hijos-a-cristo-2\\\/\"]}]},{\"@type\":\"ImageObject\",\"inLanguage\":\"es\",\"@id\":\"https:\\\/\\\/livingwaters.com\\\/es\\\/tienda\\\/libros\\\/como-conducir-a-tus-hijos-a-cristo-2\\\/#primaryimage\",\"url\":\"https:\\\/\\\/livingwaters.com\\\/wp-content\\\/uploads\\\/2015\\\/02\\\/how-to-bring-your-children-to-christ-spanish-product-image-1.jpg\",\"contentUrl\":\"https:\\\/\\\/livingwaters.com\\\/wp-content\\\/uploads\\\/2015\\\/02\\\/how-to-bring-your-children-to-christ-spanish-product-image-1.jpg\",\"width\":700,\"height\":700},{\"@type\":\"BreadcrumbList\",\"@id\":\"https:\\\/\\\/livingwaters.com\\\/es\\\/tienda\\\/libros\\\/como-conducir-a-tus-hijos-a-cristo-2\\\/#breadcrumb\",\"itemListElement\":[{\"@type\":\"ListItem\",\"position\":1,\"name\":\"Home\",\"item\":\"https:\\\/\\\/livingwaters.com\\\/es\\\/\"},{\"@type\":\"ListItem\",\"position\":2,\"name\":\"Productos\",\"item\":\"https:\\\/\\\/livingwaters.com\\\/es\\\/shop\\\/\"},{\"@type\":\"ListItem\",\"position\":3,\"name\":\"Libros\",\"item\":\"https:\\\/\\\/livingwaters.com\\\/es\\\/categoria-producto\\\/libros\\\/\"},{\"@type\":\"ListItem\",\"position\":4,\"name\":\"C\u00f3mo Conducir A Tus Hijos A Cristo\"}]},{\"@type\":\"WebSite\",\"@id\":\"https:\\\/\\\/livingwaters.com\\\/es\\\/#website\",\"url\":\"https:\\\/\\\/livingwaters.com\\\/es\\\/\",\"name\":\"Living Waters\",\"description\":\"Inspiring. Equipping. Fulfilling.\",\"publisher\":{\"@id\":\"https:\\\/\\\/livingwaters.com\\\/es\\\/#organization\"},\"potentialAction\":[{\"@type\":\"SearchAction\",\"target\":{\"@type\":\"EntryPoint\",\"urlTemplate\":\"https:\\\/\\\/livingwaters.com\\\/es\\\/?s={search_term_string}\"},\"query-input\":{\"@type\":\"PropertyValueSpecification\",\"valueRequired\":true,\"valueName\":\"search_term_string\"}}],\"inLanguage\":\"es\"},{\"@type\":\"Organization\",\"@id\":\"https:\\\/\\\/livingwaters.com\\\/es\\\/#organization\",\"name\":\"Living Waters\",\"url\":\"https:\\\/\\\/livingwaters.com\\\/es\\\/\",\"logo\":{\"@type\":\"ImageObject\",\"inLanguage\":\"es\",\"@id\":\"https:\\\/\\\/livingwaters.com\\\/es\\\/#\\\/schema\\\/logo\\\/image\\\/\",\"url\":\"https:\\\/\\\/livingwaters.com\\\/wp-content\\\/uploads\\\/2017\\\/12\\\/logo-blue.png\",\"contentUrl\":\"https:\\\/\\\/livingwaters.com\\\/wp-content\\\/uploads\\\/2017\\\/12\\\/logo-blue.png\",\"width\":152,\"height\":42,\"caption\":\"Living Waters\"},\"image\":{\"@id\":\"https:\\\/\\\/livingwaters.com\\\/es\\\/#\\\/schema\\\/logo\\\/image\\\/\"},\"sameAs\":[\"https:\\\/\\\/www.facebook.com\\\/lwwotm\\\/\",\"https:\\\/\\\/x.com\\\/LivingWatersPub\",\"https:\\\/\\\/www.instagram.com\\\/livingwatersofficial\\\/\",\"https:\\\/\\\/www.youtube.com\\\/thewayofthemaster\"]}]}<\/script>\n<!-- \/ Yoast SEO Premium plugin. -->","yoast_head_json":{"title":"C\u00f3mo Conducir A Tus Hijos A Cristo - Living Waters","robots":{"index":"index","follow":"follow","max-snippet":"max-snippet:-1","max-image-preview":"max-image-preview:large","max-video-preview":"max-video-preview:-1"},"canonical":"https:\/\/livingwaters.com\/es\/tienda\/libros\/como-conducir-a-tus-hijos-a-cristo-2\/","og_locale":"es_ES","og_type":"article","og_title":"C\u00f3mo Conducir A Tus Hijos A Cristo","og_description":"Aunque s\u00f3lo Dios puede salvarnos y guardarnos, hay principios b\u00edblicos que puede implementar para ayudar a evitar que sus hijos se alejen de la fe.","og_url":"https:\/\/livingwaters.com\/es\/tienda\/libros\/como-conducir-a-tus-hijos-a-cristo-2\/","og_site_name":"Living Waters","article_publisher":"https:\/\/www.facebook.com\/lwwotm\/","article_modified_time":"2026-04-16T00:16:34+00:00","og_image":[{"width":700,"height":700,"url":"https:\/\/livingwaters.com\/wp-content\/uploads\/2015\/02\/how-to-bring-your-children-to-christ-spanish-product-image-1.jpg","type":"image\/jpeg"}],"twitter_card":"summary_large_image","twitter_site":"@LivingWatersPub","twitter_misc":{"Tiempo de lectura":"2 minutos"},"schema":{"@context":"https:\/\/schema.org","@graph":[{"@type":"WebPage","@id":"https:\/\/livingwaters.com\/es\/tienda\/libros\/como-conducir-a-tus-hijos-a-cristo-2\/","url":"https:\/\/livingwaters.com\/es\/tienda\/libros\/como-conducir-a-tus-hijos-a-cristo-2\/","name":"C\u00f3mo Conducir A Tus Hijos A Cristo - Living Waters","isPartOf":{"@id":"https:\/\/livingwaters.com\/es\/#website"},"primaryImageOfPage":{"@id":"https:\/\/livingwaters.com\/es\/tienda\/libros\/como-conducir-a-tus-hijos-a-cristo-2\/#primaryimage"},"image":{"@id":"https:\/\/livingwaters.com\/es\/tienda\/libros\/como-conducir-a-tus-hijos-a-cristo-2\/#primaryimage"},"thumbnailUrl":"https:\/\/livingwaters.com\/wp-content\/uploads\/2015\/02\/how-to-bring-your-children-to-christ-spanish-product-image-1.jpg","datePublished":"2015-02-16T23:29:44+00:00","dateModified":"2026-04-16T00:16:34+00:00","breadcrumb":{"@id":"https:\/\/livingwaters.com\/es\/tienda\/libros\/como-conducir-a-tus-hijos-a-cristo-2\/#breadcrumb"},"inLanguage":"es","potentialAction":[{"@type":"ReadAction","target":["https:\/\/livingwaters.com\/es\/tienda\/libros\/como-conducir-a-tus-hijos-a-cristo-2\/"]}]},{"@type":"ImageObject","inLanguage":"es","@id":"https:\/\/livingwaters.com\/es\/tienda\/libros\/como-conducir-a-tus-hijos-a-cristo-2\/#primaryimage","url":"https:\/\/livingwaters.com\/wp-content\/uploads\/2015\/02\/how-to-bring-your-children-to-christ-spanish-product-image-1.jpg","contentUrl":"https:\/\/livingwaters.com\/wp-content\/uploads\/2015\/02\/how-to-bring-your-children-to-christ-spanish-product-image-1.jpg","width":700,"height":700},{"@type":"BreadcrumbList","@id":"https:\/\/livingwaters.com\/es\/tienda\/libros\/como-conducir-a-tus-hijos-a-cristo-2\/#breadcrumb","itemListElement":[{"@type":"ListItem","position":1,"name":"Home","item":"https:\/\/livingwaters.com\/es\/"},{"@type":"ListItem","position":2,"name":"Productos","item":"https:\/\/livingwaters.com\/es\/shop\/"},{"@type":"ListItem","position":3,"name":"Libros","item":"https:\/\/livingwaters.com\/es\/categoria-producto\/libros\/"},{"@type":"ListItem","position":4,"name":"C\u00f3mo Conducir A Tus Hijos A Cristo"}]},{"@type":"WebSite","@id":"https:\/\/livingwaters.com\/es\/#website","url":"https:\/\/livingwaters.com\/es\/","name":"Living Waters","description":"Inspiring. Equipping. Fulfilling.","publisher":{"@id":"https:\/\/livingwaters.com\/es\/#organization"},"potentialAction":[{"@type":"SearchAction","target":{"@type":"EntryPoint","urlTemplate":"https:\/\/livingwaters.com\/es\/?s={search_term_string}"},"query-input":{"@type":"PropertyValueSpecification","valueRequired":true,"valueName":"search_term_string"}}],"inLanguage":"es"},{"@type":"Organization","@id":"https:\/\/livingwaters.com\/es\/#organization","name":"Living Waters","url":"https:\/\/livingwaters.com\/es\/","logo":{"@type":"ImageObject","inLanguage":"es","@id":"https:\/\/livingwaters.com\/es\/#\/schema\/logo\/image\/","url":"https:\/\/livingwaters.com\/wp-content\/uploads\/2017\/12\/logo-blue.png","contentUrl":"https:\/\/livingwaters.com\/wp-content\/uploads\/2017\/12\/logo-blue.png","width":152,"height":42,"caption":"Living Waters"},"image":{"@id":"https:\/\/livingwaters.com\/es\/#\/schema\/logo\/image\/"},"sameAs":["https:\/\/www.facebook.com\/lwwotm\/","https:\/\/x.com\/LivingWatersPub","https:\/\/www.instagram.com\/livingwatersofficial\/","https:\/\/www.youtube.com\/thewayofthemaster"]}]}},"_links":{"self":[{"href":"https:\/\/livingwaters.com\/es\/wp-json\/wp\/v2\/product\/211694","targetHints":{"allow":["GET"]}}],"collection":[{"href":"https:\/\/livingwaters.com\/es\/wp-json\/wp\/v2\/product"}],"about":[{"href":"https:\/\/livingwaters.com\/es\/wp-json\/wp\/v2\/types\/product"}],"replies":[{"embeddable":true,"href":"https:\/\/livingwaters.com\/es\/wp-json\/wp\/v2\/comments?post=211694"}],"wp:featuredmedia":[{"embeddable":true,"href":"https:\/\/livingwaters.com\/es\/wp-json\/wp\/v2\/media\/210999"}],"wp:attachment":[{"href":"https:\/\/livingwaters.com\/es\/wp-json\/wp\/v2\/media?parent=211694"}],"wp:term":[{"taxonomy":"product_author","embeddable":true,"href":"https:\/\/livingwaters.com\/es\/wp-json\/wp\/v2\/product_author?post=211694"},{"taxonomy":"product_collection","embeddable":true,"href":"https:\/\/livingwaters.com\/es\/wp-json\/wp\/v2\/product_collection?post=211694"},{"taxonomy":"product_topic","embeddable":true,"href":"https:\/\/livingwaters.com\/es\/wp-json\/wp\/v2\/product_topic?post=211694"},{"taxonomy":"product_brand","embeddable":true,"href":"https:\/\/livingwaters.com\/es\/wp-json\/wp\/v2\/product_brand?post=211694"},{"taxonomy":"product_cat","embeddable":true,"href":"https:\/\/livingwaters.com\/es\/wp-json\/wp\/v2\/product_cat?post=211694"},{"taxonomy":"product_tag","embeddable":true,"href":"https:\/\/livingwaters.com\/es\/wp-json\/wp\/v2\/product_tag?post=211694"}],"curies":[{"name":"wp","href":"https:\/\/api.w.org\/{rel}","templated":true}]}}