{"id":211695,"date":"2018-08-30T09:00:36","date_gmt":"2018-08-30T16:00:36","guid":{"rendered":"https:\/\/livingwaters.com\/store\/sin%20categor\u00eda\/dios-tiene-un-plan-maravilloso-para-tu-vida-pdf\/"},"modified":"2021-08-27T08:40:08","modified_gmt":"2021-08-27T15:40:08","slug":"dios-tiene-un-plan-maravilloso-para-tu-vida-pdf-2","status":"publish","type":"product","link":"https:\/\/livingwaters.com\/es\/tienda\/otros-idiomas\/espanol\/descargas-downloads\/dios-tiene-un-plan-maravilloso-para-tu-vida-pdf-2\/","title":{"rendered":"Dios Tiene Un Plan Maravilloso Para Tu Vida (PDF)"},"content":{"rendered":"<p><b>PDF Format | 128 p\u00e1ginas | Ray Comfort<\/b><\/p>\n<ul>\n<li>\u00bfA qu\u00e9 se debe que 9 de cada 10 ni\u00f1os criados en hogares cristianos abandonan la iglesia?<\/li>\n<li>\u00bfPor qu\u00e9 muchos cristianos profesantes muestran poca o ninguna evidencia de su fe?<\/li>\n<li>\u00bfPor qu\u00e9 80\u201390% de los que toman decisiones por Cristo se apartan de la fe?<\/li>\n<\/ul>\n<p>Desde hace d\u00e9cadas, el mensaje evangel\u00edstico m\u00e1s popular del mundo ha estado atrayendo a los perdidos con la promesa de un plan maravilloso de Dios para sus vidas. Pero detr\u00e1s de la fachada del mensaje del \u201cplan maravilloso\u201d est\u00e1 la realidad de las pruebas, tentaciones y persecuci\u00f3n que Jes\u00fas prometi\u00f3. \u00bfC\u00f3mo podemos reconciliar las dos cosas?<\/p>\n<p>En este libro transformador, el c\u00e9lebre autor, Ray Comfort, explora si este enfoque com\u00fan del evangelio encaja con la vida real \u2014 y con las Escrituras. Los principios b\u00edblicos vitales que revela te obligar\u00e1n a reexaminar tus ideas respecto al evangelio\u2014y te ense\u00f1ar\u00e1n c\u00f3mo alcanzar a los incr\u00e9dulos como Dios manda. Es lectura obligada para todo el que tiene preocupaci\u00f3n por los perdidos.<\/p>\n","protected":false},"excerpt":{"rendered":"<p>Desde hace d\u00e9cadas, el mensaje evangel\u00edstico m\u00e1s popular del mundo ha estado atrayendo a los perdidos con la promesa de un plan maravilloso de Dios para sus vidas. Pero detr\u00e1s de la fachada del mensaje del \u201cplan maravilloso\u201d est\u00e1 la realidad de las pruebas, tentaciones y persecuci\u00f3n que Jes\u00fas prometi\u00f3. \u00bfC\u00f3mo podemos reconciliar las dos cosas?<\/p>\n","protected":false},"featured_media":211810,"comment_status":"closed","ping_status":"closed","template":"","meta":{"_acf_changed":false,"_searchwp_excluded":""},"product_author":[9356],"product_collection":[],"product_topic":[],"product_brand":[],"product_cat":[8205,11572],"product_tag":[],"class_list":{"0":"post-211695","1":"product","2":"type-product","3":"status-publish","4":"has-post-thumbnail","6":"product_author-ray-comfort","7":"product_cat-descargas","8":"product_cat-descargas-downloads","9":"pa_language-espanol","10":"entry","11":"has-media","13":"first","14":"instock","15":"downloadable","16":"virtual","17":"sold-individually","18":"product-type-simple"},"group_of_quantity":0,"min_quantity":0,"max_quantity":"","exclude_order_quantity_value_rules":"no","exclude_category_quantity_rules":"no","combine_variations":"no","acf":[],"yoast_head":"<!-- This site is optimized with the Yoast SEO Premium plugin v27.2 (Yoast SEO v27.2) - https:\/\/yoast.com\/product\/yoast-seo-premium-wordpress\/ -->\n<title>Dios Tiene Un Plan Maravilloso Para Tu Vida (PDF) - Living Waters<\/title>\n<meta name=\"description\" content=\"Por d\u00e9cadas, el mensaje evangel\u00edstico m\u00e1s popular del mundo ha estado atrayendo a los perdidos con la promesa de un plan maravilloso para sus vidas. Pero detr\u00e1s de esa fachada est\u00e1 la realidad de las tentaciones y persecuci\u00f3n que Jes\u00fas prometi\u00f3.\" \/>\n<meta name=\"robots\" content=\"index, follow, max-snippet:-1, max-image-preview:large, max-video-preview:-1\" \/>\n<link rel=\"canonical\" href=\"https:\/\/livingwaters.com\/es\/tienda\/otros-idiomas\/espanol\/descargas-downloads\/dios-tiene-un-plan-maravilloso-para-tu-vida-pdf-2\/\" \/>\n<meta property=\"og:locale\" content=\"es_ES\" \/>\n<meta property=\"og:type\" content=\"article\" \/>\n<meta property=\"og:title\" content=\"Dios Tiene Un Plan Maravilloso Para Tu Vida (PDF)\" \/>\n<meta property=\"og:description\" content=\"Por d\u00e9cadas, el mensaje evangel\u00edstico m\u00e1s popular del mundo ha estado atrayendo a los perdidos con la promesa de un plan maravilloso para sus vidas. Pero detr\u00e1s de esa fachada est\u00e1 la realidad de las tentaciones y persecuci\u00f3n que Jes\u00fas prometi\u00f3.\" \/>\n<meta property=\"og:url\" content=\"https:\/\/livingwaters.com\/es\/tienda\/otros-idiomas\/espanol\/descargas-downloads\/dios-tiene-un-plan-maravilloso-para-tu-vida-pdf-2\/\" \/>\n<meta property=\"og:site_name\" content=\"Living Waters\" \/>\n<meta property=\"article:publisher\" content=\"https:\/\/www.facebook.com\/lwwotm\/\" \/>\n<meta property=\"article:modified_time\" content=\"2021-08-27T15:40:08+00:00\" \/>\n<meta property=\"og:image\" content=\"https:\/\/livingwaters.com\/wp-content\/uploads\/2015\/02\/god-has-a-wonderful-plan-for-your-life-pdf-spanish-product-image.jpg\" \/>\n\t<meta property=\"og:image:width\" content=\"700\" \/>\n\t<meta property=\"og:image:height\" content=\"700\" \/>\n\t<meta property=\"og:image:type\" content=\"image\/jpeg\" \/>\n<meta name=\"twitter:card\" content=\"summary_large_image\" \/>\n<meta name=\"twitter:site\" content=\"@LivingWatersPub\" \/>\n<meta name=\"twitter:label1\" content=\"Tiempo de lectura\" \/>\n\t<meta name=\"twitter:data1\" content=\"1 minuto\" \/>\n<script type=\"application\/ld+json\" class=\"yoast-schema-graph\">{\"@context\":\"https:\/\/schema.org\",\"@graph\":[{\"@type\":\"WebPage\",\"@id\":\"https:\/\/livingwaters.com\/es\/tienda\/otros-idiomas\/espanol\/descargas-downloads\/dios-tiene-un-plan-maravilloso-para-tu-vida-pdf-2\/\",\"url\":\"https:\/\/livingwaters.com\/es\/tienda\/otros-idiomas\/espanol\/descargas-downloads\/dios-tiene-un-plan-maravilloso-para-tu-vida-pdf-2\/\",\"name\":\"Dios Tiene Un Plan Maravilloso Para Tu Vida (PDF) - Living Waters\",\"isPartOf\":{\"@id\":\"https:\/\/livingwaters.com\/es\/#website\"},\"primaryImageOfPage\":{\"@id\":\"https:\/\/livingwaters.com\/es\/tienda\/otros-idiomas\/espanol\/descargas-downloads\/dios-tiene-un-plan-maravilloso-para-tu-vida-pdf-2\/#primaryimage\"},\"image\":{\"@id\":\"https:\/\/livingwaters.com\/es\/tienda\/otros-idiomas\/espanol\/descargas-downloads\/dios-tiene-un-plan-maravilloso-para-tu-vida-pdf-2\/#primaryimage\"},\"thumbnailUrl\":\"https:\/\/livingwaters.com\/wp-content\/uploads\/2015\/02\/god-has-a-wonderful-plan-for-your-life-pdf-spanish-product-image.jpg\",\"datePublished\":\"2018-08-30T16:00:36+00:00\",\"dateModified\":\"2021-08-27T15:40:08+00:00\",\"description\":\"Por d\u00e9cadas, el mensaje evangel\u00edstico m\u00e1s popular del mundo ha estado atrayendo a los perdidos con la promesa de un plan maravilloso para sus vidas. Pero detr\u00e1s de esa fachada est\u00e1 la realidad de las tentaciones y persecuci\u00f3n que Jes\u00fas prometi\u00f3.\",\"breadcrumb\":{\"@id\":\"https:\/\/livingwaters.com\/es\/tienda\/otros-idiomas\/espanol\/descargas-downloads\/dios-tiene-un-plan-maravilloso-para-tu-vida-pdf-2\/#breadcrumb\"},\"inLanguage\":\"es\",\"potentialAction\":[{\"@type\":\"ReadAction\",\"target\":[\"https:\/\/livingwaters.com\/es\/tienda\/otros-idiomas\/espanol\/descargas-downloads\/dios-tiene-un-plan-maravilloso-para-tu-vida-pdf-2\/\"]}]},{\"@type\":\"ImageObject\",\"inLanguage\":\"es\",\"@id\":\"https:\/\/livingwaters.com\/es\/tienda\/otros-idiomas\/espanol\/descargas-downloads\/dios-tiene-un-plan-maravilloso-para-tu-vida-pdf-2\/#primaryimage\",\"url\":\"https:\/\/livingwaters.com\/wp-content\/uploads\/2015\/02\/god-has-a-wonderful-plan-for-your-life-pdf-spanish-product-image.jpg\",\"contentUrl\":\"https:\/\/livingwaters.com\/wp-content\/uploads\/2015\/02\/god-has-a-wonderful-plan-for-your-life-pdf-spanish-product-image.jpg\",\"width\":700,\"height\":700},{\"@type\":\"BreadcrumbList\",\"@id\":\"https:\/\/livingwaters.com\/es\/tienda\/otros-idiomas\/espanol\/descargas-downloads\/dios-tiene-un-plan-maravilloso-para-tu-vida-pdf-2\/#breadcrumb\",\"itemListElement\":[{\"@type\":\"ListItem\",\"position\":1,\"name\":\"Home\",\"item\":\"https:\/\/livingwaters.com\/es\/\"},{\"@type\":\"ListItem\",\"position\":2,\"name\":\"Productos\",\"item\":\"https:\/\/livingwaters.com\/es\/shop\/\"},{\"@type\":\"ListItem\",\"position\":3,\"name\":\"Otros idiomas\",\"item\":\"https:\/\/livingwaters.com\/es\/categoria-producto\/otros-idiomas\/\"},{\"@type\":\"ListItem\",\"position\":4,\"name\":\"Espa\u00f1ol\",\"item\":\"https:\/\/livingwaters.com\/es\/categoria-producto\/otros-idiomas\/espanol\/\"},{\"@type\":\"ListItem\",\"position\":5,\"name\":\"Descargas (Downloads)\",\"item\":\"https:\/\/livingwaters.com\/es\/categoria-producto\/otros-idiomas\/espanol\/descargas-downloads\/\"},{\"@type\":\"ListItem\",\"position\":6,\"name\":\"Dios Tiene Un Plan Maravilloso Para Tu Vida (PDF)\"}]},{\"@type\":\"WebSite\",\"@id\":\"https:\/\/livingwaters.com\/es\/#website\",\"url\":\"https:\/\/livingwaters.com\/es\/\",\"name\":\"Living Waters\",\"description\":\"Inspiring. Equipping. Fulfilling.\",\"publisher\":{\"@id\":\"https:\/\/livingwaters.com\/es\/#organization\"},\"potentialAction\":[{\"@type\":\"SearchAction\",\"target\":{\"@type\":\"EntryPoint\",\"urlTemplate\":\"https:\/\/livingwaters.com\/es\/?s={search_term_string}\"},\"query-input\":{\"@type\":\"PropertyValueSpecification\",\"valueRequired\":true,\"valueName\":\"search_term_string\"}}],\"inLanguage\":\"es\"},{\"@type\":\"Organization\",\"@id\":\"https:\/\/livingwaters.com\/es\/#organization\",\"name\":\"Living Waters\",\"url\":\"https:\/\/livingwaters.com\/es\/\",\"logo\":{\"@type\":\"ImageObject\",\"inLanguage\":\"es\",\"@id\":\"https:\/\/livingwaters.com\/es\/#\/schema\/logo\/image\/\",\"url\":\"https:\/\/livingwaters.com\/wp-content\/uploads\/2017\/12\/logo-blue.png\",\"contentUrl\":\"https:\/\/livingwaters.com\/wp-content\/uploads\/2017\/12\/logo-blue.png\",\"width\":152,\"height\":42,\"caption\":\"Living Waters\"},\"image\":{\"@id\":\"https:\/\/livingwaters.com\/es\/#\/schema\/logo\/image\/\"},\"sameAs\":[\"https:\/\/www.facebook.com\/lwwotm\/\",\"https:\/\/x.com\/LivingWatersPub\",\"https:\/\/www.instagram.com\/livingwatersofficial\/\",\"https:\/\/www.youtube.com\/thewayofthemaster\"]}]}<\/script>\n<!-- \/ Yoast SEO Premium plugin. -->","yoast_head_json":{"title":"Dios Tiene Un Plan Maravilloso Para Tu Vida (PDF) - Living Waters","description":"Por d\u00e9cadas, el mensaje evangel\u00edstico m\u00e1s popular del mundo ha estado atrayendo a los perdidos con la promesa de un plan maravilloso para sus vidas. Pero detr\u00e1s de esa fachada est\u00e1 la realidad de las tentaciones y persecuci\u00f3n que Jes\u00fas prometi\u00f3.","robots":{"index":"index","follow":"follow","max-snippet":"max-snippet:-1","max-image-preview":"max-image-preview:large","max-video-preview":"max-video-preview:-1"},"canonical":"https:\/\/livingwaters.com\/es\/tienda\/otros-idiomas\/espanol\/descargas-downloads\/dios-tiene-un-plan-maravilloso-para-tu-vida-pdf-2\/","og_locale":"es_ES","og_type":"article","og_title":"Dios Tiene Un Plan Maravilloso Para Tu Vida (PDF)","og_description":"Por d\u00e9cadas, el mensaje evangel\u00edstico m\u00e1s popular del mundo ha estado atrayendo a los perdidos con la promesa de un plan maravilloso para sus vidas. Pero detr\u00e1s de esa fachada est\u00e1 la realidad de las tentaciones y persecuci\u00f3n que Jes\u00fas prometi\u00f3.","og_url":"https:\/\/livingwaters.com\/es\/tienda\/otros-idiomas\/espanol\/descargas-downloads\/dios-tiene-un-plan-maravilloso-para-tu-vida-pdf-2\/","og_site_name":"Living Waters","article_publisher":"https:\/\/www.facebook.com\/lwwotm\/","article_modified_time":"2021-08-27T15:40:08+00:00","og_image":[{"width":700,"height":700,"url":"https:\/\/livingwaters.com\/wp-content\/uploads\/2015\/02\/god-has-a-wonderful-plan-for-your-life-pdf-spanish-product-image.jpg","type":"image\/jpeg"}],"twitter_card":"summary_large_image","twitter_site":"@LivingWatersPub","twitter_misc":{"Tiempo de lectura":"1 minuto"},"schema":{"@context":"https:\/\/schema.org","@graph":[{"@type":"WebPage","@id":"https:\/\/livingwaters.com\/es\/tienda\/otros-idiomas\/espanol\/descargas-downloads\/dios-tiene-un-plan-maravilloso-para-tu-vida-pdf-2\/","url":"https:\/\/livingwaters.com\/es\/tienda\/otros-idiomas\/espanol\/descargas-downloads\/dios-tiene-un-plan-maravilloso-para-tu-vida-pdf-2\/","name":"Dios Tiene Un Plan Maravilloso Para Tu Vida (PDF) - Living Waters","isPartOf":{"@id":"https:\/\/livingwaters.com\/es\/#website"},"primaryImageOfPage":{"@id":"https:\/\/livingwaters.com\/es\/tienda\/otros-idiomas\/espanol\/descargas-downloads\/dios-tiene-un-plan-maravilloso-para-tu-vida-pdf-2\/#primaryimage"},"image":{"@id":"https:\/\/livingwaters.com\/es\/tienda\/otros-idiomas\/espanol\/descargas-downloads\/dios-tiene-un-plan-maravilloso-para-tu-vida-pdf-2\/#primaryimage"},"thumbnailUrl":"https:\/\/livingwaters.com\/wp-content\/uploads\/2015\/02\/god-has-a-wonderful-plan-for-your-life-pdf-spanish-product-image.jpg","datePublished":"2018-08-30T16:00:36+00:00","dateModified":"2021-08-27T15:40:08+00:00","description":"Por d\u00e9cadas, el mensaje evangel\u00edstico m\u00e1s popular del mundo ha estado atrayendo a los perdidos con la promesa de un plan maravilloso para sus vidas. Pero detr\u00e1s de esa fachada est\u00e1 la realidad de las tentaciones y persecuci\u00f3n que Jes\u00fas prometi\u00f3.","breadcrumb":{"@id":"https:\/\/livingwaters.com\/es\/tienda\/otros-idiomas\/espanol\/descargas-downloads\/dios-tiene-un-plan-maravilloso-para-tu-vida-pdf-2\/#breadcrumb"},"inLanguage":"es","potentialAction":[{"@type":"ReadAction","target":["https:\/\/livingwaters.com\/es\/tienda\/otros-idiomas\/espanol\/descargas-downloads\/dios-tiene-un-plan-maravilloso-para-tu-vida-pdf-2\/"]}]},{"@type":"ImageObject","inLanguage":"es","@id":"https:\/\/livingwaters.com\/es\/tienda\/otros-idiomas\/espanol\/descargas-downloads\/dios-tiene-un-plan-maravilloso-para-tu-vida-pdf-2\/#primaryimage","url":"https:\/\/livingwaters.com\/wp-content\/uploads\/2015\/02\/god-has-a-wonderful-plan-for-your-life-pdf-spanish-product-image.jpg","contentUrl":"https:\/\/livingwaters.com\/wp-content\/uploads\/2015\/02\/god-has-a-wonderful-plan-for-your-life-pdf-spanish-product-image.jpg","width":700,"height":700},{"@type":"BreadcrumbList","@id":"https:\/\/livingwaters.com\/es\/tienda\/otros-idiomas\/espanol\/descargas-downloads\/dios-tiene-un-plan-maravilloso-para-tu-vida-pdf-2\/#breadcrumb","itemListElement":[{"@type":"ListItem","position":1,"name":"Home","item":"https:\/\/livingwaters.com\/es\/"},{"@type":"ListItem","position":2,"name":"Productos","item":"https:\/\/livingwaters.com\/es\/shop\/"},{"@type":"ListItem","position":3,"name":"Otros idiomas","item":"https:\/\/livingwaters.com\/es\/categoria-producto\/otros-idiomas\/"},{"@type":"ListItem","position":4,"name":"Espa\u00f1ol","item":"https:\/\/livingwaters.com\/es\/categoria-producto\/otros-idiomas\/espanol\/"},{"@type":"ListItem","position":5,"name":"Descargas (Downloads)","item":"https:\/\/livingwaters.com\/es\/categoria-producto\/otros-idiomas\/espanol\/descargas-downloads\/"},{"@type":"ListItem","position":6,"name":"Dios Tiene Un Plan Maravilloso Para Tu Vida (PDF)"}]},{"@type":"WebSite","@id":"https:\/\/livingwaters.com\/es\/#website","url":"https:\/\/livingwaters.com\/es\/","name":"Living Waters","description":"Inspiring. Equipping. Fulfilling.","publisher":{"@id":"https:\/\/livingwaters.com\/es\/#organization"},"potentialAction":[{"@type":"SearchAction","target":{"@type":"EntryPoint","urlTemplate":"https:\/\/livingwaters.com\/es\/?s={search_term_string}"},"query-input":{"@type":"PropertyValueSpecification","valueRequired":true,"valueName":"search_term_string"}}],"inLanguage":"es"},{"@type":"Organization","@id":"https:\/\/livingwaters.com\/es\/#organization","name":"Living Waters","url":"https:\/\/livingwaters.com\/es\/","logo":{"@type":"ImageObject","inLanguage":"es","@id":"https:\/\/livingwaters.com\/es\/#\/schema\/logo\/image\/","url":"https:\/\/livingwaters.com\/wp-content\/uploads\/2017\/12\/logo-blue.png","contentUrl":"https:\/\/livingwaters.com\/wp-content\/uploads\/2017\/12\/logo-blue.png","width":152,"height":42,"caption":"Living Waters"},"image":{"@id":"https:\/\/livingwaters.com\/es\/#\/schema\/logo\/image\/"},"sameAs":["https:\/\/www.facebook.com\/lwwotm\/","https:\/\/x.com\/LivingWatersPub","https:\/\/www.instagram.com\/livingwatersofficial\/","https:\/\/www.youtube.com\/thewayofthemaster"]}]}},"_links":{"self":[{"href":"https:\/\/livingwaters.com\/es\/wp-json\/wp\/v2\/product\/211695","targetHints":{"allow":["GET"]}}],"collection":[{"href":"https:\/\/livingwaters.com\/es\/wp-json\/wp\/v2\/product"}],"about":[{"href":"https:\/\/livingwaters.com\/es\/wp-json\/wp\/v2\/types\/product"}],"replies":[{"embeddable":true,"href":"https:\/\/livingwaters.com\/es\/wp-json\/wp\/v2\/comments?post=211695"}],"wp:featuredmedia":[{"embeddable":true,"href":"https:\/\/livingwaters.com\/es\/wp-json\/wp\/v2\/media\/211810"}],"wp:attachment":[{"href":"https:\/\/livingwaters.com\/es\/wp-json\/wp\/v2\/media?parent=211695"}],"wp:term":[{"taxonomy":"product_author","embeddable":true,"href":"https:\/\/livingwaters.com\/es\/wp-json\/wp\/v2\/product_author?post=211695"},{"taxonomy":"product_collection","embeddable":true,"href":"https:\/\/livingwaters.com\/es\/wp-json\/wp\/v2\/product_collection?post=211695"},{"taxonomy":"product_topic","embeddable":true,"href":"https:\/\/livingwaters.com\/es\/wp-json\/wp\/v2\/product_topic?post=211695"},{"taxonomy":"product_brand","embeddable":true,"href":"https:\/\/livingwaters.com\/es\/wp-json\/wp\/v2\/product_brand?post=211695"},{"taxonomy":"product_cat","embeddable":true,"href":"https:\/\/livingwaters.com\/es\/wp-json\/wp\/v2\/product_cat?post=211695"},{"taxonomy":"product_tag","embeddable":true,"href":"https:\/\/livingwaters.com\/es\/wp-json\/wp\/v2\/product_tag?post=211695"}],"curies":[{"name":"wp","href":"https:\/\/api.w.org\/{rel}","templated":true}]}}