{"id":211696,"date":"2015-02-17T18:52:02","date_gmt":"2015-02-18T02:52:02","guid":{"rendered":"https:\/\/livingwaters.com\/store\/sin%20categor\u00eda\/dios-tiene-un-plan-maravilloso-para-tu-vida\/"},"modified":"2026-04-15T17:17:14","modified_gmt":"2026-04-16T00:17:14","slug":"dios-tiene-un-plan-maravilloso-para-tu-vida","status":"publish","type":"product","link":"https:\/\/livingwaters.com\/es\/tienda\/libros\/dios-tiene-un-plan-maravilloso-para-tu-vida\/","title":{"rendered":"Dios Tiene Un Plan Maravilloso Para Tu Vida"},"content":{"rendered":"<p><b>Libro de Bolsillo | 144 p\u00e1ginas | Ray Comfort<\/b><\/p>\n<ul>\n<li>\u00bfA qu\u00e9 se debe que 9 de cada 10 ni\u00f1os criados en hogares cristianos abandonan la iglesia?<\/li>\n<li>\u00bfPor qu\u00e9 muchos cristianos profesantes muestran poca o ninguna evidencia de su fe?<\/li>\n<li>\u00bfPor qu\u00e9 80\u201390% de los que toman decisiones por Cristo se apartan de la fe?<\/li>\n<\/ul>\n<p>Desde hace d\u00e9cadas, el mensaje evangel\u00edstico m\u00e1s popular del mundo ha estado atrayendo a los perdidos con la promesa de un plan maravilloso de Dios para sus vidas. Pero detr\u00e1s de la fachada del mensaje del \u201cplan maravilloso\u201d est\u00e1 la realidad de las pruebas, tentaciones y persecuci\u00f3n que Jes\u00fas prometi\u00f3. \u00bfC\u00f3mo podemos reconciliar las dos cosas?<\/p>\n<p>En este libro transformador, el c\u00e9lebre autor, Ray Comfort, explora si este enfoque com\u00fan del evangelio encaja con la vida real \u2014 y con las Escrituras. Los principios b\u00edblicos vitales que revela te obligar\u00e1n a reexaminar tus ideas respecto al evangelio\u2014y te ense\u00f1ar\u00e1n c\u00f3mo alcanzar a los incr\u00e9dulos como Dios manda. Es lectura obligada para todo el que tiene preocupaci\u00f3n por los perdidos.<\/p>\n<p><b>&#8220;While reading this book my heart went into atrial fibrillation; it&#8217;s that good! After I finished it, I couldn&#8217;t sleep. There&#8217;s nothing like it. It is truly from God.&#8221;<\/b><br \/>\nAuthor\/evangelist, Bill Fay (<i><\/i>Share Jesus Without Fear)<\/p>\n<p><b>&#8220;Extremely powerful. It should be read by everyone.&#8221;<\/b> S. Peek<\/p>\n<p><b>&#8220;This book I will keep forever.<\/b>&#8221; S Thomas<\/p>\n<p><b>&#8220;Amazing! &#8216;Revelation&#8217; is the only word to describe it.&#8221;<\/b> Daniel W. Groves<\/p>\n<p><b>&#8220;I have given hundreds of this book to friends to read!&#8221;<\/b> Pastor Indy<\/p>\n<p><b>&#8220;I couldn&#8217;t put it down\u2026Get this book.&#8221;<\/b> Phyl Lippy<\/p>\n","protected":false},"excerpt":{"rendered":"<p>Desde hace d\u00e9cadas, el mensaje evangel\u00edstico m\u00e1s popular del mundo ha estado atrayendo a los perdidos con la promesa de un plan maravilloso de Dios para sus vidas. Pero detr\u00e1s de la fachada del mensaje del \u201cplan maravilloso\u201d est\u00e1 la realidad de las pruebas, tentaciones y persecuci\u00f3n que Jes\u00fas prometi\u00f3. \u00bfC\u00f3mo podemos reconciliar las dos cosas?<\/p>\n","protected":false},"featured_media":211003,"comment_status":"open","ping_status":"closed","template":"","meta":{"_acf_changed":false},"product_author":[],"product_collection":[],"product_topic":[],"product_brand":[],"product_cat":[8191],"product_tag":[10870],"class_list":{"0":"post-211696","1":"product","2":"type-product","3":"status-publish","4":"has-post-thumbnail","6":"product_cat-libros","7":"product_tag-equipamiento-espanol","8":"product_shipping_class-media-mail-es","9":"pa_language-espanol","10":"entry","11":"has-media","13":"first","14":"instock","15":"sale","16":"taxable","17":"shipping-taxable","18":"purchasable","19":"product-type-simple"},"group_of_quantity":0,"min_quantity":0,"max_quantity":"","exclude_order_quantity_value_rules":"no","exclude_category_quantity_rules":"no","combine_variations":"no","acf":[],"yoast_head":"<!-- This site is optimized with the Yoast SEO Premium plugin v27.3 (Yoast SEO v27.4) - https:\/\/yoast.com\/product\/yoast-seo-premium-wordpress\/ -->\n<title>Dios Tiene Un Plan Maravilloso Para Tu Vida - Living Waters<\/title>\n<meta name=\"robots\" content=\"index, follow, max-snippet:-1, max-image-preview:large, max-video-preview:-1\" \/>\n<link rel=\"canonical\" href=\"https:\/\/livingwaters.com\/es\/tienda\/libros\/dios-tiene-un-plan-maravilloso-para-tu-vida\/\" \/>\n<meta property=\"og:locale\" content=\"es_ES\" \/>\n<meta property=\"og:type\" content=\"article\" \/>\n<meta property=\"og:title\" content=\"Dios Tiene Un Plan Maravilloso Para Tu Vida\" \/>\n<meta property=\"og:description\" content=\"Desde hace d\u00e9cadas, el mensaje evangel\u00edstico m\u00e1s popular del mundo ha estado atrayendo a los perdidos con la promesa de un plan maravilloso de Dios para sus vidas. Pero detr\u00e1s de la fachada del mensaje del \u201cplan maravilloso\u201d est\u00e1 la realidad de las pruebas, tentaciones y persecuci\u00f3n que Jes\u00fas prometi\u00f3. \u00bfC\u00f3mo podemos reconciliar las dos cosas?\" \/>\n<meta property=\"og:url\" content=\"https:\/\/livingwaters.com\/es\/tienda\/libros\/dios-tiene-un-plan-maravilloso-para-tu-vida\/\" \/>\n<meta property=\"og:site_name\" content=\"Living Waters\" \/>\n<meta property=\"article:publisher\" content=\"https:\/\/www.facebook.com\/lwwotm\/\" \/>\n<meta property=\"article:modified_time\" content=\"2026-04-16T00:17:14+00:00\" \/>\n<meta property=\"og:image\" content=\"https:\/\/livingwaters.com\/wp-content\/uploads\/2015\/02\/god-has-a-wonderful-plan-for-your-life-spanish-product-image-1.jpg\" \/>\n\t<meta property=\"og:image:width\" content=\"700\" \/>\n\t<meta property=\"og:image:height\" content=\"700\" \/>\n\t<meta property=\"og:image:type\" content=\"image\/jpeg\" \/>\n<meta name=\"twitter:card\" content=\"summary_large_image\" \/>\n<meta name=\"twitter:site\" content=\"@LivingWatersPub\" \/>\n<meta name=\"twitter:label1\" content=\"Tiempo de lectura\" \/>\n\t<meta name=\"twitter:data1\" content=\"1 minuto\" \/>\n<script type=\"application\/ld+json\" class=\"yoast-schema-graph\">{\"@context\":\"https:\\\/\\\/schema.org\",\"@graph\":[{\"@type\":\"WebPage\",\"@id\":\"https:\\\/\\\/livingwaters.com\\\/es\\\/tienda\\\/libros\\\/dios-tiene-un-plan-maravilloso-para-tu-vida\\\/\",\"url\":\"https:\\\/\\\/livingwaters.com\\\/es\\\/tienda\\\/libros\\\/dios-tiene-un-plan-maravilloso-para-tu-vida\\\/\",\"name\":\"Dios Tiene Un Plan Maravilloso Para Tu Vida - Living Waters\",\"isPartOf\":{\"@id\":\"https:\\\/\\\/livingwaters.com\\\/es\\\/#website\"},\"primaryImageOfPage\":{\"@id\":\"https:\\\/\\\/livingwaters.com\\\/es\\\/tienda\\\/libros\\\/dios-tiene-un-plan-maravilloso-para-tu-vida\\\/#primaryimage\"},\"image\":{\"@id\":\"https:\\\/\\\/livingwaters.com\\\/es\\\/tienda\\\/libros\\\/dios-tiene-un-plan-maravilloso-para-tu-vida\\\/#primaryimage\"},\"thumbnailUrl\":\"https:\\\/\\\/livingwaters.com\\\/wp-content\\\/uploads\\\/2015\\\/02\\\/god-has-a-wonderful-plan-for-your-life-spanish-product-image-1.jpg\",\"datePublished\":\"2015-02-18T02:52:02+00:00\",\"dateModified\":\"2026-04-16T00:17:14+00:00\",\"breadcrumb\":{\"@id\":\"https:\\\/\\\/livingwaters.com\\\/es\\\/tienda\\\/libros\\\/dios-tiene-un-plan-maravilloso-para-tu-vida\\\/#breadcrumb\"},\"inLanguage\":\"es\",\"potentialAction\":[{\"@type\":\"ReadAction\",\"target\":[\"https:\\\/\\\/livingwaters.com\\\/es\\\/tienda\\\/libros\\\/dios-tiene-un-plan-maravilloso-para-tu-vida\\\/\"]}]},{\"@type\":\"ImageObject\",\"inLanguage\":\"es\",\"@id\":\"https:\\\/\\\/livingwaters.com\\\/es\\\/tienda\\\/libros\\\/dios-tiene-un-plan-maravilloso-para-tu-vida\\\/#primaryimage\",\"url\":\"https:\\\/\\\/livingwaters.com\\\/wp-content\\\/uploads\\\/2015\\\/02\\\/god-has-a-wonderful-plan-for-your-life-spanish-product-image-1.jpg\",\"contentUrl\":\"https:\\\/\\\/livingwaters.com\\\/wp-content\\\/uploads\\\/2015\\\/02\\\/god-has-a-wonderful-plan-for-your-life-spanish-product-image-1.jpg\",\"width\":700,\"height\":700},{\"@type\":\"BreadcrumbList\",\"@id\":\"https:\\\/\\\/livingwaters.com\\\/es\\\/tienda\\\/libros\\\/dios-tiene-un-plan-maravilloso-para-tu-vida\\\/#breadcrumb\",\"itemListElement\":[{\"@type\":\"ListItem\",\"position\":1,\"name\":\"Home\",\"item\":\"https:\\\/\\\/livingwaters.com\\\/es\\\/\"},{\"@type\":\"ListItem\",\"position\":2,\"name\":\"Productos\",\"item\":\"https:\\\/\\\/livingwaters.com\\\/es\\\/shop\\\/\"},{\"@type\":\"ListItem\",\"position\":3,\"name\":\"Libros\",\"item\":\"https:\\\/\\\/livingwaters.com\\\/es\\\/categoria-producto\\\/libros\\\/\"},{\"@type\":\"ListItem\",\"position\":4,\"name\":\"Dios Tiene Un Plan Maravilloso Para Tu Vida\"}]},{\"@type\":\"WebSite\",\"@id\":\"https:\\\/\\\/livingwaters.com\\\/es\\\/#website\",\"url\":\"https:\\\/\\\/livingwaters.com\\\/es\\\/\",\"name\":\"Living Waters\",\"description\":\"Inspiring. Equipping. Fulfilling.\",\"publisher\":{\"@id\":\"https:\\\/\\\/livingwaters.com\\\/es\\\/#organization\"},\"potentialAction\":[{\"@type\":\"SearchAction\",\"target\":{\"@type\":\"EntryPoint\",\"urlTemplate\":\"https:\\\/\\\/livingwaters.com\\\/es\\\/?s={search_term_string}\"},\"query-input\":{\"@type\":\"PropertyValueSpecification\",\"valueRequired\":true,\"valueName\":\"search_term_string\"}}],\"inLanguage\":\"es\"},{\"@type\":\"Organization\",\"@id\":\"https:\\\/\\\/livingwaters.com\\\/es\\\/#organization\",\"name\":\"Living Waters\",\"url\":\"https:\\\/\\\/livingwaters.com\\\/es\\\/\",\"logo\":{\"@type\":\"ImageObject\",\"inLanguage\":\"es\",\"@id\":\"https:\\\/\\\/livingwaters.com\\\/es\\\/#\\\/schema\\\/logo\\\/image\\\/\",\"url\":\"https:\\\/\\\/livingwaters.com\\\/wp-content\\\/uploads\\\/2017\\\/12\\\/logo-blue.png\",\"contentUrl\":\"https:\\\/\\\/livingwaters.com\\\/wp-content\\\/uploads\\\/2017\\\/12\\\/logo-blue.png\",\"width\":152,\"height\":42,\"caption\":\"Living Waters\"},\"image\":{\"@id\":\"https:\\\/\\\/livingwaters.com\\\/es\\\/#\\\/schema\\\/logo\\\/image\\\/\"},\"sameAs\":[\"https:\\\/\\\/www.facebook.com\\\/lwwotm\\\/\",\"https:\\\/\\\/x.com\\\/LivingWatersPub\",\"https:\\\/\\\/www.instagram.com\\\/livingwatersofficial\\\/\",\"https:\\\/\\\/www.youtube.com\\\/thewayofthemaster\"]}]}<\/script>\n<!-- \/ Yoast SEO Premium plugin. -->","yoast_head_json":{"title":"Dios Tiene Un Plan Maravilloso Para Tu Vida - Living Waters","robots":{"index":"index","follow":"follow","max-snippet":"max-snippet:-1","max-image-preview":"max-image-preview:large","max-video-preview":"max-video-preview:-1"},"canonical":"https:\/\/livingwaters.com\/es\/tienda\/libros\/dios-tiene-un-plan-maravilloso-para-tu-vida\/","og_locale":"es_ES","og_type":"article","og_title":"Dios Tiene Un Plan Maravilloso Para Tu Vida","og_description":"Desde hace d\u00e9cadas, el mensaje evangel\u00edstico m\u00e1s popular del mundo ha estado atrayendo a los perdidos con la promesa de un plan maravilloso de Dios para sus vidas. Pero detr\u00e1s de la fachada del mensaje del \u201cplan maravilloso\u201d est\u00e1 la realidad de las pruebas, tentaciones y persecuci\u00f3n que Jes\u00fas prometi\u00f3. \u00bfC\u00f3mo podemos reconciliar las dos cosas?","og_url":"https:\/\/livingwaters.com\/es\/tienda\/libros\/dios-tiene-un-plan-maravilloso-para-tu-vida\/","og_site_name":"Living Waters","article_publisher":"https:\/\/www.facebook.com\/lwwotm\/","article_modified_time":"2026-04-16T00:17:14+00:00","og_image":[{"width":700,"height":700,"url":"https:\/\/livingwaters.com\/wp-content\/uploads\/2015\/02\/god-has-a-wonderful-plan-for-your-life-spanish-product-image-1.jpg","type":"image\/jpeg"}],"twitter_card":"summary_large_image","twitter_site":"@LivingWatersPub","twitter_misc":{"Tiempo de lectura":"1 minuto"},"schema":{"@context":"https:\/\/schema.org","@graph":[{"@type":"WebPage","@id":"https:\/\/livingwaters.com\/es\/tienda\/libros\/dios-tiene-un-plan-maravilloso-para-tu-vida\/","url":"https:\/\/livingwaters.com\/es\/tienda\/libros\/dios-tiene-un-plan-maravilloso-para-tu-vida\/","name":"Dios Tiene Un Plan Maravilloso Para Tu Vida - Living Waters","isPartOf":{"@id":"https:\/\/livingwaters.com\/es\/#website"},"primaryImageOfPage":{"@id":"https:\/\/livingwaters.com\/es\/tienda\/libros\/dios-tiene-un-plan-maravilloso-para-tu-vida\/#primaryimage"},"image":{"@id":"https:\/\/livingwaters.com\/es\/tienda\/libros\/dios-tiene-un-plan-maravilloso-para-tu-vida\/#primaryimage"},"thumbnailUrl":"https:\/\/livingwaters.com\/wp-content\/uploads\/2015\/02\/god-has-a-wonderful-plan-for-your-life-spanish-product-image-1.jpg","datePublished":"2015-02-18T02:52:02+00:00","dateModified":"2026-04-16T00:17:14+00:00","breadcrumb":{"@id":"https:\/\/livingwaters.com\/es\/tienda\/libros\/dios-tiene-un-plan-maravilloso-para-tu-vida\/#breadcrumb"},"inLanguage":"es","potentialAction":[{"@type":"ReadAction","target":["https:\/\/livingwaters.com\/es\/tienda\/libros\/dios-tiene-un-plan-maravilloso-para-tu-vida\/"]}]},{"@type":"ImageObject","inLanguage":"es","@id":"https:\/\/livingwaters.com\/es\/tienda\/libros\/dios-tiene-un-plan-maravilloso-para-tu-vida\/#primaryimage","url":"https:\/\/livingwaters.com\/wp-content\/uploads\/2015\/02\/god-has-a-wonderful-plan-for-your-life-spanish-product-image-1.jpg","contentUrl":"https:\/\/livingwaters.com\/wp-content\/uploads\/2015\/02\/god-has-a-wonderful-plan-for-your-life-spanish-product-image-1.jpg","width":700,"height":700},{"@type":"BreadcrumbList","@id":"https:\/\/livingwaters.com\/es\/tienda\/libros\/dios-tiene-un-plan-maravilloso-para-tu-vida\/#breadcrumb","itemListElement":[{"@type":"ListItem","position":1,"name":"Home","item":"https:\/\/livingwaters.com\/es\/"},{"@type":"ListItem","position":2,"name":"Productos","item":"https:\/\/livingwaters.com\/es\/shop\/"},{"@type":"ListItem","position":3,"name":"Libros","item":"https:\/\/livingwaters.com\/es\/categoria-producto\/libros\/"},{"@type":"ListItem","position":4,"name":"Dios Tiene Un Plan Maravilloso Para Tu Vida"}]},{"@type":"WebSite","@id":"https:\/\/livingwaters.com\/es\/#website","url":"https:\/\/livingwaters.com\/es\/","name":"Living Waters","description":"Inspiring. Equipping. Fulfilling.","publisher":{"@id":"https:\/\/livingwaters.com\/es\/#organization"},"potentialAction":[{"@type":"SearchAction","target":{"@type":"EntryPoint","urlTemplate":"https:\/\/livingwaters.com\/es\/?s={search_term_string}"},"query-input":{"@type":"PropertyValueSpecification","valueRequired":true,"valueName":"search_term_string"}}],"inLanguage":"es"},{"@type":"Organization","@id":"https:\/\/livingwaters.com\/es\/#organization","name":"Living Waters","url":"https:\/\/livingwaters.com\/es\/","logo":{"@type":"ImageObject","inLanguage":"es","@id":"https:\/\/livingwaters.com\/es\/#\/schema\/logo\/image\/","url":"https:\/\/livingwaters.com\/wp-content\/uploads\/2017\/12\/logo-blue.png","contentUrl":"https:\/\/livingwaters.com\/wp-content\/uploads\/2017\/12\/logo-blue.png","width":152,"height":42,"caption":"Living Waters"},"image":{"@id":"https:\/\/livingwaters.com\/es\/#\/schema\/logo\/image\/"},"sameAs":["https:\/\/www.facebook.com\/lwwotm\/","https:\/\/x.com\/LivingWatersPub","https:\/\/www.instagram.com\/livingwatersofficial\/","https:\/\/www.youtube.com\/thewayofthemaster"]}]}},"_links":{"self":[{"href":"https:\/\/livingwaters.com\/es\/wp-json\/wp\/v2\/product\/211696","targetHints":{"allow":["GET"]}}],"collection":[{"href":"https:\/\/livingwaters.com\/es\/wp-json\/wp\/v2\/product"}],"about":[{"href":"https:\/\/livingwaters.com\/es\/wp-json\/wp\/v2\/types\/product"}],"replies":[{"embeddable":true,"href":"https:\/\/livingwaters.com\/es\/wp-json\/wp\/v2\/comments?post=211696"}],"wp:featuredmedia":[{"embeddable":true,"href":"https:\/\/livingwaters.com\/es\/wp-json\/wp\/v2\/media\/211003"}],"wp:attachment":[{"href":"https:\/\/livingwaters.com\/es\/wp-json\/wp\/v2\/media?parent=211696"}],"wp:term":[{"taxonomy":"product_author","embeddable":true,"href":"https:\/\/livingwaters.com\/es\/wp-json\/wp\/v2\/product_author?post=211696"},{"taxonomy":"product_collection","embeddable":true,"href":"https:\/\/livingwaters.com\/es\/wp-json\/wp\/v2\/product_collection?post=211696"},{"taxonomy":"product_topic","embeddable":true,"href":"https:\/\/livingwaters.com\/es\/wp-json\/wp\/v2\/product_topic?post=211696"},{"taxonomy":"product_brand","embeddable":true,"href":"https:\/\/livingwaters.com\/es\/wp-json\/wp\/v2\/product_brand?post=211696"},{"taxonomy":"product_cat","embeddable":true,"href":"https:\/\/livingwaters.com\/es\/wp-json\/wp\/v2\/product_cat?post=211696"},{"taxonomy":"product_tag","embeddable":true,"href":"https:\/\/livingwaters.com\/es\/wp-json\/wp\/v2\/product_tag?post=211696"}],"curies":[{"name":"wp","href":"https:\/\/api.w.org\/{rel}","templated":true}]}}