{"id":281088,"date":"2019-10-30T20:43:54","date_gmt":"2019-10-31T03:43:54","guid":{"rendered":"https:\/\/livingwaters.com\/store\/sin%20categor\u00eda\/jerusalen-mp4\/"},"modified":"2021-12-10T03:28:17","modified_gmt":"2021-12-10T11:28:17","slug":"jerusalen-mp4","status":"publish","type":"product","link":"https:\/\/livingwaters.com\/es\/tienda\/descargas\/jerusalen-mp4\/","title":{"rendered":"Jerusal\u00e9n MP4"},"content":{"rendered":"<div class=\"wpb-content-wrapper\">[vc_row][vc_column][vc_column_text](35 minutos. MP4, No hay subt\u00edtulos ni subt\u00edtulos ocultos)<\/p>\n<p>\u00bfQu\u00e9 parte tiene Los Estados Unidos en la profec\u00eda b\u00edblica?<\/p>\n<p>\u00bfPor qu\u00e9 Los Estados Unidos est\u00e1n tan conectados con el Estado de Israel?<\/p>\n<p>\u00bfCu\u00e1les son los signos irrefutables del fin de los tiempos?<\/p>\n<p>Si usted conoce su biblia, entiende que el comp\u00e1s prof\u00e9tico siempre apunta hacia Israel directo a la ciudad de Jerusal\u00e9n. Esa es la luz que revela la l\u00ednea de tiempo de Dios.<\/p>\n<p>Y si usted mantiene un ojo vigilante en esa ciudad vol\u00e1til, sabr\u00e1 que nos estamos acercando al cl\u00edmax de las edades: la gloriosa Segunda Venida de Jesucristo. \u00bfEst\u00e1n preparados?[\/vc_column_text][\/vc_column][\/vc_row][vc_row][vc_column width=&#8221;1\/2&#8243;]<style>.vcex-heading.vcex_69d20d5232e66{font-size:1em;text-transform:uppercase;}<\/style><h3 class=\"vcex-heading vcex-heading-bottom-border-w-color vcex-module wpex-heading wpex-text-2xl wpex-text-left vc_custom_1592298627079 wpex-border-b-2 wpex-border-solid wpex-border-main vcex_69d20d5232e66\"><span class=\"vcex-heading-inner wpex-inline-block wpex-relative wpex-pb-5 wpex-border-b-2 wpex-border-solid wpex-border-accent\">V\u00eddeo<\/span><\/h3>[vc_video link=&#8221;https:\/\/www.youtube.com\/watch?v=X78B444AC6o&#8221;][\/vc_column][vc_column width=&#8221;1\/2&#8243;]<style>.vcex-heading.vcex_69d20d5233940{font-size:1em;text-transform:uppercase;}<\/style><h3 class=\"vcex-heading vcex-heading-bottom-border-w-color vcex-module wpex-heading wpex-text-2xl wpex-text-left vc_custom_1599849823224 wpex-border-b-2 wpex-border-solid wpex-border-main vcex_69d20d5233940\"><span class=\"vcex-heading-inner wpex-inline-block wpex-relative wpex-pb-5 wpex-border-b-2 wpex-border-solid wpex-border-accent\">Rese\u00f1as<\/span><\/h3>[vc_column_text]\u201c<em>Descargada anoche. Visto 3 veces. Me encant\u00f3. Gracias&#8221;.<br \/>\n<\/em><strong>&#8211; Annmarie<\/strong>[\/vc_column_text][\/vc_column][\/vc_row][vc_row full_width=&#8221;stretch_row&#8221; height=&#8221;small&#8221; boxed_columns=&#8221;medium&#8221; bwd_show_when_date=&#8221;__\/__\/____ __:__&#8221; bwd_show_when_date_end=&#8221;__\/__\/____ __:__&#8221;][vc_column]<style>.vcex-heading.vcex_69d20d5233f43{font-size:1em;text-transform:uppercase;}<\/style><h3 class=\"vcex-heading vcex-heading-bottom-border-w-color vcex-module wpex-heading wpex-text-2xl wpex-text-left vc_custom_1592317637763 wpex-border-b-2 wpex-border-solid wpex-border-main vcex_69d20d5233f43\"><span class=\"vcex-heading-inner wpex-inline-block wpex-relative wpex-pb-5 wpex-border-b-2 wpex-border-solid wpex-border-accent\">Sobre el autor<\/span><\/h3><div class=\"templatera_shortcode\"><div class=\"vc_row wpb_row vc_row-fluid wpex-relative mpc-row\"><div class=\"wpb_column vc_column_container vc_col-sm-2 mpc-column\" data-column-id=\"mpc_column-3869d20d5236145\"><div class=\"vc_column-inner\"><div class=\"wpb_wrapper\">\n\t<div class=\"wpb_single_image wpb_content_element vc_align_center wpb_content_element\">\n\t\t\n\t\t<figure class=\"wpb_wrapper vc_figure\">\n\t\t\t<div class=\"vc_single_image-wrapper vc_box_rounded  vc_box_border_grey\"><img width=\"500\" height=\"500\" src=\"https:\/\/livingwaters.com\/wp-content\/uploads\/2017\/12\/profile-image-ray-comfort-1x1.jpg\" class=\"vc_single_image-img attachment-full\" alt=\"\" title=\"profile-image-ray-comfort-1x1\" srcset=\"https:\/\/livingwaters.com\/wp-content\/uploads\/2017\/12\/profile-image-ray-comfort-1x1.jpg 500w, https:\/\/livingwaters.com\/wp-content\/uploads\/2017\/12\/profile-image-ray-comfort-1x1-150x150.jpg 150w, https:\/\/livingwaters.com\/wp-content\/uploads\/2017\/12\/profile-image-ray-comfort-1x1-300x300.jpg 300w, https:\/\/livingwaters.com\/wp-content\/uploads\/2017\/12\/profile-image-ray-comfort-1x1-180x180.jpg 180w, https:\/\/livingwaters.com\/wp-content\/uploads\/2017\/12\/profile-image-ray-comfort-1x1-74x74.jpg 74w, https:\/\/livingwaters.com\/wp-content\/uploads\/2017\/12\/profile-image-ray-comfort-1x1-125x125.jpg 125w\" sizes=\"(max-width: 500px) 100vw, 500px\"><\/div>\n\t\t<\/figure>\n\t<\/div>\n<\/div><\/div><\/div><div class=\"wpb_column vc_column_container vc_col-sm-10 mpc-column\" data-column-id=\"mpc_column-9369d20d523658b\"><div class=\"vc_column-inner\"><div class=\"wpb_wrapper\">\n\t<div class=\"wpb_text_column wpb_content_element\">\n\t\t<div class=\"wpb_wrapper\">\n\t\t\t<p><strong>Ray Comfort<\/strong> es el fundador y director general de Living Waters, un autor de &eacute;xito, y ha escrito m&aacute;s de 100 libros, entre ellos, <em>The Evidence Study Bible<\/em>. Es copresentador del premiado programa de televisi&oacute;n <a href=\"https:\/\/livingwaters.com\/outreaches\/way-of-the-master\/\"><em>Camino del Maestro<\/em><\/a>, que se emite en 190 pa&iacute;ses.<\/p>\n\n\t\t<\/div>\n\t<\/div>\n<\/div><\/div><\/div><\/div><\/div>[\/vc_column][\/vc_row]\n<\/div>","protected":false},"excerpt":{"rendered":"<p>Si usted conoce su biblia, entiende que el comp\u00e1s prof\u00e9tico siempre apunta hacia Israel directo a la ciudad de Jerusal\u00e9n. Esa es la luz que revela la l\u00ednea de tiempo de Dios, y Am\u00e9rica se ha entrelazado con ella. \t\t<div data-elementor-type=\"section\" data-elementor-id=\"211259\" class=\"elementor elementor-211259 elementor-210451\" data-elementor-post-type=\"elementor_library\">\n\t\t\t\t\t<section class=\"elementor-section elementor-top-section elementor-element elementor-element-e9a9884 elementor-section-boxed elementor-section-height-default elementor-section-height-default\" data-id=\"e9a9884\" data-element_type=\"section\" data-e-type=\"section\">\n\t\t\t\t\t\t<div class=\"elementor-container elementor-column-gap-no\">\n\t\t\t\t\t<div class=\"elementor-column elementor-col-100 elementor-top-column elementor-element elementor-element-94cb099\" data-id=\"94cb099\" data-element_type=\"column\" data-e-type=\"column\">\n\t\t\t<div class=\"elementor-widget-wrap elementor-element-populated\">\n\t\t\t\t\t\t<div class=\"elementor-element elementor-element-410fc47 elementor-widget elementor-widget-button\" data-id=\"410fc47\" data-element_type=\"widget\" data-e-type=\"widget\" data-widget_type=\"button.default\">\n\t\t\t\t<div class=\"elementor-widget-container\">\n\t\t\t\t\t\t\t\t\t<div class=\"elementor-button-wrapper\">\n\t\t\t\t\t<a class=\"elementor-button elementor-button-link elementor-size-sm\" href=\"#elementor-action%3Aaction%3Dpopup%3Aopen%26settings%3DeyJpZCI6MjExMjYzLCJ0b2dnbGUiOmZhbHNlfQ%3D%3D\">\n\t\t\t\t\t\t<span class=\"elementor-button-content-wrapper\">\n\t\t\t\t\t\t\t\t\t<span class=\"elementor-button-text\">***Nota importante para usuarios de Apple iPad, iPhone, y iPod: Haga clic aqu\u00ed antes de adquirir***<\/span>\n\t\t\t\t\t<\/span>\n\t\t\t\t\t<\/a>\n\t\t\t\t<\/div>\n\t\t\t\t\t\t\t\t<\/div>\n\t\t\t\t<\/div>\n\t\t\t\t\t<\/div>\n\t\t<\/div>\n\t\t\t\t\t<\/div>\n\t\t<\/section>\n\t\t\t\t<\/div>\n\t\t<\/p>\n","protected":false},"featured_media":207592,"comment_status":"open","ping_status":"closed","template":"","meta":{"_acf_changed":false,"_searchwp_excluded":""},"product_author":[],"product_collection":[],"product_topic":[10799],"product_brand":[],"product_cat":[8205,10735],"product_tag":[],"class_list":{"0":"post-281088","1":"product","2":"type-product","3":"status-publish","4":"has-post-thumbnail","6":"product_topic-fin-de-los-tiempos","7":"product_cat-descargas","8":"product_cat-video","9":"entry","10":"has-media","12":"first","13":"discontinued","14":"downloadable","15":"virtual","16":"product-type-simple"},"group_of_quantity":0,"min_quantity":0,"max_quantity":"","exclude_order_quantity_value_rules":"no","exclude_category_quantity_rules":"no","combine_variations":"no","acf":[],"yoast_head":"<!-- This site is optimized with the Yoast SEO Premium plugin v27.2 (Yoast SEO v27.2) - https:\/\/yoast.com\/product\/yoast-seo-premium-wordpress\/ -->\n<title>Jerusal\u00e9n MP4 - Living Waters<\/title>\n<meta name=\"description\" content=\"Si usted conoce su biblia, entiende que el comp\u00e1s prof\u00e9tico siempre apunta hacia Israel directo a la ciudad de Jerusal\u00e9n. Esa es la luz que revela la l\u00ednea de tiempo de Dios, y Am\u00e9rica se ha entrelazado con ella.\" \/>\n<meta name=\"robots\" content=\"index, follow, max-snippet:-1, max-image-preview:large, max-video-preview:-1\" \/>\n<link rel=\"canonical\" href=\"https:\/\/livingwaters.com\/es\/tienda\/descargas\/jerusalen-mp4\/\" \/>\n<meta property=\"og:locale\" content=\"es_ES\" \/>\n<meta property=\"og:type\" content=\"article\" \/>\n<meta property=\"og:title\" content=\"Jerusal\u00e9n MP4\" \/>\n<meta property=\"og:description\" content=\"Si usted conoce su biblia, entiende que el comp\u00e1s prof\u00e9tico siempre apunta hacia Israel directo a la ciudad de Jerusal\u00e9n. Esa es la luz que revela la l\u00ednea de tiempo de Dios, y Am\u00e9rica se ha entrelazado con ella.\" \/>\n<meta property=\"og:url\" content=\"https:\/\/livingwaters.com\/es\/tienda\/descargas\/jerusalen-mp4\/\" \/>\n<meta property=\"og:site_name\" content=\"Living Waters\" \/>\n<meta property=\"article:publisher\" content=\"https:\/\/www.facebook.com\/lwwotm\/\" \/>\n<meta property=\"article:modified_time\" content=\"2021-12-10T11:28:17+00:00\" \/>\n<meta property=\"og:image\" content=\"https:\/\/livingwaters.com\/wp-content\/uploads\/2023\/07\/jerUSAlem-MP4-product-image-cover-spanish-media-translation.jpg\" \/>\n\t<meta property=\"og:image:width\" content=\"700\" \/>\n\t<meta property=\"og:image:height\" content=\"700\" \/>\n\t<meta property=\"og:image:type\" content=\"image\/jpeg\" \/>\n<meta name=\"twitter:card\" content=\"summary_large_image\" \/>\n<meta name=\"twitter:site\" content=\"@LivingWatersPub\" \/>\n<meta name=\"twitter:label1\" content=\"Tiempo de lectura\" \/>\n\t<meta name=\"twitter:data1\" content=\"1 minuto\" \/>\n<script type=\"application\/ld+json\" class=\"yoast-schema-graph\">{\"@context\":\"https:\/\/schema.org\",\"@graph\":[{\"@type\":\"WebPage\",\"@id\":\"https:\/\/livingwaters.com\/es\/tienda\/descargas\/jerusalen-mp4\/\",\"url\":\"https:\/\/livingwaters.com\/es\/tienda\/descargas\/jerusalen-mp4\/\",\"name\":\"Jerusal\u00e9n MP4 - Living Waters\",\"isPartOf\":{\"@id\":\"https:\/\/livingwaters.com\/es\/#website\"},\"primaryImageOfPage\":{\"@id\":\"https:\/\/livingwaters.com\/es\/tienda\/descargas\/jerusalen-mp4\/#primaryimage\"},\"image\":{\"@id\":\"https:\/\/livingwaters.com\/es\/tienda\/descargas\/jerusalen-mp4\/#primaryimage\"},\"thumbnailUrl\":\"https:\/\/livingwaters.com\/wp-content\/uploads\/2023\/07\/jerUSAlem-MP4-product-image-cover-spanish-media-translation.jpg\",\"datePublished\":\"2019-10-31T03:43:54+00:00\",\"dateModified\":\"2021-12-10T11:28:17+00:00\",\"description\":\"Si usted conoce su biblia, entiende que el comp\u00e1s prof\u00e9tico siempre apunta hacia Israel directo a la ciudad de Jerusal\u00e9n. Esa es la luz que revela la l\u00ednea de tiempo de Dios, y Am\u00e9rica se ha entrelazado con ella.\",\"breadcrumb\":{\"@id\":\"https:\/\/livingwaters.com\/es\/tienda\/descargas\/jerusalen-mp4\/#breadcrumb\"},\"inLanguage\":\"es\",\"potentialAction\":[{\"@type\":\"ReadAction\",\"target\":[\"https:\/\/livingwaters.com\/es\/tienda\/descargas\/jerusalen-mp4\/\"]}]},{\"@type\":\"ImageObject\",\"inLanguage\":\"es\",\"@id\":\"https:\/\/livingwaters.com\/es\/tienda\/descargas\/jerusalen-mp4\/#primaryimage\",\"url\":\"https:\/\/livingwaters.com\/wp-content\/uploads\/2023\/07\/jerUSAlem-MP4-product-image-cover-spanish-media-translation.jpg\",\"contentUrl\":\"https:\/\/livingwaters.com\/wp-content\/uploads\/2023\/07\/jerUSAlem-MP4-product-image-cover-spanish-media-translation.jpg\",\"width\":700,\"height\":700},{\"@type\":\"BreadcrumbList\",\"@id\":\"https:\/\/livingwaters.com\/es\/tienda\/descargas\/jerusalen-mp4\/#breadcrumb\",\"itemListElement\":[{\"@type\":\"ListItem\",\"position\":1,\"name\":\"Home\",\"item\":\"https:\/\/livingwaters.com\/es\/\"},{\"@type\":\"ListItem\",\"position\":2,\"name\":\"Productos\",\"item\":\"https:\/\/livingwaters.com\/es\/shop\/\"},{\"@type\":\"ListItem\",\"position\":3,\"name\":\"Descargas\",\"item\":\"https:\/\/livingwaters.com\/es\/categoria-producto\/descargas\/\"},{\"@type\":\"ListItem\",\"position\":4,\"name\":\"Jerusal\u00e9n MP4\"}]},{\"@type\":\"WebSite\",\"@id\":\"https:\/\/livingwaters.com\/es\/#website\",\"url\":\"https:\/\/livingwaters.com\/es\/\",\"name\":\"Living Waters\",\"description\":\"Inspiring. Equipping. Fulfilling.\",\"publisher\":{\"@id\":\"https:\/\/livingwaters.com\/es\/#organization\"},\"potentialAction\":[{\"@type\":\"SearchAction\",\"target\":{\"@type\":\"EntryPoint\",\"urlTemplate\":\"https:\/\/livingwaters.com\/es\/?s={search_term_string}\"},\"query-input\":{\"@type\":\"PropertyValueSpecification\",\"valueRequired\":true,\"valueName\":\"search_term_string\"}}],\"inLanguage\":\"es\"},{\"@type\":\"Organization\",\"@id\":\"https:\/\/livingwaters.com\/es\/#organization\",\"name\":\"Living Waters\",\"url\":\"https:\/\/livingwaters.com\/es\/\",\"logo\":{\"@type\":\"ImageObject\",\"inLanguage\":\"es\",\"@id\":\"https:\/\/livingwaters.com\/es\/#\/schema\/logo\/image\/\",\"url\":\"https:\/\/livingwaters.com\/wp-content\/uploads\/2017\/12\/logo-blue.png\",\"contentUrl\":\"https:\/\/livingwaters.com\/wp-content\/uploads\/2017\/12\/logo-blue.png\",\"width\":152,\"height\":42,\"caption\":\"Living Waters\"},\"image\":{\"@id\":\"https:\/\/livingwaters.com\/es\/#\/schema\/logo\/image\/\"},\"sameAs\":[\"https:\/\/www.facebook.com\/lwwotm\/\",\"https:\/\/x.com\/LivingWatersPub\",\"https:\/\/www.instagram.com\/livingwatersofficial\/\",\"https:\/\/www.youtube.com\/thewayofthemaster\"]}]}<\/script>\n<!-- \/ Yoast SEO Premium plugin. -->","yoast_head_json":{"title":"Jerusal\u00e9n MP4 - Living Waters","description":"Si usted conoce su biblia, entiende que el comp\u00e1s prof\u00e9tico siempre apunta hacia Israel directo a la ciudad de Jerusal\u00e9n. Esa es la luz que revela la l\u00ednea de tiempo de Dios, y Am\u00e9rica se ha entrelazado con ella.","robots":{"index":"index","follow":"follow","max-snippet":"max-snippet:-1","max-image-preview":"max-image-preview:large","max-video-preview":"max-video-preview:-1"},"canonical":"https:\/\/livingwaters.com\/es\/tienda\/descargas\/jerusalen-mp4\/","og_locale":"es_ES","og_type":"article","og_title":"Jerusal\u00e9n MP4","og_description":"Si usted conoce su biblia, entiende que el comp\u00e1s prof\u00e9tico siempre apunta hacia Israel directo a la ciudad de Jerusal\u00e9n. Esa es la luz que revela la l\u00ednea de tiempo de Dios, y Am\u00e9rica se ha entrelazado con ella.","og_url":"https:\/\/livingwaters.com\/es\/tienda\/descargas\/jerusalen-mp4\/","og_site_name":"Living Waters","article_publisher":"https:\/\/www.facebook.com\/lwwotm\/","article_modified_time":"2021-12-10T11:28:17+00:00","og_image":[{"width":700,"height":700,"url":"https:\/\/livingwaters.com\/wp-content\/uploads\/2023\/07\/jerUSAlem-MP4-product-image-cover-spanish-media-translation.jpg","type":"image\/jpeg"}],"twitter_card":"summary_large_image","twitter_site":"@LivingWatersPub","twitter_misc":{"Tiempo de lectura":"1 minuto"},"schema":{"@context":"https:\/\/schema.org","@graph":[{"@type":"WebPage","@id":"https:\/\/livingwaters.com\/es\/tienda\/descargas\/jerusalen-mp4\/","url":"https:\/\/livingwaters.com\/es\/tienda\/descargas\/jerusalen-mp4\/","name":"Jerusal\u00e9n MP4 - Living Waters","isPartOf":{"@id":"https:\/\/livingwaters.com\/es\/#website"},"primaryImageOfPage":{"@id":"https:\/\/livingwaters.com\/es\/tienda\/descargas\/jerusalen-mp4\/#primaryimage"},"image":{"@id":"https:\/\/livingwaters.com\/es\/tienda\/descargas\/jerusalen-mp4\/#primaryimage"},"thumbnailUrl":"https:\/\/livingwaters.com\/wp-content\/uploads\/2023\/07\/jerUSAlem-MP4-product-image-cover-spanish-media-translation.jpg","datePublished":"2019-10-31T03:43:54+00:00","dateModified":"2021-12-10T11:28:17+00:00","description":"Si usted conoce su biblia, entiende que el comp\u00e1s prof\u00e9tico siempre apunta hacia Israel directo a la ciudad de Jerusal\u00e9n. Esa es la luz que revela la l\u00ednea de tiempo de Dios, y Am\u00e9rica se ha entrelazado con ella.","breadcrumb":{"@id":"https:\/\/livingwaters.com\/es\/tienda\/descargas\/jerusalen-mp4\/#breadcrumb"},"inLanguage":"es","potentialAction":[{"@type":"ReadAction","target":["https:\/\/livingwaters.com\/es\/tienda\/descargas\/jerusalen-mp4\/"]}]},{"@type":"ImageObject","inLanguage":"es","@id":"https:\/\/livingwaters.com\/es\/tienda\/descargas\/jerusalen-mp4\/#primaryimage","url":"https:\/\/livingwaters.com\/wp-content\/uploads\/2023\/07\/jerUSAlem-MP4-product-image-cover-spanish-media-translation.jpg","contentUrl":"https:\/\/livingwaters.com\/wp-content\/uploads\/2023\/07\/jerUSAlem-MP4-product-image-cover-spanish-media-translation.jpg","width":700,"height":700},{"@type":"BreadcrumbList","@id":"https:\/\/livingwaters.com\/es\/tienda\/descargas\/jerusalen-mp4\/#breadcrumb","itemListElement":[{"@type":"ListItem","position":1,"name":"Home","item":"https:\/\/livingwaters.com\/es\/"},{"@type":"ListItem","position":2,"name":"Productos","item":"https:\/\/livingwaters.com\/es\/shop\/"},{"@type":"ListItem","position":3,"name":"Descargas","item":"https:\/\/livingwaters.com\/es\/categoria-producto\/descargas\/"},{"@type":"ListItem","position":4,"name":"Jerusal\u00e9n MP4"}]},{"@type":"WebSite","@id":"https:\/\/livingwaters.com\/es\/#website","url":"https:\/\/livingwaters.com\/es\/","name":"Living Waters","description":"Inspiring. Equipping. Fulfilling.","publisher":{"@id":"https:\/\/livingwaters.com\/es\/#organization"},"potentialAction":[{"@type":"SearchAction","target":{"@type":"EntryPoint","urlTemplate":"https:\/\/livingwaters.com\/es\/?s={search_term_string}"},"query-input":{"@type":"PropertyValueSpecification","valueRequired":true,"valueName":"search_term_string"}}],"inLanguage":"es"},{"@type":"Organization","@id":"https:\/\/livingwaters.com\/es\/#organization","name":"Living Waters","url":"https:\/\/livingwaters.com\/es\/","logo":{"@type":"ImageObject","inLanguage":"es","@id":"https:\/\/livingwaters.com\/es\/#\/schema\/logo\/image\/","url":"https:\/\/livingwaters.com\/wp-content\/uploads\/2017\/12\/logo-blue.png","contentUrl":"https:\/\/livingwaters.com\/wp-content\/uploads\/2017\/12\/logo-blue.png","width":152,"height":42,"caption":"Living Waters"},"image":{"@id":"https:\/\/livingwaters.com\/es\/#\/schema\/logo\/image\/"},"sameAs":["https:\/\/www.facebook.com\/lwwotm\/","https:\/\/x.com\/LivingWatersPub","https:\/\/www.instagram.com\/livingwatersofficial\/","https:\/\/www.youtube.com\/thewayofthemaster"]}]}},"_links":{"self":[{"href":"https:\/\/livingwaters.com\/es\/wp-json\/wp\/v2\/product\/281088","targetHints":{"allow":["GET"]}}],"collection":[{"href":"https:\/\/livingwaters.com\/es\/wp-json\/wp\/v2\/product"}],"about":[{"href":"https:\/\/livingwaters.com\/es\/wp-json\/wp\/v2\/types\/product"}],"replies":[{"embeddable":true,"href":"https:\/\/livingwaters.com\/es\/wp-json\/wp\/v2\/comments?post=281088"}],"wp:featuredmedia":[{"embeddable":true,"href":"https:\/\/livingwaters.com\/es\/wp-json\/wp\/v2\/media\/207592"}],"wp:attachment":[{"href":"https:\/\/livingwaters.com\/es\/wp-json\/wp\/v2\/media?parent=281088"}],"wp:term":[{"taxonomy":"product_author","embeddable":true,"href":"https:\/\/livingwaters.com\/es\/wp-json\/wp\/v2\/product_author?post=281088"},{"taxonomy":"product_collection","embeddable":true,"href":"https:\/\/livingwaters.com\/es\/wp-json\/wp\/v2\/product_collection?post=281088"},{"taxonomy":"product_topic","embeddable":true,"href":"https:\/\/livingwaters.com\/es\/wp-json\/wp\/v2\/product_topic?post=281088"},{"taxonomy":"product_brand","embeddable":true,"href":"https:\/\/livingwaters.com\/es\/wp-json\/wp\/v2\/product_brand?post=281088"},{"taxonomy":"product_cat","embeddable":true,"href":"https:\/\/livingwaters.com\/es\/wp-json\/wp\/v2\/product_cat?post=281088"},{"taxonomy":"product_tag","embeddable":true,"href":"https:\/\/livingwaters.com\/es\/wp-json\/wp\/v2\/product_tag?post=281088"}],"curies":[{"name":"wp","href":"https:\/\/api.w.org\/{rel}","templated":true}]}}