{"id":329409,"date":"2022-01-19T17:21:45","date_gmt":"2022-01-20T01:21:45","guid":{"rendered":"https:\/\/www.livingwaters.com\/?product=jesus-in-red-spanish"},"modified":"2026-04-02T16:52:03","modified_gmt":"2026-04-02T23:52:03","slug":"jesus-in-red-spanish","status":"publish","type":"product","link":"https:\/\/livingwaters.com\/es\/tienda\/libros\/jesus-in-red-spanish\/","title":{"rendered":"Jes\u00fas en Rojo"},"content":{"rendered":"<p><b>Imitaci\u00f3n de cuero | 384 p\u00e1ginas | Ray Comfort<\/b><\/p>\n<p>365 Meditaciones sobre las Palabras de Jes\u00fas<\/p>\n<p>Las campanas de alarma deben sonar cuando vemos el enrojecimiento de la sangre, o las se\u00f1ales de alto rojas, los camiones de bomberos rojos, las salidas de emergencia rojas y los extintores de incendios. Pero si algo debe hacer saltar la alarma, son las palabras de Jes\u00fas. Sin embargo, tener Sus palabras en rojo no es nada nuevo. Lo nuevo de este devocional es que la devoci\u00f3n de cada d\u00eda se centra \u00fanicamente en Sus palabras. Est\u00e1n completamente aislados para que puedas concentrarte solo en lo que \u00c9l dijo, sin ninguna restricci\u00f3n o distracci\u00f3n. Si bien ser\u00eda imprudente tomar las palabras de cualquier ser humano normal fuera de contexto, Jes\u00fas no es un ser humano normal, \u00c9l es Dios. El enfoque es solo moment\u00e1neo, y como ver\u00e1, en cada lectura se le anima a seguir leyendo en contexto, como parte del ejercicio devocional.<\/p>\n<p><i>&#8220;Jes\u00fas en Rojo\u201d es una herramienta tan poderosa que debo abstenerme de leer demasiados d\u00edas a la vez para evitar no poder meditar y digerir completamente la lectura de cada d\u00eda&#8221;.<\/i><\/p>\n<p><b>&#8211;Maurice M.<\/b><\/p>\n<div class=\"videoWrapper\"><iframe src=\"https:\/\/www.youtube.com\/embed\/XDeYVNKAmIc\" width=\"100%\" height=\"240\"><\/iframe><\/div>\n","protected":false},"excerpt":{"rendered":"<p>Las campanas de alarma deben saltar cuando vemos el rojo de la sangre, o las se\u00f1ales de alto rojas, los camiones de bomberos rojos, etc. Y si algo debe hacer saltar una alarma, son las palabras de Jes\u00fas. Sin embargo, tener Sus palabras en rojo no es nada nuevo. Lo nuevo de este devocional es que el devocional de cada d\u00eda considera \u00fanicamente Sus palabras, y se anima al lector a seguir leyendo en contexto, como parte del ejercicio devocional.<\/p>\n","protected":false},"featured_media":332113,"comment_status":"open","ping_status":"closed","template":"","meta":{"_acf_changed":false,"_searchwp_excluded":""},"product_author":[],"product_collection":[10834],"product_topic":[],"product_brand":[],"product_cat":[8191],"product_tag":[],"class_list":{"0":"post-329409","1":"product","2":"type-product","3":"status-publish","4":"has-post-thumbnail","6":"product_collection-piadoso","7":"product_cat-libros","8":"product_shipping_class-media-mail-es","9":"pa_language-espanol","10":"entry","11":"has-media","13":"first","14":"instock","15":"sale","16":"taxable","17":"shipping-taxable","18":"purchasable","19":"product-type-simple"},"group_of_quantity":0,"min_quantity":0,"max_quantity":"","exclude_order_quantity_value_rules":"no","exclude_category_quantity_rules":"no","combine_variations":"no","acf":[],"yoast_head":"<!-- This site is optimized with the Yoast SEO Premium plugin v27.2 (Yoast SEO v27.2) - https:\/\/yoast.com\/product\/yoast-seo-premium-wordpress\/ -->\n<title>Jes\u00fas en Rojo - Living Waters<\/title>\n<meta name=\"description\" content=\"Jesus in Red is a devotional that each looks only at His words, and the reader is encouraged to further read them in context, as part of the devotional exercise.\" \/>\n<meta name=\"robots\" content=\"index, follow, max-snippet:-1, max-image-preview:large, max-video-preview:-1\" \/>\n<link rel=\"canonical\" href=\"https:\/\/livingwaters.com\/es\/tienda\/libros\/jesus-in-red-spanish\/\" \/>\n<meta property=\"og:locale\" content=\"es_ES\" \/>\n<meta property=\"og:type\" content=\"article\" \/>\n<meta property=\"og:title\" content=\"Jes\u00fas en Rojo\" \/>\n<meta property=\"og:description\" content=\"Jesus in Red is a devotional that each looks only at His words, and the reader is encouraged to further read them in context, as part of the devotional exercise.\" \/>\n<meta property=\"og:url\" content=\"https:\/\/livingwaters.com\/es\/tienda\/libros\/jesus-in-red-spanish\/\" \/>\n<meta property=\"og:site_name\" content=\"Living Waters\" \/>\n<meta property=\"article:publisher\" content=\"https:\/\/www.facebook.com\/lwwotm\/\" \/>\n<meta property=\"article:modified_time\" content=\"2026-04-02T23:52:03+00:00\" \/>\n<meta property=\"og:image\" content=\"https:\/\/livingwaters.com\/wp-content\/uploads\/2022\/01\/169es.jpg\" \/>\n\t<meta property=\"og:image:width\" content=\"700\" \/>\n\t<meta property=\"og:image:height\" content=\"700\" \/>\n\t<meta property=\"og:image:type\" content=\"image\/jpeg\" \/>\n<meta name=\"twitter:card\" content=\"summary_large_image\" \/>\n<meta name=\"twitter:site\" content=\"@LivingWatersPub\" \/>\n<meta name=\"twitter:label1\" content=\"Tiempo de lectura\" \/>\n\t<meta name=\"twitter:data1\" content=\"1 minuto\" \/>\n<script type=\"application\/ld+json\" class=\"yoast-schema-graph\">{\"@context\":\"https:\/\/schema.org\",\"@graph\":[{\"@type\":\"WebPage\",\"@id\":\"https:\/\/livingwaters.com\/es\/tienda\/libros\/jesus-in-red-spanish\/\",\"url\":\"https:\/\/livingwaters.com\/es\/tienda\/libros\/jesus-in-red-spanish\/\",\"name\":\"Jes\u00fas en Rojo - Living Waters\",\"isPartOf\":{\"@id\":\"https:\/\/livingwaters.com\/es\/#website\"},\"primaryImageOfPage\":{\"@id\":\"https:\/\/livingwaters.com\/es\/tienda\/libros\/jesus-in-red-spanish\/#primaryimage\"},\"image\":{\"@id\":\"https:\/\/livingwaters.com\/es\/tienda\/libros\/jesus-in-red-spanish\/#primaryimage\"},\"thumbnailUrl\":\"https:\/\/livingwaters.com\/wp-content\/uploads\/2022\/01\/169es.jpg\",\"datePublished\":\"2022-01-20T01:21:45+00:00\",\"dateModified\":\"2026-04-02T23:52:03+00:00\",\"description\":\"Jesus in Red is a devotional that each looks only at His words, and the reader is encouraged to further read them in context, as part of the devotional exercise.\",\"breadcrumb\":{\"@id\":\"https:\/\/livingwaters.com\/es\/tienda\/libros\/jesus-in-red-spanish\/#breadcrumb\"},\"inLanguage\":\"es\",\"potentialAction\":[{\"@type\":\"ReadAction\",\"target\":[\"https:\/\/livingwaters.com\/es\/tienda\/libros\/jesus-in-red-spanish\/\"]}]},{\"@type\":\"ImageObject\",\"inLanguage\":\"es\",\"@id\":\"https:\/\/livingwaters.com\/es\/tienda\/libros\/jesus-in-red-spanish\/#primaryimage\",\"url\":\"https:\/\/livingwaters.com\/wp-content\/uploads\/2022\/01\/169es.jpg\",\"contentUrl\":\"https:\/\/livingwaters.com\/wp-content\/uploads\/2022\/01\/169es.jpg\",\"width\":700,\"height\":700},{\"@type\":\"BreadcrumbList\",\"@id\":\"https:\/\/livingwaters.com\/es\/tienda\/libros\/jesus-in-red-spanish\/#breadcrumb\",\"itemListElement\":[{\"@type\":\"ListItem\",\"position\":1,\"name\":\"Home\",\"item\":\"https:\/\/livingwaters.com\/es\/\"},{\"@type\":\"ListItem\",\"position\":2,\"name\":\"Productos\",\"item\":\"https:\/\/livingwaters.com\/es\/shop\/\"},{\"@type\":\"ListItem\",\"position\":3,\"name\":\"Libros\",\"item\":\"https:\/\/livingwaters.com\/es\/categoria-producto\/libros\/\"},{\"@type\":\"ListItem\",\"position\":4,\"name\":\"Jes\u00fas en Rojo\"}]},{\"@type\":\"WebSite\",\"@id\":\"https:\/\/livingwaters.com\/es\/#website\",\"url\":\"https:\/\/livingwaters.com\/es\/\",\"name\":\"Living Waters\",\"description\":\"Inspiring. Equipping. Fulfilling.\",\"publisher\":{\"@id\":\"https:\/\/livingwaters.com\/es\/#organization\"},\"potentialAction\":[{\"@type\":\"SearchAction\",\"target\":{\"@type\":\"EntryPoint\",\"urlTemplate\":\"https:\/\/livingwaters.com\/es\/?s={search_term_string}\"},\"query-input\":{\"@type\":\"PropertyValueSpecification\",\"valueRequired\":true,\"valueName\":\"search_term_string\"}}],\"inLanguage\":\"es\"},{\"@type\":\"Organization\",\"@id\":\"https:\/\/livingwaters.com\/es\/#organization\",\"name\":\"Living Waters\",\"url\":\"https:\/\/livingwaters.com\/es\/\",\"logo\":{\"@type\":\"ImageObject\",\"inLanguage\":\"es\",\"@id\":\"https:\/\/livingwaters.com\/es\/#\/schema\/logo\/image\/\",\"url\":\"https:\/\/livingwaters.com\/wp-content\/uploads\/2017\/12\/logo-blue.png\",\"contentUrl\":\"https:\/\/livingwaters.com\/wp-content\/uploads\/2017\/12\/logo-blue.png\",\"width\":152,\"height\":42,\"caption\":\"Living Waters\"},\"image\":{\"@id\":\"https:\/\/livingwaters.com\/es\/#\/schema\/logo\/image\/\"},\"sameAs\":[\"https:\/\/www.facebook.com\/lwwotm\/\",\"https:\/\/x.com\/LivingWatersPub\",\"https:\/\/www.instagram.com\/livingwatersofficial\/\",\"https:\/\/www.youtube.com\/thewayofthemaster\"]}]}<\/script>\n<!-- \/ Yoast SEO Premium plugin. -->","yoast_head_json":{"title":"Jes\u00fas en Rojo - Living Waters","description":"Jesus in Red is a devotional that each looks only at His words, and the reader is encouraged to further read them in context, as part of the devotional exercise.","robots":{"index":"index","follow":"follow","max-snippet":"max-snippet:-1","max-image-preview":"max-image-preview:large","max-video-preview":"max-video-preview:-1"},"canonical":"https:\/\/livingwaters.com\/es\/tienda\/libros\/jesus-in-red-spanish\/","og_locale":"es_ES","og_type":"article","og_title":"Jes\u00fas en Rojo","og_description":"Jesus in Red is a devotional that each looks only at His words, and the reader is encouraged to further read them in context, as part of the devotional exercise.","og_url":"https:\/\/livingwaters.com\/es\/tienda\/libros\/jesus-in-red-spanish\/","og_site_name":"Living Waters","article_publisher":"https:\/\/www.facebook.com\/lwwotm\/","article_modified_time":"2026-04-02T23:52:03+00:00","og_image":[{"width":700,"height":700,"url":"https:\/\/livingwaters.com\/wp-content\/uploads\/2022\/01\/169es.jpg","type":"image\/jpeg"}],"twitter_card":"summary_large_image","twitter_site":"@LivingWatersPub","twitter_misc":{"Tiempo de lectura":"1 minuto"},"schema":{"@context":"https:\/\/schema.org","@graph":[{"@type":"WebPage","@id":"https:\/\/livingwaters.com\/es\/tienda\/libros\/jesus-in-red-spanish\/","url":"https:\/\/livingwaters.com\/es\/tienda\/libros\/jesus-in-red-spanish\/","name":"Jes\u00fas en Rojo - Living Waters","isPartOf":{"@id":"https:\/\/livingwaters.com\/es\/#website"},"primaryImageOfPage":{"@id":"https:\/\/livingwaters.com\/es\/tienda\/libros\/jesus-in-red-spanish\/#primaryimage"},"image":{"@id":"https:\/\/livingwaters.com\/es\/tienda\/libros\/jesus-in-red-spanish\/#primaryimage"},"thumbnailUrl":"https:\/\/livingwaters.com\/wp-content\/uploads\/2022\/01\/169es.jpg","datePublished":"2022-01-20T01:21:45+00:00","dateModified":"2026-04-02T23:52:03+00:00","description":"Jesus in Red is a devotional that each looks only at His words, and the reader is encouraged to further read them in context, as part of the devotional exercise.","breadcrumb":{"@id":"https:\/\/livingwaters.com\/es\/tienda\/libros\/jesus-in-red-spanish\/#breadcrumb"},"inLanguage":"es","potentialAction":[{"@type":"ReadAction","target":["https:\/\/livingwaters.com\/es\/tienda\/libros\/jesus-in-red-spanish\/"]}]},{"@type":"ImageObject","inLanguage":"es","@id":"https:\/\/livingwaters.com\/es\/tienda\/libros\/jesus-in-red-spanish\/#primaryimage","url":"https:\/\/livingwaters.com\/wp-content\/uploads\/2022\/01\/169es.jpg","contentUrl":"https:\/\/livingwaters.com\/wp-content\/uploads\/2022\/01\/169es.jpg","width":700,"height":700},{"@type":"BreadcrumbList","@id":"https:\/\/livingwaters.com\/es\/tienda\/libros\/jesus-in-red-spanish\/#breadcrumb","itemListElement":[{"@type":"ListItem","position":1,"name":"Home","item":"https:\/\/livingwaters.com\/es\/"},{"@type":"ListItem","position":2,"name":"Productos","item":"https:\/\/livingwaters.com\/es\/shop\/"},{"@type":"ListItem","position":3,"name":"Libros","item":"https:\/\/livingwaters.com\/es\/categoria-producto\/libros\/"},{"@type":"ListItem","position":4,"name":"Jes\u00fas en Rojo"}]},{"@type":"WebSite","@id":"https:\/\/livingwaters.com\/es\/#website","url":"https:\/\/livingwaters.com\/es\/","name":"Living Waters","description":"Inspiring. Equipping. Fulfilling.","publisher":{"@id":"https:\/\/livingwaters.com\/es\/#organization"},"potentialAction":[{"@type":"SearchAction","target":{"@type":"EntryPoint","urlTemplate":"https:\/\/livingwaters.com\/es\/?s={search_term_string}"},"query-input":{"@type":"PropertyValueSpecification","valueRequired":true,"valueName":"search_term_string"}}],"inLanguage":"es"},{"@type":"Organization","@id":"https:\/\/livingwaters.com\/es\/#organization","name":"Living Waters","url":"https:\/\/livingwaters.com\/es\/","logo":{"@type":"ImageObject","inLanguage":"es","@id":"https:\/\/livingwaters.com\/es\/#\/schema\/logo\/image\/","url":"https:\/\/livingwaters.com\/wp-content\/uploads\/2017\/12\/logo-blue.png","contentUrl":"https:\/\/livingwaters.com\/wp-content\/uploads\/2017\/12\/logo-blue.png","width":152,"height":42,"caption":"Living Waters"},"image":{"@id":"https:\/\/livingwaters.com\/es\/#\/schema\/logo\/image\/"},"sameAs":["https:\/\/www.facebook.com\/lwwotm\/","https:\/\/x.com\/LivingWatersPub","https:\/\/www.instagram.com\/livingwatersofficial\/","https:\/\/www.youtube.com\/thewayofthemaster"]}]}},"_links":{"self":[{"href":"https:\/\/livingwaters.com\/es\/wp-json\/wp\/v2\/product\/329409","targetHints":{"allow":["GET"]}}],"collection":[{"href":"https:\/\/livingwaters.com\/es\/wp-json\/wp\/v2\/product"}],"about":[{"href":"https:\/\/livingwaters.com\/es\/wp-json\/wp\/v2\/types\/product"}],"replies":[{"embeddable":true,"href":"https:\/\/livingwaters.com\/es\/wp-json\/wp\/v2\/comments?post=329409"}],"wp:featuredmedia":[{"embeddable":true,"href":"https:\/\/livingwaters.com\/es\/wp-json\/wp\/v2\/media\/332113"}],"wp:attachment":[{"href":"https:\/\/livingwaters.com\/es\/wp-json\/wp\/v2\/media?parent=329409"}],"wp:term":[{"taxonomy":"product_author","embeddable":true,"href":"https:\/\/livingwaters.com\/es\/wp-json\/wp\/v2\/product_author?post=329409"},{"taxonomy":"product_collection","embeddable":true,"href":"https:\/\/livingwaters.com\/es\/wp-json\/wp\/v2\/product_collection?post=329409"},{"taxonomy":"product_topic","embeddable":true,"href":"https:\/\/livingwaters.com\/es\/wp-json\/wp\/v2\/product_topic?post=329409"},{"taxonomy":"product_brand","embeddable":true,"href":"https:\/\/livingwaters.com\/es\/wp-json\/wp\/v2\/product_brand?post=329409"},{"taxonomy":"product_cat","embeddable":true,"href":"https:\/\/livingwaters.com\/es\/wp-json\/wp\/v2\/product_cat?post=329409"},{"taxonomy":"product_tag","embeddable":true,"href":"https:\/\/livingwaters.com\/es\/wp-json\/wp\/v2\/product_tag?post=329409"}],"curies":[{"name":"wp","href":"https:\/\/api.w.org\/{rel}","templated":true}]}}