{"id":353373,"date":"2020-11-22T01:08:50","date_gmt":"2020-11-22T09:08:50","guid":{"rendered":"https:\/\/livingwaters.com\/?post_type=product&#038;p=353373"},"modified":"2026-03-20T10:35:42","modified_gmt":"2026-03-20T17:35:42","slug":"en-esto-pensad","status":"publish","type":"product","link":"https:\/\/livingwaters.com\/es\/tienda\/libros\/en-esto-pensad\/","title":{"rendered":"En Esto Pensad"},"content":{"rendered":"<p><b>Imitaci\u00f3n de cuero | 384 p\u00e1ginas | Ray Comfort<\/b><\/p>\n<p>El libro de Proverbios es un tesoro de consejo tan relevante hoy como lo fue cuando fue escrito.<\/p>\n<p>En &#8220;En Esto Pensad: Sabidur\u00eda para la vida de Proverbios&#8221;, el autor nos alienta para aprovechar estos consejos y utilizarlos para cambiar nuestra vida, siempre viviendo con los valores a la luz de la eternidad.<\/p>\n<p>Cada devoci\u00f3n diaria incluye:\u2028- Un proverbio para el d\u00eda\u2028- Una pregunta que insta a los lectores a reflexionar y aplicar el principio b\u00edblico a su propia vida\u2028- Recordatorios continuos de que debemos vivir con la eternidad en mente.<\/p>\n<p>T\u00f3mate de la sabidur\u00eda de Dios provista para nosotros, mientras cultivas un coraz\u00f3n para alcanzar a quienes no conozcan a Cristo como su salvador.<\/p>\n","protected":false},"excerpt":{"rendered":"<p>Las campanas de alarma deben saltar cuando vemos el rojo de la sangre, o las se\u00f1ales de alto rojas, los camiones de bomberos rojos, etc. Y si algo debe hacer saltar una alarma, son las palabras de Jes\u00fas. Sin embargo, tener Sus palabras en rojo no es nada nuevo. Lo nuevo de este devocional es que el devocional de cada d\u00eda considera \u00fanicamente Sus palabras, y se anima al lector a seguir leyendo en contexto, como parte del ejercicio devocional.<\/p>\n","protected":false},"featured_media":353383,"comment_status":"open","ping_status":"closed","template":"","meta":{"_acf_changed":false,"_searchwp_excluded":""},"product_author":[],"product_collection":[10834],"product_topic":[],"product_brand":[],"product_cat":[8191],"product_tag":[],"class_list":{"0":"post-353373","1":"product","2":"type-product","3":"status-publish","4":"has-post-thumbnail","6":"product_collection-piadoso","7":"product_cat-libros","8":"product_shipping_class-media-mail-es","9":"pa_language-espanol","10":"entry","11":"has-media","13":"first","14":"instock","15":"sale","16":"taxable","17":"shipping-taxable","18":"purchasable","19":"product-type-simple"},"group_of_quantity":0,"min_quantity":0,"max_quantity":"","exclude_order_quantity_value_rules":"no","exclude_category_quantity_rules":"no","combine_variations":"no","acf":[],"yoast_head":"<!-- This site is optimized with the Yoast SEO Premium plugin v27.2 (Yoast SEO v27.2) - https:\/\/yoast.com\/product\/yoast-seo-premium-wordpress\/ -->\n<title>En Esto Pensad - Living Waters<\/title>\n<meta name=\"description\" content=\"Jesus in Red is a devotional that each looks only at His words, and the reader is encouraged to further read them in context, as part of the devotional exercise.\" \/>\n<meta name=\"robots\" content=\"index, follow, max-snippet:-1, max-image-preview:large, max-video-preview:-1\" \/>\n<link rel=\"canonical\" href=\"https:\/\/livingwaters.com\/es\/tienda\/libros\/en-esto-pensad\/\" \/>\n<meta property=\"og:locale\" content=\"es_ES\" \/>\n<meta property=\"og:type\" content=\"article\" \/>\n<meta property=\"og:title\" content=\"En Esto Pensad\" \/>\n<meta property=\"og:description\" content=\"Jesus in Red is a devotional that each looks only at His words, and the reader is encouraged to further read them in context, as part of the devotional exercise.\" \/>\n<meta property=\"og:url\" content=\"https:\/\/livingwaters.com\/es\/tienda\/libros\/en-esto-pensad\/\" \/>\n<meta property=\"og:site_name\" content=\"Living Waters\" \/>\n<meta property=\"article:publisher\" content=\"https:\/\/www.facebook.com\/lwwotm\/\" \/>\n<meta property=\"article:modified_time\" content=\"2026-03-20T17:35:42+00:00\" \/>\n<meta property=\"og:image\" content=\"https:\/\/livingwaters.com\/wp-content\/uploads\/2023\/03\/store_book_En-Esto-Pensadcover.jpg\" \/>\n\t<meta property=\"og:image:width\" content=\"700\" \/>\n\t<meta property=\"og:image:height\" content=\"700\" \/>\n\t<meta property=\"og:image:type\" content=\"image\/jpeg\" \/>\n<meta name=\"twitter:card\" content=\"summary_large_image\" \/>\n<meta name=\"twitter:site\" content=\"@LivingWatersPub\" \/>\n<meta name=\"twitter:label1\" content=\"Tiempo de lectura\" \/>\n\t<meta name=\"twitter:data1\" content=\"1 minuto\" \/>\n<script type=\"application\/ld+json\" class=\"yoast-schema-graph\">{\"@context\":\"https:\/\/schema.org\",\"@graph\":[{\"@type\":\"WebPage\",\"@id\":\"https:\/\/livingwaters.com\/es\/tienda\/libros\/en-esto-pensad\/\",\"url\":\"https:\/\/livingwaters.com\/es\/tienda\/libros\/en-esto-pensad\/\",\"name\":\"En Esto Pensad - Living Waters\",\"isPartOf\":{\"@id\":\"https:\/\/livingwaters.com\/es\/#website\"},\"primaryImageOfPage\":{\"@id\":\"https:\/\/livingwaters.com\/es\/tienda\/libros\/en-esto-pensad\/#primaryimage\"},\"image\":{\"@id\":\"https:\/\/livingwaters.com\/es\/tienda\/libros\/en-esto-pensad\/#primaryimage\"},\"thumbnailUrl\":\"https:\/\/livingwaters.com\/wp-content\/uploads\/2023\/03\/store_book_En-Esto-Pensadcover.jpg\",\"datePublished\":\"2020-11-22T09:08:50+00:00\",\"dateModified\":\"2026-03-20T17:35:42+00:00\",\"description\":\"Jesus in Red is a devotional that each looks only at His words, and the reader is encouraged to further read them in context, as part of the devotional exercise.\",\"breadcrumb\":{\"@id\":\"https:\/\/livingwaters.com\/es\/tienda\/libros\/en-esto-pensad\/#breadcrumb\"},\"inLanguage\":\"es\",\"potentialAction\":[{\"@type\":\"ReadAction\",\"target\":[\"https:\/\/livingwaters.com\/es\/tienda\/libros\/en-esto-pensad\/\"]}]},{\"@type\":\"ImageObject\",\"inLanguage\":\"es\",\"@id\":\"https:\/\/livingwaters.com\/es\/tienda\/libros\/en-esto-pensad\/#primaryimage\",\"url\":\"https:\/\/livingwaters.com\/wp-content\/uploads\/2023\/03\/store_book_En-Esto-Pensadcover.jpg\",\"contentUrl\":\"https:\/\/livingwaters.com\/wp-content\/uploads\/2023\/03\/store_book_En-Esto-Pensadcover.jpg\",\"width\":700,\"height\":700},{\"@type\":\"BreadcrumbList\",\"@id\":\"https:\/\/livingwaters.com\/es\/tienda\/libros\/en-esto-pensad\/#breadcrumb\",\"itemListElement\":[{\"@type\":\"ListItem\",\"position\":1,\"name\":\"Home\",\"item\":\"https:\/\/livingwaters.com\/es\/\"},{\"@type\":\"ListItem\",\"position\":2,\"name\":\"Productos\",\"item\":\"https:\/\/livingwaters.com\/es\/shop\/\"},{\"@type\":\"ListItem\",\"position\":3,\"name\":\"Libros\",\"item\":\"https:\/\/livingwaters.com\/es\/categoria-producto\/libros\/\"},{\"@type\":\"ListItem\",\"position\":4,\"name\":\"En Esto Pensad\"}]},{\"@type\":\"WebSite\",\"@id\":\"https:\/\/livingwaters.com\/es\/#website\",\"url\":\"https:\/\/livingwaters.com\/es\/\",\"name\":\"Living Waters\",\"description\":\"Inspiring. Equipping. Fulfilling.\",\"publisher\":{\"@id\":\"https:\/\/livingwaters.com\/es\/#organization\"},\"potentialAction\":[{\"@type\":\"SearchAction\",\"target\":{\"@type\":\"EntryPoint\",\"urlTemplate\":\"https:\/\/livingwaters.com\/es\/?s={search_term_string}\"},\"query-input\":{\"@type\":\"PropertyValueSpecification\",\"valueRequired\":true,\"valueName\":\"search_term_string\"}}],\"inLanguage\":\"es\"},{\"@type\":\"Organization\",\"@id\":\"https:\/\/livingwaters.com\/es\/#organization\",\"name\":\"Living Waters\",\"url\":\"https:\/\/livingwaters.com\/es\/\",\"logo\":{\"@type\":\"ImageObject\",\"inLanguage\":\"es\",\"@id\":\"https:\/\/livingwaters.com\/es\/#\/schema\/logo\/image\/\",\"url\":\"https:\/\/livingwaters.com\/wp-content\/uploads\/2017\/12\/logo-blue.png\",\"contentUrl\":\"https:\/\/livingwaters.com\/wp-content\/uploads\/2017\/12\/logo-blue.png\",\"width\":152,\"height\":42,\"caption\":\"Living Waters\"},\"image\":{\"@id\":\"https:\/\/livingwaters.com\/es\/#\/schema\/logo\/image\/\"},\"sameAs\":[\"https:\/\/www.facebook.com\/lwwotm\/\",\"https:\/\/x.com\/LivingWatersPub\",\"https:\/\/www.instagram.com\/livingwatersofficial\/\",\"https:\/\/www.youtube.com\/thewayofthemaster\"]}]}<\/script>\n<!-- \/ Yoast SEO Premium plugin. -->","yoast_head_json":{"title":"En Esto Pensad - Living Waters","description":"Jesus in Red is a devotional that each looks only at His words, and the reader is encouraged to further read them in context, as part of the devotional exercise.","robots":{"index":"index","follow":"follow","max-snippet":"max-snippet:-1","max-image-preview":"max-image-preview:large","max-video-preview":"max-video-preview:-1"},"canonical":"https:\/\/livingwaters.com\/es\/tienda\/libros\/en-esto-pensad\/","og_locale":"es_ES","og_type":"article","og_title":"En Esto Pensad","og_description":"Jesus in Red is a devotional that each looks only at His words, and the reader is encouraged to further read them in context, as part of the devotional exercise.","og_url":"https:\/\/livingwaters.com\/es\/tienda\/libros\/en-esto-pensad\/","og_site_name":"Living Waters","article_publisher":"https:\/\/www.facebook.com\/lwwotm\/","article_modified_time":"2026-03-20T17:35:42+00:00","og_image":[{"width":700,"height":700,"url":"https:\/\/livingwaters.com\/wp-content\/uploads\/2023\/03\/store_book_En-Esto-Pensadcover.jpg","type":"image\/jpeg"}],"twitter_card":"summary_large_image","twitter_site":"@LivingWatersPub","twitter_misc":{"Tiempo de lectura":"1 minuto"},"schema":{"@context":"https:\/\/schema.org","@graph":[{"@type":"WebPage","@id":"https:\/\/livingwaters.com\/es\/tienda\/libros\/en-esto-pensad\/","url":"https:\/\/livingwaters.com\/es\/tienda\/libros\/en-esto-pensad\/","name":"En Esto Pensad - Living Waters","isPartOf":{"@id":"https:\/\/livingwaters.com\/es\/#website"},"primaryImageOfPage":{"@id":"https:\/\/livingwaters.com\/es\/tienda\/libros\/en-esto-pensad\/#primaryimage"},"image":{"@id":"https:\/\/livingwaters.com\/es\/tienda\/libros\/en-esto-pensad\/#primaryimage"},"thumbnailUrl":"https:\/\/livingwaters.com\/wp-content\/uploads\/2023\/03\/store_book_En-Esto-Pensadcover.jpg","datePublished":"2020-11-22T09:08:50+00:00","dateModified":"2026-03-20T17:35:42+00:00","description":"Jesus in Red is a devotional that each looks only at His words, and the reader is encouraged to further read them in context, as part of the devotional exercise.","breadcrumb":{"@id":"https:\/\/livingwaters.com\/es\/tienda\/libros\/en-esto-pensad\/#breadcrumb"},"inLanguage":"es","potentialAction":[{"@type":"ReadAction","target":["https:\/\/livingwaters.com\/es\/tienda\/libros\/en-esto-pensad\/"]}]},{"@type":"ImageObject","inLanguage":"es","@id":"https:\/\/livingwaters.com\/es\/tienda\/libros\/en-esto-pensad\/#primaryimage","url":"https:\/\/livingwaters.com\/wp-content\/uploads\/2023\/03\/store_book_En-Esto-Pensadcover.jpg","contentUrl":"https:\/\/livingwaters.com\/wp-content\/uploads\/2023\/03\/store_book_En-Esto-Pensadcover.jpg","width":700,"height":700},{"@type":"BreadcrumbList","@id":"https:\/\/livingwaters.com\/es\/tienda\/libros\/en-esto-pensad\/#breadcrumb","itemListElement":[{"@type":"ListItem","position":1,"name":"Home","item":"https:\/\/livingwaters.com\/es\/"},{"@type":"ListItem","position":2,"name":"Productos","item":"https:\/\/livingwaters.com\/es\/shop\/"},{"@type":"ListItem","position":3,"name":"Libros","item":"https:\/\/livingwaters.com\/es\/categoria-producto\/libros\/"},{"@type":"ListItem","position":4,"name":"En Esto Pensad"}]},{"@type":"WebSite","@id":"https:\/\/livingwaters.com\/es\/#website","url":"https:\/\/livingwaters.com\/es\/","name":"Living Waters","description":"Inspiring. Equipping. Fulfilling.","publisher":{"@id":"https:\/\/livingwaters.com\/es\/#organization"},"potentialAction":[{"@type":"SearchAction","target":{"@type":"EntryPoint","urlTemplate":"https:\/\/livingwaters.com\/es\/?s={search_term_string}"},"query-input":{"@type":"PropertyValueSpecification","valueRequired":true,"valueName":"search_term_string"}}],"inLanguage":"es"},{"@type":"Organization","@id":"https:\/\/livingwaters.com\/es\/#organization","name":"Living Waters","url":"https:\/\/livingwaters.com\/es\/","logo":{"@type":"ImageObject","inLanguage":"es","@id":"https:\/\/livingwaters.com\/es\/#\/schema\/logo\/image\/","url":"https:\/\/livingwaters.com\/wp-content\/uploads\/2017\/12\/logo-blue.png","contentUrl":"https:\/\/livingwaters.com\/wp-content\/uploads\/2017\/12\/logo-blue.png","width":152,"height":42,"caption":"Living Waters"},"image":{"@id":"https:\/\/livingwaters.com\/es\/#\/schema\/logo\/image\/"},"sameAs":["https:\/\/www.facebook.com\/lwwotm\/","https:\/\/x.com\/LivingWatersPub","https:\/\/www.instagram.com\/livingwatersofficial\/","https:\/\/www.youtube.com\/thewayofthemaster"]}]}},"_links":{"self":[{"href":"https:\/\/livingwaters.com\/es\/wp-json\/wp\/v2\/product\/353373","targetHints":{"allow":["GET"]}}],"collection":[{"href":"https:\/\/livingwaters.com\/es\/wp-json\/wp\/v2\/product"}],"about":[{"href":"https:\/\/livingwaters.com\/es\/wp-json\/wp\/v2\/types\/product"}],"replies":[{"embeddable":true,"href":"https:\/\/livingwaters.com\/es\/wp-json\/wp\/v2\/comments?post=353373"}],"wp:featuredmedia":[{"embeddable":true,"href":"https:\/\/livingwaters.com\/es\/wp-json\/wp\/v2\/media\/353383"}],"wp:attachment":[{"href":"https:\/\/livingwaters.com\/es\/wp-json\/wp\/v2\/media?parent=353373"}],"wp:term":[{"taxonomy":"product_author","embeddable":true,"href":"https:\/\/livingwaters.com\/es\/wp-json\/wp\/v2\/product_author?post=353373"},{"taxonomy":"product_collection","embeddable":true,"href":"https:\/\/livingwaters.com\/es\/wp-json\/wp\/v2\/product_collection?post=353373"},{"taxonomy":"product_topic","embeddable":true,"href":"https:\/\/livingwaters.com\/es\/wp-json\/wp\/v2\/product_topic?post=353373"},{"taxonomy":"product_brand","embeddable":true,"href":"https:\/\/livingwaters.com\/es\/wp-json\/wp\/v2\/product_brand?post=353373"},{"taxonomy":"product_cat","embeddable":true,"href":"https:\/\/livingwaters.com\/es\/wp-json\/wp\/v2\/product_cat?post=353373"},{"taxonomy":"product_tag","embeddable":true,"href":"https:\/\/livingwaters.com\/es\/wp-json\/wp\/v2\/product_tag?post=353373"}],"curies":[{"name":"wp","href":"https:\/\/api.w.org\/{rel}","templated":true}]}}