{"id":355346,"date":"2019-02-05T09:49:04","date_gmt":"2019-02-05T17:49:04","guid":{"rendered":"https:\/\/livingwaters.com\/store\/sin%20categor\u00eda\/la-fe-es-para-la-gente-debil-tratado\/"},"modified":"2026-04-02T16:57:14","modified_gmt":"2026-04-02T23:57:14","slug":"la-fe-es-para-la-gente-debil-tratado","status":"publish","type":"product","link":"https:\/\/livingwaters.com\/es\/tienda\/otros-idiomas\/espanol\/la-fe-es-para-la-gente-debil-tratado\/","title":{"rendered":"La Fe es para la Gente D\u00e9bil (Tratado)"},"content":{"rendered":"<p>1. LA RELIGI\u00d3N CAUSA LA MAYOR\u00cdA DE LAS GUERRAS.<br \/>\nEl comediante George Carlin dijo una vez: &#8220;M\u00e1s personas han sido asesinadas en el nombre de Dios que por cualquier otra raz\u00f3n.&#8221; Pero seg\u00fan Encyclopedia of Wars, en las 1,763 guerras hasta 2004, solo el 7 por ciento eran religiosos. En otras palabras, el 93 por ciento de todas las guerras no fueron causadas por la religi\u00f3n. Eran de naturaleza secular, como la Primera y la Segunda Guerra Mundial, y las Guerras de Corea y Vietnam.<\/p>\n<p>2. EL SUFRIMIENTO PRUEBA QUE NO HAY DIOS.<br \/>\nImagina que est\u00e1s volando en un avi\u00f3n de \u00faltima generaci\u00f3n y est\u00e1s pensando que su fabricante hizo un trabajo maravilloso. De repente cae mil pies, hiriendo o matando a varios de los pasajeros. Cuando miras a los heridos, ves la sangre y escuchas los gemidos, \u00bfconcluyes que nadie hizo el avi\u00f3n? Por supuesto que no. La conclusi\u00f3n l\u00f3gica es que algo sali\u00f3 terriblemente mal en el avi\u00f3n. Para aquellos que creen en la Biblia, cada incidente de sufrimiento humano y muerte es el resultado tr\u00e1gico de vivir en la creaci\u00f3n ca\u00edda detallada en el primer libro de la Biblia. El sufrimiento, en cambio, se erige como testimonio de que la Palabra de Dios es verdadera.<\/p>\n<p>3. NO HAY EVIDENCIA DE DIOS.<br \/>\nCada edificio es evidencia de un constructor. Incluso si lleva 100 a\u00f1os muerto y no hay documentaci\u00f3n, sabes que hubo un constructor porque es imposible que un edificio se haya construido solo. La creaci\u00f3n (naturaleza) es evidencia del Creador. Es imposible que la naturaleza se haya hecho a s\u00ed misma o sea eterna. Aquellos que no creen en Dios por defecto creen que nada cre\u00f3 todo, lo cual es cient\u00edficamente rid\u00edculo.<\/p>\n<p>4. LA IGLESIA EST\u00c1 LLENA DE HIP\u00d3CRITAS.<br \/>\nEso es cierto; son pretendientes, no cristianos genuinos. La Biblia habla a menudo de falsos convertidos sentados junto a aquellos que son genuinos en su fe (las cabras entre las ovejas, la ciza\u00f1a entre el trigo, los peces malos entre los peces buenos, etc.), y nos asegura que Dios los separar\u00e1 en el D\u00eda del Juicio. . \u00bfPor qu\u00e9 dejas que los pretendientes te mantengan fuera del Cielo?<\/p>\n<p>5. LA FE ES PARA LOS D\u00c9BILES.<br \/>\nTenemos fe cuando confiamos en los pilotos para que nos lleven, en los m\u00e9dicos para que nos traten y en los cirujanos para que nos operen. Confiamos en los ascensores cuando nos subimos a ellos, as\u00ed como en los libros de historia, los cient\u00edficos, los banqueros y los sem\u00e1foros. Cuando la Biblia habla de &#8220;fe&#8221; en Dios, no est\u00e1 hablando de una creencia ciega de que \u00c9l existe; lo sabemos como un hecho debido a la creaci\u00f3n. Est\u00e1 hablando m\u00e1s bien de confiar en Su integridad, y especialmente en Su promesa de vida eterna.<\/p>\n<p>6. DIOS NO CREAR\u00cdA EL INFIERNO.<br \/>\n\u00bfDebe castigar a un asesino en masa como Adolf Hitler? Por supuesto que deber\u00eda. Si es bueno, debe asegurarse de que se haga justicia. El infierno es la prisi\u00f3n de Dios, donde aquellos que han hecho el mal obtendr\u00e1n exactamente lo que se merecen.<\/p>\n<p>7. DIOS NO ME MANDAR\u00c1 AL INFIERNO POR NO CREER ALGO.<br \/>\nLas creencias son importantes, ya que gobiernan nuestras acciones en la vida. Si cree que hay una mina terrestre frente a usted, la rodear\u00e1. Si no crees, lo pisar\u00e1s. Si creemos en la advertencia de la Biblia, que hemos pecado contra un Dios santo, entonces veremos nuestra necesidad de confiar en el Salvador. Si no creemos en el testimonio de las Escrituras, ignoraremos Su oferta de misericordia y tendremos que enfrentar Su ira, ya sea que creamos en ella o no. Y la Biblia advierte: &#8220;Horrenda cosa es caer en manos del Dios vivo&#8221;.<\/p>\n<p>8. NO HAY PRUEBA DE QUE JES\u00daS EXISTIERA.<br \/>\nMateo, Marcos, Lucas y Juan, as\u00ed como los ap\u00f3stoles Pedro y Pablo, dan evidencia hist\u00f3rica detallada de la vida terrenal de Jes\u00fas (desde el nacimiento hasta la muerte). Estos relatos, por aquellos que lo conocieron, fueron escritos pocos a\u00f1os despu\u00e9s de Su muerte. Aparte de la Biblia, hay documentaci\u00f3n de los historiadores seculares Josefo (37-100 d. C.) y T\u00e1cito (c. 56-120 d. C.), el Talmud de Babilonia y otras fuentes. Con m\u00e1s de dos docenas de fuentes cristianas y seculares en las que confiar, ning\u00fan historiador de renombre afirma que Jes\u00fas de Nazaret no fue una persona hist\u00f3rica real.<\/p>\n<p>9. HAY ATROCIDADES EN LA BIBLIA.<br \/>\nLa Biblia se lee como una pel\u00edcula violenta para adultos, con incidentes de genocidio, violaci\u00f3n, fornicaci\u00f3n, adulterio, incesto, asesinato, secuestro, decapitaciones, odio, mentira, blasfemia, orgullo, codicia y muchas otras atrocidades y vicios. Las Escrituras no ocultan la maldad de la humanidad. Lo exponen y advierten que se acerca el D\u00eda en que Dios juzgar\u00e1 al mundo con justicia.<\/p>\n<p>10. SOY FELIZ COMO SOY Y NO TENGO NECESIDAD DE DIOS.<br \/>\nEsta es quiz\u00e1s la verdadera raz\u00f3n por la que no quieres confiar en Jes\u00fas. El problema tiene poco que ver con las preguntas anteriores, y todo tiene que ver con el hecho de que eres feliz siguiendo tu propio camino, lo que significa que puedes disfrutar de la pornograf\u00eda, la fornicaci\u00f3n y otros pecados placenteros. Ser\u00eda m\u00e1s f\u00e1cil hacer que un perro hambriento suelte un bistec tierno que que t\u00fa dejes tus amados pecados&#8230; a menos que puedas estar convencido de que est\u00e1s en un peligro terrible. D\u00e9jame tratar de convencerte de ese peligro. \u00bfSab\u00edas que la Biblia llama a la muerte &#8220;salario&#8221;? Dice: &#8220;La paga del pecado es muerte&#8221;. Un buen juez sentenciar\u00e1 a muerte a un atroz asesino si cree que eso es lo que se gan\u00f3. La muerte es el salario que el criminal merec\u00eda. Veamos si te has ganado tu salario. \u00bfCu\u00e1ntas mentiras has dicho en tu vida? \u00bfAlguna vez has robado algo o has usado el nombre de Dios en vano? Jes\u00fas dijo: &#8220;Cualquiera que mira a una mujer para codiciarla, ya adulter\u00f3 con ella en su coraz\u00f3n&#8221;. Si has hecho estas cosas, Dios te ve como un ad\u00faltero mentiroso, ladr\u00f3n y blasfemo de coraz\u00f3n, y la Biblia advierte que el infierno te espera. Pero Dios no quiere que ninguno perezca. Los pecadores quebrantaron la Ley de Dios y Jes\u00fas pag\u00f3 su multa muriendo en la cruz: &#8220;Tanto am\u00f3 Dios al mundo que ha dado a su Hijo unig\u00e9nito, para que todo el que cree en \u00e9l no se pierda, sino que tenga vida eterna&#8221;. Entonces Jes\u00fas resucit\u00f3 de entre los muertos y fue visto por cientos; no es un cuento de hadas. Jes\u00fas cumpli\u00f3 todas las numerosas profec\u00edas de la Biblia sobre la venida de un Salvador, escritas siglos antes de Su nacimiento. Hoy, arrepi\u00e9ntete y conf\u00eda en Jes\u00fas, y Dios te perdonar\u00e1 libremente. Luego muestre su gratitud: lea la Biblia todos los d\u00edas, \u00fanase a una iglesia cristiana y baut\u00edcese. \u00bfPreguntas? NeedGod.com.<\/p>\n","protected":false},"excerpt":{"rendered":"<p>Este profundo tratado evang\u00e9lico aborda r\u00e1pidamente diez de las principales objeciones al cristianismo.<\/p>\n","protected":false},"featured_media":209713,"comment_status":"open","ping_status":"closed","template":"","meta":{"_acf_changed":false,"_searchwp_excluded":""},"product_author":[],"product_collection":[10817],"product_topic":[10788],"product_brand":[],"product_cat":[10845,8193],"product_tag":[11069],"class_list":{"0":"post-355346","1":"product","2":"type-product","3":"status-publish","4":"has-post-thumbnail","6":"product_collection-en-profundidad","7":"product_topic-apologetica","8":"product_cat-espanol","9":"product_cat-tratado-evangelistico","10":"product_tag-equipate-para-el-alcance","11":"pa_language-espanol","12":"pa_language-ingles","13":"entry","14":"has-media","16":"first","17":"instock","18":"taxable","19":"shipping-taxable","20":"purchasable","21":"product-type-variable","22":"has-default-attributes"},"group_of_quantity":0,"min_quantity":0,"max_quantity":"","exclude_order_quantity_value_rules":"no","exclude_category_quantity_rules":"no","combine_variations":"no","acf":[],"yoast_head":"<!-- This site is optimized with the Yoast SEO Premium plugin v27.2 (Yoast SEO v27.2) - https:\/\/yoast.com\/product\/yoast-seo-premium-wordpress\/ -->\n<title>La Fe es para la Gente D\u00e9bil (Tratado) - Living Waters<\/title>\n<meta name=\"description\" content=\"Este profundo tratado evang\u00e9lico aborda r\u00e1pidamente diez de las principales objeciones al cristianismo.\" \/>\n<meta name=\"robots\" content=\"index, follow, max-snippet:-1, max-image-preview:large, max-video-preview:-1\" \/>\n<link rel=\"canonical\" href=\"https:\/\/livingwaters.com\/es\/tienda\/otros-idiomas\/espanol\/la-fe-es-para-la-gente-debil-tratado\/\" \/>\n<meta property=\"og:locale\" content=\"es_ES\" \/>\n<meta property=\"og:type\" content=\"article\" \/>\n<meta property=\"og:title\" content=\"La Fe es para la Gente D\u00e9bil (Tratado)\" \/>\n<meta property=\"og:description\" content=\"Este profundo tratado evang\u00e9lico aborda r\u00e1pidamente diez de las principales objeciones al cristianismo.\" \/>\n<meta property=\"og:url\" content=\"https:\/\/livingwaters.com\/es\/tienda\/otros-idiomas\/espanol\/la-fe-es-para-la-gente-debil-tratado\/\" \/>\n<meta property=\"og:site_name\" content=\"Living Waters\" \/>\n<meta property=\"article:publisher\" content=\"https:\/\/www.facebook.com\/lwwotm\/\" \/>\n<meta property=\"article:modified_time\" content=\"2026-04-02T23:57:14+00:00\" \/>\n<meta property=\"og:image\" content=\"https:\/\/livingwaters.com\/wp-content\/uploads\/2023\/09\/251es-1-2.jpg\" \/>\n\t<meta property=\"og:image:width\" content=\"700\" \/>\n\t<meta property=\"og:image:height\" content=\"700\" \/>\n\t<meta property=\"og:image:type\" content=\"image\/jpeg\" \/>\n<meta name=\"twitter:card\" content=\"summary_large_image\" \/>\n<meta name=\"twitter:site\" content=\"@LivingWatersPub\" \/>\n<meta name=\"twitter:label1\" content=\"Tiempo de lectura\" \/>\n\t<meta name=\"twitter:data1\" content=\"6 minutos\" \/>\n<script type=\"application\/ld+json\" class=\"yoast-schema-graph\">{\"@context\":\"https:\/\/schema.org\",\"@graph\":[{\"@type\":\"WebPage\",\"@id\":\"https:\/\/livingwaters.com\/es\/tienda\/otros-idiomas\/espanol\/la-fe-es-para-la-gente-debil-tratado\/\",\"url\":\"https:\/\/livingwaters.com\/es\/tienda\/otros-idiomas\/espanol\/la-fe-es-para-la-gente-debil-tratado\/\",\"name\":\"La Fe es para la Gente D\u00e9bil (Tratado) - Living Waters\",\"isPartOf\":{\"@id\":\"https:\/\/livingwaters.com\/es\/#website\"},\"primaryImageOfPage\":{\"@id\":\"https:\/\/livingwaters.com\/es\/tienda\/otros-idiomas\/espanol\/la-fe-es-para-la-gente-debil-tratado\/#primaryimage\"},\"image\":{\"@id\":\"https:\/\/livingwaters.com\/es\/tienda\/otros-idiomas\/espanol\/la-fe-es-para-la-gente-debil-tratado\/#primaryimage\"},\"thumbnailUrl\":\"https:\/\/livingwaters.com\/wp-content\/uploads\/2023\/09\/251es-1-2.jpg\",\"datePublished\":\"2019-02-05T17:49:04+00:00\",\"dateModified\":\"2026-04-02T23:57:14+00:00\",\"description\":\"Este profundo tratado evang\u00e9lico aborda r\u00e1pidamente diez de las principales objeciones al cristianismo.\",\"breadcrumb\":{\"@id\":\"https:\/\/livingwaters.com\/es\/tienda\/otros-idiomas\/espanol\/la-fe-es-para-la-gente-debil-tratado\/#breadcrumb\"},\"inLanguage\":\"es\",\"potentialAction\":[{\"@type\":\"ReadAction\",\"target\":[\"https:\/\/livingwaters.com\/es\/tienda\/otros-idiomas\/espanol\/la-fe-es-para-la-gente-debil-tratado\/\"]}]},{\"@type\":\"ImageObject\",\"inLanguage\":\"es\",\"@id\":\"https:\/\/livingwaters.com\/es\/tienda\/otros-idiomas\/espanol\/la-fe-es-para-la-gente-debil-tratado\/#primaryimage\",\"url\":\"https:\/\/livingwaters.com\/wp-content\/uploads\/2023\/09\/251es-1-2.jpg\",\"contentUrl\":\"https:\/\/livingwaters.com\/wp-content\/uploads\/2023\/09\/251es-1-2.jpg\",\"width\":700,\"height\":700},{\"@type\":\"BreadcrumbList\",\"@id\":\"https:\/\/livingwaters.com\/es\/tienda\/otros-idiomas\/espanol\/la-fe-es-para-la-gente-debil-tratado\/#breadcrumb\",\"itemListElement\":[{\"@type\":\"ListItem\",\"position\":1,\"name\":\"Home\",\"item\":\"https:\/\/livingwaters.com\/es\/\"},{\"@type\":\"ListItem\",\"position\":2,\"name\":\"Productos\",\"item\":\"https:\/\/livingwaters.com\/es\/shop\/\"},{\"@type\":\"ListItem\",\"position\":3,\"name\":\"Tratado Evangel\u00edstico\",\"item\":\"https:\/\/livingwaters.com\/es\/categoria-producto\/tratado-evangelistico\/\"},{\"@type\":\"ListItem\",\"position\":4,\"name\":\"La Fe es para la Gente D\u00e9bil (Tratado)\"}]},{\"@type\":\"WebSite\",\"@id\":\"https:\/\/livingwaters.com\/es\/#website\",\"url\":\"https:\/\/livingwaters.com\/es\/\",\"name\":\"Living Waters\",\"description\":\"Inspiring. Equipping. Fulfilling.\",\"publisher\":{\"@id\":\"https:\/\/livingwaters.com\/es\/#organization\"},\"potentialAction\":[{\"@type\":\"SearchAction\",\"target\":{\"@type\":\"EntryPoint\",\"urlTemplate\":\"https:\/\/livingwaters.com\/es\/?s={search_term_string}\"},\"query-input\":{\"@type\":\"PropertyValueSpecification\",\"valueRequired\":true,\"valueName\":\"search_term_string\"}}],\"inLanguage\":\"es\"},{\"@type\":\"Organization\",\"@id\":\"https:\/\/livingwaters.com\/es\/#organization\",\"name\":\"Living Waters\",\"url\":\"https:\/\/livingwaters.com\/es\/\",\"logo\":{\"@type\":\"ImageObject\",\"inLanguage\":\"es\",\"@id\":\"https:\/\/livingwaters.com\/es\/#\/schema\/logo\/image\/\",\"url\":\"https:\/\/livingwaters.com\/wp-content\/uploads\/2017\/12\/logo-blue.png\",\"contentUrl\":\"https:\/\/livingwaters.com\/wp-content\/uploads\/2017\/12\/logo-blue.png\",\"width\":152,\"height\":42,\"caption\":\"Living Waters\"},\"image\":{\"@id\":\"https:\/\/livingwaters.com\/es\/#\/schema\/logo\/image\/\"},\"sameAs\":[\"https:\/\/www.facebook.com\/lwwotm\/\",\"https:\/\/x.com\/LivingWatersPub\",\"https:\/\/www.instagram.com\/livingwatersofficial\/\",\"https:\/\/www.youtube.com\/thewayofthemaster\"]}]}<\/script>\n<!-- \/ Yoast SEO Premium plugin. -->","yoast_head_json":{"title":"La Fe es para la Gente D\u00e9bil (Tratado) - Living Waters","description":"Este profundo tratado evang\u00e9lico aborda r\u00e1pidamente diez de las principales objeciones al cristianismo.","robots":{"index":"index","follow":"follow","max-snippet":"max-snippet:-1","max-image-preview":"max-image-preview:large","max-video-preview":"max-video-preview:-1"},"canonical":"https:\/\/livingwaters.com\/es\/tienda\/otros-idiomas\/espanol\/la-fe-es-para-la-gente-debil-tratado\/","og_locale":"es_ES","og_type":"article","og_title":"La Fe es para la Gente D\u00e9bil (Tratado)","og_description":"Este profundo tratado evang\u00e9lico aborda r\u00e1pidamente diez de las principales objeciones al cristianismo.","og_url":"https:\/\/livingwaters.com\/es\/tienda\/otros-idiomas\/espanol\/la-fe-es-para-la-gente-debil-tratado\/","og_site_name":"Living Waters","article_publisher":"https:\/\/www.facebook.com\/lwwotm\/","article_modified_time":"2026-04-02T23:57:14+00:00","og_image":[{"width":700,"height":700,"url":"https:\/\/livingwaters.com\/wp-content\/uploads\/2023\/09\/251es-1-2.jpg","type":"image\/jpeg"}],"twitter_card":"summary_large_image","twitter_site":"@LivingWatersPub","twitter_misc":{"Tiempo de lectura":"6 minutos"},"schema":{"@context":"https:\/\/schema.org","@graph":[{"@type":"WebPage","@id":"https:\/\/livingwaters.com\/es\/tienda\/otros-idiomas\/espanol\/la-fe-es-para-la-gente-debil-tratado\/","url":"https:\/\/livingwaters.com\/es\/tienda\/otros-idiomas\/espanol\/la-fe-es-para-la-gente-debil-tratado\/","name":"La Fe es para la Gente D\u00e9bil (Tratado) - Living Waters","isPartOf":{"@id":"https:\/\/livingwaters.com\/es\/#website"},"primaryImageOfPage":{"@id":"https:\/\/livingwaters.com\/es\/tienda\/otros-idiomas\/espanol\/la-fe-es-para-la-gente-debil-tratado\/#primaryimage"},"image":{"@id":"https:\/\/livingwaters.com\/es\/tienda\/otros-idiomas\/espanol\/la-fe-es-para-la-gente-debil-tratado\/#primaryimage"},"thumbnailUrl":"https:\/\/livingwaters.com\/wp-content\/uploads\/2023\/09\/251es-1-2.jpg","datePublished":"2019-02-05T17:49:04+00:00","dateModified":"2026-04-02T23:57:14+00:00","description":"Este profundo tratado evang\u00e9lico aborda r\u00e1pidamente diez de las principales objeciones al cristianismo.","breadcrumb":{"@id":"https:\/\/livingwaters.com\/es\/tienda\/otros-idiomas\/espanol\/la-fe-es-para-la-gente-debil-tratado\/#breadcrumb"},"inLanguage":"es","potentialAction":[{"@type":"ReadAction","target":["https:\/\/livingwaters.com\/es\/tienda\/otros-idiomas\/espanol\/la-fe-es-para-la-gente-debil-tratado\/"]}]},{"@type":"ImageObject","inLanguage":"es","@id":"https:\/\/livingwaters.com\/es\/tienda\/otros-idiomas\/espanol\/la-fe-es-para-la-gente-debil-tratado\/#primaryimage","url":"https:\/\/livingwaters.com\/wp-content\/uploads\/2023\/09\/251es-1-2.jpg","contentUrl":"https:\/\/livingwaters.com\/wp-content\/uploads\/2023\/09\/251es-1-2.jpg","width":700,"height":700},{"@type":"BreadcrumbList","@id":"https:\/\/livingwaters.com\/es\/tienda\/otros-idiomas\/espanol\/la-fe-es-para-la-gente-debil-tratado\/#breadcrumb","itemListElement":[{"@type":"ListItem","position":1,"name":"Home","item":"https:\/\/livingwaters.com\/es\/"},{"@type":"ListItem","position":2,"name":"Productos","item":"https:\/\/livingwaters.com\/es\/shop\/"},{"@type":"ListItem","position":3,"name":"Tratado Evangel\u00edstico","item":"https:\/\/livingwaters.com\/es\/categoria-producto\/tratado-evangelistico\/"},{"@type":"ListItem","position":4,"name":"La Fe es para la Gente D\u00e9bil (Tratado)"}]},{"@type":"WebSite","@id":"https:\/\/livingwaters.com\/es\/#website","url":"https:\/\/livingwaters.com\/es\/","name":"Living Waters","description":"Inspiring. Equipping. Fulfilling.","publisher":{"@id":"https:\/\/livingwaters.com\/es\/#organization"},"potentialAction":[{"@type":"SearchAction","target":{"@type":"EntryPoint","urlTemplate":"https:\/\/livingwaters.com\/es\/?s={search_term_string}"},"query-input":{"@type":"PropertyValueSpecification","valueRequired":true,"valueName":"search_term_string"}}],"inLanguage":"es"},{"@type":"Organization","@id":"https:\/\/livingwaters.com\/es\/#organization","name":"Living Waters","url":"https:\/\/livingwaters.com\/es\/","logo":{"@type":"ImageObject","inLanguage":"es","@id":"https:\/\/livingwaters.com\/es\/#\/schema\/logo\/image\/","url":"https:\/\/livingwaters.com\/wp-content\/uploads\/2017\/12\/logo-blue.png","contentUrl":"https:\/\/livingwaters.com\/wp-content\/uploads\/2017\/12\/logo-blue.png","width":152,"height":42,"caption":"Living Waters"},"image":{"@id":"https:\/\/livingwaters.com\/es\/#\/schema\/logo\/image\/"},"sameAs":["https:\/\/www.facebook.com\/lwwotm\/","https:\/\/x.com\/LivingWatersPub","https:\/\/www.instagram.com\/livingwatersofficial\/","https:\/\/www.youtube.com\/thewayofthemaster"]}]}},"_links":{"self":[{"href":"https:\/\/livingwaters.com\/es\/wp-json\/wp\/v2\/product\/355346","targetHints":{"allow":["GET"]}}],"collection":[{"href":"https:\/\/livingwaters.com\/es\/wp-json\/wp\/v2\/product"}],"about":[{"href":"https:\/\/livingwaters.com\/es\/wp-json\/wp\/v2\/types\/product"}],"replies":[{"embeddable":true,"href":"https:\/\/livingwaters.com\/es\/wp-json\/wp\/v2\/comments?post=355346"}],"wp:featuredmedia":[{"embeddable":true,"href":"https:\/\/livingwaters.com\/es\/wp-json\/wp\/v2\/media\/209713"}],"wp:attachment":[{"href":"https:\/\/livingwaters.com\/es\/wp-json\/wp\/v2\/media?parent=355346"}],"wp:term":[{"taxonomy":"product_author","embeddable":true,"href":"https:\/\/livingwaters.com\/es\/wp-json\/wp\/v2\/product_author?post=355346"},{"taxonomy":"product_collection","embeddable":true,"href":"https:\/\/livingwaters.com\/es\/wp-json\/wp\/v2\/product_collection?post=355346"},{"taxonomy":"product_topic","embeddable":true,"href":"https:\/\/livingwaters.com\/es\/wp-json\/wp\/v2\/product_topic?post=355346"},{"taxonomy":"product_brand","embeddable":true,"href":"https:\/\/livingwaters.com\/es\/wp-json\/wp\/v2\/product_brand?post=355346"},{"taxonomy":"product_cat","embeddable":true,"href":"https:\/\/livingwaters.com\/es\/wp-json\/wp\/v2\/product_cat?post=355346"},{"taxonomy":"product_tag","embeddable":true,"href":"https:\/\/livingwaters.com\/es\/wp-json\/wp\/v2\/product_tag?post=355346"}],"curies":[{"name":"wp","href":"https:\/\/api.w.org\/{rel}","templated":true}]}}