{"id":355365,"date":"2014-12-29T08:11:08","date_gmt":"2014-12-29T16:11:08","guid":{"rendered":"https:\/\/livingwaters.com\/store\/sin%20categor\u00eda\/la-prueba-atea-2\/"},"modified":"2026-04-24T18:56:58","modified_gmt":"2026-04-25T01:56:58","slug":"la-prueba-atea","status":"publish","type":"product","link":"https:\/\/livingwaters.com\/es\/tienda\/otros-idiomas\/espanol\/la-prueba-atea\/","title":{"rendered":"La Prueba Atea"},"content":{"rendered":"<p>Haga clic en las im\u00e1genes de arriba (de izquierda a derecha) para leer el contenido de este tratado evang\u00e9lico. Disponible en ingl\u00e9s y espa\u00f1ol.<\/p>\n","protected":false},"excerpt":{"rendered":"<p>Aqu\u00ed hay varios ex\u00e1menes que causaran a cualquier ateo dudar de su fe.<\/p>\n","protected":false},"featured_media":355376,"comment_status":"open","ping_status":"closed","template":"","meta":{"_acf_changed":false},"product_author":[],"product_collection":[10817,10833],"product_topic":[10788,10789],"product_brand":[],"product_cat":[8193,10845],"product_tag":[],"class_list":{"0":"post-355365","1":"product","2":"type-product","3":"status-publish","4":"has-post-thumbnail","6":"product_collection-en-profundidad","7":"product_collection-historietas","8":"product_topic-apologetica","9":"product_topic-ateismo","10":"product_cat-tratado-evangelistico","11":"product_cat-espanol","12":"pa_language-espanol","13":"pa_language-ingles","14":"entry","15":"has-media","17":"first","18":"instock","19":"taxable","20":"shipping-taxable","21":"purchasable","22":"product-type-variable","23":"has-default-attributes"},"group_of_quantity":0,"min_quantity":0,"max_quantity":"","exclude_order_quantity_value_rules":"no","exclude_category_quantity_rules":"no","combine_variations":"no","acf":[],"yoast_head":"<!-- This site is optimized with the Yoast SEO Premium plugin v27.3 (Yoast SEO v27.4) - https:\/\/yoast.com\/product\/yoast-seo-premium-wordpress\/ -->\n<title>La Prueba Atea - Living Waters<\/title>\n<meta name=\"description\" content=\"Aqu\u00ed hay varios ex\u00e1menes que causaran a cualquier ateo dudar de su fe.\" \/>\n<meta name=\"robots\" content=\"index, follow, max-snippet:-1, max-image-preview:large, max-video-preview:-1\" \/>\n<link rel=\"canonical\" href=\"https:\/\/livingwaters.com\/es\/tienda\/otros-idiomas\/espanol\/la-prueba-atea\/\" \/>\n<meta property=\"og:locale\" content=\"es_ES\" \/>\n<meta property=\"og:type\" content=\"article\" \/>\n<meta property=\"og:title\" content=\"La Prueba Atea\" \/>\n<meta property=\"og:description\" content=\"Aqu\u00ed hay varios ex\u00e1menes que causaran a cualquier ateo dudar de su fe.\" \/>\n<meta property=\"og:url\" content=\"https:\/\/livingwaters.com\/es\/tienda\/otros-idiomas\/espanol\/la-prueba-atea\/\" \/>\n<meta property=\"og:site_name\" content=\"Living Waters\" \/>\n<meta property=\"article:publisher\" content=\"https:\/\/www.facebook.com\/lwwotm\/\" \/>\n<meta property=\"article:modified_time\" content=\"2026-04-25T01:56:58+00:00\" \/>\n<meta property=\"og:image\" content=\"https:\/\/livingwaters.com\/wp-content\/uploads\/2023\/04\/atheist-test-spanish-product-image-1.jpg\" \/>\n\t<meta property=\"og:image:width\" content=\"700\" \/>\n\t<meta property=\"og:image:height\" content=\"700\" \/>\n\t<meta property=\"og:image:type\" content=\"image\/jpeg\" \/>\n<meta name=\"twitter:card\" content=\"summary_large_image\" \/>\n<meta name=\"twitter:site\" content=\"@LivingWatersPub\" \/>\n<script type=\"application\/ld+json\" class=\"yoast-schema-graph\">{\"@context\":\"https:\\\/\\\/schema.org\",\"@graph\":[{\"@type\":\"WebPage\",\"@id\":\"https:\\\/\\\/livingwaters.com\\\/es\\\/tienda\\\/otros-idiomas\\\/espanol\\\/la-prueba-atea\\\/\",\"url\":\"https:\\\/\\\/livingwaters.com\\\/es\\\/tienda\\\/otros-idiomas\\\/espanol\\\/la-prueba-atea\\\/\",\"name\":\"La Prueba Atea - Living Waters\",\"isPartOf\":{\"@id\":\"https:\\\/\\\/livingwaters.com\\\/es\\\/#website\"},\"primaryImageOfPage\":{\"@id\":\"https:\\\/\\\/livingwaters.com\\\/es\\\/tienda\\\/otros-idiomas\\\/espanol\\\/la-prueba-atea\\\/#primaryimage\"},\"image\":{\"@id\":\"https:\\\/\\\/livingwaters.com\\\/es\\\/tienda\\\/otros-idiomas\\\/espanol\\\/la-prueba-atea\\\/#primaryimage\"},\"thumbnailUrl\":\"https:\\\/\\\/livingwaters.com\\\/wp-content\\\/uploads\\\/2023\\\/04\\\/atheist-test-spanish-product-image-1.jpg\",\"datePublished\":\"2014-12-29T16:11:08+00:00\",\"dateModified\":\"2026-04-25T01:56:58+00:00\",\"description\":\"Aqu\u00ed hay varios ex\u00e1menes que causaran a cualquier ateo dudar de su fe.\",\"breadcrumb\":{\"@id\":\"https:\\\/\\\/livingwaters.com\\\/es\\\/tienda\\\/otros-idiomas\\\/espanol\\\/la-prueba-atea\\\/#breadcrumb\"},\"inLanguage\":\"es\",\"potentialAction\":[{\"@type\":\"ReadAction\",\"target\":[\"https:\\\/\\\/livingwaters.com\\\/es\\\/tienda\\\/otros-idiomas\\\/espanol\\\/la-prueba-atea\\\/\"]}]},{\"@type\":\"ImageObject\",\"inLanguage\":\"es\",\"@id\":\"https:\\\/\\\/livingwaters.com\\\/es\\\/tienda\\\/otros-idiomas\\\/espanol\\\/la-prueba-atea\\\/#primaryimage\",\"url\":\"https:\\\/\\\/livingwaters.com\\\/wp-content\\\/uploads\\\/2023\\\/04\\\/atheist-test-spanish-product-image-1.jpg\",\"contentUrl\":\"https:\\\/\\\/livingwaters.com\\\/wp-content\\\/uploads\\\/2023\\\/04\\\/atheist-test-spanish-product-image-1.jpg\",\"width\":700,\"height\":700},{\"@type\":\"BreadcrumbList\",\"@id\":\"https:\\\/\\\/livingwaters.com\\\/es\\\/tienda\\\/otros-idiomas\\\/espanol\\\/la-prueba-atea\\\/#breadcrumb\",\"itemListElement\":[{\"@type\":\"ListItem\",\"position\":1,\"name\":\"Home\",\"item\":\"https:\\\/\\\/livingwaters.com\\\/es\\\/\"},{\"@type\":\"ListItem\",\"position\":2,\"name\":\"Productos\",\"item\":\"https:\\\/\\\/livingwaters.com\\\/es\\\/shop\\\/\"},{\"@type\":\"ListItem\",\"position\":3,\"name\":\"Tratado Evangel\u00edstico\",\"item\":\"https:\\\/\\\/livingwaters.com\\\/es\\\/categoria-producto\\\/tratado-evangelistico\\\/\"},{\"@type\":\"ListItem\",\"position\":4,\"name\":\"La Prueba Atea\"}]},{\"@type\":\"WebSite\",\"@id\":\"https:\\\/\\\/livingwaters.com\\\/es\\\/#website\",\"url\":\"https:\\\/\\\/livingwaters.com\\\/es\\\/\",\"name\":\"Living Waters\",\"description\":\"Inspiring. Equipping. Fulfilling.\",\"publisher\":{\"@id\":\"https:\\\/\\\/livingwaters.com\\\/es\\\/#organization\"},\"potentialAction\":[{\"@type\":\"SearchAction\",\"target\":{\"@type\":\"EntryPoint\",\"urlTemplate\":\"https:\\\/\\\/livingwaters.com\\\/es\\\/?s={search_term_string}\"},\"query-input\":{\"@type\":\"PropertyValueSpecification\",\"valueRequired\":true,\"valueName\":\"search_term_string\"}}],\"inLanguage\":\"es\"},{\"@type\":\"Organization\",\"@id\":\"https:\\\/\\\/livingwaters.com\\\/es\\\/#organization\",\"name\":\"Living Waters\",\"url\":\"https:\\\/\\\/livingwaters.com\\\/es\\\/\",\"logo\":{\"@type\":\"ImageObject\",\"inLanguage\":\"es\",\"@id\":\"https:\\\/\\\/livingwaters.com\\\/es\\\/#\\\/schema\\\/logo\\\/image\\\/\",\"url\":\"https:\\\/\\\/livingwaters.com\\\/wp-content\\\/uploads\\\/2017\\\/12\\\/logo-blue.png\",\"contentUrl\":\"https:\\\/\\\/livingwaters.com\\\/wp-content\\\/uploads\\\/2017\\\/12\\\/logo-blue.png\",\"width\":152,\"height\":42,\"caption\":\"Living Waters\"},\"image\":{\"@id\":\"https:\\\/\\\/livingwaters.com\\\/es\\\/#\\\/schema\\\/logo\\\/image\\\/\"},\"sameAs\":[\"https:\\\/\\\/www.facebook.com\\\/lwwotm\\\/\",\"https:\\\/\\\/x.com\\\/LivingWatersPub\",\"https:\\\/\\\/www.instagram.com\\\/livingwatersofficial\\\/\",\"https:\\\/\\\/www.youtube.com\\\/thewayofthemaster\"]}]}<\/script>\n<!-- \/ Yoast SEO Premium plugin. -->","yoast_head_json":{"title":"La Prueba Atea - Living Waters","description":"Aqu\u00ed hay varios ex\u00e1menes que causaran a cualquier ateo dudar de su fe.","robots":{"index":"index","follow":"follow","max-snippet":"max-snippet:-1","max-image-preview":"max-image-preview:large","max-video-preview":"max-video-preview:-1"},"canonical":"https:\/\/livingwaters.com\/es\/tienda\/otros-idiomas\/espanol\/la-prueba-atea\/","og_locale":"es_ES","og_type":"article","og_title":"La Prueba Atea","og_description":"Aqu\u00ed hay varios ex\u00e1menes que causaran a cualquier ateo dudar de su fe.","og_url":"https:\/\/livingwaters.com\/es\/tienda\/otros-idiomas\/espanol\/la-prueba-atea\/","og_site_name":"Living Waters","article_publisher":"https:\/\/www.facebook.com\/lwwotm\/","article_modified_time":"2026-04-25T01:56:58+00:00","og_image":[{"width":700,"height":700,"url":"https:\/\/livingwaters.com\/wp-content\/uploads\/2023\/04\/atheist-test-spanish-product-image-1.jpg","type":"image\/jpeg"}],"twitter_card":"summary_large_image","twitter_site":"@LivingWatersPub","schema":{"@context":"https:\/\/schema.org","@graph":[{"@type":"WebPage","@id":"https:\/\/livingwaters.com\/es\/tienda\/otros-idiomas\/espanol\/la-prueba-atea\/","url":"https:\/\/livingwaters.com\/es\/tienda\/otros-idiomas\/espanol\/la-prueba-atea\/","name":"La Prueba Atea - Living Waters","isPartOf":{"@id":"https:\/\/livingwaters.com\/es\/#website"},"primaryImageOfPage":{"@id":"https:\/\/livingwaters.com\/es\/tienda\/otros-idiomas\/espanol\/la-prueba-atea\/#primaryimage"},"image":{"@id":"https:\/\/livingwaters.com\/es\/tienda\/otros-idiomas\/espanol\/la-prueba-atea\/#primaryimage"},"thumbnailUrl":"https:\/\/livingwaters.com\/wp-content\/uploads\/2023\/04\/atheist-test-spanish-product-image-1.jpg","datePublished":"2014-12-29T16:11:08+00:00","dateModified":"2026-04-25T01:56:58+00:00","description":"Aqu\u00ed hay varios ex\u00e1menes que causaran a cualquier ateo dudar de su fe.","breadcrumb":{"@id":"https:\/\/livingwaters.com\/es\/tienda\/otros-idiomas\/espanol\/la-prueba-atea\/#breadcrumb"},"inLanguage":"es","potentialAction":[{"@type":"ReadAction","target":["https:\/\/livingwaters.com\/es\/tienda\/otros-idiomas\/espanol\/la-prueba-atea\/"]}]},{"@type":"ImageObject","inLanguage":"es","@id":"https:\/\/livingwaters.com\/es\/tienda\/otros-idiomas\/espanol\/la-prueba-atea\/#primaryimage","url":"https:\/\/livingwaters.com\/wp-content\/uploads\/2023\/04\/atheist-test-spanish-product-image-1.jpg","contentUrl":"https:\/\/livingwaters.com\/wp-content\/uploads\/2023\/04\/atheist-test-spanish-product-image-1.jpg","width":700,"height":700},{"@type":"BreadcrumbList","@id":"https:\/\/livingwaters.com\/es\/tienda\/otros-idiomas\/espanol\/la-prueba-atea\/#breadcrumb","itemListElement":[{"@type":"ListItem","position":1,"name":"Home","item":"https:\/\/livingwaters.com\/es\/"},{"@type":"ListItem","position":2,"name":"Productos","item":"https:\/\/livingwaters.com\/es\/shop\/"},{"@type":"ListItem","position":3,"name":"Tratado Evangel\u00edstico","item":"https:\/\/livingwaters.com\/es\/categoria-producto\/tratado-evangelistico\/"},{"@type":"ListItem","position":4,"name":"La Prueba Atea"}]},{"@type":"WebSite","@id":"https:\/\/livingwaters.com\/es\/#website","url":"https:\/\/livingwaters.com\/es\/","name":"Living Waters","description":"Inspiring. Equipping. Fulfilling.","publisher":{"@id":"https:\/\/livingwaters.com\/es\/#organization"},"potentialAction":[{"@type":"SearchAction","target":{"@type":"EntryPoint","urlTemplate":"https:\/\/livingwaters.com\/es\/?s={search_term_string}"},"query-input":{"@type":"PropertyValueSpecification","valueRequired":true,"valueName":"search_term_string"}}],"inLanguage":"es"},{"@type":"Organization","@id":"https:\/\/livingwaters.com\/es\/#organization","name":"Living Waters","url":"https:\/\/livingwaters.com\/es\/","logo":{"@type":"ImageObject","inLanguage":"es","@id":"https:\/\/livingwaters.com\/es\/#\/schema\/logo\/image\/","url":"https:\/\/livingwaters.com\/wp-content\/uploads\/2017\/12\/logo-blue.png","contentUrl":"https:\/\/livingwaters.com\/wp-content\/uploads\/2017\/12\/logo-blue.png","width":152,"height":42,"caption":"Living Waters"},"image":{"@id":"https:\/\/livingwaters.com\/es\/#\/schema\/logo\/image\/"},"sameAs":["https:\/\/www.facebook.com\/lwwotm\/","https:\/\/x.com\/LivingWatersPub","https:\/\/www.instagram.com\/livingwatersofficial\/","https:\/\/www.youtube.com\/thewayofthemaster"]}]}},"_links":{"self":[{"href":"https:\/\/livingwaters.com\/es\/wp-json\/wp\/v2\/product\/355365","targetHints":{"allow":["GET"]}}],"collection":[{"href":"https:\/\/livingwaters.com\/es\/wp-json\/wp\/v2\/product"}],"about":[{"href":"https:\/\/livingwaters.com\/es\/wp-json\/wp\/v2\/types\/product"}],"replies":[{"embeddable":true,"href":"https:\/\/livingwaters.com\/es\/wp-json\/wp\/v2\/comments?post=355365"}],"wp:featuredmedia":[{"embeddable":true,"href":"https:\/\/livingwaters.com\/es\/wp-json\/wp\/v2\/media\/355376"}],"wp:attachment":[{"href":"https:\/\/livingwaters.com\/es\/wp-json\/wp\/v2\/media?parent=355365"}],"wp:term":[{"taxonomy":"product_author","embeddable":true,"href":"https:\/\/livingwaters.com\/es\/wp-json\/wp\/v2\/product_author?post=355365"},{"taxonomy":"product_collection","embeddable":true,"href":"https:\/\/livingwaters.com\/es\/wp-json\/wp\/v2\/product_collection?post=355365"},{"taxonomy":"product_topic","embeddable":true,"href":"https:\/\/livingwaters.com\/es\/wp-json\/wp\/v2\/product_topic?post=355365"},{"taxonomy":"product_brand","embeddable":true,"href":"https:\/\/livingwaters.com\/es\/wp-json\/wp\/v2\/product_brand?post=355365"},{"taxonomy":"product_cat","embeddable":true,"href":"https:\/\/livingwaters.com\/es\/wp-json\/wp\/v2\/product_cat?post=355365"},{"taxonomy":"product_tag","embeddable":true,"href":"https:\/\/livingwaters.com\/es\/wp-json\/wp\/v2\/product_tag?post=355365"}],"curies":[{"name":"wp","href":"https:\/\/api.w.org\/{rel}","templated":true}]}}