{"id":368555,"date":"2019-05-14T08:27:26","date_gmt":"2019-05-14T15:27:26","guid":{"rendered":"https:\/\/livingwaters.com\/store\/sin%20categor\u00eda\/curso-de-evangelismo-intermedio\/"},"modified":"2026-03-10T14:20:11","modified_gmt":"2026-03-10T21:20:11","slug":"curso-de-evangelismo-intermedio","status":"publish","type":"product","link":"https:\/\/livingwaters.com\/es\/tienda\/descargas\/curso-de-evangelismo-intermedio\/","title":{"rendered":"Curso de Evangelismo Intermedio (MP4)"},"content":{"rendered":"<div class=\"wpb-content-wrapper\">[vc_row][vc_column][vc_column_text]<b>Esta es la p\u00e1gina de descarga digital del Curso de Formaci\u00f3n Intermedia.<br \/>\n<\/b><\/p>\n<p>Basado en la galardonada serie de televisi\u00f3n <em>Pasos del Maestro<\/em>, el Curso de entrenamiento intermedio se basa en la ense\u00f1anza fundamental del Curso de entrenamiento b\u00e1sico. Est\u00e1 dise\u00f1ado para equipar a\u00fan m\u00e1s a los creyentes en un entorno grupal para compartir el evangelio de manera simple y segura con familiares, amigos y extra\u00f1os.<\/p>\n<p>Este curso en video de ocho sesiones agrega un marco fundamental a su base. Le ense\u00f1ar\u00e1 c\u00f3mo evitar las trampas devastadoras de producir conversiones falsas. Aprender\u00e1 c\u00f3mo probar la existencia del Infierno, tanto a trav\u00e9s de las Escrituras como de la raz\u00f3n, y qu\u00e9 hacer cuando las cosas van mal. Descubra c\u00f3mo testificar a un miembro de la familia o a alguien que es gay, c\u00f3mo reconocer sutiles doctrinas sat\u00e1nicas, c\u00f3mo refutar la teor\u00eda de la evoluci\u00f3n (\u00fanase a Kirk y Ray mientras llevan a almorzar a un orangut\u00e1n) y c\u00f3mo probar la existencia de Dios.<\/p>\n<p>Usando un estilo de ense\u00f1anza cautivador, Kirk y Ray no solo le dicen c\u00f3mo testificar, sino que tambi\u00e9n le muestran, a trav\u00e9s de fascinantes conversaciones en la calle con ateos, intelectuales, evolucionistas, homosexuales y quiz\u00e1s lo m\u00e1s intimidante, miembros de la familia.<\/p>\n<p>Una vez que haya experimentado la euforia de compartir el evangelio, las tareas semanales le ayudar\u00e1n a poner en pr\u00e1ctica esta ense\u00f1anza transformadora a medida que descubre otras formas creativas de alcanzar a los perdidos.<\/p>\n<p>Como muchos otros, se sorprender\u00e1 de c\u00f3mo el uso de este m\u00e9todo b\u00edblico transformar\u00e1 su vida y la vida eterna de los dem\u00e1s.[\/vc_column_text][\/vc_column][\/vc_row][vc_row][vc_column][vc_video link=&#8221;https:\/\/www.youtube.com\/embed\/lUReOwsQVyw&#8221;][\/vc_column][\/vc_row]\n<\/div>","protected":false},"excerpt":{"rendered":"<p>El siguiente paso del Curso B\u00e1sico de Entrenamiento, que contiene lo mejor de los episodios de la segunda temporada de <em>Los Pasos del Maestro<\/em> formateados en un estudio grupal.<\/p>\n","protected":false},"featured_media":368562,"comment_status":"open","ping_status":"closed","template":"","meta":{"_acf_changed":false,"_searchwp_excluded":""},"product_author":[],"product_collection":[10838,10837],"product_topic":[10793],"product_brand":[],"product_cat":[8205,11074,10735],"product_tag":[11934,11559],"class_list":{"0":"post-368555","1":"product","2":"type-product","3":"status-publish","4":"has-post-thumbnail","6":"product_collection-escuela-dominical","7":"product_collection-grupos-pequenos","8":"product_topic-evangelizacion","9":"product_cat-descargas","10":"product_cat-curso-de-entrenamiento","11":"product_cat-video","12":"product_tag-featured-spanish-es","13":"product_tag-venta-flash-de-construccion-de-la-fe","14":"pa_language-espanol","15":"pa_language-ingles","16":"entry","17":"has-media","19":"first","20":"instock","21":"sold-individually","22":"purchasable","23":"product-type-variable"},"group_of_quantity":0,"min_quantity":0,"max_quantity":"","exclude_order_quantity_value_rules":"no","exclude_category_quantity_rules":"no","combine_variations":"no","acf":[],"yoast_head":"<!-- This site is optimized with the Yoast SEO Premium plugin v27.2 (Yoast SEO v27.2) - https:\/\/yoast.com\/product\/yoast-seo-premium-wordpress\/ -->\n<title>Curso de Evangelismo Intermedio (MP4) - Living Waters<\/title>\n<meta name=\"description\" content=\"El Curso de entrenamiento intermedio est\u00e1 dise\u00f1ado para equipar a\u00fan m\u00e1s a los creyentes en un entorno grupal para compartir el evangelio de manera.\" \/>\n<meta name=\"robots\" content=\"index, follow, max-snippet:-1, max-image-preview:large, max-video-preview:-1\" \/>\n<link rel=\"canonical\" href=\"https:\/\/livingwaters.com\/es\/tienda\/descargas\/curso-de-evangelismo-intermedio\/\" \/>\n<meta property=\"og:locale\" content=\"es_ES\" \/>\n<meta property=\"og:type\" content=\"article\" \/>\n<meta property=\"og:title\" content=\"Curso de Evangelismo Intermedio (MP4)\" \/>\n<meta property=\"og:description\" content=\"El Curso de entrenamiento intermedio est\u00e1 dise\u00f1ado para equipar a\u00fan m\u00e1s a los creyentes en un entorno grupal para compartir el evangelio de manera.\" \/>\n<meta property=\"og:url\" content=\"https:\/\/livingwaters.com\/es\/tienda\/descargas\/curso-de-evangelismo-intermedio\/\" \/>\n<meta property=\"og:site_name\" content=\"Living Waters\" \/>\n<meta property=\"article:publisher\" content=\"https:\/\/www.facebook.com\/lwwotm\/\" \/>\n<meta property=\"article:modified_time\" content=\"2026-03-10T21:20:11+00:00\" \/>\n<meta property=\"og:image\" content=\"https:\/\/livingwaters.com\/wp-content\/uploads\/2023\/07\/intermediate-training-course-mp4-product-image-spanish-media-translation.jpg\" \/>\n\t<meta property=\"og:image:width\" content=\"1280\" \/>\n\t<meta property=\"og:image:height\" content=\"1280\" \/>\n\t<meta property=\"og:image:type\" content=\"image\/jpeg\" \/>\n<meta name=\"twitter:card\" content=\"summary_large_image\" \/>\n<meta name=\"twitter:site\" content=\"@LivingWatersPub\" \/>\n<meta name=\"twitter:label1\" content=\"Tiempo de lectura\" \/>\n\t<meta name=\"twitter:data1\" content=\"2 minutos\" \/>\n<script type=\"application\/ld+json\" class=\"yoast-schema-graph\">{\"@context\":\"https:\/\/schema.org\",\"@graph\":[{\"@type\":\"WebPage\",\"@id\":\"https:\/\/livingwaters.com\/es\/tienda\/descargas\/curso-de-evangelismo-intermedio\/\",\"url\":\"https:\/\/livingwaters.com\/es\/tienda\/descargas\/curso-de-evangelismo-intermedio\/\",\"name\":\"Curso de Evangelismo Intermedio (MP4) - Living Waters\",\"isPartOf\":{\"@id\":\"https:\/\/livingwaters.com\/es\/#website\"},\"primaryImageOfPage\":{\"@id\":\"https:\/\/livingwaters.com\/es\/tienda\/descargas\/curso-de-evangelismo-intermedio\/#primaryimage\"},\"image\":{\"@id\":\"https:\/\/livingwaters.com\/es\/tienda\/descargas\/curso-de-evangelismo-intermedio\/#primaryimage\"},\"thumbnailUrl\":\"https:\/\/livingwaters.com\/wp-content\/uploads\/2023\/07\/intermediate-training-course-mp4-product-image-spanish-media-translation.jpg\",\"datePublished\":\"2019-05-14T15:27:26+00:00\",\"dateModified\":\"2026-03-10T21:20:11+00:00\",\"description\":\"El Curso de entrenamiento intermedio est\u00e1 dise\u00f1ado para equipar a\u00fan m\u00e1s a los creyentes en un entorno grupal para compartir el evangelio de manera.\",\"breadcrumb\":{\"@id\":\"https:\/\/livingwaters.com\/es\/tienda\/descargas\/curso-de-evangelismo-intermedio\/#breadcrumb\"},\"inLanguage\":\"es\",\"potentialAction\":[{\"@type\":\"ReadAction\",\"target\":[\"https:\/\/livingwaters.com\/es\/tienda\/descargas\/curso-de-evangelismo-intermedio\/\"]}]},{\"@type\":\"ImageObject\",\"inLanguage\":\"es\",\"@id\":\"https:\/\/livingwaters.com\/es\/tienda\/descargas\/curso-de-evangelismo-intermedio\/#primaryimage\",\"url\":\"https:\/\/livingwaters.com\/wp-content\/uploads\/2023\/07\/intermediate-training-course-mp4-product-image-spanish-media-translation.jpg\",\"contentUrl\":\"https:\/\/livingwaters.com\/wp-content\/uploads\/2023\/07\/intermediate-training-course-mp4-product-image-spanish-media-translation.jpg\",\"width\":1280,\"height\":1280},{\"@type\":\"BreadcrumbList\",\"@id\":\"https:\/\/livingwaters.com\/es\/tienda\/descargas\/curso-de-evangelismo-intermedio\/#breadcrumb\",\"itemListElement\":[{\"@type\":\"ListItem\",\"position\":1,\"name\":\"Home\",\"item\":\"https:\/\/livingwaters.com\/es\/\"},{\"@type\":\"ListItem\",\"position\":2,\"name\":\"Productos\",\"item\":\"https:\/\/livingwaters.com\/es\/shop\/\"},{\"@type\":\"ListItem\",\"position\":3,\"name\":\"Descargas\",\"item\":\"https:\/\/livingwaters.com\/es\/categoria-producto\/descargas\/\"},{\"@type\":\"ListItem\",\"position\":4,\"name\":\"Curso de Evangelismo Intermedio (MP4)\"}]},{\"@type\":\"WebSite\",\"@id\":\"https:\/\/livingwaters.com\/es\/#website\",\"url\":\"https:\/\/livingwaters.com\/es\/\",\"name\":\"Living Waters\",\"description\":\"Inspiring. Equipping. Fulfilling.\",\"publisher\":{\"@id\":\"https:\/\/livingwaters.com\/es\/#organization\"},\"potentialAction\":[{\"@type\":\"SearchAction\",\"target\":{\"@type\":\"EntryPoint\",\"urlTemplate\":\"https:\/\/livingwaters.com\/es\/?s={search_term_string}\"},\"query-input\":{\"@type\":\"PropertyValueSpecification\",\"valueRequired\":true,\"valueName\":\"search_term_string\"}}],\"inLanguage\":\"es\"},{\"@type\":\"Organization\",\"@id\":\"https:\/\/livingwaters.com\/es\/#organization\",\"name\":\"Living Waters\",\"url\":\"https:\/\/livingwaters.com\/es\/\",\"logo\":{\"@type\":\"ImageObject\",\"inLanguage\":\"es\",\"@id\":\"https:\/\/livingwaters.com\/es\/#\/schema\/logo\/image\/\",\"url\":\"https:\/\/livingwaters.com\/wp-content\/uploads\/2017\/12\/logo-blue.png\",\"contentUrl\":\"https:\/\/livingwaters.com\/wp-content\/uploads\/2017\/12\/logo-blue.png\",\"width\":152,\"height\":42,\"caption\":\"Living Waters\"},\"image\":{\"@id\":\"https:\/\/livingwaters.com\/es\/#\/schema\/logo\/image\/\"},\"sameAs\":[\"https:\/\/www.facebook.com\/lwwotm\/\",\"https:\/\/x.com\/LivingWatersPub\",\"https:\/\/www.instagram.com\/livingwatersofficial\/\",\"https:\/\/www.youtube.com\/thewayofthemaster\"]}]}<\/script>\n<!-- \/ Yoast SEO Premium plugin. -->","yoast_head_json":{"title":"Curso de Evangelismo Intermedio (MP4) - Living Waters","description":"El Curso de entrenamiento intermedio est\u00e1 dise\u00f1ado para equipar a\u00fan m\u00e1s a los creyentes en un entorno grupal para compartir el evangelio de manera.","robots":{"index":"index","follow":"follow","max-snippet":"max-snippet:-1","max-image-preview":"max-image-preview:large","max-video-preview":"max-video-preview:-1"},"canonical":"https:\/\/livingwaters.com\/es\/tienda\/descargas\/curso-de-evangelismo-intermedio\/","og_locale":"es_ES","og_type":"article","og_title":"Curso de Evangelismo Intermedio (MP4)","og_description":"El Curso de entrenamiento intermedio est\u00e1 dise\u00f1ado para equipar a\u00fan m\u00e1s a los creyentes en un entorno grupal para compartir el evangelio de manera.","og_url":"https:\/\/livingwaters.com\/es\/tienda\/descargas\/curso-de-evangelismo-intermedio\/","og_site_name":"Living Waters","article_publisher":"https:\/\/www.facebook.com\/lwwotm\/","article_modified_time":"2026-03-10T21:20:11+00:00","og_image":[{"width":1280,"height":1280,"url":"https:\/\/livingwaters.com\/wp-content\/uploads\/2023\/07\/intermediate-training-course-mp4-product-image-spanish-media-translation.jpg","type":"image\/jpeg"}],"twitter_card":"summary_large_image","twitter_site":"@LivingWatersPub","twitter_misc":{"Tiempo de lectura":"2 minutos"},"schema":{"@context":"https:\/\/schema.org","@graph":[{"@type":"WebPage","@id":"https:\/\/livingwaters.com\/es\/tienda\/descargas\/curso-de-evangelismo-intermedio\/","url":"https:\/\/livingwaters.com\/es\/tienda\/descargas\/curso-de-evangelismo-intermedio\/","name":"Curso de Evangelismo Intermedio (MP4) - Living Waters","isPartOf":{"@id":"https:\/\/livingwaters.com\/es\/#website"},"primaryImageOfPage":{"@id":"https:\/\/livingwaters.com\/es\/tienda\/descargas\/curso-de-evangelismo-intermedio\/#primaryimage"},"image":{"@id":"https:\/\/livingwaters.com\/es\/tienda\/descargas\/curso-de-evangelismo-intermedio\/#primaryimage"},"thumbnailUrl":"https:\/\/livingwaters.com\/wp-content\/uploads\/2023\/07\/intermediate-training-course-mp4-product-image-spanish-media-translation.jpg","datePublished":"2019-05-14T15:27:26+00:00","dateModified":"2026-03-10T21:20:11+00:00","description":"El Curso de entrenamiento intermedio est\u00e1 dise\u00f1ado para equipar a\u00fan m\u00e1s a los creyentes en un entorno grupal para compartir el evangelio de manera.","breadcrumb":{"@id":"https:\/\/livingwaters.com\/es\/tienda\/descargas\/curso-de-evangelismo-intermedio\/#breadcrumb"},"inLanguage":"es","potentialAction":[{"@type":"ReadAction","target":["https:\/\/livingwaters.com\/es\/tienda\/descargas\/curso-de-evangelismo-intermedio\/"]}]},{"@type":"ImageObject","inLanguage":"es","@id":"https:\/\/livingwaters.com\/es\/tienda\/descargas\/curso-de-evangelismo-intermedio\/#primaryimage","url":"https:\/\/livingwaters.com\/wp-content\/uploads\/2023\/07\/intermediate-training-course-mp4-product-image-spanish-media-translation.jpg","contentUrl":"https:\/\/livingwaters.com\/wp-content\/uploads\/2023\/07\/intermediate-training-course-mp4-product-image-spanish-media-translation.jpg","width":1280,"height":1280},{"@type":"BreadcrumbList","@id":"https:\/\/livingwaters.com\/es\/tienda\/descargas\/curso-de-evangelismo-intermedio\/#breadcrumb","itemListElement":[{"@type":"ListItem","position":1,"name":"Home","item":"https:\/\/livingwaters.com\/es\/"},{"@type":"ListItem","position":2,"name":"Productos","item":"https:\/\/livingwaters.com\/es\/shop\/"},{"@type":"ListItem","position":3,"name":"Descargas","item":"https:\/\/livingwaters.com\/es\/categoria-producto\/descargas\/"},{"@type":"ListItem","position":4,"name":"Curso de Evangelismo Intermedio (MP4)"}]},{"@type":"WebSite","@id":"https:\/\/livingwaters.com\/es\/#website","url":"https:\/\/livingwaters.com\/es\/","name":"Living Waters","description":"Inspiring. Equipping. Fulfilling.","publisher":{"@id":"https:\/\/livingwaters.com\/es\/#organization"},"potentialAction":[{"@type":"SearchAction","target":{"@type":"EntryPoint","urlTemplate":"https:\/\/livingwaters.com\/es\/?s={search_term_string}"},"query-input":{"@type":"PropertyValueSpecification","valueRequired":true,"valueName":"search_term_string"}}],"inLanguage":"es"},{"@type":"Organization","@id":"https:\/\/livingwaters.com\/es\/#organization","name":"Living Waters","url":"https:\/\/livingwaters.com\/es\/","logo":{"@type":"ImageObject","inLanguage":"es","@id":"https:\/\/livingwaters.com\/es\/#\/schema\/logo\/image\/","url":"https:\/\/livingwaters.com\/wp-content\/uploads\/2017\/12\/logo-blue.png","contentUrl":"https:\/\/livingwaters.com\/wp-content\/uploads\/2017\/12\/logo-blue.png","width":152,"height":42,"caption":"Living Waters"},"image":{"@id":"https:\/\/livingwaters.com\/es\/#\/schema\/logo\/image\/"},"sameAs":["https:\/\/www.facebook.com\/lwwotm\/","https:\/\/x.com\/LivingWatersPub","https:\/\/www.instagram.com\/livingwatersofficial\/","https:\/\/www.youtube.com\/thewayofthemaster"]}]}},"_links":{"self":[{"href":"https:\/\/livingwaters.com\/es\/wp-json\/wp\/v2\/product\/368555","targetHints":{"allow":["GET"]}}],"collection":[{"href":"https:\/\/livingwaters.com\/es\/wp-json\/wp\/v2\/product"}],"about":[{"href":"https:\/\/livingwaters.com\/es\/wp-json\/wp\/v2\/types\/product"}],"replies":[{"embeddable":true,"href":"https:\/\/livingwaters.com\/es\/wp-json\/wp\/v2\/comments?post=368555"}],"wp:featuredmedia":[{"embeddable":true,"href":"https:\/\/livingwaters.com\/es\/wp-json\/wp\/v2\/media\/368562"}],"wp:attachment":[{"href":"https:\/\/livingwaters.com\/es\/wp-json\/wp\/v2\/media?parent=368555"}],"wp:term":[{"taxonomy":"product_author","embeddable":true,"href":"https:\/\/livingwaters.com\/es\/wp-json\/wp\/v2\/product_author?post=368555"},{"taxonomy":"product_collection","embeddable":true,"href":"https:\/\/livingwaters.com\/es\/wp-json\/wp\/v2\/product_collection?post=368555"},{"taxonomy":"product_topic","embeddable":true,"href":"https:\/\/livingwaters.com\/es\/wp-json\/wp\/v2\/product_topic?post=368555"},{"taxonomy":"product_brand","embeddable":true,"href":"https:\/\/livingwaters.com\/es\/wp-json\/wp\/v2\/product_brand?post=368555"},{"taxonomy":"product_cat","embeddable":true,"href":"https:\/\/livingwaters.com\/es\/wp-json\/wp\/v2\/product_cat?post=368555"},{"taxonomy":"product_tag","embeddable":true,"href":"https:\/\/livingwaters.com\/es\/wp-json\/wp\/v2\/product_tag?post=368555"}],"curies":[{"name":"wp","href":"https:\/\/api.w.org\/{rel}","templated":true}]}}