{"id":377398,"date":"2023-04-25T09:10:59","date_gmt":"2023-04-25T16:10:59","guid":{"rendered":"https:\/\/livingwaters.com\/store\/sin%20categor\u00eda\/what-is-itlo-matarias-mp4\/"},"modified":"2026-05-07T16:32:53","modified_gmt":"2026-05-07T23:32:53","slug":"lo-matarias-mp4","status":"publish","type":"product","link":"https:\/\/livingwaters.com\/es\/tienda\/descargas\/lo-matarias-mp4\/","title":{"rendered":"\u00bfLo Matar\u00edas? (MP4)"},"content":{"rendered":"<div class=\"wpb-content-wrapper\">[vc_row][vc_column][vc_video link=&#8221;https:\/\/www.youtube.com\/embed\/LnGhjpZ9YnA&#8221;][\/vc_column][\/vc_row][vc_row][vc_column][vc_column_text]<b>53 minutos, MP4.<\/b><\/p>\n<p>Fuiste t\u00fa desde el momento de la concepci\u00f3n: un ser humano \u00fanico que nunca se repetir\u00e1 en toda la historia de la humanidad. El aborto es uno de los temas m\u00e1s debatidos en el mundo. Saliendo a la calle con razonamientos de sentido com\u00fan, Mark Spence, Ray Comfort y Emeal (\u201cE.Z.\u201d) Zwayne utilizan la ciencia, la filosof\u00eda y la teolog\u00eda para cambiar las mentes incluso de los partidarios m\u00e1s ac\u00e9rrimos del aborto. La compleja cuesti\u00f3n de si el aborto es bueno o malo se puede simplificar respondiendo una pregunta: \u201c\u00bfQu\u00e9 es?\u201d<\/p>\n<p><b>***Por favor, tenga en cuenta que en este momento no admitimos descargas directas a dispositivos Apple (iPad, iPhone, iPod) o a la mayor\u00eda de las tabletas. Para esos dispositivos, primero tendr\u00e1s que descargarlos en un ordenador y luego copiar los archivos a trav\u00e9s de iTunes o un programa similar.<\/b>[\/vc_column_text][\/vc_column][\/vc_row]\n<\/div>","protected":false},"excerpt":{"rendered":"<p>Saliendo a la calle con razonamientos de sentido com\u00fan, Mark Spence, Ray Comfort y Emeal (\u201cE.Z.\u201d) Zwayne utilizan la ciencia, la filosof\u00eda y la teolog\u00eda para cambiar las mentes incluso de los partidarios m\u00e1s ac\u00e9rrimos del aborto. La compleja cuesti\u00f3n de si el aborto es bueno o malo se puede simplificar respondiendo una pregunta: \u201c\u00bfQu\u00e9 es?\u201d<\/p>\n","protected":false},"featured_media":377344,"comment_status":"open","ping_status":"closed","template":"","meta":{"_acf_changed":false,"_angie_page":false},"product_author":[9426,9427],"product_collection":[11392],"product_topic":[10790],"product_brand":[],"product_cat":[8205,10735],"product_tag":[11934],"class_list":{"0":"post-377398","1":"product","2":"type-product","3":"status-publish","4":"has-post-thumbnail","6":"product_author-emeal-zwayne","7":"product_author-mark-spence","8":"product_collection-peliculas","9":"product_topic-pro-vida","10":"product_cat-descargas","11":"product_cat-video","12":"product_tag-featured-spanish-es","13":"pa_language-espanol","14":"pa_language-ingles","15":"entry","16":"has-media","18":"first","19":"instock","20":"sold-individually","21":"purchasable","22":"product-type-variable","23":"has-default-attributes"},"group_of_quantity":0,"min_quantity":0,"max_quantity":"","exclude_order_quantity_value_rules":"no","exclude_category_quantity_rules":"no","combine_variations":"no","acf":[],"yoast_head":"<!-- This site is optimized with the Yoast SEO Premium plugin v27.3 (Yoast SEO v27.6) - https:\/\/yoast.com\/product\/yoast-seo-premium-wordpress\/ -->\n<title>\u00bfLo Matar\u00edas? (MP4) - Living Waters<\/title>\n<meta name=\"robots\" content=\"index, follow, max-snippet:-1, max-image-preview:large, max-video-preview:-1\" \/>\n<link rel=\"canonical\" href=\"https:\/\/livingwaters.com\/es\/tienda\/descargas\/lo-matarias-mp4\/\" \/>\n<meta property=\"og:locale\" content=\"es_ES\" \/>\n<meta property=\"og:type\" content=\"article\" \/>\n<meta property=\"og:title\" content=\"\u00bfLo Matar\u00edas? (MP4)\" \/>\n<meta property=\"og:description\" content=\"Saliendo a la calle con razonamientos de sentido com\u00fan, Mark Spence, Ray Comfort y Emeal (\u201cE.Z.\u201d) Zwayne utilizan la ciencia, la filosof\u00eda y la teolog\u00eda para cambiar las mentes incluso de los partidarios m\u00e1s ac\u00e9rrimos del aborto. La compleja cuesti\u00f3n de si el aborto es bueno o malo se puede simplificar respondiendo una pregunta: \u201c\u00bfQu\u00e9 es?\u201d\" \/>\n<meta property=\"og:url\" content=\"https:\/\/livingwaters.com\/es\/tienda\/descargas\/lo-matarias-mp4\/\" \/>\n<meta property=\"og:site_name\" content=\"Living Waters\" \/>\n<meta property=\"article:publisher\" content=\"https:\/\/www.facebook.com\/lwwotm\/\" \/>\n<meta property=\"article:modified_time\" content=\"2026-05-07T23:32:53+00:00\" \/>\n<meta property=\"og:image\" content=\"https:\/\/livingwaters.com\/wp-content\/uploads\/2023\/09\/store_lo-matarias-spanish_product_image-MP4-1.jpg\" \/>\n\t<meta property=\"og:image:width\" content=\"1280\" \/>\n\t<meta property=\"og:image:height\" content=\"1280\" \/>\n\t<meta property=\"og:image:type\" content=\"image\/jpeg\" \/>\n<meta name=\"twitter:card\" content=\"summary_large_image\" \/>\n<meta name=\"twitter:site\" content=\"@LivingWatersPub\" \/>\n<meta name=\"twitter:label1\" content=\"Tiempo de lectura\" \/>\n\t<meta name=\"twitter:data1\" content=\"1 minuto\" \/>\n<script type=\"application\/ld+json\" class=\"yoast-schema-graph\">{\"@context\":\"https:\\\/\\\/schema.org\",\"@graph\":[{\"@type\":\"WebPage\",\"@id\":\"https:\\\/\\\/livingwaters.com\\\/es\\\/tienda\\\/descargas\\\/lo-matarias-mp4\\\/\",\"url\":\"https:\\\/\\\/livingwaters.com\\\/es\\\/tienda\\\/descargas\\\/lo-matarias-mp4\\\/\",\"name\":\"\u00bfLo Matar\u00edas? (MP4) - Living Waters\",\"isPartOf\":{\"@id\":\"https:\\\/\\\/livingwaters.com\\\/es\\\/#website\"},\"primaryImageOfPage\":{\"@id\":\"https:\\\/\\\/livingwaters.com\\\/es\\\/tienda\\\/descargas\\\/lo-matarias-mp4\\\/#primaryimage\"},\"image\":{\"@id\":\"https:\\\/\\\/livingwaters.com\\\/es\\\/tienda\\\/descargas\\\/lo-matarias-mp4\\\/#primaryimage\"},\"thumbnailUrl\":\"https:\\\/\\\/livingwaters.com\\\/wp-content\\\/uploads\\\/2023\\\/09\\\/store_lo-matarias-spanish_product_image-MP4-1.jpg\",\"datePublished\":\"2023-04-25T16:10:59+00:00\",\"dateModified\":\"2026-05-07T23:32:53+00:00\",\"breadcrumb\":{\"@id\":\"https:\\\/\\\/livingwaters.com\\\/es\\\/tienda\\\/descargas\\\/lo-matarias-mp4\\\/#breadcrumb\"},\"inLanguage\":\"es\",\"potentialAction\":[{\"@type\":\"ReadAction\",\"target\":[\"https:\\\/\\\/livingwaters.com\\\/es\\\/tienda\\\/descargas\\\/lo-matarias-mp4\\\/\"]}]},{\"@type\":\"ImageObject\",\"inLanguage\":\"es\",\"@id\":\"https:\\\/\\\/livingwaters.com\\\/es\\\/tienda\\\/descargas\\\/lo-matarias-mp4\\\/#primaryimage\",\"url\":\"https:\\\/\\\/livingwaters.com\\\/wp-content\\\/uploads\\\/2023\\\/09\\\/store_lo-matarias-spanish_product_image-MP4-1.jpg\",\"contentUrl\":\"https:\\\/\\\/livingwaters.com\\\/wp-content\\\/uploads\\\/2023\\\/09\\\/store_lo-matarias-spanish_product_image-MP4-1.jpg\",\"width\":1280,\"height\":1280},{\"@type\":\"BreadcrumbList\",\"@id\":\"https:\\\/\\\/livingwaters.com\\\/es\\\/tienda\\\/descargas\\\/lo-matarias-mp4\\\/#breadcrumb\",\"itemListElement\":[{\"@type\":\"ListItem\",\"position\":1,\"name\":\"Home\",\"item\":\"https:\\\/\\\/livingwaters.com\\\/es\\\/\"},{\"@type\":\"ListItem\",\"position\":2,\"name\":\"Productos\",\"item\":\"https:\\\/\\\/livingwaters.com\\\/es\\\/shop\\\/\"},{\"@type\":\"ListItem\",\"position\":3,\"name\":\"Descargas\",\"item\":\"https:\\\/\\\/livingwaters.com\\\/es\\\/categoria-producto\\\/descargas\\\/\"},{\"@type\":\"ListItem\",\"position\":4,\"name\":\"\u00bfLo Matar\u00edas? (MP4)\"}]},{\"@type\":\"WebSite\",\"@id\":\"https:\\\/\\\/livingwaters.com\\\/es\\\/#website\",\"url\":\"https:\\\/\\\/livingwaters.com\\\/es\\\/\",\"name\":\"Living Waters\",\"description\":\"Inspiring. Equipping. Fulfilling.\",\"publisher\":{\"@id\":\"https:\\\/\\\/livingwaters.com\\\/es\\\/#organization\"},\"potentialAction\":[{\"@type\":\"SearchAction\",\"target\":{\"@type\":\"EntryPoint\",\"urlTemplate\":\"https:\\\/\\\/livingwaters.com\\\/es\\\/?s={search_term_string}\"},\"query-input\":{\"@type\":\"PropertyValueSpecification\",\"valueRequired\":true,\"valueName\":\"search_term_string\"}}],\"inLanguage\":\"es\"},{\"@type\":\"Organization\",\"@id\":\"https:\\\/\\\/livingwaters.com\\\/es\\\/#organization\",\"name\":\"Living Waters\",\"url\":\"https:\\\/\\\/livingwaters.com\\\/es\\\/\",\"logo\":{\"@type\":\"ImageObject\",\"inLanguage\":\"es\",\"@id\":\"https:\\\/\\\/livingwaters.com\\\/es\\\/#\\\/schema\\\/logo\\\/image\\\/\",\"url\":\"https:\\\/\\\/livingwaters.com\\\/wp-content\\\/uploads\\\/2017\\\/12\\\/logo-blue.png\",\"contentUrl\":\"https:\\\/\\\/livingwaters.com\\\/wp-content\\\/uploads\\\/2017\\\/12\\\/logo-blue.png\",\"width\":152,\"height\":42,\"caption\":\"Living Waters\"},\"image\":{\"@id\":\"https:\\\/\\\/livingwaters.com\\\/es\\\/#\\\/schema\\\/logo\\\/image\\\/\"},\"sameAs\":[\"https:\\\/\\\/www.facebook.com\\\/lwwotm\\\/\",\"https:\\\/\\\/x.com\\\/LivingWatersPub\",\"https:\\\/\\\/www.instagram.com\\\/livingwatersofficial\\\/\",\"https:\\\/\\\/www.youtube.com\\\/thewayofthemaster\"]}]}<\/script>\n<!-- \/ Yoast SEO Premium plugin. -->","yoast_head_json":{"title":"\u00bfLo Matar\u00edas? (MP4) - Living Waters","robots":{"index":"index","follow":"follow","max-snippet":"max-snippet:-1","max-image-preview":"max-image-preview:large","max-video-preview":"max-video-preview:-1"},"canonical":"https:\/\/livingwaters.com\/es\/tienda\/descargas\/lo-matarias-mp4\/","og_locale":"es_ES","og_type":"article","og_title":"\u00bfLo Matar\u00edas? (MP4)","og_description":"Saliendo a la calle con razonamientos de sentido com\u00fan, Mark Spence, Ray Comfort y Emeal (\u201cE.Z.\u201d) Zwayne utilizan la ciencia, la filosof\u00eda y la teolog\u00eda para cambiar las mentes incluso de los partidarios m\u00e1s ac\u00e9rrimos del aborto. La compleja cuesti\u00f3n de si el aborto es bueno o malo se puede simplificar respondiendo una pregunta: \u201c\u00bfQu\u00e9 es?\u201d","og_url":"https:\/\/livingwaters.com\/es\/tienda\/descargas\/lo-matarias-mp4\/","og_site_name":"Living Waters","article_publisher":"https:\/\/www.facebook.com\/lwwotm\/","article_modified_time":"2026-05-07T23:32:53+00:00","og_image":[{"width":1280,"height":1280,"url":"https:\/\/livingwaters.com\/wp-content\/uploads\/2023\/09\/store_lo-matarias-spanish_product_image-MP4-1.jpg","type":"image\/jpeg"}],"twitter_card":"summary_large_image","twitter_site":"@LivingWatersPub","twitter_misc":{"Tiempo de lectura":"1 minuto"},"schema":{"@context":"https:\/\/schema.org","@graph":[{"@type":"WebPage","@id":"https:\/\/livingwaters.com\/es\/tienda\/descargas\/lo-matarias-mp4\/","url":"https:\/\/livingwaters.com\/es\/tienda\/descargas\/lo-matarias-mp4\/","name":"\u00bfLo Matar\u00edas? (MP4) - Living Waters","isPartOf":{"@id":"https:\/\/livingwaters.com\/es\/#website"},"primaryImageOfPage":{"@id":"https:\/\/livingwaters.com\/es\/tienda\/descargas\/lo-matarias-mp4\/#primaryimage"},"image":{"@id":"https:\/\/livingwaters.com\/es\/tienda\/descargas\/lo-matarias-mp4\/#primaryimage"},"thumbnailUrl":"https:\/\/livingwaters.com\/wp-content\/uploads\/2023\/09\/store_lo-matarias-spanish_product_image-MP4-1.jpg","datePublished":"2023-04-25T16:10:59+00:00","dateModified":"2026-05-07T23:32:53+00:00","breadcrumb":{"@id":"https:\/\/livingwaters.com\/es\/tienda\/descargas\/lo-matarias-mp4\/#breadcrumb"},"inLanguage":"es","potentialAction":[{"@type":"ReadAction","target":["https:\/\/livingwaters.com\/es\/tienda\/descargas\/lo-matarias-mp4\/"]}]},{"@type":"ImageObject","inLanguage":"es","@id":"https:\/\/livingwaters.com\/es\/tienda\/descargas\/lo-matarias-mp4\/#primaryimage","url":"https:\/\/livingwaters.com\/wp-content\/uploads\/2023\/09\/store_lo-matarias-spanish_product_image-MP4-1.jpg","contentUrl":"https:\/\/livingwaters.com\/wp-content\/uploads\/2023\/09\/store_lo-matarias-spanish_product_image-MP4-1.jpg","width":1280,"height":1280},{"@type":"BreadcrumbList","@id":"https:\/\/livingwaters.com\/es\/tienda\/descargas\/lo-matarias-mp4\/#breadcrumb","itemListElement":[{"@type":"ListItem","position":1,"name":"Home","item":"https:\/\/livingwaters.com\/es\/"},{"@type":"ListItem","position":2,"name":"Productos","item":"https:\/\/livingwaters.com\/es\/shop\/"},{"@type":"ListItem","position":3,"name":"Descargas","item":"https:\/\/livingwaters.com\/es\/categoria-producto\/descargas\/"},{"@type":"ListItem","position":4,"name":"\u00bfLo Matar\u00edas? (MP4)"}]},{"@type":"WebSite","@id":"https:\/\/livingwaters.com\/es\/#website","url":"https:\/\/livingwaters.com\/es\/","name":"Living Waters","description":"Inspiring. Equipping. Fulfilling.","publisher":{"@id":"https:\/\/livingwaters.com\/es\/#organization"},"potentialAction":[{"@type":"SearchAction","target":{"@type":"EntryPoint","urlTemplate":"https:\/\/livingwaters.com\/es\/?s={search_term_string}"},"query-input":{"@type":"PropertyValueSpecification","valueRequired":true,"valueName":"search_term_string"}}],"inLanguage":"es"},{"@type":"Organization","@id":"https:\/\/livingwaters.com\/es\/#organization","name":"Living Waters","url":"https:\/\/livingwaters.com\/es\/","logo":{"@type":"ImageObject","inLanguage":"es","@id":"https:\/\/livingwaters.com\/es\/#\/schema\/logo\/image\/","url":"https:\/\/livingwaters.com\/wp-content\/uploads\/2017\/12\/logo-blue.png","contentUrl":"https:\/\/livingwaters.com\/wp-content\/uploads\/2017\/12\/logo-blue.png","width":152,"height":42,"caption":"Living Waters"},"image":{"@id":"https:\/\/livingwaters.com\/es\/#\/schema\/logo\/image\/"},"sameAs":["https:\/\/www.facebook.com\/lwwotm\/","https:\/\/x.com\/LivingWatersPub","https:\/\/www.instagram.com\/livingwatersofficial\/","https:\/\/www.youtube.com\/thewayofthemaster"]}]}},"_links":{"self":[{"href":"https:\/\/livingwaters.com\/es\/wp-json\/wp\/v2\/product\/377398","targetHints":{"allow":["GET"]}}],"collection":[{"href":"https:\/\/livingwaters.com\/es\/wp-json\/wp\/v2\/product"}],"about":[{"href":"https:\/\/livingwaters.com\/es\/wp-json\/wp\/v2\/types\/product"}],"replies":[{"embeddable":true,"href":"https:\/\/livingwaters.com\/es\/wp-json\/wp\/v2\/comments?post=377398"}],"wp:featuredmedia":[{"embeddable":true,"href":"https:\/\/livingwaters.com\/es\/wp-json\/wp\/v2\/media\/377344"}],"wp:attachment":[{"href":"https:\/\/livingwaters.com\/es\/wp-json\/wp\/v2\/media?parent=377398"}],"wp:term":[{"taxonomy":"product_author","embeddable":true,"href":"https:\/\/livingwaters.com\/es\/wp-json\/wp\/v2\/product_author?post=377398"},{"taxonomy":"product_collection","embeddable":true,"href":"https:\/\/livingwaters.com\/es\/wp-json\/wp\/v2\/product_collection?post=377398"},{"taxonomy":"product_topic","embeddable":true,"href":"https:\/\/livingwaters.com\/es\/wp-json\/wp\/v2\/product_topic?post=377398"},{"taxonomy":"product_brand","embeddable":true,"href":"https:\/\/livingwaters.com\/es\/wp-json\/wp\/v2\/product_brand?post=377398"},{"taxonomy":"product_cat","embeddable":true,"href":"https:\/\/livingwaters.com\/es\/wp-json\/wp\/v2\/product_cat?post=377398"},{"taxonomy":"product_tag","embeddable":true,"href":"https:\/\/livingwaters.com\/es\/wp-json\/wp\/v2\/product_tag?post=377398"}],"curies":[{"name":"wp","href":"https:\/\/api.w.org\/{rel}","templated":true}]}}