{"id":385308,"date":"2015-01-19T21:19:14","date_gmt":"2015-01-20T05:19:14","guid":{"rendered":"https:\/\/livingwaters.com\/store\/sin%20categor\u00eda\/moneda-con-los-diez-mandamientos\/"},"modified":"2026-04-05T10:36:08","modified_gmt":"2026-04-05T17:36:08","slug":"moneda-con-los-diez-mandamientos","status":"publish","type":"product","link":"https:\/\/livingwaters.com\/es\/tienda\/tratado-evangelistico\/moneda-con-los-diez-mandamientos\/","title":{"rendered":"Moneda con los Diez Mandamientos"},"content":{"rendered":"<div class=\"wpb-content-wrapper\">[vc_row][vc_column][vc_column_text]Estas monedas tienen los Diez Mandamientos en una cara y el Evangelio en la otra. Estas monedas de aluminio brillante se pueden leer f\u00e1cilmente al inclinarlas hacia la luz. Constituyen un excelente trampol\u00edn hacia el Evangelio y un maravilloso regalo para los que no son salvos;<\/p>\n<p>El anverso presenta los Diez Mandamientos; La escritura que recorre el borde exterior de la moneda inglesa es Santiago 2:10: &#8220;Porque cualquiera que guardare toda la Ley, y ofendiere en un punto, es culpable de todos&#8221;;<\/p>\n<p>El reverso contiene un mensaje evang\u00e9lico breve y sencillo; Dice as\u00ed: &#8220;Tienes que enfrentarte a un Dios Santo en el D\u00eda del Juicio. \u00c9l ve la lujuria como adulterio (Mateo 5:28) y el odio como asesinato (1 Juan 3:15). \u00bfSer\u00e1s culpable? Jes\u00fas tom\u00f3 tu castigo en la cruz, y resucit\u00f3, derrotando a la muerte, para salvarte del Infierno. Arrepi\u00e9ntete (Lucas 13:5) y conf\u00eda en \u00c9l hoy mismo&#8221; En la parte inferior del mensaje evang\u00e9lico se menciona claramente un sitio web evangel\u00edstico en el que el no creyente puede obtener m\u00e1s informaci\u00f3n: NecesitasADios.com. The scripture that runs around the outer edge of this side in English is John 3:16: \u201cFor God so loved the world that He gave His only begotten Son, that whoever believes in Him should not perish, but have everlasting life.\u201d<\/p>\n<p>&#8220;<i>Soy militar y las monedas de los Diez Mandamientos me parecen muy \u00fatiles y pr\u00e1cticas; Normalmente, los miembros del servicio reciben monedas a lo largo de su carrera militar para reconocer sus logros espec\u00edficos; La reacci\u00f3n inicial al recibir las monedas es positiva; Animo a otros cristianos del Departamento de Defensa a que apliquen tambi\u00e9n esta t\u00e9cnica;<\/i>&#8221; \u2014Josh[\/vc_column_text][\/vc_column][\/vc_row][vc_row][vc_column width=&#8221;1\/2&#8243;]<style>.vcex-heading.vcex_69d2dfefca59f{font-size:1em;text-transform:uppercase;}<\/style><h3 class=\"vcex-heading vcex-heading-bottom-border-w-color vcex-module wpex-heading wpex-text-2xl wpex-text-left vc_custom_1599833740167 wpex-border-b-2 wpex-border-solid wpex-border-main vcex_69d2dfefca59f\"><span class=\"vcex-heading-inner wpex-inline-block wpex-relative wpex-pb-5 wpex-border-b-2 wpex-border-solid wpex-border-accent\">Rese\u00f1as<\/span><\/h3>[vc_column_text]\n<div id=\"comment-387955\" class=\"comment_container\">\n<div class=\"comment-text\">\n<div class=\"description\">\n<p><em>&#8220;Las monedas tienen un aspecto estupendo y si dejas una en el suelo o en otros lugares desaparecen r\u00e1pidamente. Tambi\u00e9n son populares entre los j\u00f3venes que no les gusta leer tratados de papel. Gracias equipo \u00a1Dios los bendiga!&#8221;<\/em><br \/>\n<strong class=\"woocommerce-review__author\">&#8211; Alicia<\/strong><\/p>\n<\/div>\n<\/div>\n<\/div>\n[\/vc_column_text][\/vc_column][\/vc_row]\n<\/div>","protected":false},"excerpt":{"rendered":"<p>Moneda de aluminio brillante que contiene los Diez Mandamientos en una cara y un mensaje evang\u00e9lico en el reverso.<\/p>\n","protected":false},"featured_media":388669,"comment_status":"open","ping_status":"closed","template":"","meta":{"_acf_changed":false,"_searchwp_excluded":""},"product_author":[],"product_collection":[10811,11530,11538],"product_topic":[],"product_brand":[],"product_cat":[8193],"product_tag":[11069],"class_list":{"0":"post-385308","1":"product","2":"type-product","3":"status-publish","4":"has-post-thumbnail","6":"product_collection-dinero","7":"product_collection-halloween-outreach-es","8":"product_collection-los-diez-mandamientos","9":"product_cat-tratado-evangelistico","10":"product_tag-equipate-para-el-alcance","11":"pa_language-espanol","12":"pa_language-ingles","13":"entry","14":"has-media","16":"first","17":"instock","18":"taxable","19":"shipping-taxable","20":"purchasable","21":"product-type-variable","22":"has-default-attributes"},"group_of_quantity":0,"min_quantity":0,"max_quantity":"","exclude_order_quantity_value_rules":"no","exclude_category_quantity_rules":"no","combine_variations":"no","acf":[],"yoast_head":"<!-- This site is optimized with the Yoast SEO Premium plugin v27.2 (Yoast SEO v27.2) - https:\/\/yoast.com\/product\/yoast-seo-premium-wordpress\/ -->\n<title>Moneda con los Diez Mandamientos - Living Waters<\/title>\n<meta name=\"description\" content=\"Moneda de aluminio brillante que contiene los Diez Mandamientos en una cara y un mensaje evang\u00e9lico en el reverso.\" \/>\n<meta name=\"robots\" content=\"index, follow, max-snippet:-1, max-image-preview:large, max-video-preview:-1\" \/>\n<link rel=\"canonical\" href=\"https:\/\/livingwaters.com\/es\/tienda\/tratado-evangelistico\/moneda-con-los-diez-mandamientos\/\" \/>\n<meta property=\"og:locale\" content=\"es_ES\" \/>\n<meta property=\"og:type\" content=\"article\" \/>\n<meta property=\"og:title\" content=\"Moneda con los Diez Mandamientos\" \/>\n<meta property=\"og:description\" content=\"Moneda de aluminio brillante que contiene los Diez Mandamientos en una cara y un mensaje evang\u00e9lico en el reverso.\" \/>\n<meta property=\"og:url\" content=\"https:\/\/livingwaters.com\/es\/tienda\/tratado-evangelistico\/moneda-con-los-diez-mandamientos\/\" \/>\n<meta property=\"og:site_name\" content=\"Living Waters\" \/>\n<meta property=\"article:publisher\" content=\"https:\/\/www.facebook.com\/lwwotm\/\" \/>\n<meta property=\"article:modified_time\" content=\"2026-04-05T17:36:08+00:00\" \/>\n<meta property=\"og:image\" content=\"https:\/\/livingwaters.com\/wp-content\/uploads\/2015\/01\/283-9-1.jpg\" \/>\n\t<meta property=\"og:image:width\" content=\"1280\" \/>\n\t<meta property=\"og:image:height\" content=\"1280\" \/>\n\t<meta property=\"og:image:type\" content=\"image\/jpeg\" \/>\n<meta name=\"twitter:card\" content=\"summary_large_image\" \/>\n<meta name=\"twitter:site\" content=\"@LivingWatersPub\" \/>\n<meta name=\"twitter:label1\" content=\"Tiempo de lectura\" \/>\n\t<meta name=\"twitter:data1\" content=\"2 minutos\" \/>\n<script type=\"application\/ld+json\" class=\"yoast-schema-graph\">{\"@context\":\"https:\/\/schema.org\",\"@graph\":[{\"@type\":\"WebPage\",\"@id\":\"https:\/\/livingwaters.com\/es\/tienda\/tratado-evangelistico\/moneda-con-los-diez-mandamientos\/\",\"url\":\"https:\/\/livingwaters.com\/es\/tienda\/tratado-evangelistico\/moneda-con-los-diez-mandamientos\/\",\"name\":\"Moneda con los Diez Mandamientos - Living Waters\",\"isPartOf\":{\"@id\":\"https:\/\/livingwaters.com\/es\/#website\"},\"primaryImageOfPage\":{\"@id\":\"https:\/\/livingwaters.com\/es\/tienda\/tratado-evangelistico\/moneda-con-los-diez-mandamientos\/#primaryimage\"},\"image\":{\"@id\":\"https:\/\/livingwaters.com\/es\/tienda\/tratado-evangelistico\/moneda-con-los-diez-mandamientos\/#primaryimage\"},\"thumbnailUrl\":\"https:\/\/livingwaters.com\/wp-content\/uploads\/2015\/01\/283-9-1.jpg\",\"datePublished\":\"2015-01-20T05:19:14+00:00\",\"dateModified\":\"2026-04-05T17:36:08+00:00\",\"description\":\"Moneda de aluminio brillante que contiene los Diez Mandamientos en una cara y un mensaje evang\u00e9lico en el reverso.\",\"breadcrumb\":{\"@id\":\"https:\/\/livingwaters.com\/es\/tienda\/tratado-evangelistico\/moneda-con-los-diez-mandamientos\/#breadcrumb\"},\"inLanguage\":\"es\",\"potentialAction\":[{\"@type\":\"ReadAction\",\"target\":[\"https:\/\/livingwaters.com\/es\/tienda\/tratado-evangelistico\/moneda-con-los-diez-mandamientos\/\"]}]},{\"@type\":\"ImageObject\",\"inLanguage\":\"es\",\"@id\":\"https:\/\/livingwaters.com\/es\/tienda\/tratado-evangelistico\/moneda-con-los-diez-mandamientos\/#primaryimage\",\"url\":\"https:\/\/livingwaters.com\/wp-content\/uploads\/2015\/01\/283-9-1.jpg\",\"contentUrl\":\"https:\/\/livingwaters.com\/wp-content\/uploads\/2015\/01\/283-9-1.jpg\",\"width\":1280,\"height\":1280},{\"@type\":\"BreadcrumbList\",\"@id\":\"https:\/\/livingwaters.com\/es\/tienda\/tratado-evangelistico\/moneda-con-los-diez-mandamientos\/#breadcrumb\",\"itemListElement\":[{\"@type\":\"ListItem\",\"position\":1,\"name\":\"Home\",\"item\":\"https:\/\/livingwaters.com\/es\/\"},{\"@type\":\"ListItem\",\"position\":2,\"name\":\"Productos\",\"item\":\"https:\/\/livingwaters.com\/es\/shop\/\"},{\"@type\":\"ListItem\",\"position\":3,\"name\":\"Tratado Evangel\u00edstico\",\"item\":\"https:\/\/livingwaters.com\/es\/categoria-producto\/tratado-evangelistico\/\"},{\"@type\":\"ListItem\",\"position\":4,\"name\":\"Moneda con los Diez Mandamientos\"}]},{\"@type\":\"WebSite\",\"@id\":\"https:\/\/livingwaters.com\/es\/#website\",\"url\":\"https:\/\/livingwaters.com\/es\/\",\"name\":\"Living Waters\",\"description\":\"Inspiring. Equipping. Fulfilling.\",\"publisher\":{\"@id\":\"https:\/\/livingwaters.com\/es\/#organization\"},\"potentialAction\":[{\"@type\":\"SearchAction\",\"target\":{\"@type\":\"EntryPoint\",\"urlTemplate\":\"https:\/\/livingwaters.com\/es\/?s={search_term_string}\"},\"query-input\":{\"@type\":\"PropertyValueSpecification\",\"valueRequired\":true,\"valueName\":\"search_term_string\"}}],\"inLanguage\":\"es\"},{\"@type\":\"Organization\",\"@id\":\"https:\/\/livingwaters.com\/es\/#organization\",\"name\":\"Living Waters\",\"url\":\"https:\/\/livingwaters.com\/es\/\",\"logo\":{\"@type\":\"ImageObject\",\"inLanguage\":\"es\",\"@id\":\"https:\/\/livingwaters.com\/es\/#\/schema\/logo\/image\/\",\"url\":\"https:\/\/livingwaters.com\/wp-content\/uploads\/2017\/12\/logo-blue.png\",\"contentUrl\":\"https:\/\/livingwaters.com\/wp-content\/uploads\/2017\/12\/logo-blue.png\",\"width\":152,\"height\":42,\"caption\":\"Living Waters\"},\"image\":{\"@id\":\"https:\/\/livingwaters.com\/es\/#\/schema\/logo\/image\/\"},\"sameAs\":[\"https:\/\/www.facebook.com\/lwwotm\/\",\"https:\/\/x.com\/LivingWatersPub\",\"https:\/\/www.instagram.com\/livingwatersofficial\/\",\"https:\/\/www.youtube.com\/thewayofthemaster\"]}]}<\/script>\n<!-- \/ Yoast SEO Premium plugin. -->","yoast_head_json":{"title":"Moneda con los Diez Mandamientos - Living Waters","description":"Moneda de aluminio brillante que contiene los Diez Mandamientos en una cara y un mensaje evang\u00e9lico en el reverso.","robots":{"index":"index","follow":"follow","max-snippet":"max-snippet:-1","max-image-preview":"max-image-preview:large","max-video-preview":"max-video-preview:-1"},"canonical":"https:\/\/livingwaters.com\/es\/tienda\/tratado-evangelistico\/moneda-con-los-diez-mandamientos\/","og_locale":"es_ES","og_type":"article","og_title":"Moneda con los Diez Mandamientos","og_description":"Moneda de aluminio brillante que contiene los Diez Mandamientos en una cara y un mensaje evang\u00e9lico en el reverso.","og_url":"https:\/\/livingwaters.com\/es\/tienda\/tratado-evangelistico\/moneda-con-los-diez-mandamientos\/","og_site_name":"Living Waters","article_publisher":"https:\/\/www.facebook.com\/lwwotm\/","article_modified_time":"2026-04-05T17:36:08+00:00","og_image":[{"width":1280,"height":1280,"url":"https:\/\/livingwaters.com\/wp-content\/uploads\/2015\/01\/283-9-1.jpg","type":"image\/jpeg"}],"twitter_card":"summary_large_image","twitter_site":"@LivingWatersPub","twitter_misc":{"Tiempo de lectura":"2 minutos"},"schema":{"@context":"https:\/\/schema.org","@graph":[{"@type":"WebPage","@id":"https:\/\/livingwaters.com\/es\/tienda\/tratado-evangelistico\/moneda-con-los-diez-mandamientos\/","url":"https:\/\/livingwaters.com\/es\/tienda\/tratado-evangelistico\/moneda-con-los-diez-mandamientos\/","name":"Moneda con los Diez Mandamientos - Living Waters","isPartOf":{"@id":"https:\/\/livingwaters.com\/es\/#website"},"primaryImageOfPage":{"@id":"https:\/\/livingwaters.com\/es\/tienda\/tratado-evangelistico\/moneda-con-los-diez-mandamientos\/#primaryimage"},"image":{"@id":"https:\/\/livingwaters.com\/es\/tienda\/tratado-evangelistico\/moneda-con-los-diez-mandamientos\/#primaryimage"},"thumbnailUrl":"https:\/\/livingwaters.com\/wp-content\/uploads\/2015\/01\/283-9-1.jpg","datePublished":"2015-01-20T05:19:14+00:00","dateModified":"2026-04-05T17:36:08+00:00","description":"Moneda de aluminio brillante que contiene los Diez Mandamientos en una cara y un mensaje evang\u00e9lico en el reverso.","breadcrumb":{"@id":"https:\/\/livingwaters.com\/es\/tienda\/tratado-evangelistico\/moneda-con-los-diez-mandamientos\/#breadcrumb"},"inLanguage":"es","potentialAction":[{"@type":"ReadAction","target":["https:\/\/livingwaters.com\/es\/tienda\/tratado-evangelistico\/moneda-con-los-diez-mandamientos\/"]}]},{"@type":"ImageObject","inLanguage":"es","@id":"https:\/\/livingwaters.com\/es\/tienda\/tratado-evangelistico\/moneda-con-los-diez-mandamientos\/#primaryimage","url":"https:\/\/livingwaters.com\/wp-content\/uploads\/2015\/01\/283-9-1.jpg","contentUrl":"https:\/\/livingwaters.com\/wp-content\/uploads\/2015\/01\/283-9-1.jpg","width":1280,"height":1280},{"@type":"BreadcrumbList","@id":"https:\/\/livingwaters.com\/es\/tienda\/tratado-evangelistico\/moneda-con-los-diez-mandamientos\/#breadcrumb","itemListElement":[{"@type":"ListItem","position":1,"name":"Home","item":"https:\/\/livingwaters.com\/es\/"},{"@type":"ListItem","position":2,"name":"Productos","item":"https:\/\/livingwaters.com\/es\/shop\/"},{"@type":"ListItem","position":3,"name":"Tratado Evangel\u00edstico","item":"https:\/\/livingwaters.com\/es\/categoria-producto\/tratado-evangelistico\/"},{"@type":"ListItem","position":4,"name":"Moneda con los Diez Mandamientos"}]},{"@type":"WebSite","@id":"https:\/\/livingwaters.com\/es\/#website","url":"https:\/\/livingwaters.com\/es\/","name":"Living Waters","description":"Inspiring. Equipping. Fulfilling.","publisher":{"@id":"https:\/\/livingwaters.com\/es\/#organization"},"potentialAction":[{"@type":"SearchAction","target":{"@type":"EntryPoint","urlTemplate":"https:\/\/livingwaters.com\/es\/?s={search_term_string}"},"query-input":{"@type":"PropertyValueSpecification","valueRequired":true,"valueName":"search_term_string"}}],"inLanguage":"es"},{"@type":"Organization","@id":"https:\/\/livingwaters.com\/es\/#organization","name":"Living Waters","url":"https:\/\/livingwaters.com\/es\/","logo":{"@type":"ImageObject","inLanguage":"es","@id":"https:\/\/livingwaters.com\/es\/#\/schema\/logo\/image\/","url":"https:\/\/livingwaters.com\/wp-content\/uploads\/2017\/12\/logo-blue.png","contentUrl":"https:\/\/livingwaters.com\/wp-content\/uploads\/2017\/12\/logo-blue.png","width":152,"height":42,"caption":"Living Waters"},"image":{"@id":"https:\/\/livingwaters.com\/es\/#\/schema\/logo\/image\/"},"sameAs":["https:\/\/www.facebook.com\/lwwotm\/","https:\/\/x.com\/LivingWatersPub","https:\/\/www.instagram.com\/livingwatersofficial\/","https:\/\/www.youtube.com\/thewayofthemaster"]}]}},"_links":{"self":[{"href":"https:\/\/livingwaters.com\/es\/wp-json\/wp\/v2\/product\/385308","targetHints":{"allow":["GET"]}}],"collection":[{"href":"https:\/\/livingwaters.com\/es\/wp-json\/wp\/v2\/product"}],"about":[{"href":"https:\/\/livingwaters.com\/es\/wp-json\/wp\/v2\/types\/product"}],"replies":[{"embeddable":true,"href":"https:\/\/livingwaters.com\/es\/wp-json\/wp\/v2\/comments?post=385308"}],"wp:featuredmedia":[{"embeddable":true,"href":"https:\/\/livingwaters.com\/es\/wp-json\/wp\/v2\/media\/388669"}],"wp:attachment":[{"href":"https:\/\/livingwaters.com\/es\/wp-json\/wp\/v2\/media?parent=385308"}],"wp:term":[{"taxonomy":"product_author","embeddable":true,"href":"https:\/\/livingwaters.com\/es\/wp-json\/wp\/v2\/product_author?post=385308"},{"taxonomy":"product_collection","embeddable":true,"href":"https:\/\/livingwaters.com\/es\/wp-json\/wp\/v2\/product_collection?post=385308"},{"taxonomy":"product_topic","embeddable":true,"href":"https:\/\/livingwaters.com\/es\/wp-json\/wp\/v2\/product_topic?post=385308"},{"taxonomy":"product_brand","embeddable":true,"href":"https:\/\/livingwaters.com\/es\/wp-json\/wp\/v2\/product_brand?post=385308"},{"taxonomy":"product_cat","embeddable":true,"href":"https:\/\/livingwaters.com\/es\/wp-json\/wp\/v2\/product_cat?post=385308"},{"taxonomy":"product_tag","embeddable":true,"href":"https:\/\/livingwaters.com\/es\/wp-json\/wp\/v2\/product_tag?post=385308"}],"curies":[{"name":"wp","href":"https:\/\/api.w.org\/{rel}","templated":true}]}}