{"id":395208,"date":"2015-02-07T21:57:14","date_gmt":"2015-02-08T05:57:14","guid":{"rendered":"https:\/\/livingwaters.com\/store\/sin%20categor\u00eda\/escuela-de-evangelismo-biblico-en-linea\/"},"modified":"2026-03-12T09:19:28","modified_gmt":"2026-03-12T16:19:28","slug":"escuela-de-evangelismo-biblico-en-linea","status":"publish","type":"product","link":"https:\/\/livingwaters.com\/es\/tienda\/curso-de-entrenamiento\/escuela-de-evangelismo-biblico-en-linea\/","title":{"rendered":"Escuela de Evangelismo B\u00edblico en l\u00ednea"},"content":{"rendered":"<div class=\"wpb-content-wrapper\">[vc_row][vc_column][vc_column_text]Esta es la p\u00e1gina de inscripci\u00f3n para <a href=\"http:\/\/www.biblicalevangelism.com\/es\/\" target=\"_blank\" rel=\"noopener\"><b>La Escuela de Evangelismo B\u00edblico (EDEB)<\/b><\/a>.<\/p>\n<p>\u00danase a m\u00e1s de 25,000 estudiantes de todo el mundo que han pasado por la escuela&#8230; de Noruega, Inglaterra, Islandia, Israel, Nueva Zelanda, Canad\u00e1, Alemania, Suiza, Argentina, Pakist\u00e1n, China, Australia, Holanda, Corea del Sur, \u00c1frica, Grecia. , Malasia, Francia, Singapur, Estados Unidos y ahora Latinoam\u00e9rica y el Caribe.<\/p>\n<p>Estudie a su propio ritmo. Si pierde algo de tiempo, contin\u00fae donde lo dej\u00f3. Cada lecci\u00f3n dura alrededor de 20 a 30 minutos (dependiendo de la profundidad con la que lo estudie). Las lecciones se pueden iniciar en cualquier momento ya que cada curso va por materia y no por fecha.<\/p>\n<p><b>Descripci\u00f3n:<\/b><br \/>\nEn este curso de estudio integral, aprender\u00e1 c\u00f3mo compartir su fe de manera simple, efectiva y b\u00edblica&#8230; como lo hizo Jes\u00fas. Descubra las herramientas evangel\u00edsticas dadas por Dios que le permitir\u00e1n hablar con confianza sobre el Salvador.<\/p>\n<p><b>Qu\u00e9 cubren las lecciones:<\/b><br \/>\nPodr\u00e1 estudiar 101 lecciones sobre temas que van desde doctrinas cristianas b\u00e1sicas hasta conocer a nuestro enemigo, desde falsas conversiones hasta demostrar la deidad de Jes\u00fas, estar\u00e1 bien equipado para responder preguntas mientras testifica a cualquier persona. Este curso de estudio lo ayudar\u00e1 a probar la autenticidad de la Biblia, brindar amplia evidencia de la creaci\u00f3n, refutar las afirmaciones de la evoluci\u00f3n, comprender las creencias de quienes pertenecen a sectas y otras religiones, y a saber c\u00f3mo llegar con el evangelio tanto a amigos como a extra\u00f1os.<\/p>\n<p>Cada una de las 101 lecciones comienza con una cita que invita a la reflexi\u00f3n, seguida de un comentario del hermano Kirk Cameron compartiendo sus pensamientos sobre el tema. En las \u201cPreguntas y Objeciones\u201d hay una pregunta u objeci\u00f3n com\u00fan a la fe cristiana junto con una respuesta.<\/p>\n<p>Al final de cada lecci\u00f3n hay varias caracter\u00edsticas para mejorar el contenido de la lecci\u00f3n. Las secciones \u201cEl progreso del predicador\u201d, escritas en el estilo del cl\u00e1sico El progreso del peregrino de John Bunyan, son ejemplos de conversaciones de testimonio destinadas a ayudar a transmitir conceptos b\u00edblicos.<\/p>\n<p>Tambi\u00e9n ver\u00e1 &#8220;Plumas por flechas&#8221;. As\u00ed como las plumas ayudan a las flechas a encontrar su objetivo, estos p\u00e1rrafos le ayudar\u00e1n a recordar ciertas verdades cuando est\u00e9 testificando o predicando. Esperamos que las \u201cPalabras de consuelo\u201d ocasionales te hagan sonre\u00edr y te consuelen si a veces haces cosas tontas.<\/p>\n<p><b>Lecciones de muestra:<\/b><br \/>\n<a href=\"https:\/\/biblicalevangelism.com\/es\/cursos\/evangelismo-biblico\/lecciones\/la-llave-olvidada-del-evangelismo-biblico\/\" target=\"_blank\" rel=\"noopener\"><span style=\"color: blue;\">La clave olvidada de la evangelizaci\u00f3n b\u00edblica<\/span><\/a><br \/>\n<a href=\"https:\/\/biblicalevangelism.com\/es\/cursos\/el-mensaje-de-salvacion\/lecciones\/el-dia-del-juicio\/\" target=\"_blank\" rel=\"noopener\"><span style=\"color: blue;\">El Juicio Final<\/span><\/a><br \/>\n<a href=\"https:\/\/biblicalevangelism.com\/es\/cursos\/oigen-divino-de-la-biblia\/lecciones\/hechos-cientificos-en-la-biblia-parte-1\/\" target=\"_blank\" rel=\"noopener\"><span style=\"color: blue;\">Hechos cient\u00edficos en la Biblia &#8211; Parte 1<\/span><\/a><\/p>\n<p>Cada lecci\u00f3n concluye con las \u201c\u00daltimas palabras\u201d de una persona reconocida, as\u00ed como con un \u201cVers\u00edculo para memorizar\u201d. Las &#8220;Preguntas&#8221; que siguen a cada lecci\u00f3n est\u00e1n dise\u00f1adas para ayudarle a recordar mejor el contenido de la lecci\u00f3n.<\/p>\n<p><b>Las ventajas del acceso en l\u00ednea:<\/b><br \/>\nPara muchas personas, el acceso en l\u00ednea es mucho m\u00e1s conveniente que llevar consigo un <a href=\"https:\/\/livingwaters.com\/product\/school-of-biblical-evangelism-textbook\/\" target=\"_blank\" rel=\"noopener\"><span style=\"color: #0000ff;\">libro de texto<\/span><\/a>. (Por un lado, el libro de texto es bastante pesado: \u00a1768 p\u00e1ginas, cerca de 2 pulgadas de grosor y un poco m\u00e1s de 3 libras!) La ventaja obvia de tener las lecciones en l\u00ednea es que puedes acceder a ellas desde CUALQUIER computadora o tel\u00e9fono con Internet, como en la oficina, la casa de un amigo, una cafeter\u00eda, la biblioteca, etc. Otra ventaja es que puedes copiar y pegar texto de las lecciones o incluso descargarlos completamente en formato Adobe Acrobat.<\/p>\n<p><b>Lo que recibir\u00e1s&#8230;<\/b><\/p>\n<p>&#8211; Acceso a la Plataforma de EDEB en cualquier lugar, deber\u00e1 asignar su usuario y contrase\u00f1a<br \/>\n&#8211; 101 lecciones (leer en l\u00ednea o descargar para verlas sin conexi\u00f3n como PDF)<\/p>\n<p><b>Despu\u00e9s de cumplir con los requisitos de Graduaci\u00f3n:<\/b><br \/>\n&#8211; Libro digital Dios tiene un plan maravilloso para tu vida \u201cEl mito del mensaje Moderno\u201d.<br \/>\n&#8211; Libro digital C\u00f3mo conducir a tus hijos a Cristo y conservarlos con \u00c9l.<br \/>\n&#8211; Libro digital Hechos Cient\u00edficos en la Biblia.<br \/>\n&#8211; Certificado digital de graduaci\u00f3n[\/vc_column_text][\/vc_column][\/vc_row][vc_row][vc_column][vc_video link=&#8221;https:\/\/www.youtube.com\/watch?v=O0NiP0xuD_I&#8221; el_width=&#8221;50&#8243; css=&#8221;&#8221; title=&#8221;Video&#8221;][\/vc_column][\/vc_row]\n<\/div>","protected":false},"excerpt":{"rendered":"<p>En Escuela de Evangelismo B\u00edblico (EDEB), usted aprender\u00e1 de una forma autodidacta a c\u00f3mo compartir su fe y el Evangelio de manera simple, efectiva y b\u00edblica, tal como lo hizo nuestro Se\u00f1or Jesucristo. Descubrir\u00e1 y podr\u00e1 aplicar todas las herramientas evangel\u00edsticas y apolog\u00e9ticas dadas por Dios en las Escrituras, que le permitir\u00e1n hablar con confianza y sin temor sobre nuestro Salvador.<\/p>\n","protected":false},"featured_media":395351,"comment_status":"open","ping_status":"closed","template":"","meta":{"_acf_changed":false,"_searchwp_excluded":""},"product_author":[],"product_collection":[11540,10817,10823],"product_topic":[10788,10789,10793,10802],"product_brand":[],"product_cat":[11074],"product_tag":[10869],"class_list":{"0":"post-395208","1":"product","2":"type-product","3":"status-publish","4":"has-post-thumbnail","6":"product_collection-cursos-de-entrenamiento","7":"product_collection-en-profundidad","8":"product_collection-escuela-de-evangelismo-biblico","9":"product_topic-apologetica","10":"product_topic-ateismo","11":"product_topic-evangelizacion","12":"product_topic-religiones-del-mundo","13":"product_cat-curso-de-entrenamiento","14":"product_tag-equipamiento","15":"pa_language-espanol","16":"pa_language-ingles","17":"entry","18":"has-media","20":"first","21":"instock","22":"sale","23":"sold-individually","24":"taxable","25":"shipping-taxable","26":"purchasable","27":"product-type-variable","28":"has-default-attributes"},"group_of_quantity":0,"min_quantity":0,"max_quantity":"","exclude_order_quantity_value_rules":"no","exclude_category_quantity_rules":"no","combine_variations":"no","acf":[],"yoast_head":"<!-- This site is optimized with the Yoast SEO Premium plugin v27.2 (Yoast SEO v27.2) - https:\/\/yoast.com\/product\/yoast-seo-premium-wordpress\/ -->\n<title>Escuela de Evangelismo B\u00edblico en l\u00ednea - Living Waters<\/title>\n<meta name=\"description\" content=\"Este curso le ayudar\u00e1 a demostrar la autenticidad de la Biblia, a proporcionar amplias pruebas de la creaci\u00f3n, a refutar las afirmaciones de la evoluci\u00f3n, a entender las creencias de las sectas y otras religiones, y a saber c\u00f3mo llegar con el evangelio tanto a amigos como a extra\u00f1os.\" \/>\n<meta name=\"robots\" content=\"index, follow, max-snippet:-1, max-image-preview:large, max-video-preview:-1\" \/>\n<link rel=\"canonical\" href=\"https:\/\/livingwaters.com\/es\/tienda\/curso-de-entrenamiento\/escuela-de-evangelismo-biblico-en-linea\/\" \/>\n<meta property=\"og:locale\" content=\"es_ES\" \/>\n<meta property=\"og:type\" content=\"article\" \/>\n<meta property=\"og:title\" content=\"Escuela de Evangelismo B\u00edblico en l\u00ednea\" \/>\n<meta property=\"og:description\" content=\"Este curso le ayudar\u00e1 a demostrar la autenticidad de la Biblia, a proporcionar amplias pruebas de la creaci\u00f3n, a refutar las afirmaciones de la evoluci\u00f3n, a entender las creencias de las sectas y otras religiones, y a saber c\u00f3mo llegar con el evangelio tanto a amigos como a extra\u00f1os.\" \/>\n<meta property=\"og:url\" content=\"https:\/\/livingwaters.com\/es\/tienda\/curso-de-entrenamiento\/escuela-de-evangelismo-biblico-en-linea\/\" \/>\n<meta property=\"og:site_name\" content=\"Living Waters\" \/>\n<meta property=\"article:publisher\" content=\"https:\/\/www.facebook.com\/lwwotm\/\" \/>\n<meta property=\"article:modified_time\" content=\"2026-03-12T16:19:28+00:00\" \/>\n<meta property=\"og:image\" content=\"https:\/\/livingwaters.com\/wp-content\/uploads\/2015\/02\/tienda_escuela-de-evangelismo-biblico.jpg\" \/>\n\t<meta property=\"og:image:width\" content=\"1280\" \/>\n\t<meta property=\"og:image:height\" content=\"1280\" \/>\n\t<meta property=\"og:image:type\" content=\"image\/jpeg\" \/>\n<meta name=\"twitter:card\" content=\"summary_large_image\" \/>\n<meta name=\"twitter:site\" content=\"@LivingWatersPub\" \/>\n<meta name=\"twitter:label1\" content=\"Tiempo de lectura\" \/>\n\t<meta name=\"twitter:data1\" content=\"3 minutos\" \/>\n<script type=\"application\/ld+json\" class=\"yoast-schema-graph\">{\"@context\":\"https:\/\/schema.org\",\"@graph\":[{\"@type\":\"WebPage\",\"@id\":\"https:\/\/livingwaters.com\/es\/tienda\/curso-de-entrenamiento\/escuela-de-evangelismo-biblico-en-linea\/\",\"url\":\"https:\/\/livingwaters.com\/es\/tienda\/curso-de-entrenamiento\/escuela-de-evangelismo-biblico-en-linea\/\",\"name\":\"Escuela de Evangelismo B\u00edblico en l\u00ednea - Living Waters\",\"isPartOf\":{\"@id\":\"https:\/\/livingwaters.com\/es\/#website\"},\"primaryImageOfPage\":{\"@id\":\"https:\/\/livingwaters.com\/es\/tienda\/curso-de-entrenamiento\/escuela-de-evangelismo-biblico-en-linea\/#primaryimage\"},\"image\":{\"@id\":\"https:\/\/livingwaters.com\/es\/tienda\/curso-de-entrenamiento\/escuela-de-evangelismo-biblico-en-linea\/#primaryimage\"},\"thumbnailUrl\":\"https:\/\/livingwaters.com\/wp-content\/uploads\/2024\/03\/tienda_escuela-de-evangelismo-biblico.jpg\",\"datePublished\":\"2015-02-08T05:57:14+00:00\",\"dateModified\":\"2026-03-12T16:19:28+00:00\",\"description\":\"Este curso le ayudar\u00e1 a demostrar la autenticidad de la Biblia, a proporcionar amplias pruebas de la creaci\u00f3n, a refutar las afirmaciones de la evoluci\u00f3n, a entender las creencias de las sectas y otras religiones, y a saber c\u00f3mo llegar con el evangelio tanto a amigos como a extra\u00f1os.\",\"breadcrumb\":{\"@id\":\"https:\/\/livingwaters.com\/es\/tienda\/curso-de-entrenamiento\/escuela-de-evangelismo-biblico-en-linea\/#breadcrumb\"},\"inLanguage\":\"es\",\"potentialAction\":[{\"@type\":\"ReadAction\",\"target\":[\"https:\/\/livingwaters.com\/es\/tienda\/curso-de-entrenamiento\/escuela-de-evangelismo-biblico-en-linea\/\"]}]},{\"@type\":\"ImageObject\",\"inLanguage\":\"es\",\"@id\":\"https:\/\/livingwaters.com\/es\/tienda\/curso-de-entrenamiento\/escuela-de-evangelismo-biblico-en-linea\/#primaryimage\",\"url\":\"https:\/\/livingwaters.com\/wp-content\/uploads\/2024\/03\/tienda_escuela-de-evangelismo-biblico.jpg\",\"contentUrl\":\"https:\/\/livingwaters.com\/wp-content\/uploads\/2024\/03\/tienda_escuela-de-evangelismo-biblico.jpg\",\"width\":1280,\"height\":1280},{\"@type\":\"BreadcrumbList\",\"@id\":\"https:\/\/livingwaters.com\/es\/tienda\/curso-de-entrenamiento\/escuela-de-evangelismo-biblico-en-linea\/#breadcrumb\",\"itemListElement\":[{\"@type\":\"ListItem\",\"position\":1,\"name\":\"Home\",\"item\":\"https:\/\/livingwaters.com\/es\/\"},{\"@type\":\"ListItem\",\"position\":2,\"name\":\"Productos\",\"item\":\"https:\/\/livingwaters.com\/es\/shop\/\"},{\"@type\":\"ListItem\",\"position\":3,\"name\":\"Curso de Entrenamiento\",\"item\":\"https:\/\/livingwaters.com\/es\/categoria-producto\/curso-de-entrenamiento\/\"},{\"@type\":\"ListItem\",\"position\":4,\"name\":\"Escuela de Evangelismo B\u00edblico en l\u00ednea\"}]},{\"@type\":\"WebSite\",\"@id\":\"https:\/\/livingwaters.com\/es\/#website\",\"url\":\"https:\/\/livingwaters.com\/es\/\",\"name\":\"Living Waters\",\"description\":\"Inspiring. Equipping. Fulfilling.\",\"publisher\":{\"@id\":\"https:\/\/livingwaters.com\/es\/#organization\"},\"potentialAction\":[{\"@type\":\"SearchAction\",\"target\":{\"@type\":\"EntryPoint\",\"urlTemplate\":\"https:\/\/livingwaters.com\/es\/?s={search_term_string}\"},\"query-input\":{\"@type\":\"PropertyValueSpecification\",\"valueRequired\":true,\"valueName\":\"search_term_string\"}}],\"inLanguage\":\"es\"},{\"@type\":\"Organization\",\"@id\":\"https:\/\/livingwaters.com\/es\/#organization\",\"name\":\"Living Waters\",\"url\":\"https:\/\/livingwaters.com\/es\/\",\"logo\":{\"@type\":\"ImageObject\",\"inLanguage\":\"es\",\"@id\":\"https:\/\/livingwaters.com\/es\/#\/schema\/logo\/image\/\",\"url\":\"https:\/\/livingwaters.com\/wp-content\/uploads\/2017\/12\/logo-blue.png\",\"contentUrl\":\"https:\/\/livingwaters.com\/wp-content\/uploads\/2017\/12\/logo-blue.png\",\"width\":152,\"height\":42,\"caption\":\"Living Waters\"},\"image\":{\"@id\":\"https:\/\/livingwaters.com\/es\/#\/schema\/logo\/image\/\"},\"sameAs\":[\"https:\/\/www.facebook.com\/lwwotm\/\",\"https:\/\/x.com\/LivingWatersPub\",\"https:\/\/www.instagram.com\/livingwatersofficial\/\",\"https:\/\/www.youtube.com\/thewayofthemaster\"]}]}<\/script>\n<!-- \/ Yoast SEO Premium plugin. -->","yoast_head_json":{"title":"Escuela de Evangelismo B\u00edblico en l\u00ednea - Living Waters","description":"Este curso le ayudar\u00e1 a demostrar la autenticidad de la Biblia, a proporcionar amplias pruebas de la creaci\u00f3n, a refutar las afirmaciones de la evoluci\u00f3n, a entender las creencias de las sectas y otras religiones, y a saber c\u00f3mo llegar con el evangelio tanto a amigos como a extra\u00f1os.","robots":{"index":"index","follow":"follow","max-snippet":"max-snippet:-1","max-image-preview":"max-image-preview:large","max-video-preview":"max-video-preview:-1"},"canonical":"https:\/\/livingwaters.com\/es\/tienda\/curso-de-entrenamiento\/escuela-de-evangelismo-biblico-en-linea\/","og_locale":"es_ES","og_type":"article","og_title":"Escuela de Evangelismo B\u00edblico en l\u00ednea","og_description":"Este curso le ayudar\u00e1 a demostrar la autenticidad de la Biblia, a proporcionar amplias pruebas de la creaci\u00f3n, a refutar las afirmaciones de la evoluci\u00f3n, a entender las creencias de las sectas y otras religiones, y a saber c\u00f3mo llegar con el evangelio tanto a amigos como a extra\u00f1os.","og_url":"https:\/\/livingwaters.com\/es\/tienda\/curso-de-entrenamiento\/escuela-de-evangelismo-biblico-en-linea\/","og_site_name":"Living Waters","article_publisher":"https:\/\/www.facebook.com\/lwwotm\/","article_modified_time":"2026-03-12T16:19:28+00:00","og_image":[{"width":1280,"height":1280,"url":"https:\/\/livingwaters.com\/wp-content\/uploads\/2015\/02\/tienda_escuela-de-evangelismo-biblico.jpg","type":"image\/jpeg"}],"twitter_card":"summary_large_image","twitter_site":"@LivingWatersPub","twitter_misc":{"Tiempo de lectura":"3 minutos"},"schema":{"@context":"https:\/\/schema.org","@graph":[{"@type":"WebPage","@id":"https:\/\/livingwaters.com\/es\/tienda\/curso-de-entrenamiento\/escuela-de-evangelismo-biblico-en-linea\/","url":"https:\/\/livingwaters.com\/es\/tienda\/curso-de-entrenamiento\/escuela-de-evangelismo-biblico-en-linea\/","name":"Escuela de Evangelismo B\u00edblico en l\u00ednea - Living Waters","isPartOf":{"@id":"https:\/\/livingwaters.com\/es\/#website"},"primaryImageOfPage":{"@id":"https:\/\/livingwaters.com\/es\/tienda\/curso-de-entrenamiento\/escuela-de-evangelismo-biblico-en-linea\/#primaryimage"},"image":{"@id":"https:\/\/livingwaters.com\/es\/tienda\/curso-de-entrenamiento\/escuela-de-evangelismo-biblico-en-linea\/#primaryimage"},"thumbnailUrl":"https:\/\/livingwaters.com\/wp-content\/uploads\/2024\/03\/tienda_escuela-de-evangelismo-biblico.jpg","datePublished":"2015-02-08T05:57:14+00:00","dateModified":"2026-03-12T16:19:28+00:00","description":"Este curso le ayudar\u00e1 a demostrar la autenticidad de la Biblia, a proporcionar amplias pruebas de la creaci\u00f3n, a refutar las afirmaciones de la evoluci\u00f3n, a entender las creencias de las sectas y otras religiones, y a saber c\u00f3mo llegar con el evangelio tanto a amigos como a extra\u00f1os.","breadcrumb":{"@id":"https:\/\/livingwaters.com\/es\/tienda\/curso-de-entrenamiento\/escuela-de-evangelismo-biblico-en-linea\/#breadcrumb"},"inLanguage":"es","potentialAction":[{"@type":"ReadAction","target":["https:\/\/livingwaters.com\/es\/tienda\/curso-de-entrenamiento\/escuela-de-evangelismo-biblico-en-linea\/"]}]},{"@type":"ImageObject","inLanguage":"es","@id":"https:\/\/livingwaters.com\/es\/tienda\/curso-de-entrenamiento\/escuela-de-evangelismo-biblico-en-linea\/#primaryimage","url":"https:\/\/livingwaters.com\/wp-content\/uploads\/2024\/03\/tienda_escuela-de-evangelismo-biblico.jpg","contentUrl":"https:\/\/livingwaters.com\/wp-content\/uploads\/2024\/03\/tienda_escuela-de-evangelismo-biblico.jpg","width":1280,"height":1280},{"@type":"BreadcrumbList","@id":"https:\/\/livingwaters.com\/es\/tienda\/curso-de-entrenamiento\/escuela-de-evangelismo-biblico-en-linea\/#breadcrumb","itemListElement":[{"@type":"ListItem","position":1,"name":"Home","item":"https:\/\/livingwaters.com\/es\/"},{"@type":"ListItem","position":2,"name":"Productos","item":"https:\/\/livingwaters.com\/es\/shop\/"},{"@type":"ListItem","position":3,"name":"Curso de Entrenamiento","item":"https:\/\/livingwaters.com\/es\/categoria-producto\/curso-de-entrenamiento\/"},{"@type":"ListItem","position":4,"name":"Escuela de Evangelismo B\u00edblico en l\u00ednea"}]},{"@type":"WebSite","@id":"https:\/\/livingwaters.com\/es\/#website","url":"https:\/\/livingwaters.com\/es\/","name":"Living Waters","description":"Inspiring. Equipping. Fulfilling.","publisher":{"@id":"https:\/\/livingwaters.com\/es\/#organization"},"potentialAction":[{"@type":"SearchAction","target":{"@type":"EntryPoint","urlTemplate":"https:\/\/livingwaters.com\/es\/?s={search_term_string}"},"query-input":{"@type":"PropertyValueSpecification","valueRequired":true,"valueName":"search_term_string"}}],"inLanguage":"es"},{"@type":"Organization","@id":"https:\/\/livingwaters.com\/es\/#organization","name":"Living Waters","url":"https:\/\/livingwaters.com\/es\/","logo":{"@type":"ImageObject","inLanguage":"es","@id":"https:\/\/livingwaters.com\/es\/#\/schema\/logo\/image\/","url":"https:\/\/livingwaters.com\/wp-content\/uploads\/2017\/12\/logo-blue.png","contentUrl":"https:\/\/livingwaters.com\/wp-content\/uploads\/2017\/12\/logo-blue.png","width":152,"height":42,"caption":"Living Waters"},"image":{"@id":"https:\/\/livingwaters.com\/es\/#\/schema\/logo\/image\/"},"sameAs":["https:\/\/www.facebook.com\/lwwotm\/","https:\/\/x.com\/LivingWatersPub","https:\/\/www.instagram.com\/livingwatersofficial\/","https:\/\/www.youtube.com\/thewayofthemaster"]}]}},"_links":{"self":[{"href":"https:\/\/livingwaters.com\/es\/wp-json\/wp\/v2\/product\/395208","targetHints":{"allow":["GET"]}}],"collection":[{"href":"https:\/\/livingwaters.com\/es\/wp-json\/wp\/v2\/product"}],"about":[{"href":"https:\/\/livingwaters.com\/es\/wp-json\/wp\/v2\/types\/product"}],"replies":[{"embeddable":true,"href":"https:\/\/livingwaters.com\/es\/wp-json\/wp\/v2\/comments?post=395208"}],"wp:featuredmedia":[{"embeddable":true,"href":"https:\/\/livingwaters.com\/es\/wp-json\/wp\/v2\/media\/395351"}],"wp:attachment":[{"href":"https:\/\/livingwaters.com\/es\/wp-json\/wp\/v2\/media?parent=395208"}],"wp:term":[{"taxonomy":"product_author","embeddable":true,"href":"https:\/\/livingwaters.com\/es\/wp-json\/wp\/v2\/product_author?post=395208"},{"taxonomy":"product_collection","embeddable":true,"href":"https:\/\/livingwaters.com\/es\/wp-json\/wp\/v2\/product_collection?post=395208"},{"taxonomy":"product_topic","embeddable":true,"href":"https:\/\/livingwaters.com\/es\/wp-json\/wp\/v2\/product_topic?post=395208"},{"taxonomy":"product_brand","embeddable":true,"href":"https:\/\/livingwaters.com\/es\/wp-json\/wp\/v2\/product_brand?post=395208"},{"taxonomy":"product_cat","embeddable":true,"href":"https:\/\/livingwaters.com\/es\/wp-json\/wp\/v2\/product_cat?post=395208"},{"taxonomy":"product_tag","embeddable":true,"href":"https:\/\/livingwaters.com\/es\/wp-json\/wp\/v2\/product_tag?post=395208"}],"curies":[{"name":"wp","href":"https:\/\/api.w.org\/{rel}","templated":true}]}}