{"id":410970,"date":"2015-02-04T21:26:05","date_gmt":"2015-02-04T21:26:05","guid":{"rendered":"https:\/\/livingwaters.com\/store\/sin%20categor\u00eda\/por-que-el-cristianismo\/"},"modified":"2026-04-05T15:26:26","modified_gmt":"2026-04-05T22:26:26","slug":"por-que-el-cristianismo","status":"publish","type":"product","link":"https:\/\/livingwaters.com\/es\/tienda\/tratado-evangelistico\/por-que-el-cristianismo\/","title":{"rendered":"\u00bfPor qu\u00e9 el Cristianismo?"},"content":{"rendered":"<div class=\"wpb-content-wrapper\">[vc_row][vc_column][vc_column_text](Folleto de 3,5&#8243; x 5&#8243;, 20 p\u00e1ginas.)<\/p>\n<p><i>\u00bfPor qu\u00e9 el Cristianismo?<\/i> muestra la diferencia entre el cristianismo y otras religiones importantes. No los menosprecia. Usando una analog\u00eda simple, muestra por qu\u00e9 el cristianismo est\u00e1 muy por encima del resto.[\/vc_column_text][\/vc_column][\/vc_row][vc_row][vc_column width=&#8221;1\/2&#8243;]<style>.vcex-heading.vcex_69d35df659682{font-size:1em;text-transform:uppercase;}<\/style><h3 class=\"vcex-heading vcex-heading-bottom-border-w-color vcex-module wpex-heading wpex-text-2xl wpex-text-left vc_custom_1592298627079 wpex-border-b-2 wpex-border-solid wpex-border-main vcex_69d35df659682\"><span class=\"vcex-heading-inner wpex-inline-block wpex-relative wpex-pb-5 wpex-border-b-2 wpex-border-solid wpex-border-accent\">V\u00eddeo<\/span><\/h3>[vc_video link=&#8221;https:\/\/www.youtube.com\/watch?v=ouEF-WK5oGs&#038;ab&#8221; css=&#8221;&#8221;][\/vc_column][vc_column width=&#8221;1\/2&#8243;]<style>.vcex-heading.vcex_69d35df65a1fe{font-size:1em;text-transform:uppercase;}<\/style><h3 class=\"vcex-heading vcex-heading-bottom-border-w-color vcex-module wpex-heading wpex-text-2xl wpex-text-left vc_custom_1599771970556 wpex-border-b-2 wpex-border-solid wpex-border-main vcex_69d35df65a1fe\"><span class=\"vcex-heading-inner wpex-inline-block wpex-relative wpex-pb-5 wpex-border-b-2 wpex-border-solid wpex-border-accent\">Rese\u00f1as<\/span><\/h3>[vc_column_text]<em>\u201cEs la mejor explicaci\u00f3n del evangelio que he le\u00eddo jam\u00e1s\u201d.<\/em><br \/>\n<strong>&#8211; Melissa D\u00eda<\/strong><\/p>\n<p><em>\u201cEste es, con diferencia, el mejor tracto para utilizar. Esto se debe a que el cristianismo es la mejor y m\u00e1s completa presentaci\u00f3n del evangelio. Me encanta repartirlos entre la gente cada vez que estoy en el aeropuerto, y se lo he entregado a ni\u00f1os desde los 5 a\u00f1os hasta los 90 a\u00f1os. He visto este tratado le\u00eddo por mucha gente y nuestra Iglesia lo reparte en eventos locales.\u201d<\/em><\/p>\n<p><strong>&#8211; Tim Molter<\/strong>[\/vc_column_text][\/vc_column][\/vc_row][vc_row full_width=&#8221;stretch_row&#8221; height=&#8221;small&#8221; boxed_columns=&#8221;medium&#8221; bwd_show_when_date=&#8221;__\/__\/____ __:__&#8221; bwd_show_when_date_end=&#8221;__\/__\/____ __:__&#8221;][vc_column]<style>.vcex-heading.vcex_69d35df65a845{font-size:1em;text-transform:uppercase;}<\/style><h3 class=\"vcex-heading vcex-heading-bottom-border-w-color vcex-module wpex-heading wpex-text-2xl wpex-text-left vc_custom_1592317637763 wpex-border-b-2 wpex-border-solid wpex-border-main vcex_69d35df65a845\"><span class=\"vcex-heading-inner wpex-inline-block wpex-relative wpex-pb-5 wpex-border-b-2 wpex-border-solid wpex-border-accent\">Sobre el autor<\/span><\/h3><div class=\"templatera_shortcode\"><div class=\"vc_row wpb_row vc_row-fluid wpex-relative mpc-row\"><div class=\"wpb_column vc_column_container vc_col-sm-2 mpc-column\" data-column-id=\"mpc_column-469d35df65c8fe\"><div class=\"vc_column-inner\"><div class=\"wpb_wrapper\">\n\t<div class=\"wpb_single_image wpb_content_element vc_align_center wpb_content_element\">\n\t\t\n\t\t<figure class=\"wpb_wrapper vc_figure\">\n\t\t\t<div class=\"vc_single_image-wrapper vc_box_rounded  vc_box_border_grey\"><img width=\"500\" height=\"500\" src=\"https:\/\/livingwaters.com\/wp-content\/uploads\/2017\/12\/profile-image-ray-comfort-1x1.jpg\" class=\"vc_single_image-img attachment-full\" alt=\"\" title=\"profile-image-ray-comfort-1x1\" srcset=\"https:\/\/livingwaters.com\/wp-content\/uploads\/2017\/12\/profile-image-ray-comfort-1x1.jpg 500w, https:\/\/livingwaters.com\/wp-content\/uploads\/2017\/12\/profile-image-ray-comfort-1x1-150x150.jpg 150w, https:\/\/livingwaters.com\/wp-content\/uploads\/2017\/12\/profile-image-ray-comfort-1x1-300x300.jpg 300w, https:\/\/livingwaters.com\/wp-content\/uploads\/2017\/12\/profile-image-ray-comfort-1x1-180x180.jpg 180w, https:\/\/livingwaters.com\/wp-content\/uploads\/2017\/12\/profile-image-ray-comfort-1x1-74x74.jpg 74w, https:\/\/livingwaters.com\/wp-content\/uploads\/2017\/12\/profile-image-ray-comfort-1x1-125x125.jpg 125w\" sizes=\"(max-width: 500px) 100vw, 500px\"><\/div>\n\t\t<\/figure>\n\t<\/div>\n<\/div><\/div><\/div><div class=\"wpb_column vc_column_container vc_col-sm-10 mpc-column\" data-column-id=\"mpc_column-1669d35df65cd45\"><div class=\"vc_column-inner\"><div class=\"wpb_wrapper\">\n\t<div class=\"wpb_text_column wpb_content_element\">\n\t\t<div class=\"wpb_wrapper\">\n\t\t\t<p><strong>Ray Comfort<\/strong> es el fundador y director general de Living Waters, un autor de &eacute;xito, y ha escrito m&aacute;s de 100 libros, entre ellos, <em>The Evidence Study Bible<\/em>. Es copresentador del premiado programa de televisi&oacute;n <a href=\"https:\/\/livingwaters.com\/outreaches\/way-of-the-master\/\"><em>Camino del Maestro<\/em><\/a>, que se emite en 190 pa&iacute;ses.<\/p>\n\n\t\t<\/div>\n\t<\/div>\n<\/div><\/div><\/div><\/div><\/div>[\/vc_column][\/vc_row]\n<\/div>","protected":false},"excerpt":{"rendered":"<p>La presentaci\u00f3n m\u00e1s clara del evangelio que jam\u00e1s hayas le\u00eddo, junto con hechos que a\u00edslan al cristianismo de otras religiones.<\/p>\n","protected":false},"featured_media":410991,"comment_status":"open","ping_status":"closed","template":"","meta":{"_acf_changed":false,"_searchwp_excluded":""},"product_author":[9356],"product_collection":[10817,10831],"product_topic":[10788,10793,10802],"product_brand":[],"product_cat":[8193],"product_tag":[10765],"class_list":{"0":"post-410970","1":"product","2":"type-product","3":"status-publish","4":"has-post-thumbnail","6":"product_author-ray-comfort","7":"product_collection-en-profundidad","8":"product_collection-folletos","9":"product_topic-apologetica","10":"product_topic-evangelizacion","11":"product_topic-religiones-del-mundo","12":"product_cat-tratado-evangelistico","13":"product_tag-lunes-cibernetico","14":"product_shipping_class-media-mail-es","15":"pa_language-espanol","16":"pa_language-ingles","17":"entry","18":"has-media","20":"first","21":"instock","22":"taxable","23":"shipping-taxable","24":"purchasable","25":"product-type-variable"},"group_of_quantity":0,"min_quantity":0,"max_quantity":"","exclude_order_quantity_value_rules":"no","exclude_category_quantity_rules":"no","combine_variations":"no","acf":[],"yoast_head":"<!-- This site is optimized with the Yoast SEO Premium plugin v27.2 (Yoast SEO v27.2) - https:\/\/yoast.com\/product\/yoast-seo-premium-wordpress\/ -->\n<title>\u00bfPor qu\u00e9 el Cristianismo? - Living Waters<\/title>\n<meta name=\"description\" content=\"La presentaci\u00f3n m\u00e1s clara del evangelio que jam\u00e1s hayas le\u00eddo, junto con hechos que a\u00edslan al cristianismo de otras religiones.\" \/>\n<meta name=\"robots\" content=\"index, follow, max-snippet:-1, max-image-preview:large, max-video-preview:-1\" \/>\n<link rel=\"canonical\" href=\"https:\/\/livingwaters.com\/es\/tienda\/tratado-evangelistico\/por-que-el-cristianismo\/\" \/>\n<meta property=\"og:locale\" content=\"es_ES\" \/>\n<meta property=\"og:type\" content=\"article\" \/>\n<meta property=\"og:title\" content=\"\u00bfPor qu\u00e9 el Cristianismo?\" \/>\n<meta property=\"og:description\" content=\"La presentaci\u00f3n m\u00e1s clara del evangelio que jam\u00e1s hayas le\u00eddo, junto con hechos que a\u00edslan al cristianismo de otras religiones.\" \/>\n<meta property=\"og:url\" content=\"https:\/\/livingwaters.com\/es\/tienda\/tratado-evangelistico\/por-que-el-cristianismo\/\" \/>\n<meta property=\"og:site_name\" content=\"Living Waters\" \/>\n<meta property=\"article:publisher\" content=\"https:\/\/www.facebook.com\/lwwotm\/\" \/>\n<meta property=\"article:modified_time\" content=\"2026-04-05T22:26:26+00:00\" \/>\n<meta property=\"og:image\" content=\"https:\/\/livingwaters.com\/wp-content\/uploads\/2015\/02\/Por-que-el-cristianismo_booklet_cover.jpg\" \/>\n\t<meta property=\"og:image:width\" content=\"700\" \/>\n\t<meta property=\"og:image:height\" content=\"700\" \/>\n\t<meta property=\"og:image:type\" content=\"image\/jpeg\" \/>\n<meta name=\"twitter:card\" content=\"summary_large_image\" \/>\n<meta name=\"twitter:site\" content=\"@LivingWatersPub\" \/>\n<meta name=\"twitter:label1\" content=\"Tiempo de lectura\" \/>\n\t<meta name=\"twitter:data1\" content=\"1 minuto\" \/>\n<script type=\"application\/ld+json\" class=\"yoast-schema-graph\">{\"@context\":\"https:\/\/schema.org\",\"@graph\":[{\"@type\":\"WebPage\",\"@id\":\"https:\/\/livingwaters.com\/es\/tienda\/tratado-evangelistico\/por-que-el-cristianismo\/\",\"url\":\"https:\/\/livingwaters.com\/es\/tienda\/tratado-evangelistico\/por-que-el-cristianismo\/\",\"name\":\"\u00bfPor qu\u00e9 el Cristianismo? - Living Waters\",\"isPartOf\":{\"@id\":\"https:\/\/livingwaters.com\/es\/#website\"},\"primaryImageOfPage\":{\"@id\":\"https:\/\/livingwaters.com\/es\/tienda\/tratado-evangelistico\/por-que-el-cristianismo\/#primaryimage\"},\"image\":{\"@id\":\"https:\/\/livingwaters.com\/es\/tienda\/tratado-evangelistico\/por-que-el-cristianismo\/#primaryimage\"},\"thumbnailUrl\":\"https:\/\/livingwaters.com\/wp-content\/uploads\/2024\/05\/Por-que-el-cristianismo_booklet_cover-spanish.jpg\",\"datePublished\":\"2015-02-04T21:26:05+00:00\",\"dateModified\":\"2026-04-05T22:26:26+00:00\",\"description\":\"La presentaci\u00f3n m\u00e1s clara del evangelio que jam\u00e1s hayas le\u00eddo, junto con hechos que a\u00edslan al cristianismo de otras religiones.\",\"breadcrumb\":{\"@id\":\"https:\/\/livingwaters.com\/es\/tienda\/tratado-evangelistico\/por-que-el-cristianismo\/#breadcrumb\"},\"inLanguage\":\"es\",\"potentialAction\":[{\"@type\":\"ReadAction\",\"target\":[\"https:\/\/livingwaters.com\/es\/tienda\/tratado-evangelistico\/por-que-el-cristianismo\/\"]}]},{\"@type\":\"ImageObject\",\"inLanguage\":\"es\",\"@id\":\"https:\/\/livingwaters.com\/es\/tienda\/tratado-evangelistico\/por-que-el-cristianismo\/#primaryimage\",\"url\":\"https:\/\/livingwaters.com\/wp-content\/uploads\/2024\/05\/Por-que-el-cristianismo_booklet_cover-spanish.jpg\",\"contentUrl\":\"https:\/\/livingwaters.com\/wp-content\/uploads\/2024\/05\/Por-que-el-cristianismo_booklet_cover-spanish.jpg\",\"width\":700,\"height\":700},{\"@type\":\"BreadcrumbList\",\"@id\":\"https:\/\/livingwaters.com\/es\/tienda\/tratado-evangelistico\/por-que-el-cristianismo\/#breadcrumb\",\"itemListElement\":[{\"@type\":\"ListItem\",\"position\":1,\"name\":\"Home\",\"item\":\"https:\/\/livingwaters.com\/es\/\"},{\"@type\":\"ListItem\",\"position\":2,\"name\":\"Productos\",\"item\":\"https:\/\/livingwaters.com\/es\/shop\/\"},{\"@type\":\"ListItem\",\"position\":3,\"name\":\"Tratado Evangel\u00edstico\",\"item\":\"https:\/\/livingwaters.com\/es\/categoria-producto\/tratado-evangelistico\/\"},{\"@type\":\"ListItem\",\"position\":4,\"name\":\"\u00bfPor qu\u00e9 el Cristianismo?\"}]},{\"@type\":\"WebSite\",\"@id\":\"https:\/\/livingwaters.com\/es\/#website\",\"url\":\"https:\/\/livingwaters.com\/es\/\",\"name\":\"Living Waters\",\"description\":\"Inspiring. Equipping. Fulfilling.\",\"publisher\":{\"@id\":\"https:\/\/livingwaters.com\/es\/#organization\"},\"potentialAction\":[{\"@type\":\"SearchAction\",\"target\":{\"@type\":\"EntryPoint\",\"urlTemplate\":\"https:\/\/livingwaters.com\/es\/?s={search_term_string}\"},\"query-input\":{\"@type\":\"PropertyValueSpecification\",\"valueRequired\":true,\"valueName\":\"search_term_string\"}}],\"inLanguage\":\"es\"},{\"@type\":\"Organization\",\"@id\":\"https:\/\/livingwaters.com\/es\/#organization\",\"name\":\"Living Waters\",\"url\":\"https:\/\/livingwaters.com\/es\/\",\"logo\":{\"@type\":\"ImageObject\",\"inLanguage\":\"es\",\"@id\":\"https:\/\/livingwaters.com\/es\/#\/schema\/logo\/image\/\",\"url\":\"https:\/\/livingwaters.com\/wp-content\/uploads\/2017\/12\/logo-blue.png\",\"contentUrl\":\"https:\/\/livingwaters.com\/wp-content\/uploads\/2017\/12\/logo-blue.png\",\"width\":152,\"height\":42,\"caption\":\"Living Waters\"},\"image\":{\"@id\":\"https:\/\/livingwaters.com\/es\/#\/schema\/logo\/image\/\"},\"sameAs\":[\"https:\/\/www.facebook.com\/lwwotm\/\",\"https:\/\/x.com\/LivingWatersPub\",\"https:\/\/www.instagram.com\/livingwatersofficial\/\",\"https:\/\/www.youtube.com\/thewayofthemaster\"]}]}<\/script>\n<!-- \/ Yoast SEO Premium plugin. -->","yoast_head_json":{"title":"\u00bfPor qu\u00e9 el Cristianismo? - Living Waters","description":"La presentaci\u00f3n m\u00e1s clara del evangelio que jam\u00e1s hayas le\u00eddo, junto con hechos que a\u00edslan al cristianismo de otras religiones.","robots":{"index":"index","follow":"follow","max-snippet":"max-snippet:-1","max-image-preview":"max-image-preview:large","max-video-preview":"max-video-preview:-1"},"canonical":"https:\/\/livingwaters.com\/es\/tienda\/tratado-evangelistico\/por-que-el-cristianismo\/","og_locale":"es_ES","og_type":"article","og_title":"\u00bfPor qu\u00e9 el Cristianismo?","og_description":"La presentaci\u00f3n m\u00e1s clara del evangelio que jam\u00e1s hayas le\u00eddo, junto con hechos que a\u00edslan al cristianismo de otras religiones.","og_url":"https:\/\/livingwaters.com\/es\/tienda\/tratado-evangelistico\/por-que-el-cristianismo\/","og_site_name":"Living Waters","article_publisher":"https:\/\/www.facebook.com\/lwwotm\/","article_modified_time":"2026-04-05T22:26:26+00:00","og_image":[{"width":700,"height":700,"url":"https:\/\/livingwaters.com\/wp-content\/uploads\/2015\/02\/Por-que-el-cristianismo_booklet_cover.jpg","type":"image\/jpeg"}],"twitter_card":"summary_large_image","twitter_site":"@LivingWatersPub","twitter_misc":{"Tiempo de lectura":"1 minuto"},"schema":{"@context":"https:\/\/schema.org","@graph":[{"@type":"WebPage","@id":"https:\/\/livingwaters.com\/es\/tienda\/tratado-evangelistico\/por-que-el-cristianismo\/","url":"https:\/\/livingwaters.com\/es\/tienda\/tratado-evangelistico\/por-que-el-cristianismo\/","name":"\u00bfPor qu\u00e9 el Cristianismo? - Living Waters","isPartOf":{"@id":"https:\/\/livingwaters.com\/es\/#website"},"primaryImageOfPage":{"@id":"https:\/\/livingwaters.com\/es\/tienda\/tratado-evangelistico\/por-que-el-cristianismo\/#primaryimage"},"image":{"@id":"https:\/\/livingwaters.com\/es\/tienda\/tratado-evangelistico\/por-que-el-cristianismo\/#primaryimage"},"thumbnailUrl":"https:\/\/livingwaters.com\/wp-content\/uploads\/2024\/05\/Por-que-el-cristianismo_booklet_cover-spanish.jpg","datePublished":"2015-02-04T21:26:05+00:00","dateModified":"2026-04-05T22:26:26+00:00","description":"La presentaci\u00f3n m\u00e1s clara del evangelio que jam\u00e1s hayas le\u00eddo, junto con hechos que a\u00edslan al cristianismo de otras religiones.","breadcrumb":{"@id":"https:\/\/livingwaters.com\/es\/tienda\/tratado-evangelistico\/por-que-el-cristianismo\/#breadcrumb"},"inLanguage":"es","potentialAction":[{"@type":"ReadAction","target":["https:\/\/livingwaters.com\/es\/tienda\/tratado-evangelistico\/por-que-el-cristianismo\/"]}]},{"@type":"ImageObject","inLanguage":"es","@id":"https:\/\/livingwaters.com\/es\/tienda\/tratado-evangelistico\/por-que-el-cristianismo\/#primaryimage","url":"https:\/\/livingwaters.com\/wp-content\/uploads\/2024\/05\/Por-que-el-cristianismo_booklet_cover-spanish.jpg","contentUrl":"https:\/\/livingwaters.com\/wp-content\/uploads\/2024\/05\/Por-que-el-cristianismo_booklet_cover-spanish.jpg","width":700,"height":700},{"@type":"BreadcrumbList","@id":"https:\/\/livingwaters.com\/es\/tienda\/tratado-evangelistico\/por-que-el-cristianismo\/#breadcrumb","itemListElement":[{"@type":"ListItem","position":1,"name":"Home","item":"https:\/\/livingwaters.com\/es\/"},{"@type":"ListItem","position":2,"name":"Productos","item":"https:\/\/livingwaters.com\/es\/shop\/"},{"@type":"ListItem","position":3,"name":"Tratado Evangel\u00edstico","item":"https:\/\/livingwaters.com\/es\/categoria-producto\/tratado-evangelistico\/"},{"@type":"ListItem","position":4,"name":"\u00bfPor qu\u00e9 el Cristianismo?"}]},{"@type":"WebSite","@id":"https:\/\/livingwaters.com\/es\/#website","url":"https:\/\/livingwaters.com\/es\/","name":"Living Waters","description":"Inspiring. Equipping. Fulfilling.","publisher":{"@id":"https:\/\/livingwaters.com\/es\/#organization"},"potentialAction":[{"@type":"SearchAction","target":{"@type":"EntryPoint","urlTemplate":"https:\/\/livingwaters.com\/es\/?s={search_term_string}"},"query-input":{"@type":"PropertyValueSpecification","valueRequired":true,"valueName":"search_term_string"}}],"inLanguage":"es"},{"@type":"Organization","@id":"https:\/\/livingwaters.com\/es\/#organization","name":"Living Waters","url":"https:\/\/livingwaters.com\/es\/","logo":{"@type":"ImageObject","inLanguage":"es","@id":"https:\/\/livingwaters.com\/es\/#\/schema\/logo\/image\/","url":"https:\/\/livingwaters.com\/wp-content\/uploads\/2017\/12\/logo-blue.png","contentUrl":"https:\/\/livingwaters.com\/wp-content\/uploads\/2017\/12\/logo-blue.png","width":152,"height":42,"caption":"Living Waters"},"image":{"@id":"https:\/\/livingwaters.com\/es\/#\/schema\/logo\/image\/"},"sameAs":["https:\/\/www.facebook.com\/lwwotm\/","https:\/\/x.com\/LivingWatersPub","https:\/\/www.instagram.com\/livingwatersofficial\/","https:\/\/www.youtube.com\/thewayofthemaster"]}]}},"_links":{"self":[{"href":"https:\/\/livingwaters.com\/es\/wp-json\/wp\/v2\/product\/410970","targetHints":{"allow":["GET"]}}],"collection":[{"href":"https:\/\/livingwaters.com\/es\/wp-json\/wp\/v2\/product"}],"about":[{"href":"https:\/\/livingwaters.com\/es\/wp-json\/wp\/v2\/types\/product"}],"replies":[{"embeddable":true,"href":"https:\/\/livingwaters.com\/es\/wp-json\/wp\/v2\/comments?post=410970"}],"wp:featuredmedia":[{"embeddable":true,"href":"https:\/\/livingwaters.com\/es\/wp-json\/wp\/v2\/media\/410991"}],"wp:attachment":[{"href":"https:\/\/livingwaters.com\/es\/wp-json\/wp\/v2\/media?parent=410970"}],"wp:term":[{"taxonomy":"product_author","embeddable":true,"href":"https:\/\/livingwaters.com\/es\/wp-json\/wp\/v2\/product_author?post=410970"},{"taxonomy":"product_collection","embeddable":true,"href":"https:\/\/livingwaters.com\/es\/wp-json\/wp\/v2\/product_collection?post=410970"},{"taxonomy":"product_topic","embeddable":true,"href":"https:\/\/livingwaters.com\/es\/wp-json\/wp\/v2\/product_topic?post=410970"},{"taxonomy":"product_brand","embeddable":true,"href":"https:\/\/livingwaters.com\/es\/wp-json\/wp\/v2\/product_brand?post=410970"},{"taxonomy":"product_cat","embeddable":true,"href":"https:\/\/livingwaters.com\/es\/wp-json\/wp\/v2\/product_cat?post=410970"},{"taxonomy":"product_tag","embeddable":true,"href":"https:\/\/livingwaters.com\/es\/wp-json\/wp\/v2\/product_tag?post=410970"}],"curies":[{"name":"wp","href":"https:\/\/api.w.org\/{rel}","templated":true}]}}