{"id":459876,"date":"2025-08-01T14:18:42","date_gmt":"2025-08-01T21:18:42","guid":{"rendered":"https:\/\/livingwaters.com\/?post_type=product&#038;p=459876"},"modified":"2026-04-03T13:31:36","modified_gmt":"2026-04-03T20:31:36","slug":"billete-de-un-millon-de-dolares-de-chapulin-colorado","status":"publish","type":"product","link":"https:\/\/livingwaters.com\/es\/tienda\/otros-idiomas\/espanol\/billete-de-un-millon-de-dolares-de-chapulin-colorado\/","title":{"rendered":"Billete de Un Mill\u00f3n de D\u00f3lares de Chapul\u00edn Colorado"},"content":{"rendered":"<div class=\"wpb-content-wrapper\">[vc_row][vc_column][vc_column_text]\n<p dir=\"auto\">LA PREGUNTA DEL MILL\u00d3N DE D\u00d3LARES: \u00bfCrees que contar con tu astucia, podr\u00e1 llevarte al cielo? La respuesta es no; No puedes contar con ella. S\u00f3lo piensa: \u00bfHa mentido, robado, usado el nombre de Dios en vano o mirado con codicia? (Jes\u00fas dijo que esto es adulterio, Mt 5:28). Si es as\u00ed, Dios te ve como un mentiroso, ladr\u00f3n, blasfemo y ad\u00faltero de coraz\u00f3n. Si mueres hoy en tus pecados, terminar\u00e1s en el Infierno&#8230; Pero hay buenas noticias; Aunque rompimos la ley de Dios, Jes\u00fas nos da su justicia al morir en la cruz como nuestro sustituto: &#8220;Porque de tal manera am\u00f3 Dios al mundo, que ha dado a su Hijo unig\u00e9nito, para que todo aquel que en \u00e9l cree, no se pierda, mas tenga vida eterna&#8221; (Juan 3:16). Jes\u00fas muri\u00f3 y resucit\u00f3 de entre los muertos, apareciendo a m\u00e1s de 500 personas a la vez. \u00c9l cumpli\u00f3 la ley en tu lugar; arrepi\u00e9ntete hoy, conf\u00eda solo en \u00c9l para el perd\u00f3n de tus pecados, y Dios te conceder\u00e1 la vida eterna (Ef 2:8,9). Se agradecido, lee tu Biblia a diario, obed\u00e9cela, \u00fanete a una iglesia cristiana y baut\u00edzate. Visita: Espanol.LivingWaters.com.<\/p>\n[\/vc_column_text][\/vc_column][\/vc_row][vc_row][vc_column][vc_video link=&#8221;https:\/\/www.youtube.com\/watch?v=nPKZk1MCuaQ&#8221; css=&#8221;&#8221;][\/vc_column][\/vc_row]\n<\/div>","protected":false},"excerpt":{"rendered":"<p>\u00a1Una versi\u00f3n divertida de nuestro tratado evangel\u00edstico m\u00e1s popular que har\u00e1 que las personas sonr\u00edan y regresen por m\u00e1s!<\/p>\n","protected":false},"featured_media":459721,"comment_status":"open","ping_status":"closed","template":"","meta":{"_acf_changed":false,"_searchwp_excluded":""},"product_author":[],"product_collection":[10811],"product_topic":[],"product_brand":[],"product_cat":[8193,10845],"product_tag":[10868,11934],"class_list":{"0":"post-459876","1":"product","2":"type-product","3":"status-publish","4":"has-post-thumbnail","6":"product_collection-dinero","7":"product_cat-tratado-evangelistico","8":"product_cat-espanol","9":"product_tag-alcance-espanol","10":"product_tag-featured-spanish-es","11":"entry","12":"has-media","14":"first","15":"instock","16":"taxable","17":"shipping-taxable","18":"purchasable","19":"product-type-variable","20":"has-default-attributes"},"group_of_quantity":0,"min_quantity":0,"max_quantity":"","exclude_order_quantity_value_rules":"no","exclude_category_quantity_rules":"no","combine_variations":"no","acf":[],"yoast_head":"<!-- This site is optimized with the Yoast SEO Premium plugin v27.2 (Yoast SEO v27.2) - https:\/\/yoast.com\/product\/yoast-seo-premium-wordpress\/ -->\n<title>Billete de Un Mill\u00f3n de D\u00f3lares de Chapul\u00edn Colorado - Living Waters<\/title>\n<meta name=\"description\" content=\"\u00a1Una versi\u00f3n divertida de nuestro tratado evangel\u00edstico m\u00e1s popular que har\u00e1 que las personas sonr\u00edan y regresen por m\u00e1s!\" \/>\n<meta name=\"robots\" content=\"index, follow, max-snippet:-1, max-image-preview:large, max-video-preview:-1\" \/>\n<link rel=\"canonical\" href=\"https:\/\/livingwaters.com\/es\/tienda\/otros-idiomas\/espanol\/billete-de-un-millon-de-dolares-de-chapulin-colorado\/\" \/>\n<meta property=\"og:locale\" content=\"es_ES\" \/>\n<meta property=\"og:type\" content=\"article\" \/>\n<meta property=\"og:title\" content=\"Billete de Un Mill\u00f3n de D\u00f3lares de Chapul\u00edn Colorado\" \/>\n<meta property=\"og:description\" content=\"\u00a1Una versi\u00f3n divertida de nuestro tratado evangel\u00edstico m\u00e1s popular que har\u00e1 que las personas sonr\u00edan y regresen por m\u00e1s!\" \/>\n<meta property=\"og:url\" content=\"https:\/\/livingwaters.com\/es\/tienda\/otros-idiomas\/espanol\/billete-de-un-millon-de-dolares-de-chapulin-colorado\/\" \/>\n<meta property=\"og:site_name\" content=\"Living Waters\" \/>\n<meta property=\"article:publisher\" content=\"https:\/\/www.facebook.com\/lwwotm\/\" \/>\n<meta property=\"article:modified_time\" content=\"2026-04-03T20:31:36+00:00\" \/>\n<meta property=\"og:image\" content=\"https:\/\/livingwaters.com\/wp-content\/uploads\/2025\/07\/205es.jpg\" \/>\n\t<meta property=\"og:image:width\" content=\"700\" \/>\n\t<meta property=\"og:image:height\" content=\"700\" \/>\n\t<meta property=\"og:image:type\" content=\"image\/jpeg\" \/>\n<meta name=\"twitter:card\" content=\"summary_large_image\" \/>\n<meta name=\"twitter:site\" content=\"@LivingWatersPub\" \/>\n<meta name=\"twitter:label1\" content=\"Tiempo de lectura\" \/>\n\t<meta name=\"twitter:data1\" content=\"2 minutos\" \/>\n<script type=\"application\/ld+json\" class=\"yoast-schema-graph\">{\"@context\":\"https:\/\/schema.org\",\"@graph\":[{\"@type\":\"WebPage\",\"@id\":\"https:\/\/livingwaters.com\/es\/tienda\/otros-idiomas\/espanol\/billete-de-un-millon-de-dolares-de-chapulin-colorado\/\",\"url\":\"https:\/\/livingwaters.com\/es\/tienda\/otros-idiomas\/espanol\/billete-de-un-millon-de-dolares-de-chapulin-colorado\/\",\"name\":\"Billete de Un Mill\u00f3n de D\u00f3lares de Chapul\u00edn Colorado - Living Waters\",\"isPartOf\":{\"@id\":\"https:\/\/livingwaters.com\/es\/#website\"},\"primaryImageOfPage\":{\"@id\":\"https:\/\/livingwaters.com\/es\/tienda\/otros-idiomas\/espanol\/billete-de-un-millon-de-dolares-de-chapulin-colorado\/#primaryimage\"},\"image\":{\"@id\":\"https:\/\/livingwaters.com\/es\/tienda\/otros-idiomas\/espanol\/billete-de-un-millon-de-dolares-de-chapulin-colorado\/#primaryimage\"},\"thumbnailUrl\":\"https:\/\/livingwaters.com\/wp-content\/uploads\/2025\/07\/205es.jpg\",\"datePublished\":\"2025-08-01T21:18:42+00:00\",\"dateModified\":\"2026-04-03T20:31:36+00:00\",\"description\":\"\u00a1Una versi\u00f3n divertida de nuestro tratado evangel\u00edstico m\u00e1s popular que har\u00e1 que las personas sonr\u00edan y regresen por m\u00e1s!\",\"breadcrumb\":{\"@id\":\"https:\/\/livingwaters.com\/es\/tienda\/otros-idiomas\/espanol\/billete-de-un-millon-de-dolares-de-chapulin-colorado\/#breadcrumb\"},\"inLanguage\":\"es\",\"potentialAction\":[{\"@type\":\"ReadAction\",\"target\":[\"https:\/\/livingwaters.com\/es\/tienda\/otros-idiomas\/espanol\/billete-de-un-millon-de-dolares-de-chapulin-colorado\/\"]}]},{\"@type\":\"ImageObject\",\"inLanguage\":\"es\",\"@id\":\"https:\/\/livingwaters.com\/es\/tienda\/otros-idiomas\/espanol\/billete-de-un-millon-de-dolares-de-chapulin-colorado\/#primaryimage\",\"url\":\"https:\/\/livingwaters.com\/wp-content\/uploads\/2025\/07\/205es.jpg\",\"contentUrl\":\"https:\/\/livingwaters.com\/wp-content\/uploads\/2025\/07\/205es.jpg\",\"width\":700,\"height\":700},{\"@type\":\"BreadcrumbList\",\"@id\":\"https:\/\/livingwaters.com\/es\/tienda\/otros-idiomas\/espanol\/billete-de-un-millon-de-dolares-de-chapulin-colorado\/#breadcrumb\",\"itemListElement\":[{\"@type\":\"ListItem\",\"position\":1,\"name\":\"Home\",\"item\":\"https:\/\/livingwaters.com\/es\/\"},{\"@type\":\"ListItem\",\"position\":2,\"name\":\"Productos\",\"item\":\"https:\/\/livingwaters.com\/es\/shop\/\"},{\"@type\":\"ListItem\",\"position\":3,\"name\":\"Tratado Evangel\u00edstico\",\"item\":\"https:\/\/livingwaters.com\/es\/categoria-producto\/tratado-evangelistico\/\"},{\"@type\":\"ListItem\",\"position\":4,\"name\":\"Billete de Un Mill\u00f3n de D\u00f3lares de Chapul\u00edn Colorado\"}]},{\"@type\":\"WebSite\",\"@id\":\"https:\/\/livingwaters.com\/es\/#website\",\"url\":\"https:\/\/livingwaters.com\/es\/\",\"name\":\"Living Waters\",\"description\":\"Inspiring. Equipping. Fulfilling.\",\"publisher\":{\"@id\":\"https:\/\/livingwaters.com\/es\/#organization\"},\"potentialAction\":[{\"@type\":\"SearchAction\",\"target\":{\"@type\":\"EntryPoint\",\"urlTemplate\":\"https:\/\/livingwaters.com\/es\/?s={search_term_string}\"},\"query-input\":{\"@type\":\"PropertyValueSpecification\",\"valueRequired\":true,\"valueName\":\"search_term_string\"}}],\"inLanguage\":\"es\"},{\"@type\":\"Organization\",\"@id\":\"https:\/\/livingwaters.com\/es\/#organization\",\"name\":\"Living Waters\",\"url\":\"https:\/\/livingwaters.com\/es\/\",\"logo\":{\"@type\":\"ImageObject\",\"inLanguage\":\"es\",\"@id\":\"https:\/\/livingwaters.com\/es\/#\/schema\/logo\/image\/\",\"url\":\"https:\/\/livingwaters.com\/wp-content\/uploads\/2017\/12\/logo-blue.png\",\"contentUrl\":\"https:\/\/livingwaters.com\/wp-content\/uploads\/2017\/12\/logo-blue.png\",\"width\":152,\"height\":42,\"caption\":\"Living Waters\"},\"image\":{\"@id\":\"https:\/\/livingwaters.com\/es\/#\/schema\/logo\/image\/\"},\"sameAs\":[\"https:\/\/www.facebook.com\/lwwotm\/\",\"https:\/\/x.com\/LivingWatersPub\",\"https:\/\/www.instagram.com\/livingwatersofficial\/\",\"https:\/\/www.youtube.com\/thewayofthemaster\"]}]}<\/script>\n<!-- \/ Yoast SEO Premium plugin. -->","yoast_head_json":{"title":"Billete de Un Mill\u00f3n de D\u00f3lares de Chapul\u00edn Colorado - Living Waters","description":"\u00a1Una versi\u00f3n divertida de nuestro tratado evangel\u00edstico m\u00e1s popular que har\u00e1 que las personas sonr\u00edan y regresen por m\u00e1s!","robots":{"index":"index","follow":"follow","max-snippet":"max-snippet:-1","max-image-preview":"max-image-preview:large","max-video-preview":"max-video-preview:-1"},"canonical":"https:\/\/livingwaters.com\/es\/tienda\/otros-idiomas\/espanol\/billete-de-un-millon-de-dolares-de-chapulin-colorado\/","og_locale":"es_ES","og_type":"article","og_title":"Billete de Un Mill\u00f3n de D\u00f3lares de Chapul\u00edn Colorado","og_description":"\u00a1Una versi\u00f3n divertida de nuestro tratado evangel\u00edstico m\u00e1s popular que har\u00e1 que las personas sonr\u00edan y regresen por m\u00e1s!","og_url":"https:\/\/livingwaters.com\/es\/tienda\/otros-idiomas\/espanol\/billete-de-un-millon-de-dolares-de-chapulin-colorado\/","og_site_name":"Living Waters","article_publisher":"https:\/\/www.facebook.com\/lwwotm\/","article_modified_time":"2026-04-03T20:31:36+00:00","og_image":[{"width":700,"height":700,"url":"https:\/\/livingwaters.com\/wp-content\/uploads\/2025\/07\/205es.jpg","type":"image\/jpeg"}],"twitter_card":"summary_large_image","twitter_site":"@LivingWatersPub","twitter_misc":{"Tiempo de lectura":"2 minutos"},"schema":{"@context":"https:\/\/schema.org","@graph":[{"@type":"WebPage","@id":"https:\/\/livingwaters.com\/es\/tienda\/otros-idiomas\/espanol\/billete-de-un-millon-de-dolares-de-chapulin-colorado\/","url":"https:\/\/livingwaters.com\/es\/tienda\/otros-idiomas\/espanol\/billete-de-un-millon-de-dolares-de-chapulin-colorado\/","name":"Billete de Un Mill\u00f3n de D\u00f3lares de Chapul\u00edn Colorado - Living Waters","isPartOf":{"@id":"https:\/\/livingwaters.com\/es\/#website"},"primaryImageOfPage":{"@id":"https:\/\/livingwaters.com\/es\/tienda\/otros-idiomas\/espanol\/billete-de-un-millon-de-dolares-de-chapulin-colorado\/#primaryimage"},"image":{"@id":"https:\/\/livingwaters.com\/es\/tienda\/otros-idiomas\/espanol\/billete-de-un-millon-de-dolares-de-chapulin-colorado\/#primaryimage"},"thumbnailUrl":"https:\/\/livingwaters.com\/wp-content\/uploads\/2025\/07\/205es.jpg","datePublished":"2025-08-01T21:18:42+00:00","dateModified":"2026-04-03T20:31:36+00:00","description":"\u00a1Una versi\u00f3n divertida de nuestro tratado evangel\u00edstico m\u00e1s popular que har\u00e1 que las personas sonr\u00edan y regresen por m\u00e1s!","breadcrumb":{"@id":"https:\/\/livingwaters.com\/es\/tienda\/otros-idiomas\/espanol\/billete-de-un-millon-de-dolares-de-chapulin-colorado\/#breadcrumb"},"inLanguage":"es","potentialAction":[{"@type":"ReadAction","target":["https:\/\/livingwaters.com\/es\/tienda\/otros-idiomas\/espanol\/billete-de-un-millon-de-dolares-de-chapulin-colorado\/"]}]},{"@type":"ImageObject","inLanguage":"es","@id":"https:\/\/livingwaters.com\/es\/tienda\/otros-idiomas\/espanol\/billete-de-un-millon-de-dolares-de-chapulin-colorado\/#primaryimage","url":"https:\/\/livingwaters.com\/wp-content\/uploads\/2025\/07\/205es.jpg","contentUrl":"https:\/\/livingwaters.com\/wp-content\/uploads\/2025\/07\/205es.jpg","width":700,"height":700},{"@type":"BreadcrumbList","@id":"https:\/\/livingwaters.com\/es\/tienda\/otros-idiomas\/espanol\/billete-de-un-millon-de-dolares-de-chapulin-colorado\/#breadcrumb","itemListElement":[{"@type":"ListItem","position":1,"name":"Home","item":"https:\/\/livingwaters.com\/es\/"},{"@type":"ListItem","position":2,"name":"Productos","item":"https:\/\/livingwaters.com\/es\/shop\/"},{"@type":"ListItem","position":3,"name":"Tratado Evangel\u00edstico","item":"https:\/\/livingwaters.com\/es\/categoria-producto\/tratado-evangelistico\/"},{"@type":"ListItem","position":4,"name":"Billete de Un Mill\u00f3n de D\u00f3lares de Chapul\u00edn Colorado"}]},{"@type":"WebSite","@id":"https:\/\/livingwaters.com\/es\/#website","url":"https:\/\/livingwaters.com\/es\/","name":"Living Waters","description":"Inspiring. Equipping. Fulfilling.","publisher":{"@id":"https:\/\/livingwaters.com\/es\/#organization"},"potentialAction":[{"@type":"SearchAction","target":{"@type":"EntryPoint","urlTemplate":"https:\/\/livingwaters.com\/es\/?s={search_term_string}"},"query-input":{"@type":"PropertyValueSpecification","valueRequired":true,"valueName":"search_term_string"}}],"inLanguage":"es"},{"@type":"Organization","@id":"https:\/\/livingwaters.com\/es\/#organization","name":"Living Waters","url":"https:\/\/livingwaters.com\/es\/","logo":{"@type":"ImageObject","inLanguage":"es","@id":"https:\/\/livingwaters.com\/es\/#\/schema\/logo\/image\/","url":"https:\/\/livingwaters.com\/wp-content\/uploads\/2017\/12\/logo-blue.png","contentUrl":"https:\/\/livingwaters.com\/wp-content\/uploads\/2017\/12\/logo-blue.png","width":152,"height":42,"caption":"Living Waters"},"image":{"@id":"https:\/\/livingwaters.com\/es\/#\/schema\/logo\/image\/"},"sameAs":["https:\/\/www.facebook.com\/lwwotm\/","https:\/\/x.com\/LivingWatersPub","https:\/\/www.instagram.com\/livingwatersofficial\/","https:\/\/www.youtube.com\/thewayofthemaster"]}]}},"_links":{"self":[{"href":"https:\/\/livingwaters.com\/es\/wp-json\/wp\/v2\/product\/459876","targetHints":{"allow":["GET"]}}],"collection":[{"href":"https:\/\/livingwaters.com\/es\/wp-json\/wp\/v2\/product"}],"about":[{"href":"https:\/\/livingwaters.com\/es\/wp-json\/wp\/v2\/types\/product"}],"replies":[{"embeddable":true,"href":"https:\/\/livingwaters.com\/es\/wp-json\/wp\/v2\/comments?post=459876"}],"wp:featuredmedia":[{"embeddable":true,"href":"https:\/\/livingwaters.com\/es\/wp-json\/wp\/v2\/media\/459721"}],"wp:attachment":[{"href":"https:\/\/livingwaters.com\/es\/wp-json\/wp\/v2\/media?parent=459876"}],"wp:term":[{"taxonomy":"product_author","embeddable":true,"href":"https:\/\/livingwaters.com\/es\/wp-json\/wp\/v2\/product_author?post=459876"},{"taxonomy":"product_collection","embeddable":true,"href":"https:\/\/livingwaters.com\/es\/wp-json\/wp\/v2\/product_collection?post=459876"},{"taxonomy":"product_topic","embeddable":true,"href":"https:\/\/livingwaters.com\/es\/wp-json\/wp\/v2\/product_topic?post=459876"},{"taxonomy":"product_brand","embeddable":true,"href":"https:\/\/livingwaters.com\/es\/wp-json\/wp\/v2\/product_brand?post=459876"},{"taxonomy":"product_cat","embeddable":true,"href":"https:\/\/livingwaters.com\/es\/wp-json\/wp\/v2\/product_cat?post=459876"},{"taxonomy":"product_tag","embeddable":true,"href":"https:\/\/livingwaters.com\/es\/wp-json\/wp\/v2\/product_tag?post=459876"}],"curies":[{"name":"wp","href":"https:\/\/api.w.org\/{rel}","templated":true}]}}