{"id":490379,"date":"2026-05-04T14:08:45","date_gmt":"2026-05-04T21:08:45","guid":{"rendered":"https:\/\/livingwaters.com\/store\/sin categor\u00eda\/moneda-de-oro-de-los-diez-mandamientos-grande\/"},"modified":"2026-05-14T14:26:10","modified_gmt":"2026-05-14T21:26:10","slug":"moneda-de-oro-de-los-diez-mandamientos-grande","status":"publish","type":"product","link":"https:\/\/livingwaters.com\/es\/tienda\/otros-idiomas\/espanol\/moneda-de-oro-de-los-diez-mandamientos-grande\/","title":{"rendered":"Moneda de Oro de los Diez Mandamientos (Grande)"},"content":{"rendered":"<p><strong>Estas monedas se ven mejor con luz natural debido a su acabado brillante.<\/strong><\/p>\n<p>Un lado de la moneda de 2&#8243; de di\u00e1metro presenta los Diez Mandamientos. La otra cara tiene un mensaje evang\u00e9lico breve y sencillo. Dice: &#8220;Tienes que enfrentarte a un Dios Santo en el D\u00eda del Juicio. \u00c9l ve la lujuria como adulterio (   <a class=\"rtBibleRef\" href=\"https:\/\/ref.ly\/Matt.%205.28;nkjv?t=biblia\" data-reference=\"Matt. 5.28\" data-version=\"nkjv\" data-purpose=\"bible-reference\">Matt. 5:28<\/a>) y el odio como asesinato (<a class=\"rtBibleRef\" href=\"https:\/\/ref.ly\/1%20John%203.15;nkjv?t=biblia\" data-reference=\"1 John 3.15\" data-version=\"nkjv\" data-purpose=\"bible-reference\">1 Juan 3:15<\/a>). \u00bfSer\u00e1s culpable? Jes\u00fas acept\u00f3 tu castigo en la cruz y resucit\u00f3, venciendo a la muerte, para salvarte del Infierno. Arrepi\u00e9ntete (<a class=\"rtBibleRef\" href=\"https:\/\/ref.ly\/Luke%2013.5;nkjv?t=biblia\" data-reference=\"Luke 13.5\" data-version=\"nkjv\" data-purpose=\"bible-reference\">Lucas 13:5<\/a>) y conf\u00eda en \u00c9l hoy.&#8221; Un sitio web evangel\u00edstico donde el no creyente puede aprender m\u00e1s est\u00e1 claramente referenciado hacia la parte inferior del mensaje del evangelio: NEEDGOD.COM.   <\/p>\n","protected":false},"excerpt":{"rendered":"<p>Esta moneda de aleaci\u00f3n de lat\u00f3n dorado de 2&#8243; tiene los Diez Mandamientos en un lado y el evangelio en el otro. Es un excelente trampol\u00edn hacia el evangelio y tambi\u00e9n un regalo maravilloso. <\/p>\n","protected":false},"featured_media":490062,"comment_status":"open","ping_status":"closed","template":"","meta":{"_acf_changed":false,"_angie_page":false},"product_author":[],"product_collection":[10818,11538,10804,10803,10808],"product_topic":[],"product_brand":[],"product_cat":[10845,8193,8203],"product_tag":[],"class_list":{"0":"post-490379","1":"product","2":"type-product","3":"status-publish","4":"has-post-thumbnail","6":"product_collection-iniciadores-de-conversacion","7":"product_collection-los-diez-mandamientos","8":"product_collection-para-creyentes","9":"product_collection-para-los-no-salvos","10":"product_collection-regalos","11":"product_cat-espanol","12":"product_cat-tratado-evangelistico","13":"product_cat-varios","14":"pa_language-espanol","15":"pa_language-ingles","16":"entry","17":"has-media","19":"first","20":"instock","21":"featured","22":"taxable","23":"shipping-taxable","24":"purchasable","25":"product-type-variable","26":"has-default-attributes"},"group_of_quantity":0,"min_quantity":0,"max_quantity":"","exclude_order_quantity_value_rules":"no","exclude_category_quantity_rules":"no","combine_variations":"no","acf":[],"yoast_head":"<!-- This site is optimized with the Yoast SEO Premium plugin v27.3 (Yoast SEO v27.6) - https:\/\/yoast.com\/product\/yoast-seo-premium-wordpress\/ -->\n<title>Moneda de Oro de los Diez Mandamientos (Grande) - Living Waters<\/title>\n<meta name=\"description\" content=\"Esta moneda de aleaci\u00f3n de lat\u00f3n dorado de 2&quot; tiene los Diez Mandamientos en un lado y el evangelio en el otro. Es un excelente trampol\u00edn hacia el evangelio.\" \/>\n<meta name=\"robots\" content=\"index, follow, max-snippet:-1, max-image-preview:large, max-video-preview:-1\" \/>\n<link rel=\"canonical\" href=\"https:\/\/livingwaters.com\/es\/tienda\/otros-idiomas\/espanol\/moneda-de-oro-de-los-diez-mandamientos-grande\/\" \/>\n<meta property=\"og:locale\" content=\"es_ES\" \/>\n<meta property=\"og:type\" content=\"article\" \/>\n<meta property=\"og:title\" content=\"Moneda de Oro de los Diez Mandamientos (Grande)\" \/>\n<meta property=\"og:description\" content=\"Esta moneda de aleaci\u00f3n de lat\u00f3n dorado de 2&quot; tiene los Diez Mandamientos en un lado y el evangelio en el otro. Es un excelente trampol\u00edn hacia el evangelio.\" \/>\n<meta property=\"og:url\" content=\"https:\/\/livingwaters.com\/es\/tienda\/otros-idiomas\/espanol\/moneda-de-oro-de-los-diez-mandamientos-grande\/\" \/>\n<meta property=\"og:site_name\" content=\"Living Waters\" \/>\n<meta property=\"article:publisher\" content=\"https:\/\/www.facebook.com\/lwwotm\/\" \/>\n<meta property=\"article:modified_time\" content=\"2026-05-14T21:26:10+00:00\" \/>\n<meta property=\"og:image\" content=\"https:\/\/livingwaters.com\/wp-content\/uploads\/2026\/04\/10c-gold-coin2in-04.jpg\" \/>\n\t<meta property=\"og:image:width\" content=\"1280\" \/>\n\t<meta property=\"og:image:height\" content=\"1280\" \/>\n\t<meta property=\"og:image:type\" content=\"image\/jpeg\" \/>\n<meta name=\"twitter:card\" content=\"summary_large_image\" \/>\n<meta name=\"twitter:site\" content=\"@LivingWatersPub\" \/>\n<meta name=\"twitter:label1\" content=\"Tiempo de lectura\" \/>\n\t<meta name=\"twitter:data1\" content=\"1 minuto\" \/>\n<script type=\"application\/ld+json\" class=\"yoast-schema-graph\">{\"@context\":\"https:\\\/\\\/schema.org\",\"@graph\":[{\"@type\":\"WebPage\",\"@id\":\"https:\\\/\\\/livingwaters.com\\\/es\\\/tienda\\\/otros-idiomas\\\/espanol\\\/moneda-de-oro-de-los-diez-mandamientos-grande\\\/\",\"url\":\"https:\\\/\\\/livingwaters.com\\\/es\\\/tienda\\\/otros-idiomas\\\/espanol\\\/moneda-de-oro-de-los-diez-mandamientos-grande\\\/\",\"name\":\"Moneda de Oro de los Diez Mandamientos (Grande) - Living Waters\",\"isPartOf\":{\"@id\":\"https:\\\/\\\/livingwaters.com\\\/es\\\/#website\"},\"primaryImageOfPage\":{\"@id\":\"https:\\\/\\\/livingwaters.com\\\/es\\\/tienda\\\/otros-idiomas\\\/espanol\\\/moneda-de-oro-de-los-diez-mandamientos-grande\\\/#primaryimage\"},\"image\":{\"@id\":\"https:\\\/\\\/livingwaters.com\\\/es\\\/tienda\\\/otros-idiomas\\\/espanol\\\/moneda-de-oro-de-los-diez-mandamientos-grande\\\/#primaryimage\"},\"thumbnailUrl\":\"https:\\\/\\\/livingwaters.com\\\/wp-content\\\/uploads\\\/2026\\\/04\\\/10c-gold-coin2in-04.jpg\",\"datePublished\":\"2026-05-04T21:08:45+00:00\",\"dateModified\":\"2026-05-14T21:26:10+00:00\",\"description\":\"Esta moneda de aleaci\u00f3n de lat\u00f3n dorado de 2\\\" tiene los Diez Mandamientos en un lado y el evangelio en el otro. Es un excelente trampol\u00edn hacia el evangelio.\",\"breadcrumb\":{\"@id\":\"https:\\\/\\\/livingwaters.com\\\/es\\\/tienda\\\/otros-idiomas\\\/espanol\\\/moneda-de-oro-de-los-diez-mandamientos-grande\\\/#breadcrumb\"},\"inLanguage\":\"es\",\"potentialAction\":[{\"@type\":\"ReadAction\",\"target\":[\"https:\\\/\\\/livingwaters.com\\\/es\\\/tienda\\\/otros-idiomas\\\/espanol\\\/moneda-de-oro-de-los-diez-mandamientos-grande\\\/\"]}]},{\"@type\":\"ImageObject\",\"inLanguage\":\"es\",\"@id\":\"https:\\\/\\\/livingwaters.com\\\/es\\\/tienda\\\/otros-idiomas\\\/espanol\\\/moneda-de-oro-de-los-diez-mandamientos-grande\\\/#primaryimage\",\"url\":\"https:\\\/\\\/livingwaters.com\\\/wp-content\\\/uploads\\\/2026\\\/04\\\/10c-gold-coin2in-04.jpg\",\"contentUrl\":\"https:\\\/\\\/livingwaters.com\\\/wp-content\\\/uploads\\\/2026\\\/04\\\/10c-gold-coin2in-04.jpg\",\"width\":1280,\"height\":1280},{\"@type\":\"BreadcrumbList\",\"@id\":\"https:\\\/\\\/livingwaters.com\\\/es\\\/tienda\\\/otros-idiomas\\\/espanol\\\/moneda-de-oro-de-los-diez-mandamientos-grande\\\/#breadcrumb\",\"itemListElement\":[{\"@type\":\"ListItem\",\"position\":1,\"name\":\"Home\",\"item\":\"https:\\\/\\\/livingwaters.com\\\/es\\\/\"},{\"@type\":\"ListItem\",\"position\":2,\"name\":\"Productos\",\"item\":\"https:\\\/\\\/livingwaters.com\\\/es\\\/shop\\\/\"},{\"@type\":\"ListItem\",\"position\":3,\"name\":\"Moneda de Oro de los Diez Mandamientos (Grande)\"}]},{\"@type\":\"WebSite\",\"@id\":\"https:\\\/\\\/livingwaters.com\\\/es\\\/#website\",\"url\":\"https:\\\/\\\/livingwaters.com\\\/es\\\/\",\"name\":\"Living Waters\",\"description\":\"Inspiring. Equipping. Fulfilling.\",\"publisher\":{\"@id\":\"https:\\\/\\\/livingwaters.com\\\/es\\\/#organization\"},\"potentialAction\":[{\"@type\":\"SearchAction\",\"target\":{\"@type\":\"EntryPoint\",\"urlTemplate\":\"https:\\\/\\\/livingwaters.com\\\/es\\\/?s={search_term_string}\"},\"query-input\":{\"@type\":\"PropertyValueSpecification\",\"valueRequired\":true,\"valueName\":\"search_term_string\"}}],\"inLanguage\":\"es\"},{\"@type\":\"Organization\",\"@id\":\"https:\\\/\\\/livingwaters.com\\\/es\\\/#organization\",\"name\":\"Living Waters\",\"url\":\"https:\\\/\\\/livingwaters.com\\\/es\\\/\",\"logo\":{\"@type\":\"ImageObject\",\"inLanguage\":\"es\",\"@id\":\"https:\\\/\\\/livingwaters.com\\\/es\\\/#\\\/schema\\\/logo\\\/image\\\/\",\"url\":\"https:\\\/\\\/livingwaters.com\\\/wp-content\\\/uploads\\\/2017\\\/12\\\/logo-blue.png\",\"contentUrl\":\"https:\\\/\\\/livingwaters.com\\\/wp-content\\\/uploads\\\/2017\\\/12\\\/logo-blue.png\",\"width\":152,\"height\":42,\"caption\":\"Living Waters\"},\"image\":{\"@id\":\"https:\\\/\\\/livingwaters.com\\\/es\\\/#\\\/schema\\\/logo\\\/image\\\/\"},\"sameAs\":[\"https:\\\/\\\/www.facebook.com\\\/lwwotm\\\/\",\"https:\\\/\\\/x.com\\\/LivingWatersPub\",\"https:\\\/\\\/www.instagram.com\\\/livingwatersofficial\\\/\",\"https:\\\/\\\/www.youtube.com\\\/thewayofthemaster\"]}]}<\/script>\n<!-- \/ Yoast SEO Premium plugin. -->","yoast_head_json":{"title":"Moneda de Oro de los Diez Mandamientos (Grande) - Living Waters","description":"Esta moneda de aleaci\u00f3n de lat\u00f3n dorado de 2\" tiene los Diez Mandamientos en un lado y el evangelio en el otro. Es un excelente trampol\u00edn hacia el evangelio.","robots":{"index":"index","follow":"follow","max-snippet":"max-snippet:-1","max-image-preview":"max-image-preview:large","max-video-preview":"max-video-preview:-1"},"canonical":"https:\/\/livingwaters.com\/es\/tienda\/otros-idiomas\/espanol\/moneda-de-oro-de-los-diez-mandamientos-grande\/","og_locale":"es_ES","og_type":"article","og_title":"Moneda de Oro de los Diez Mandamientos (Grande)","og_description":"Esta moneda de aleaci\u00f3n de lat\u00f3n dorado de 2\" tiene los Diez Mandamientos en un lado y el evangelio en el otro. Es un excelente trampol\u00edn hacia el evangelio.","og_url":"https:\/\/livingwaters.com\/es\/tienda\/otros-idiomas\/espanol\/moneda-de-oro-de-los-diez-mandamientos-grande\/","og_site_name":"Living Waters","article_publisher":"https:\/\/www.facebook.com\/lwwotm\/","article_modified_time":"2026-05-14T21:26:10+00:00","og_image":[{"width":1280,"height":1280,"url":"https:\/\/livingwaters.com\/wp-content\/uploads\/2026\/04\/10c-gold-coin2in-04.jpg","type":"image\/jpeg"}],"twitter_card":"summary_large_image","twitter_site":"@LivingWatersPub","twitter_misc":{"Tiempo de lectura":"1 minuto"},"schema":{"@context":"https:\/\/schema.org","@graph":[{"@type":"WebPage","@id":"https:\/\/livingwaters.com\/es\/tienda\/otros-idiomas\/espanol\/moneda-de-oro-de-los-diez-mandamientos-grande\/","url":"https:\/\/livingwaters.com\/es\/tienda\/otros-idiomas\/espanol\/moneda-de-oro-de-los-diez-mandamientos-grande\/","name":"Moneda de Oro de los Diez Mandamientos (Grande) - Living Waters","isPartOf":{"@id":"https:\/\/livingwaters.com\/es\/#website"},"primaryImageOfPage":{"@id":"https:\/\/livingwaters.com\/es\/tienda\/otros-idiomas\/espanol\/moneda-de-oro-de-los-diez-mandamientos-grande\/#primaryimage"},"image":{"@id":"https:\/\/livingwaters.com\/es\/tienda\/otros-idiomas\/espanol\/moneda-de-oro-de-los-diez-mandamientos-grande\/#primaryimage"},"thumbnailUrl":"https:\/\/livingwaters.com\/wp-content\/uploads\/2026\/04\/10c-gold-coin2in-04.jpg","datePublished":"2026-05-04T21:08:45+00:00","dateModified":"2026-05-14T21:26:10+00:00","description":"Esta moneda de aleaci\u00f3n de lat\u00f3n dorado de 2\" tiene los Diez Mandamientos en un lado y el evangelio en el otro. Es un excelente trampol\u00edn hacia el evangelio.","breadcrumb":{"@id":"https:\/\/livingwaters.com\/es\/tienda\/otros-idiomas\/espanol\/moneda-de-oro-de-los-diez-mandamientos-grande\/#breadcrumb"},"inLanguage":"es","potentialAction":[{"@type":"ReadAction","target":["https:\/\/livingwaters.com\/es\/tienda\/otros-idiomas\/espanol\/moneda-de-oro-de-los-diez-mandamientos-grande\/"]}]},{"@type":"ImageObject","inLanguage":"es","@id":"https:\/\/livingwaters.com\/es\/tienda\/otros-idiomas\/espanol\/moneda-de-oro-de-los-diez-mandamientos-grande\/#primaryimage","url":"https:\/\/livingwaters.com\/wp-content\/uploads\/2026\/04\/10c-gold-coin2in-04.jpg","contentUrl":"https:\/\/livingwaters.com\/wp-content\/uploads\/2026\/04\/10c-gold-coin2in-04.jpg","width":1280,"height":1280},{"@type":"BreadcrumbList","@id":"https:\/\/livingwaters.com\/es\/tienda\/otros-idiomas\/espanol\/moneda-de-oro-de-los-diez-mandamientos-grande\/#breadcrumb","itemListElement":[{"@type":"ListItem","position":1,"name":"Home","item":"https:\/\/livingwaters.com\/es\/"},{"@type":"ListItem","position":2,"name":"Productos","item":"https:\/\/livingwaters.com\/es\/shop\/"},{"@type":"ListItem","position":3,"name":"Moneda de Oro de los Diez Mandamientos (Grande)"}]},{"@type":"WebSite","@id":"https:\/\/livingwaters.com\/es\/#website","url":"https:\/\/livingwaters.com\/es\/","name":"Living Waters","description":"Inspiring. Equipping. Fulfilling.","publisher":{"@id":"https:\/\/livingwaters.com\/es\/#organization"},"potentialAction":[{"@type":"SearchAction","target":{"@type":"EntryPoint","urlTemplate":"https:\/\/livingwaters.com\/es\/?s={search_term_string}"},"query-input":{"@type":"PropertyValueSpecification","valueRequired":true,"valueName":"search_term_string"}}],"inLanguage":"es"},{"@type":"Organization","@id":"https:\/\/livingwaters.com\/es\/#organization","name":"Living Waters","url":"https:\/\/livingwaters.com\/es\/","logo":{"@type":"ImageObject","inLanguage":"es","@id":"https:\/\/livingwaters.com\/es\/#\/schema\/logo\/image\/","url":"https:\/\/livingwaters.com\/wp-content\/uploads\/2017\/12\/logo-blue.png","contentUrl":"https:\/\/livingwaters.com\/wp-content\/uploads\/2017\/12\/logo-blue.png","width":152,"height":42,"caption":"Living Waters"},"image":{"@id":"https:\/\/livingwaters.com\/es\/#\/schema\/logo\/image\/"},"sameAs":["https:\/\/www.facebook.com\/lwwotm\/","https:\/\/x.com\/LivingWatersPub","https:\/\/www.instagram.com\/livingwatersofficial\/","https:\/\/www.youtube.com\/thewayofthemaster"]}]}},"_links":{"self":[{"href":"https:\/\/livingwaters.com\/es\/wp-json\/wp\/v2\/product\/490379","targetHints":{"allow":["GET"]}}],"collection":[{"href":"https:\/\/livingwaters.com\/es\/wp-json\/wp\/v2\/product"}],"about":[{"href":"https:\/\/livingwaters.com\/es\/wp-json\/wp\/v2\/types\/product"}],"replies":[{"embeddable":true,"href":"https:\/\/livingwaters.com\/es\/wp-json\/wp\/v2\/comments?post=490379"}],"wp:featuredmedia":[{"embeddable":true,"href":"https:\/\/livingwaters.com\/es\/wp-json\/wp\/v2\/media\/490062"}],"wp:attachment":[{"href":"https:\/\/livingwaters.com\/es\/wp-json\/wp\/v2\/media?parent=490379"}],"wp:term":[{"taxonomy":"product_author","embeddable":true,"href":"https:\/\/livingwaters.com\/es\/wp-json\/wp\/v2\/product_author?post=490379"},{"taxonomy":"product_collection","embeddable":true,"href":"https:\/\/livingwaters.com\/es\/wp-json\/wp\/v2\/product_collection?post=490379"},{"taxonomy":"product_topic","embeddable":true,"href":"https:\/\/livingwaters.com\/es\/wp-json\/wp\/v2\/product_topic?post=490379"},{"taxonomy":"product_brand","embeddable":true,"href":"https:\/\/livingwaters.com\/es\/wp-json\/wp\/v2\/product_brand?post=490379"},{"taxonomy":"product_cat","embeddable":true,"href":"https:\/\/livingwaters.com\/es\/wp-json\/wp\/v2\/product_cat?post=490379"},{"taxonomy":"product_tag","embeddable":true,"href":"https:\/\/livingwaters.com\/es\/wp-json\/wp\/v2\/product_tag?post=490379"}],"curies":[{"name":"wp","href":"https:\/\/api.w.org\/{rel}","templated":true}]}}