{"id":53109,"date":"2015-02-23T15:14:09","date_gmt":"2015-02-23T23:14:09","guid":{"rendered":"https:\/\/livingwaters.com\/?product=los-pasos-del-maestro-temporada-dos-descargar"},"modified":"2024-06-11T04:54:48","modified_gmt":"2024-06-11T11:54:48","slug":"los-pasos-del-maestro-temporada-dos-descargar","status":"publish","type":"product","link":"https:\/\/livingwaters.com\/es\/tienda\/video\/los-pasos-del-maestro-temporada-dos-descargar\/","title":{"rendered":"Los Pasos del Maestro Temporada Dos Descargar (MP4)"},"content":{"rendered":"<p><span class=\"wpex-responsive-media\"><iframe title=\"Los Pasos del Maestro Video Promocional\" width=\"980\" height=\"735\" src=\"https:\/\/www.youtube.com\/embed\/QnqC4Z29cwM?feature=oembed\"  allow=\"accelerometer; autoplay; clipboard-write; encrypted-media; gyroscope; picture-in-picture; web-share\" referrerpolicy=\"strict-origin-when-cross-origin\" allowfullscreen><\/iframe><\/span><\/p>\n<p>Los Pasos del Maestro Programa de televisi\u00f3n &#8211; Temporada Dos.<\/p>\n<p>Episodio 14: Dios tiene un Plan Maravilloso para Tu Vida<br \/>\nDescubra por qu\u00e9 el popular mensaje de \u201cDios tiene un plan maravilloso para tu vida,\u201d no es B\u00edblico. Este episodio contestar\u00e1 preguntas que surgen sobre \u201cla vida en abundancia\u201d ofrecida en las Escrituras.<\/p>\n<p>Episodio 15: Conciencia<br \/>\n\u00bfQu\u00e9 es la conciencia y por qu\u00e9 nos habla solo de aspectos morales? Vea c\u00f3mo la conciencia del pecador puede trabajar para usted, cuando le comparte el evangelio de la manera que Jes\u00fas lo hizo.<\/p>\n<p>Episodio 16: Alcatraz, Al Capone, Alcohol<br \/>\nEste episodio fue grabado en la infame prisi\u00f3n de Alcatraz. Descubrir\u00e1 c\u00f3mo es que las \u201cprisiones\u201d atrapan al mundo, y c\u00f3mo Dios nos ha dado la llave para liberarlos.<\/p>\n<p>Episodio 17: Conversi\u00f3n Verdadera y Falsa<br \/>\nLa Biblia tiene mucho que decir con respecto a la falsa conversi\u00f3n. Esta vital ense\u00f1anza lo convencer\u00e1 de quedarse dentro de los l\u00edmites de las Escrituras cuando alcanzamos a los perdidos.<\/p>\n<p>Episodio 18: Cuando las Cosas salen Mal<br \/>\nEste episodio, grabado en un ring de box, muestra que Kirk y Ray tambi\u00e9n han tenido encuentros de evangelizaci\u00f3n en los que las cosas salen mal. Con respecto a cosas saliendo mal, Kirk y Ray tienen experiencia. Mire c\u00f3mo la gente se aleja, maldice, escupe y hasta pega durante las entrevistas.<\/p>\n<p>Episodio 19: Influencia Sat\u00e1nica<br \/>\nLa influencia de Satan\u00e1s no es siempre obvia. El padre de las mentiras es incre\u00edblemente sutil. Entre otras cosas, ha infiltrado la iglesia y cambiado el mensaje del evangelio.<\/p>\n<p>Episodio 21: La Evoluci\u00f3n<br \/>\n\u00bfTiene la evoluci\u00f3n bases cient\u00edficas? \u00bfSe puede probar? Esta no es la t\u00edpica exposici\u00f3n seca sobre el tema.<br \/>\nEl tema es abordado con mucho humor, hermosas fotograf\u00edas y sentido com\u00fan. Los mismos evolucionistas le mostrar\u00e1n lo poco inteligente que es esta teor\u00eda.<\/p>\n<p>Episodio 22: C\u00f3mo compartirle a un Miembro de la Familia<br \/>\n\u00bfCu\u00e1l es la mejor manera de compartirles a sus padres, hermanos, hijos y familiares? \u00bfQu\u00e9 se les dice a ellos? Aprenda los principios que le ayudar\u00e1n en esta dificultosa \u00e1rea.<\/p>\n<p>Episodio 23: El Temor de Dios<br \/>\n\u00bfEs leg\u00edtimo usar \u201ctemor\u201d para traer pecadores al Salvador? Descubra el verdadero significado de \u201cel temor de Dios\u201d y su lugar leg\u00edtimo en la presentaci\u00f3n del evangelio.<\/p>\n<p>Episodio 24: Romper el Hielo (Tratados de evangelizaci\u00f3n)<br \/>\n\u00bfC\u00f3mo se rompe el hielo para evangelizar? En la terminal Grand Central, Kirk y Ray ense\u00f1an lo f\u00e1cil que es utilizar tratados para comenzar conversaciones sobre la vida eterna.<\/p>\n<p>Episodio 25: La Apuesta M\u00e1s Grande<br \/>\nKirk y Ray ofrecen a jugadores en Las Vegas, 10 millones de d\u00f3lares para jugar la ruleta Rusa. Despu\u00e9s \u201csuben la apuesta\u201d para hablar de la apuesta m\u00e1s grande de la vida.<\/p>\n<p>Episodio 26: C\u00f3mo Encenderse por Dios.<br \/>\n\u00bfEs usted uno de \u201clos escogidos enfriados\u201d que quedan paralizados al compartir su fe? Estos principios simples y pr\u00e1cticos encender\u00e1n su fuego por Dios en su vida diaria.<\/p>\n","protected":false},"excerpt":{"rendered":"<p>Los Pasos del Maestro Programa de televisi\u00f3n &#8211; Temporada Dos.<\/p>\n","protected":false},"featured_media":211521,"comment_status":"open","ping_status":"closed","template":"","meta":{"_acf_changed":false,"_searchwp_excluded":""},"product_author":[],"product_collection":[10841],"product_topic":[],"product_brand":[],"product_cat":[10735],"product_tag":[],"class_list":{"0":"post-53109","1":"product","2":"type-product","3":"status-publish","4":"has-post-thumbnail","6":"product_collection-los-pasos-del-maestro-tv","7":"product_cat-video","8":"pa_language-espanol","9":"entry","10":"has-media","12":"first","13":"instock","14":"purchasable","15":"product-type-woosg"},"group_of_quantity":0,"min_quantity":0,"max_quantity":"","exclude_order_quantity_value_rules":"no","exclude_category_quantity_rules":"no","combine_variations":"no","acf":[],"yoast_head":"<!-- This site is optimized with the Yoast SEO Premium plugin v27.2 (Yoast SEO v27.2) - https:\/\/yoast.com\/product\/yoast-seo-premium-wordpress\/ -->\n<title>Los Pasos del Maestro Temporada Dos Descargar (MP4) - Living Waters<\/title>\n<meta name=\"robots\" content=\"index, follow, max-snippet:-1, max-image-preview:large, max-video-preview:-1\" \/>\n<link rel=\"canonical\" href=\"https:\/\/livingwaters.com\/es\/tienda\/video\/los-pasos-del-maestro-temporada-dos-descargar\/\" \/>\n<meta property=\"og:locale\" content=\"es_ES\" \/>\n<meta property=\"og:type\" content=\"article\" \/>\n<meta property=\"og:title\" content=\"Los Pasos del Maestro Temporada Dos Descargar (MP4)\" \/>\n<meta property=\"og:description\" content=\"Los Pasos del Maestro Programa de televisi\u00f3n - Temporada Dos.\" \/>\n<meta property=\"og:url\" content=\"https:\/\/livingwaters.com\/es\/tienda\/video\/los-pasos-del-maestro-temporada-dos-descargar\/\" \/>\n<meta property=\"og:site_name\" content=\"Living Waters\" \/>\n<meta property=\"article:publisher\" content=\"https:\/\/www.facebook.com\/lwwotm\/\" \/>\n<meta property=\"article:modified_time\" content=\"2024-06-11T11:54:48+00:00\" \/>\n<meta property=\"og:image\" content=\"https:\/\/livingwaters.com\/wp-content\/uploads\/2015\/02\/mp4_LPDM_temporada-2.jpg\" \/>\n\t<meta property=\"og:image:width\" content=\"700\" \/>\n\t<meta property=\"og:image:height\" content=\"700\" \/>\n\t<meta property=\"og:image:type\" content=\"image\/jpeg\" \/>\n<meta name=\"twitter:card\" content=\"summary_large_image\" \/>\n<meta name=\"twitter:site\" content=\"@LivingWatersPub\" \/>\n<meta name=\"twitter:label1\" content=\"Tiempo de lectura\" \/>\n\t<meta name=\"twitter:data1\" content=\"3 minutos\" \/>\n<script type=\"application\/ld+json\" class=\"yoast-schema-graph\">{\"@context\":\"https:\/\/schema.org\",\"@graph\":[{\"@type\":\"WebPage\",\"@id\":\"https:\/\/livingwaters.com\/es\/tienda\/video\/los-pasos-del-maestro-temporada-dos-descargar\/\",\"url\":\"https:\/\/livingwaters.com\/es\/tienda\/video\/los-pasos-del-maestro-temporada-dos-descargar\/\",\"name\":\"Los Pasos del Maestro Temporada Dos Descargar (MP4) - Living Waters\",\"isPartOf\":{\"@id\":\"https:\/\/livingwaters.com\/es\/#website\"},\"primaryImageOfPage\":{\"@id\":\"https:\/\/livingwaters.com\/es\/tienda\/video\/los-pasos-del-maestro-temporada-dos-descargar\/#primaryimage\"},\"image\":{\"@id\":\"https:\/\/livingwaters.com\/es\/tienda\/video\/los-pasos-del-maestro-temporada-dos-descargar\/#primaryimage\"},\"thumbnailUrl\":\"https:\/\/livingwaters.com\/wp-content\/uploads\/2015\/02\/mp4_LPDM_temporada-2.jpg\",\"datePublished\":\"2015-02-23T23:14:09+00:00\",\"dateModified\":\"2024-06-11T11:54:48+00:00\",\"breadcrumb\":{\"@id\":\"https:\/\/livingwaters.com\/es\/tienda\/video\/los-pasos-del-maestro-temporada-dos-descargar\/#breadcrumb\"},\"inLanguage\":\"es\",\"potentialAction\":[{\"@type\":\"ReadAction\",\"target\":[\"https:\/\/livingwaters.com\/es\/tienda\/video\/los-pasos-del-maestro-temporada-dos-descargar\/\"]}]},{\"@type\":\"ImageObject\",\"inLanguage\":\"es\",\"@id\":\"https:\/\/livingwaters.com\/es\/tienda\/video\/los-pasos-del-maestro-temporada-dos-descargar\/#primaryimage\",\"url\":\"https:\/\/livingwaters.com\/wp-content\/uploads\/2015\/02\/mp4_LPDM_temporada-2.jpg\",\"contentUrl\":\"https:\/\/livingwaters.com\/wp-content\/uploads\/2015\/02\/mp4_LPDM_temporada-2.jpg\",\"width\":700,\"height\":700},{\"@type\":\"BreadcrumbList\",\"@id\":\"https:\/\/livingwaters.com\/es\/tienda\/video\/los-pasos-del-maestro-temporada-dos-descargar\/#breadcrumb\",\"itemListElement\":[{\"@type\":\"ListItem\",\"position\":1,\"name\":\"Home\",\"item\":\"https:\/\/livingwaters.com\/es\/\"},{\"@type\":\"ListItem\",\"position\":2,\"name\":\"Productos\",\"item\":\"https:\/\/livingwaters.com\/es\/shop\/\"},{\"@type\":\"ListItem\",\"position\":3,\"name\":\"V\u00eddeo\",\"item\":\"https:\/\/livingwaters.com\/es\/categoria-producto\/video\/\"},{\"@type\":\"ListItem\",\"position\":4,\"name\":\"Los Pasos del Maestro Temporada Dos Descargar (MP4)\"}]},{\"@type\":\"WebSite\",\"@id\":\"https:\/\/livingwaters.com\/es\/#website\",\"url\":\"https:\/\/livingwaters.com\/es\/\",\"name\":\"Living Waters\",\"description\":\"Inspiring. Equipping. Fulfilling.\",\"publisher\":{\"@id\":\"https:\/\/livingwaters.com\/es\/#organization\"},\"potentialAction\":[{\"@type\":\"SearchAction\",\"target\":{\"@type\":\"EntryPoint\",\"urlTemplate\":\"https:\/\/livingwaters.com\/es\/?s={search_term_string}\"},\"query-input\":{\"@type\":\"PropertyValueSpecification\",\"valueRequired\":true,\"valueName\":\"search_term_string\"}}],\"inLanguage\":\"es\"},{\"@type\":\"Organization\",\"@id\":\"https:\/\/livingwaters.com\/es\/#organization\",\"name\":\"Living Waters\",\"url\":\"https:\/\/livingwaters.com\/es\/\",\"logo\":{\"@type\":\"ImageObject\",\"inLanguage\":\"es\",\"@id\":\"https:\/\/livingwaters.com\/es\/#\/schema\/logo\/image\/\",\"url\":\"https:\/\/livingwaters.com\/wp-content\/uploads\/2017\/12\/logo-blue.png\",\"contentUrl\":\"https:\/\/livingwaters.com\/wp-content\/uploads\/2017\/12\/logo-blue.png\",\"width\":152,\"height\":42,\"caption\":\"Living Waters\"},\"image\":{\"@id\":\"https:\/\/livingwaters.com\/es\/#\/schema\/logo\/image\/\"},\"sameAs\":[\"https:\/\/www.facebook.com\/lwwotm\/\",\"https:\/\/x.com\/LivingWatersPub\",\"https:\/\/www.instagram.com\/livingwatersofficial\/\",\"https:\/\/www.youtube.com\/thewayofthemaster\"]}]}<\/script>\n<!-- \/ Yoast SEO Premium plugin. -->","yoast_head_json":{"title":"Los Pasos del Maestro Temporada Dos Descargar (MP4) - Living Waters","robots":{"index":"index","follow":"follow","max-snippet":"max-snippet:-1","max-image-preview":"max-image-preview:large","max-video-preview":"max-video-preview:-1"},"canonical":"https:\/\/livingwaters.com\/es\/tienda\/video\/los-pasos-del-maestro-temporada-dos-descargar\/","og_locale":"es_ES","og_type":"article","og_title":"Los Pasos del Maestro Temporada Dos Descargar (MP4)","og_description":"Los Pasos del Maestro Programa de televisi\u00f3n - Temporada Dos.","og_url":"https:\/\/livingwaters.com\/es\/tienda\/video\/los-pasos-del-maestro-temporada-dos-descargar\/","og_site_name":"Living Waters","article_publisher":"https:\/\/www.facebook.com\/lwwotm\/","article_modified_time":"2024-06-11T11:54:48+00:00","og_image":[{"width":700,"height":700,"url":"https:\/\/livingwaters.com\/wp-content\/uploads\/2015\/02\/mp4_LPDM_temporada-2.jpg","type":"image\/jpeg"}],"twitter_card":"summary_large_image","twitter_site":"@LivingWatersPub","twitter_misc":{"Tiempo de lectura":"3 minutos"},"schema":{"@context":"https:\/\/schema.org","@graph":[{"@type":"WebPage","@id":"https:\/\/livingwaters.com\/es\/tienda\/video\/los-pasos-del-maestro-temporada-dos-descargar\/","url":"https:\/\/livingwaters.com\/es\/tienda\/video\/los-pasos-del-maestro-temporada-dos-descargar\/","name":"Los Pasos del Maestro Temporada Dos Descargar (MP4) - Living Waters","isPartOf":{"@id":"https:\/\/livingwaters.com\/es\/#website"},"primaryImageOfPage":{"@id":"https:\/\/livingwaters.com\/es\/tienda\/video\/los-pasos-del-maestro-temporada-dos-descargar\/#primaryimage"},"image":{"@id":"https:\/\/livingwaters.com\/es\/tienda\/video\/los-pasos-del-maestro-temporada-dos-descargar\/#primaryimage"},"thumbnailUrl":"https:\/\/livingwaters.com\/wp-content\/uploads\/2015\/02\/mp4_LPDM_temporada-2.jpg","datePublished":"2015-02-23T23:14:09+00:00","dateModified":"2024-06-11T11:54:48+00:00","breadcrumb":{"@id":"https:\/\/livingwaters.com\/es\/tienda\/video\/los-pasos-del-maestro-temporada-dos-descargar\/#breadcrumb"},"inLanguage":"es","potentialAction":[{"@type":"ReadAction","target":["https:\/\/livingwaters.com\/es\/tienda\/video\/los-pasos-del-maestro-temporada-dos-descargar\/"]}]},{"@type":"ImageObject","inLanguage":"es","@id":"https:\/\/livingwaters.com\/es\/tienda\/video\/los-pasos-del-maestro-temporada-dos-descargar\/#primaryimage","url":"https:\/\/livingwaters.com\/wp-content\/uploads\/2015\/02\/mp4_LPDM_temporada-2.jpg","contentUrl":"https:\/\/livingwaters.com\/wp-content\/uploads\/2015\/02\/mp4_LPDM_temporada-2.jpg","width":700,"height":700},{"@type":"BreadcrumbList","@id":"https:\/\/livingwaters.com\/es\/tienda\/video\/los-pasos-del-maestro-temporada-dos-descargar\/#breadcrumb","itemListElement":[{"@type":"ListItem","position":1,"name":"Home","item":"https:\/\/livingwaters.com\/es\/"},{"@type":"ListItem","position":2,"name":"Productos","item":"https:\/\/livingwaters.com\/es\/shop\/"},{"@type":"ListItem","position":3,"name":"V\u00eddeo","item":"https:\/\/livingwaters.com\/es\/categoria-producto\/video\/"},{"@type":"ListItem","position":4,"name":"Los Pasos del Maestro Temporada Dos Descargar (MP4)"}]},{"@type":"WebSite","@id":"https:\/\/livingwaters.com\/es\/#website","url":"https:\/\/livingwaters.com\/es\/","name":"Living Waters","description":"Inspiring. Equipping. Fulfilling.","publisher":{"@id":"https:\/\/livingwaters.com\/es\/#organization"},"potentialAction":[{"@type":"SearchAction","target":{"@type":"EntryPoint","urlTemplate":"https:\/\/livingwaters.com\/es\/?s={search_term_string}"},"query-input":{"@type":"PropertyValueSpecification","valueRequired":true,"valueName":"search_term_string"}}],"inLanguage":"es"},{"@type":"Organization","@id":"https:\/\/livingwaters.com\/es\/#organization","name":"Living Waters","url":"https:\/\/livingwaters.com\/es\/","logo":{"@type":"ImageObject","inLanguage":"es","@id":"https:\/\/livingwaters.com\/es\/#\/schema\/logo\/image\/","url":"https:\/\/livingwaters.com\/wp-content\/uploads\/2017\/12\/logo-blue.png","contentUrl":"https:\/\/livingwaters.com\/wp-content\/uploads\/2017\/12\/logo-blue.png","width":152,"height":42,"caption":"Living Waters"},"image":{"@id":"https:\/\/livingwaters.com\/es\/#\/schema\/logo\/image\/"},"sameAs":["https:\/\/www.facebook.com\/lwwotm\/","https:\/\/x.com\/LivingWatersPub","https:\/\/www.instagram.com\/livingwatersofficial\/","https:\/\/www.youtube.com\/thewayofthemaster"]}]}},"_links":{"self":[{"href":"https:\/\/livingwaters.com\/es\/wp-json\/wp\/v2\/product\/53109","targetHints":{"allow":["GET"]}}],"collection":[{"href":"https:\/\/livingwaters.com\/es\/wp-json\/wp\/v2\/product"}],"about":[{"href":"https:\/\/livingwaters.com\/es\/wp-json\/wp\/v2\/types\/product"}],"replies":[{"embeddable":true,"href":"https:\/\/livingwaters.com\/es\/wp-json\/wp\/v2\/comments?post=53109"}],"wp:featuredmedia":[{"embeddable":true,"href":"https:\/\/livingwaters.com\/es\/wp-json\/wp\/v2\/media\/211521"}],"wp:attachment":[{"href":"https:\/\/livingwaters.com\/es\/wp-json\/wp\/v2\/media?parent=53109"}],"wp:term":[{"taxonomy":"product_author","embeddable":true,"href":"https:\/\/livingwaters.com\/es\/wp-json\/wp\/v2\/product_author?post=53109"},{"taxonomy":"product_collection","embeddable":true,"href":"https:\/\/livingwaters.com\/es\/wp-json\/wp\/v2\/product_collection?post=53109"},{"taxonomy":"product_topic","embeddable":true,"href":"https:\/\/livingwaters.com\/es\/wp-json\/wp\/v2\/product_topic?post=53109"},{"taxonomy":"product_brand","embeddable":true,"href":"https:\/\/livingwaters.com\/es\/wp-json\/wp\/v2\/product_brand?post=53109"},{"taxonomy":"product_cat","embeddable":true,"href":"https:\/\/livingwaters.com\/es\/wp-json\/wp\/v2\/product_cat?post=53109"},{"taxonomy":"product_tag","embeddable":true,"href":"https:\/\/livingwaters.com\/es\/wp-json\/wp\/v2\/product_tag?post=53109"}],"curies":[{"name":"wp","href":"https:\/\/api.w.org\/{rel}","templated":true}]}}