{"id":53118,"date":"2015-02-23T16:05:55","date_gmt":"2015-02-24T00:05:55","guid":{"rendered":"https:\/\/livingwaters.com\/?product=los-pasos-del-maestro-temporada-tres-descargar"},"modified":"2024-06-11T04:56:06","modified_gmt":"2024-06-11T11:56:06","slug":"los-pasos-del-maestro-temporada-tres-descargar","status":"publish","type":"product","link":"https:\/\/livingwaters.com\/es\/tienda\/video\/los-pasos-del-maestro-temporada-tres-descargar\/","title":{"rendered":"Los Pasos Del Maestro Temporada Tres Descargar (MP4)"},"content":{"rendered":"<p>Los Pasos del Maestro Programa de televisi\u00f3n &#8211; Temporada Tres.<\/p>\n<p>Batalla por los Perdidos:<\/p>\n<p>Estamos en guerra con un enemigo poderoso, triple. Pero Dios nos ha dado armas a\u00fan m\u00e1s poderosas que pueden asegurar la victoria para cada soldado de Cristo. \u00bfSabes cu\u00e1les son? &#8220;Batalla por los Perdidos&#8221; le dir\u00e1 y luego culminara con una maravillosa y clara revelaci\u00f3n de lo que Dios hizo por nosotros en la Cruz del Calvario. Si usted capta esta revelaci\u00f3n, nunca volver\u00e1 a ser impotente contra los placeres del pecado o el brillo de este mundo pecador.<\/p>\n<p>\u00bfA D\u00f3nde Se Fue la Pasi\u00f3n?<\/p>\n<p>No hay nada m\u00e1s importante que alcanzar a los perdidos. Pero esto es algo que la Iglesia no har\u00e1 si no tiene una pasi\u00f3n ardiente de verlos salvos en Cristo. Tener un celo consumidor por los perdidos deber\u00eda ser el testimonio de cada cristiano, pero lamentablemente pocos que profesan estar en el Cuerpo contempor\u00e1neo de Cristo tienen suficiente preocupaci\u00f3n por hacer del evangelismo su obsesi\u00f3n. &#8220;\u00bfA D\u00f3nde Se Fue la Pasi\u00f3n?&#8221; ayudar\u00e1 a que la pasi\u00f3n de Dios sea una realidad en su propia vida.<\/p>\n<p>Hombre Com\u00fan<\/p>\n<p>Joe es un hombre com\u00fan. No piensa mucho acerca de la incre\u00edble creaci\u00f3n que lo rodea, mucho menos el incre\u00edblemente indecible Creador quien lo cre\u00f3. A pesar de que Dios le dio vida, si le preguntas a Joe si Dios alguna vez ha hecho algo por \u00e9l, el probablemente no pudiera pensar en alguna cosa. Cada amanecer solo revela otro d\u00eda com\u00fan para el Hombre Com\u00fan. Bueno&#8230; no del todo. No hay nada &#8220;com\u00fan&#8221; acerca de Joe o lo que \u00e9l hace cada d\u00eda. Estar\u00e1s encantado y alentado por &#8220;Hombre Com\u00fan&#8221;, porque \u00e9l te har\u00e1 ver todo en una nueva luz milagrosa.<\/p>\n<p>Atrapado en una Mentira<\/p>\n<p>Mentir es usualmente un mecanismo de defensa que usamos para zafarnos del asunto. A veces podemos decir cuando una persona est\u00e1 mintiendo, pero otras veces puede que no sea tan f\u00e1cil. &#8220;Atrapado en una Mentira&#8221; revelar\u00e1 porque un &#8220;detector de mentiras&#8221; no detecta realmente las mentiras. Descubrir\u00e1s que sucedi\u00f3 cuando el actor Kirk Cameron intent\u00f3 enga\u00f1ar a un pol\u00edgrafo. \u00bfPor qu\u00e9 incrementaron repentinamente su presi\u00f3n y latidos del coraz\u00f3n cuando contest\u00f3 ciertas preguntas? &#8220;Atrapado en una Mentira&#8221; tambi\u00e9n te mostrar\u00e1 que han habido dos testigos confiables en cada crimen de este mundo. \u00bfSabes qu\u00e9 son?<\/p>\n<p>El Mayordomo Divino<\/p>\n<p>Am\u00e9rica ha sido una tierra que fluye &#8220;leche y miel.&#8221; Ha sido rica, con abundancia de alimentos, salud, y prosperidad. Pero en a\u00f1os recientes, algo ha cambiado. Hemos sido plagados con cientos de tornados asesinos, huracanes terribles, alimentos masivos y sequias, y una embestida de c\u00e1ncer. Cada a\u00f1o en los Estados Unidos hay m\u00e1s de 189,000 casos nuevos de c\u00e1ncer de pr\u00f3stata y 203,000 casos de c\u00e1ncer de mama. M\u00e1s de 2.3 millones de Americanos tendr\u00e1n c\u00e1ncer en el siguiente a\u00f1o, muchos de los cuales ser\u00e1n ni\u00f1os. \u00bfPorque est\u00e1n sucediendo estas tragedias en esta naci\u00f3n? &#8220;El Mayordomo Divino&#8221; le dar\u00e1 una perspectiva detallada y reflexiva.<\/p>\n<p>\u00bfPorque el Cristianismo?<\/p>\n<p>Imag\u00ednese si se le ofreciera una opci\u00f3n de cuatro regalos: La Mona Lisa original, las llaves de un nuevo Lamborghini, diez millones de d\u00f3lares en efectivo, o un paraca\u00eddas. \u00bfCu\u00e1l elegir\u00eda? Si alguna vez se ha preguntado qu\u00e9 sucede despu\u00e9s de la muerta, si hay un cielo, o que tan buenos tenemos que ser para llegar ah\u00ed, &#8220;\u00bfPorque el Cristianismo?&#8221; le ayudar\u00e1. Si alguna vez se ha preguntado que religi\u00f3n deber\u00eda escoger, si es que alguna, &#8220;\u00bfPorque el Cristianismo?&#8221; va a aclarar las confusiones para que pueda tomar la mejor opci\u00f3n. T\u00f3mese el tiempo para ver esto con cuidado &#8211; no hay nada m\u00e1s importante que donde pasar\u00e1 la eternidad.<\/p>\n<p>Testigos de Jehov\u00e1<\/p>\n<p>Los Testigos de Jehov\u00e1 son mejor conocidos por ir de puerta en puerta. Probablemente los ha visto en su \u00e1rea, y muy probablemente que hallan llamado a su puerta. Ellos recientemente han dedicado 1.2 billones de horas en un a\u00f1o proclamando las &#8220;buenas noticias de Jehov\u00e1 y Su Reino&#8221;. \u00bfQu\u00e9 es lo que creen?, y m\u00e1s importante, \u00bfc\u00f3mo puede alcanzarlos de manera efectiva con la verdad? Este episodio le dir\u00e1 que decir.<\/p>\n<p>Mormonismo<\/p>\n<p>\u00bfQui\u00e9nes son los Mormones? Parecen ser estas personas morales, amorosas y orientadas a la familia. \u00bfC\u00f3mo comenz\u00f3 la iglesia Mormona? \u00bfQu\u00e9 es lo que creen? \u00bfSon Cristianos o son una secta? Ellos dicen que creen la Biblia, \u00bfpero qu\u00e9 hay del Libro del Morm\u00f3n, las tablas de oro, y el Padre Celestial y sus esposas que viven en su propio planeta? \u00bfNos convertiremos en dioses gobernantes de nuestros propios planetas? \u00bfAcaso todos pre-existimos antes de nacer en esta tierra? \u00bfEs Jes\u00fas realmente hermano de Lucifer&#8230; y que acerca de ser &#8220;bautizados por los muertos&#8221;? Estar\u00e1 sorprendido de lo que creen los mormones.<\/p>\n<p>Eres un Genio?<\/p>\n<p>Mucha gente, intentando mostrar que el ate\u00edsmo es &#8220;intelectual&#8221;, han argumentado que Albert Einstein fue un ateo. Sin embargo, el cient\u00edfico brillante dijo exactamente lo opuesto. \u00c9l dijo, &#8220;En vista de tal armon\u00eda en el cosmos el cual yo, con mi limitada mente humana, soy capaz de reconocer, que a\u00fan hay personas que dicen que no hay Dios. Pero lo que realmente me hace enojar es que me citan para soportar tales puntos de vista.&#8221; \u00bfEres un Genio? Tal vez no eres un Einstein, pero \u00bfTe consideras a ti mismo ser una persona inteligente? &#8220;\u00bfEres un Genio? &#8221; le har\u00e1 siete preguntas fascinantes que le ayudar\u00e1n a ver qu\u00e9 tan inteligente es realmente.<\/p>\n<p>\u00daltimas Palabras de los Ricos y Famosos<\/p>\n<p>Vivimos en un mundo de inmensa belleza, con cielos claros y azules, amplias nubes, innumerables flores hermosas, abundante c\u00e9sped verde y magn\u00edficos \u00e1rboles altos. De verdad que es un mundo maravilloso, creado por un Dios maravilloso y amoroso. Cuando pensamos en terremotos, inundaciones masivas, huracanes, terribles tornados, enfermedades y la muerte; nos preguntamos por qu\u00e9 un Dios amoroso har\u00eda estas cosas. Si alguna vez te has preguntado por qu\u00e9 hay tanto sufrimiento en este mundo, apreciar\u00e1s &#8220;Las \u00daltimas Palabras de los Ricos y Famosos.&#8221;<\/p>\n<p>Como Encontrar la Voluntad de Dios<\/p>\n<p>\u00bfTe has preguntado qu\u00e9 es lo que Dios quiere que hagas con tu vida? Esa es la pregunta m\u00e1s importante del cristiano. &#8220;C\u00f3mo Encontrar la Voluntad de Dios&#8221; demuestra claramente que puedes saber qu\u00e9 es lo que Dios quiere que hagas. S\u00f3lo tenemos una oportunidad en esta vida y si no entendemos cu\u00e1l es la voluntad de Dios, todo lo dem\u00e1s que hagamos ser\u00e1 in\u00fatil.<\/p>\n<p>\u00bfQue Te Asusta?<\/p>\n<p>\u00bfA qu\u00e9 le temes en la vida? \u00bfQu\u00e9 es lo que realmente te asusta? \u00bfLas pistolas o las alturas? \u00bfQuiz\u00e1 simplemente es el miedo a la muerte? \u00bfSon las ara\u00f1as espeluznantes o serpientes venenosas? \u201c\u00bfQu\u00e9 Te Asusta? &#8221; nos revela c\u00f3mo una serpiente venenosa, ataca al Cuerpo de Cristo, penetr\u00e1ndole su veneno de temor que lo paraliza. Ese es un temor que ninguno de nosotros quiere. Pero, \u00bfsab\u00edas que hay otro temor? Es un miedo que no podemos darnos el lujo de no tener.<\/p>\n<p>Hollywood Sea Tu Nombre<\/p>\n<p>En el principio Hollywood dijo: &#8220;H\u00e1gase la luz&#8221; y hubo luz. Entonces, se crearon las c\u00e1maras. El esp\u00edritu de Hollywood se mov\u00eda a trav\u00e9s de la faz de la tierra. Hollywood lo cre\u00f3. Recogi\u00f3 lo desconocido de la tierra de la humanidad y sopl\u00f3 en ellos la vida de las celebridades &#8211; una estatua de oro, cuyo \u00fanico prop\u00f3sito era traer grandes cantidades de dinero a las taquillas. Pero algo sali\u00f3 terriblemente mal. En 1968 apareci\u00f3 una serpiente en el jard\u00edn. Las pel\u00edculas se llenaron de blasfemia, adulterio y violencia. La luz que una vez fue brillante, se convirti\u00f3 en una densa oscuridad. Hollywood comenz\u00f3 a sufrir el mayor delirio de grandeza. Se entron\u00f3 a s\u00ed mismo como Dios, comenz\u00f3 a hablar con blasfemia contra el cielo y se convirti\u00f3 en una ley para s\u00ed mismo. Hollywood no respondi\u00f3 a nadie &#8211; ni siquiera a Dios. As\u00ed lo crey\u00f3.<\/p>\n","protected":false},"excerpt":{"rendered":"<p>Los Pasos del Maestro Programa de televisi\u00f3n &#8211; Temporada Tres.<\/p>\n","protected":false},"featured_media":211525,"comment_status":"open","ping_status":"closed","template":"","meta":{"_acf_changed":false,"_searchwp_excluded":""},"product_author":[],"product_collection":[10841],"product_topic":[],"product_brand":[],"product_cat":[10735],"product_tag":[],"class_list":{"0":"post-53118","1":"product","2":"type-product","3":"status-publish","4":"has-post-thumbnail","6":"product_collection-los-pasos-del-maestro-tv","7":"product_cat-video","8":"pa_language-espanol","9":"entry","10":"has-media","12":"first","13":"instock","14":"purchasable","15":"product-type-woosg"},"group_of_quantity":0,"min_quantity":0,"max_quantity":"","exclude_order_quantity_value_rules":"no","exclude_category_quantity_rules":"no","combine_variations":"no","acf":[],"yoast_head":"<!-- This site is optimized with the Yoast SEO Premium plugin v27.2 (Yoast SEO v27.2) - https:\/\/yoast.com\/product\/yoast-seo-premium-wordpress\/ -->\n<title>Los Pasos Del Maestro Temporada Tres Descargar (MP4) - Living Waters<\/title>\n<meta name=\"description\" content=\"Los Pasos del Maestro Programa de televisi\u00f3n - Temporada Tres.\" \/>\n<meta name=\"robots\" content=\"index, follow, max-snippet:-1, max-image-preview:large, max-video-preview:-1\" \/>\n<link rel=\"canonical\" href=\"https:\/\/livingwaters.com\/es\/tienda\/video\/los-pasos-del-maestro-temporada-tres-descargar\/\" \/>\n<meta property=\"og:locale\" content=\"es_ES\" \/>\n<meta property=\"og:type\" content=\"article\" \/>\n<meta property=\"og:title\" content=\"Los Pasos Del Maestro Temporada Tres Descargar (MP4)\" \/>\n<meta property=\"og:description\" content=\"Los Pasos del Maestro Programa de televisi\u00f3n - Temporada Tres.\" \/>\n<meta property=\"og:url\" content=\"https:\/\/livingwaters.com\/es\/tienda\/video\/los-pasos-del-maestro-temporada-tres-descargar\/\" \/>\n<meta property=\"og:site_name\" content=\"Living Waters\" \/>\n<meta property=\"article:publisher\" content=\"https:\/\/www.facebook.com\/lwwotm\/\" \/>\n<meta property=\"article:modified_time\" content=\"2024-06-11T11:56:06+00:00\" \/>\n<meta property=\"og:image\" content=\"https:\/\/livingwaters.com\/wp-content\/uploads\/2015\/02\/mp4_LPDM_temporada-3.jpg\" \/>\n\t<meta property=\"og:image:width\" content=\"700\" \/>\n\t<meta property=\"og:image:height\" content=\"700\" \/>\n\t<meta property=\"og:image:type\" content=\"image\/jpeg\" \/>\n<meta name=\"twitter:card\" content=\"summary_large_image\" \/>\n<meta name=\"twitter:site\" content=\"@LivingWatersPub\" \/>\n<meta name=\"twitter:label1\" content=\"Tiempo de lectura\" \/>\n\t<meta name=\"twitter:data1\" content=\"6 minutos\" \/>\n<script type=\"application\/ld+json\" class=\"yoast-schema-graph\">{\"@context\":\"https:\/\/schema.org\",\"@graph\":[{\"@type\":\"WebPage\",\"@id\":\"https:\/\/livingwaters.com\/es\/tienda\/video\/los-pasos-del-maestro-temporada-tres-descargar\/\",\"url\":\"https:\/\/livingwaters.com\/es\/tienda\/video\/los-pasos-del-maestro-temporada-tres-descargar\/\",\"name\":\"Los Pasos Del Maestro Temporada Tres Descargar (MP4) - Living Waters\",\"isPartOf\":{\"@id\":\"https:\/\/livingwaters.com\/es\/#website\"},\"primaryImageOfPage\":{\"@id\":\"https:\/\/livingwaters.com\/es\/tienda\/video\/los-pasos-del-maestro-temporada-tres-descargar\/#primaryimage\"},\"image\":{\"@id\":\"https:\/\/livingwaters.com\/es\/tienda\/video\/los-pasos-del-maestro-temporada-tres-descargar\/#primaryimage\"},\"thumbnailUrl\":\"https:\/\/livingwaters.com\/wp-content\/uploads\/2015\/02\/mp4_LPDM_temporada-3.jpg\",\"datePublished\":\"2015-02-24T00:05:55+00:00\",\"dateModified\":\"2024-06-11T11:56:06+00:00\",\"description\":\"Los Pasos del Maestro Programa de televisi\u00f3n - Temporada Tres.\",\"breadcrumb\":{\"@id\":\"https:\/\/livingwaters.com\/es\/tienda\/video\/los-pasos-del-maestro-temporada-tres-descargar\/#breadcrumb\"},\"inLanguage\":\"es\",\"potentialAction\":[{\"@type\":\"ReadAction\",\"target\":[\"https:\/\/livingwaters.com\/es\/tienda\/video\/los-pasos-del-maestro-temporada-tres-descargar\/\"]}]},{\"@type\":\"ImageObject\",\"inLanguage\":\"es\",\"@id\":\"https:\/\/livingwaters.com\/es\/tienda\/video\/los-pasos-del-maestro-temporada-tres-descargar\/#primaryimage\",\"url\":\"https:\/\/livingwaters.com\/wp-content\/uploads\/2015\/02\/mp4_LPDM_temporada-3.jpg\",\"contentUrl\":\"https:\/\/livingwaters.com\/wp-content\/uploads\/2015\/02\/mp4_LPDM_temporada-3.jpg\",\"width\":700,\"height\":700},{\"@type\":\"BreadcrumbList\",\"@id\":\"https:\/\/livingwaters.com\/es\/tienda\/video\/los-pasos-del-maestro-temporada-tres-descargar\/#breadcrumb\",\"itemListElement\":[{\"@type\":\"ListItem\",\"position\":1,\"name\":\"Home\",\"item\":\"https:\/\/livingwaters.com\/es\/\"},{\"@type\":\"ListItem\",\"position\":2,\"name\":\"Productos\",\"item\":\"https:\/\/livingwaters.com\/es\/shop\/\"},{\"@type\":\"ListItem\",\"position\":3,\"name\":\"V\u00eddeo\",\"item\":\"https:\/\/livingwaters.com\/es\/categoria-producto\/video\/\"},{\"@type\":\"ListItem\",\"position\":4,\"name\":\"Los Pasos Del Maestro Temporada Tres Descargar (MP4)\"}]},{\"@type\":\"WebSite\",\"@id\":\"https:\/\/livingwaters.com\/es\/#website\",\"url\":\"https:\/\/livingwaters.com\/es\/\",\"name\":\"Living Waters\",\"description\":\"Inspiring. Equipping. Fulfilling.\",\"publisher\":{\"@id\":\"https:\/\/livingwaters.com\/es\/#organization\"},\"potentialAction\":[{\"@type\":\"SearchAction\",\"target\":{\"@type\":\"EntryPoint\",\"urlTemplate\":\"https:\/\/livingwaters.com\/es\/?s={search_term_string}\"},\"query-input\":{\"@type\":\"PropertyValueSpecification\",\"valueRequired\":true,\"valueName\":\"search_term_string\"}}],\"inLanguage\":\"es\"},{\"@type\":\"Organization\",\"@id\":\"https:\/\/livingwaters.com\/es\/#organization\",\"name\":\"Living Waters\",\"url\":\"https:\/\/livingwaters.com\/es\/\",\"logo\":{\"@type\":\"ImageObject\",\"inLanguage\":\"es\",\"@id\":\"https:\/\/livingwaters.com\/es\/#\/schema\/logo\/image\/\",\"url\":\"https:\/\/livingwaters.com\/wp-content\/uploads\/2017\/12\/logo-blue.png\",\"contentUrl\":\"https:\/\/livingwaters.com\/wp-content\/uploads\/2017\/12\/logo-blue.png\",\"width\":152,\"height\":42,\"caption\":\"Living Waters\"},\"image\":{\"@id\":\"https:\/\/livingwaters.com\/es\/#\/schema\/logo\/image\/\"},\"sameAs\":[\"https:\/\/www.facebook.com\/lwwotm\/\",\"https:\/\/x.com\/LivingWatersPub\",\"https:\/\/www.instagram.com\/livingwatersofficial\/\",\"https:\/\/www.youtube.com\/thewayofthemaster\"]}]}<\/script>\n<!-- \/ Yoast SEO Premium plugin. -->","yoast_head_json":{"title":"Los Pasos Del Maestro Temporada Tres Descargar (MP4) - Living Waters","description":"Los Pasos del Maestro Programa de televisi\u00f3n - Temporada Tres.","robots":{"index":"index","follow":"follow","max-snippet":"max-snippet:-1","max-image-preview":"max-image-preview:large","max-video-preview":"max-video-preview:-1"},"canonical":"https:\/\/livingwaters.com\/es\/tienda\/video\/los-pasos-del-maestro-temporada-tres-descargar\/","og_locale":"es_ES","og_type":"article","og_title":"Los Pasos Del Maestro Temporada Tres Descargar (MP4)","og_description":"Los Pasos del Maestro Programa de televisi\u00f3n - Temporada Tres.","og_url":"https:\/\/livingwaters.com\/es\/tienda\/video\/los-pasos-del-maestro-temporada-tres-descargar\/","og_site_name":"Living Waters","article_publisher":"https:\/\/www.facebook.com\/lwwotm\/","article_modified_time":"2024-06-11T11:56:06+00:00","og_image":[{"width":700,"height":700,"url":"https:\/\/livingwaters.com\/wp-content\/uploads\/2015\/02\/mp4_LPDM_temporada-3.jpg","type":"image\/jpeg"}],"twitter_card":"summary_large_image","twitter_site":"@LivingWatersPub","twitter_misc":{"Tiempo de lectura":"6 minutos"},"schema":{"@context":"https:\/\/schema.org","@graph":[{"@type":"WebPage","@id":"https:\/\/livingwaters.com\/es\/tienda\/video\/los-pasos-del-maestro-temporada-tres-descargar\/","url":"https:\/\/livingwaters.com\/es\/tienda\/video\/los-pasos-del-maestro-temporada-tres-descargar\/","name":"Los Pasos Del Maestro Temporada Tres Descargar (MP4) - Living Waters","isPartOf":{"@id":"https:\/\/livingwaters.com\/es\/#website"},"primaryImageOfPage":{"@id":"https:\/\/livingwaters.com\/es\/tienda\/video\/los-pasos-del-maestro-temporada-tres-descargar\/#primaryimage"},"image":{"@id":"https:\/\/livingwaters.com\/es\/tienda\/video\/los-pasos-del-maestro-temporada-tres-descargar\/#primaryimage"},"thumbnailUrl":"https:\/\/livingwaters.com\/wp-content\/uploads\/2015\/02\/mp4_LPDM_temporada-3.jpg","datePublished":"2015-02-24T00:05:55+00:00","dateModified":"2024-06-11T11:56:06+00:00","description":"Los Pasos del Maestro Programa de televisi\u00f3n - Temporada Tres.","breadcrumb":{"@id":"https:\/\/livingwaters.com\/es\/tienda\/video\/los-pasos-del-maestro-temporada-tres-descargar\/#breadcrumb"},"inLanguage":"es","potentialAction":[{"@type":"ReadAction","target":["https:\/\/livingwaters.com\/es\/tienda\/video\/los-pasos-del-maestro-temporada-tres-descargar\/"]}]},{"@type":"ImageObject","inLanguage":"es","@id":"https:\/\/livingwaters.com\/es\/tienda\/video\/los-pasos-del-maestro-temporada-tres-descargar\/#primaryimage","url":"https:\/\/livingwaters.com\/wp-content\/uploads\/2015\/02\/mp4_LPDM_temporada-3.jpg","contentUrl":"https:\/\/livingwaters.com\/wp-content\/uploads\/2015\/02\/mp4_LPDM_temporada-3.jpg","width":700,"height":700},{"@type":"BreadcrumbList","@id":"https:\/\/livingwaters.com\/es\/tienda\/video\/los-pasos-del-maestro-temporada-tres-descargar\/#breadcrumb","itemListElement":[{"@type":"ListItem","position":1,"name":"Home","item":"https:\/\/livingwaters.com\/es\/"},{"@type":"ListItem","position":2,"name":"Productos","item":"https:\/\/livingwaters.com\/es\/shop\/"},{"@type":"ListItem","position":3,"name":"V\u00eddeo","item":"https:\/\/livingwaters.com\/es\/categoria-producto\/video\/"},{"@type":"ListItem","position":4,"name":"Los Pasos Del Maestro Temporada Tres Descargar (MP4)"}]},{"@type":"WebSite","@id":"https:\/\/livingwaters.com\/es\/#website","url":"https:\/\/livingwaters.com\/es\/","name":"Living Waters","description":"Inspiring. Equipping. Fulfilling.","publisher":{"@id":"https:\/\/livingwaters.com\/es\/#organization"},"potentialAction":[{"@type":"SearchAction","target":{"@type":"EntryPoint","urlTemplate":"https:\/\/livingwaters.com\/es\/?s={search_term_string}"},"query-input":{"@type":"PropertyValueSpecification","valueRequired":true,"valueName":"search_term_string"}}],"inLanguage":"es"},{"@type":"Organization","@id":"https:\/\/livingwaters.com\/es\/#organization","name":"Living Waters","url":"https:\/\/livingwaters.com\/es\/","logo":{"@type":"ImageObject","inLanguage":"es","@id":"https:\/\/livingwaters.com\/es\/#\/schema\/logo\/image\/","url":"https:\/\/livingwaters.com\/wp-content\/uploads\/2017\/12\/logo-blue.png","contentUrl":"https:\/\/livingwaters.com\/wp-content\/uploads\/2017\/12\/logo-blue.png","width":152,"height":42,"caption":"Living Waters"},"image":{"@id":"https:\/\/livingwaters.com\/es\/#\/schema\/logo\/image\/"},"sameAs":["https:\/\/www.facebook.com\/lwwotm\/","https:\/\/x.com\/LivingWatersPub","https:\/\/www.instagram.com\/livingwatersofficial\/","https:\/\/www.youtube.com\/thewayofthemaster"]}]}},"_links":{"self":[{"href":"https:\/\/livingwaters.com\/es\/wp-json\/wp\/v2\/product\/53118","targetHints":{"allow":["GET"]}}],"collection":[{"href":"https:\/\/livingwaters.com\/es\/wp-json\/wp\/v2\/product"}],"about":[{"href":"https:\/\/livingwaters.com\/es\/wp-json\/wp\/v2\/types\/product"}],"replies":[{"embeddable":true,"href":"https:\/\/livingwaters.com\/es\/wp-json\/wp\/v2\/comments?post=53118"}],"wp:featuredmedia":[{"embeddable":true,"href":"https:\/\/livingwaters.com\/es\/wp-json\/wp\/v2\/media\/211525"}],"wp:attachment":[{"href":"https:\/\/livingwaters.com\/es\/wp-json\/wp\/v2\/media?parent=53118"}],"wp:term":[{"taxonomy":"product_author","embeddable":true,"href":"https:\/\/livingwaters.com\/es\/wp-json\/wp\/v2\/product_author?post=53118"},{"taxonomy":"product_collection","embeddable":true,"href":"https:\/\/livingwaters.com\/es\/wp-json\/wp\/v2\/product_collection?post=53118"},{"taxonomy":"product_topic","embeddable":true,"href":"https:\/\/livingwaters.com\/es\/wp-json\/wp\/v2\/product_topic?post=53118"},{"taxonomy":"product_brand","embeddable":true,"href":"https:\/\/livingwaters.com\/es\/wp-json\/wp\/v2\/product_brand?post=53118"},{"taxonomy":"product_cat","embeddable":true,"href":"https:\/\/livingwaters.com\/es\/wp-json\/wp\/v2\/product_cat?post=53118"},{"taxonomy":"product_tag","embeddable":true,"href":"https:\/\/livingwaters.com\/es\/wp-json\/wp\/v2\/product_tag?post=53118"}],"curies":[{"name":"wp","href":"https:\/\/api.w.org\/{rel}","templated":true}]}}