{"id":53130,"date":"2015-02-24T10:46:41","date_gmt":"2015-02-24T18:46:41","guid":{"rendered":"https:\/\/livingwaters.com\/?product=curso-de-entrenamiento-basico-escargar"},"modified":"2026-03-19T21:13:19","modified_gmt":"2026-03-20T04:13:19","slug":"curso-de-entrenamiento-basico-escargar","status":"publish","type":"product","link":"https:\/\/livingwaters.com\/es\/tienda\/otros-idiomas\/espanol\/descargas-downloads\/curso-de-entrenamiento-basico-escargar\/","title":{"rendered":"Curso de Entrenamiento B\u00e1sico Descargar (MP4)"},"content":{"rendered":"<p>&#8220;Curso de Entrenamiento B\u00e1sico&#8221; se basa en la serie televisiva premiada, &#8220;Los Pasos del Maestro,&#8221; por Kirk Cameron y Ray Comfort, y est\u00e1 especialmente formateado para capacitar al creyente en contexto de grupo, para que de manera sencilla y confiada comparta el evangelio con familiares, amigos y desconocidos.<\/p>\n<p>Este curso de ocho sesiones te ense\u00f1ar\u00e1 a vencer tus temores mediante el uso de un m\u00e9todo comprobado y poderosamente eficaz para dar sentido al evangelio. No te encontrar\u00e1s sin palabras para expresarte. No tienes que ser un experto en apolog\u00e9tica. Antes bien, aprender\u00e1s el principio b\u00edblico olvidado de evitar el intelecto (el lugar de argumento) y hablar directo a la conciencia (lugar del conocimiento del bien y mal)\u2014como lo hizo Jes\u00fas.<\/p>\n<p>Usando un estilo cautivador para la ense\u00f1anza, Kirk y Ray no s\u00f3lo te <em>dicen<\/em> c\u00f3mo testificar, te <em>muestran<\/em>, por medio de fascinantes conversaciones en la calle con pandilleros, ateos, miembros de sectas, intelectuales\u2026 en la playa, en parques, en aviones, en centros comerciales.<\/p>\n<p>La Gu\u00eda de Estudio incluye:<\/p>\n<ul>\n<li>Preguntas para discusi\u00f3n y actividades de juego de roles<\/li>\n<li>Citas que animan al evangelismo<\/li>\n<li>Conversaciones muestras para testificar<\/li>\n<li>Pasos de &#8220;Preparaci\u00f3n en Casa&#8221;<\/li>\n<li>Tareas de &#8220;Aplicaci\u00f3n en el Mundo Real&#8221;<\/li>\n<li>Estudio B\u00edblico por tu cuenta<\/li>\n<li>Consejos adicionales para testificar<\/li>\n<\/ul>\n<p>Lecci\u00f3n 1 &#8211; 30 minutos<br \/>\nLecci\u00f3n 2 &#8211; 38 minutos<br \/>\nLecci\u00f3n 3 &#8211; 38 minutos<br \/>\nLecci\u00f3n 4 &#8211; 33 minutos<br \/>\nLecci\u00f3n 5 &#8211; 35 minutos<br \/>\nLecci\u00f3n 6 &#8211; 50 minutos<br \/>\nLecci\u00f3n 7 &#8211; 35 minutos<br \/>\nLecci\u00f3n 8 &#8211; 33 minutos<\/p>\n<p>&#8220;Los Pasos del Maestro&#8221; ha sido recomendada por John MacArthur, David Jeremiah, Joni Eareckson Tada, Josh McDowell, y muchos otros l\u00edderes cristianos.<\/p>\n<p><span class=\"wpex-responsive-media\"><iframe title=\"Curso B\u00e1sico de Entrenamiento &quot;LOS PASOS DEL MAESTRO&quot; - Promocional\" width=\"980\" height=\"551\" src=\"https:\/\/www.youtube.com\/embed\/DVBvxhPcO8I?feature=oembed\"  allow=\"accelerometer; autoplay; clipboard-write; encrypted-media; gyroscope; picture-in-picture; web-share\" allowfullscreen><\/iframe><\/span><\/p>\n","protected":false},"excerpt":{"rendered":"<p>&#8220;Curso de Entrenamiento B\u00e1sico&#8221; se basa en la serie televisiva premiada, &#8220;Los Pasos del Maestro,&#8221; por Kirk Cameron y Ray Comfort, y est\u00e1 especialmente formateado para capacitar al creyente en contexto de grupo, para que de manera sencilla y confiada comparta el evangelio con familiares, amigos y desconocidos. \t\t<div data-elementor-type=\"section\" data-elementor-id=\"211259\" class=\"elementor elementor-211259 elementor-210451\" data-elementor-post-type=\"elementor_library\">\n\t\t\t\t\t<section class=\"elementor-section elementor-top-section elementor-element elementor-element-e9a9884 elementor-section-boxed elementor-section-height-default elementor-section-height-default\" data-id=\"e9a9884\" data-element_type=\"section\" data-e-type=\"section\">\n\t\t\t\t\t\t<div class=\"elementor-container elementor-column-gap-no\">\n\t\t\t\t\t<div class=\"elementor-column elementor-col-100 elementor-top-column elementor-element elementor-element-94cb099\" data-id=\"94cb099\" data-element_type=\"column\" data-e-type=\"column\">\n\t\t\t<div class=\"elementor-widget-wrap elementor-element-populated\">\n\t\t\t\t\t\t<div class=\"elementor-element elementor-element-410fc47 elementor-widget elementor-widget-button\" data-id=\"410fc47\" data-element_type=\"widget\" data-e-type=\"widget\" data-widget_type=\"button.default\">\n\t\t\t\t<div class=\"elementor-widget-container\">\n\t\t\t\t\t\t\t\t\t<div class=\"elementor-button-wrapper\">\n\t\t\t\t\t<a class=\"elementor-button elementor-button-link elementor-size-sm\" href=\"#elementor-action%3Aaction%3Dpopup%3Aopen%26settings%3DeyJpZCI6MjExMjYzLCJ0b2dnbGUiOmZhbHNlfQ%3D%3D\">\n\t\t\t\t\t\t<span class=\"elementor-button-content-wrapper\">\n\t\t\t\t\t\t\t\t\t<span class=\"elementor-button-text\">***Nota importante para usuarios de Apple iPad, iPhone, y iPod: Haga clic aqu\u00ed antes de adquirir***<\/span>\n\t\t\t\t\t<\/span>\n\t\t\t\t\t<\/a>\n\t\t\t\t<\/div>\n\t\t\t\t\t\t\t\t<\/div>\n\t\t\t\t<\/div>\n\t\t\t\t\t<\/div>\n\t\t<\/div>\n\t\t\t\t\t<\/div>\n\t\t<\/section>\n\t\t\t\t<\/div>\n\t\t<\/p>\n","protected":false},"featured_media":211519,"comment_status":"open","ping_status":"closed","template":"","meta":{"_acf_changed":false,"_searchwp_excluded":""},"product_author":[],"product_collection":[10821],"product_topic":[10793],"product_brand":[],"product_cat":[11572,11074],"product_tag":[],"class_list":{"0":"post-53130","1":"product","2":"type-product","3":"status-publish","4":"has-post-thumbnail","6":"product_collection-curso-de-entrenamiento-basico","7":"product_topic-evangelizacion","8":"product_cat-descargas-downloads","9":"product_cat-curso-de-entrenamiento","10":"pa_language-espanol","11":"entry","12":"has-media","14":"first","15":"instock","16":"featured","17":"downloadable","18":"virtual","19":"sold-individually","20":"purchasable","21":"product-type-simple"},"group_of_quantity":0,"min_quantity":0,"max_quantity":"","exclude_order_quantity_value_rules":"no","exclude_category_quantity_rules":"no","combine_variations":"no","acf":[],"yoast_head":"<!-- This site is optimized with the Yoast SEO Premium plugin v27.2 (Yoast SEO v27.2) - https:\/\/yoast.com\/product\/yoast-seo-premium-wordpress\/ -->\n<title>Curso de Entrenamiento B\u00e1sico Descargar (MP4) - Living Waters<\/title>\n<meta name=\"robots\" content=\"index, follow, max-snippet:-1, max-image-preview:large, max-video-preview:-1\" \/>\n<link rel=\"canonical\" href=\"https:\/\/livingwaters.com\/es\/tienda\/otros-idiomas\/espanol\/descargas-downloads\/curso-de-entrenamiento-basico-escargar\/\" \/>\n<meta property=\"og:locale\" content=\"es_ES\" \/>\n<meta property=\"og:type\" content=\"article\" \/>\n<meta property=\"og:title\" content=\"Curso de Entrenamiento B\u00e1sico Descargar (MP4)\" \/>\n<meta property=\"og:description\" content=\"&quot;Curso de Entrenamiento B\u00e1sico&quot; se basa en la serie televisiva premiada, &quot;Los Pasos del Maestro,&quot; por Kirk Cameron y Ray Comfort, y est\u00e1 especialmente formateado para capacitar al creyente en contexto de grupo, para que de manera sencilla y confiada comparta el evangelio con familiares, amigos y desconocidos.\" \/>\n<meta property=\"og:url\" content=\"https:\/\/livingwaters.com\/es\/tienda\/otros-idiomas\/espanol\/descargas-downloads\/curso-de-entrenamiento-basico-escargar\/\" \/>\n<meta property=\"og:site_name\" content=\"Living Waters\" \/>\n<meta property=\"article:publisher\" content=\"https:\/\/www.facebook.com\/lwwotm\/\" \/>\n<meta property=\"article:modified_time\" content=\"2026-03-20T04:13:19+00:00\" \/>\n<meta property=\"og:image\" content=\"https:\/\/livingwaters.com\/wp-content\/uploads\/2015\/02\/mp4_Curso-de-Entrenamiento-Basico-cover.jpg\" \/>\n\t<meta property=\"og:image:width\" content=\"700\" \/>\n\t<meta property=\"og:image:height\" content=\"700\" \/>\n\t<meta property=\"og:image:type\" content=\"image\/jpeg\" \/>\n<meta name=\"twitter:card\" content=\"summary_large_image\" \/>\n<meta name=\"twitter:site\" content=\"@LivingWatersPub\" \/>\n<meta name=\"twitter:label1\" content=\"Tiempo de lectura\" \/>\n\t<meta name=\"twitter:data1\" content=\"1 minuto\" \/>\n<script type=\"application\/ld+json\" class=\"yoast-schema-graph\">{\"@context\":\"https:\/\/schema.org\",\"@graph\":[{\"@type\":\"WebPage\",\"@id\":\"https:\/\/livingwaters.com\/es\/tienda\/otros-idiomas\/espanol\/descargas-downloads\/curso-de-entrenamiento-basico-escargar\/\",\"url\":\"https:\/\/livingwaters.com\/es\/tienda\/otros-idiomas\/espanol\/descargas-downloads\/curso-de-entrenamiento-basico-escargar\/\",\"name\":\"Curso de Entrenamiento B\u00e1sico Descargar (MP4) - Living Waters\",\"isPartOf\":{\"@id\":\"https:\/\/livingwaters.com\/es\/#website\"},\"primaryImageOfPage\":{\"@id\":\"https:\/\/livingwaters.com\/es\/tienda\/otros-idiomas\/espanol\/descargas-downloads\/curso-de-entrenamiento-basico-escargar\/#primaryimage\"},\"image\":{\"@id\":\"https:\/\/livingwaters.com\/es\/tienda\/otros-idiomas\/espanol\/descargas-downloads\/curso-de-entrenamiento-basico-escargar\/#primaryimage\"},\"thumbnailUrl\":\"https:\/\/livingwaters.com\/wp-content\/uploads\/2015\/02\/mp4_Curso-de-Entrenamiento-Basico-cover.jpg\",\"datePublished\":\"2015-02-24T18:46:41+00:00\",\"dateModified\":\"2026-03-20T04:13:19+00:00\",\"breadcrumb\":{\"@id\":\"https:\/\/livingwaters.com\/es\/tienda\/otros-idiomas\/espanol\/descargas-downloads\/curso-de-entrenamiento-basico-escargar\/#breadcrumb\"},\"inLanguage\":\"es\",\"potentialAction\":[{\"@type\":\"ReadAction\",\"target\":[\"https:\/\/livingwaters.com\/es\/tienda\/otros-idiomas\/espanol\/descargas-downloads\/curso-de-entrenamiento-basico-escargar\/\"]}]},{\"@type\":\"ImageObject\",\"inLanguage\":\"es\",\"@id\":\"https:\/\/livingwaters.com\/es\/tienda\/otros-idiomas\/espanol\/descargas-downloads\/curso-de-entrenamiento-basico-escargar\/#primaryimage\",\"url\":\"https:\/\/livingwaters.com\/wp-content\/uploads\/2015\/02\/mp4_Curso-de-Entrenamiento-Basico-cover.jpg\",\"contentUrl\":\"https:\/\/livingwaters.com\/wp-content\/uploads\/2015\/02\/mp4_Curso-de-Entrenamiento-Basico-cover.jpg\",\"width\":700,\"height\":700},{\"@type\":\"BreadcrumbList\",\"@id\":\"https:\/\/livingwaters.com\/es\/tienda\/otros-idiomas\/espanol\/descargas-downloads\/curso-de-entrenamiento-basico-escargar\/#breadcrumb\",\"itemListElement\":[{\"@type\":\"ListItem\",\"position\":1,\"name\":\"Home\",\"item\":\"https:\/\/livingwaters.com\/es\/\"},{\"@type\":\"ListItem\",\"position\":2,\"name\":\"Productos\",\"item\":\"https:\/\/livingwaters.com\/es\/shop\/\"},{\"@type\":\"ListItem\",\"position\":3,\"name\":\"Otros idiomas\",\"item\":\"https:\/\/livingwaters.com\/es\/categoria-producto\/otros-idiomas\/\"},{\"@type\":\"ListItem\",\"position\":4,\"name\":\"Espa\u00f1ol\",\"item\":\"https:\/\/livingwaters.com\/es\/categoria-producto\/otros-idiomas\/espanol\/\"},{\"@type\":\"ListItem\",\"position\":5,\"name\":\"Descargas (Downloads)\",\"item\":\"https:\/\/livingwaters.com\/es\/categoria-producto\/otros-idiomas\/espanol\/descargas-downloads\/\"},{\"@type\":\"ListItem\",\"position\":6,\"name\":\"Curso de Entrenamiento B\u00e1sico Descargar (MP4)\"}]},{\"@type\":\"WebSite\",\"@id\":\"https:\/\/livingwaters.com\/es\/#website\",\"url\":\"https:\/\/livingwaters.com\/es\/\",\"name\":\"Living Waters\",\"description\":\"Inspiring. Equipping. Fulfilling.\",\"publisher\":{\"@id\":\"https:\/\/livingwaters.com\/es\/#organization\"},\"potentialAction\":[{\"@type\":\"SearchAction\",\"target\":{\"@type\":\"EntryPoint\",\"urlTemplate\":\"https:\/\/livingwaters.com\/es\/?s={search_term_string}\"},\"query-input\":{\"@type\":\"PropertyValueSpecification\",\"valueRequired\":true,\"valueName\":\"search_term_string\"}}],\"inLanguage\":\"es\"},{\"@type\":\"Organization\",\"@id\":\"https:\/\/livingwaters.com\/es\/#organization\",\"name\":\"Living Waters\",\"url\":\"https:\/\/livingwaters.com\/es\/\",\"logo\":{\"@type\":\"ImageObject\",\"inLanguage\":\"es\",\"@id\":\"https:\/\/livingwaters.com\/es\/#\/schema\/logo\/image\/\",\"url\":\"https:\/\/livingwaters.com\/wp-content\/uploads\/2017\/12\/logo-blue.png\",\"contentUrl\":\"https:\/\/livingwaters.com\/wp-content\/uploads\/2017\/12\/logo-blue.png\",\"width\":152,\"height\":42,\"caption\":\"Living Waters\"},\"image\":{\"@id\":\"https:\/\/livingwaters.com\/es\/#\/schema\/logo\/image\/\"},\"sameAs\":[\"https:\/\/www.facebook.com\/lwwotm\/\",\"https:\/\/x.com\/LivingWatersPub\",\"https:\/\/www.instagram.com\/livingwatersofficial\/\",\"https:\/\/www.youtube.com\/thewayofthemaster\"]}]}<\/script>\n<!-- \/ Yoast SEO Premium plugin. -->","yoast_head_json":{"title":"Curso de Entrenamiento B\u00e1sico Descargar (MP4) - Living Waters","robots":{"index":"index","follow":"follow","max-snippet":"max-snippet:-1","max-image-preview":"max-image-preview:large","max-video-preview":"max-video-preview:-1"},"canonical":"https:\/\/livingwaters.com\/es\/tienda\/otros-idiomas\/espanol\/descargas-downloads\/curso-de-entrenamiento-basico-escargar\/","og_locale":"es_ES","og_type":"article","og_title":"Curso de Entrenamiento B\u00e1sico Descargar (MP4)","og_description":"\"Curso de Entrenamiento B\u00e1sico\" se basa en la serie televisiva premiada, \"Los Pasos del Maestro,\" por Kirk Cameron y Ray Comfort, y est\u00e1 especialmente formateado para capacitar al creyente en contexto de grupo, para que de manera sencilla y confiada comparta el evangelio con familiares, amigos y desconocidos.","og_url":"https:\/\/livingwaters.com\/es\/tienda\/otros-idiomas\/espanol\/descargas-downloads\/curso-de-entrenamiento-basico-escargar\/","og_site_name":"Living Waters","article_publisher":"https:\/\/www.facebook.com\/lwwotm\/","article_modified_time":"2026-03-20T04:13:19+00:00","og_image":[{"width":700,"height":700,"url":"https:\/\/livingwaters.com\/wp-content\/uploads\/2015\/02\/mp4_Curso-de-Entrenamiento-Basico-cover.jpg","type":"image\/jpeg"}],"twitter_card":"summary_large_image","twitter_site":"@LivingWatersPub","twitter_misc":{"Tiempo de lectura":"1 minuto"},"schema":{"@context":"https:\/\/schema.org","@graph":[{"@type":"WebPage","@id":"https:\/\/livingwaters.com\/es\/tienda\/otros-idiomas\/espanol\/descargas-downloads\/curso-de-entrenamiento-basico-escargar\/","url":"https:\/\/livingwaters.com\/es\/tienda\/otros-idiomas\/espanol\/descargas-downloads\/curso-de-entrenamiento-basico-escargar\/","name":"Curso de Entrenamiento B\u00e1sico Descargar (MP4) - Living Waters","isPartOf":{"@id":"https:\/\/livingwaters.com\/es\/#website"},"primaryImageOfPage":{"@id":"https:\/\/livingwaters.com\/es\/tienda\/otros-idiomas\/espanol\/descargas-downloads\/curso-de-entrenamiento-basico-escargar\/#primaryimage"},"image":{"@id":"https:\/\/livingwaters.com\/es\/tienda\/otros-idiomas\/espanol\/descargas-downloads\/curso-de-entrenamiento-basico-escargar\/#primaryimage"},"thumbnailUrl":"https:\/\/livingwaters.com\/wp-content\/uploads\/2015\/02\/mp4_Curso-de-Entrenamiento-Basico-cover.jpg","datePublished":"2015-02-24T18:46:41+00:00","dateModified":"2026-03-20T04:13:19+00:00","breadcrumb":{"@id":"https:\/\/livingwaters.com\/es\/tienda\/otros-idiomas\/espanol\/descargas-downloads\/curso-de-entrenamiento-basico-escargar\/#breadcrumb"},"inLanguage":"es","potentialAction":[{"@type":"ReadAction","target":["https:\/\/livingwaters.com\/es\/tienda\/otros-idiomas\/espanol\/descargas-downloads\/curso-de-entrenamiento-basico-escargar\/"]}]},{"@type":"ImageObject","inLanguage":"es","@id":"https:\/\/livingwaters.com\/es\/tienda\/otros-idiomas\/espanol\/descargas-downloads\/curso-de-entrenamiento-basico-escargar\/#primaryimage","url":"https:\/\/livingwaters.com\/wp-content\/uploads\/2015\/02\/mp4_Curso-de-Entrenamiento-Basico-cover.jpg","contentUrl":"https:\/\/livingwaters.com\/wp-content\/uploads\/2015\/02\/mp4_Curso-de-Entrenamiento-Basico-cover.jpg","width":700,"height":700},{"@type":"BreadcrumbList","@id":"https:\/\/livingwaters.com\/es\/tienda\/otros-idiomas\/espanol\/descargas-downloads\/curso-de-entrenamiento-basico-escargar\/#breadcrumb","itemListElement":[{"@type":"ListItem","position":1,"name":"Home","item":"https:\/\/livingwaters.com\/es\/"},{"@type":"ListItem","position":2,"name":"Productos","item":"https:\/\/livingwaters.com\/es\/shop\/"},{"@type":"ListItem","position":3,"name":"Otros idiomas","item":"https:\/\/livingwaters.com\/es\/categoria-producto\/otros-idiomas\/"},{"@type":"ListItem","position":4,"name":"Espa\u00f1ol","item":"https:\/\/livingwaters.com\/es\/categoria-producto\/otros-idiomas\/espanol\/"},{"@type":"ListItem","position":5,"name":"Descargas (Downloads)","item":"https:\/\/livingwaters.com\/es\/categoria-producto\/otros-idiomas\/espanol\/descargas-downloads\/"},{"@type":"ListItem","position":6,"name":"Curso de Entrenamiento B\u00e1sico Descargar (MP4)"}]},{"@type":"WebSite","@id":"https:\/\/livingwaters.com\/es\/#website","url":"https:\/\/livingwaters.com\/es\/","name":"Living Waters","description":"Inspiring. Equipping. Fulfilling.","publisher":{"@id":"https:\/\/livingwaters.com\/es\/#organization"},"potentialAction":[{"@type":"SearchAction","target":{"@type":"EntryPoint","urlTemplate":"https:\/\/livingwaters.com\/es\/?s={search_term_string}"},"query-input":{"@type":"PropertyValueSpecification","valueRequired":true,"valueName":"search_term_string"}}],"inLanguage":"es"},{"@type":"Organization","@id":"https:\/\/livingwaters.com\/es\/#organization","name":"Living Waters","url":"https:\/\/livingwaters.com\/es\/","logo":{"@type":"ImageObject","inLanguage":"es","@id":"https:\/\/livingwaters.com\/es\/#\/schema\/logo\/image\/","url":"https:\/\/livingwaters.com\/wp-content\/uploads\/2017\/12\/logo-blue.png","contentUrl":"https:\/\/livingwaters.com\/wp-content\/uploads\/2017\/12\/logo-blue.png","width":152,"height":42,"caption":"Living Waters"},"image":{"@id":"https:\/\/livingwaters.com\/es\/#\/schema\/logo\/image\/"},"sameAs":["https:\/\/www.facebook.com\/lwwotm\/","https:\/\/x.com\/LivingWatersPub","https:\/\/www.instagram.com\/livingwatersofficial\/","https:\/\/www.youtube.com\/thewayofthemaster"]}]}},"_links":{"self":[{"href":"https:\/\/livingwaters.com\/es\/wp-json\/wp\/v2\/product\/53130","targetHints":{"allow":["GET"]}}],"collection":[{"href":"https:\/\/livingwaters.com\/es\/wp-json\/wp\/v2\/product"}],"about":[{"href":"https:\/\/livingwaters.com\/es\/wp-json\/wp\/v2\/types\/product"}],"replies":[{"embeddable":true,"href":"https:\/\/livingwaters.com\/es\/wp-json\/wp\/v2\/comments?post=53130"}],"wp:featuredmedia":[{"embeddable":true,"href":"https:\/\/livingwaters.com\/es\/wp-json\/wp\/v2\/media\/211519"}],"wp:attachment":[{"href":"https:\/\/livingwaters.com\/es\/wp-json\/wp\/v2\/media?parent=53130"}],"wp:term":[{"taxonomy":"product_author","embeddable":true,"href":"https:\/\/livingwaters.com\/es\/wp-json\/wp\/v2\/product_author?post=53130"},{"taxonomy":"product_collection","embeddable":true,"href":"https:\/\/livingwaters.com\/es\/wp-json\/wp\/v2\/product_collection?post=53130"},{"taxonomy":"product_topic","embeddable":true,"href":"https:\/\/livingwaters.com\/es\/wp-json\/wp\/v2\/product_topic?post=53130"},{"taxonomy":"product_brand","embeddable":true,"href":"https:\/\/livingwaters.com\/es\/wp-json\/wp\/v2\/product_brand?post=53130"},{"taxonomy":"product_cat","embeddable":true,"href":"https:\/\/livingwaters.com\/es\/wp-json\/wp\/v2\/product_cat?post=53130"},{"taxonomy":"product_tag","embeddable":true,"href":"https:\/\/livingwaters.com\/es\/wp-json\/wp\/v2\/product_tag?post=53130"}],"curies":[{"name":"wp","href":"https:\/\/api.w.org\/{rel}","templated":true}]}}