{"id":53422,"date":"2016-06-01T09:06:45","date_gmt":"2016-06-01T16:06:45","guid":{"rendered":"https:\/\/livingwaters.com\/?product=audacity-descargar"},"modified":"2022-09-22T17:16:23","modified_gmt":"2022-09-23T00:16:23","slug":"audacity-descargar","status":"publish","type":"product","link":"https:\/\/livingwaters.com\/es\/tienda\/sin-categorizar\/audacity-descargar\/","title":{"rendered":"Audacity Descargar (MP4)"},"content":{"rendered":"<div class=\"wpb-content-wrapper\">[vc_row][vc_column][vc_column_text](DVD en pantalla amplia, secciones especiales, subt\u00edtulos, cortometraje de 55 minutos)<\/p>\n<p>Pedro (Travis Owens) quien aspira a ser comediante, es animado por su amigo Ben a actuar en el club de comediantes local. Pero los nervios para la actuar no son sus \u00fanicos temores. Cuando fue confrontado con uno de los temas que causan m\u00e1s divisi\u00f3n en la actualidad, se siente obligado a actuar, pero \u00bfpuede? Desafiado por su compa\u00f1era de trabajo Diana (Molly Ritter) a defender sus convicciones a cerca de la homosexualidad y el matrimonio gay \u00bftendr\u00e1 el valor de defender lo que \u00e9l cree, aun con el riesgo de perder su amistad? Y \u00bfC\u00f3mo responder\u00e1 cuando enfrente una situaci\u00f3n de vida o muerte?[\/vc_column_text][\/vc_column][\/vc_row][vc_row][vc_column width=&#8221;1\/2&#8243;]<style>.vcex-heading.vcex_69d22dae10457{font-size:1em;text-transform:uppercase;}<\/style><h3 class=\"vcex-heading vcex-heading-bottom-border-w-color vcex-module wpex-heading wpex-text-2xl wpex-text-left vc_custom_1604584128186 wpex-border-b-2 wpex-border-solid wpex-border-main vcex_69d22dae10457\"><span class=\"vcex-heading-inner wpex-inline-block wpex-relative wpex-pb-5 wpex-border-b-2 wpex-border-solid wpex-border-accent\">V\u00eddeo<\/span><\/h3>[vc_video link=&#8221;https:\/\/www.youtube.com\/watch?v=Rk2XUdkshvA&#8221;][\/vc_column][vc_column width=&#8221;1\/2&#8243;]<style>.vcex-heading.vcex_69d22dae10f32{font-size:1em;text-transform:uppercase;}<\/style><h3 class=\"vcex-heading vcex-heading-bottom-border-w-color vcex-module wpex-heading wpex-text-2xl wpex-text-left vc_custom_1604584146768 wpex-border-b-2 wpex-border-solid wpex-border-main vcex_69d22dae10f32\"><span class=\"vcex-heading-inner wpex-inline-block wpex-relative wpex-pb-5 wpex-border-b-2 wpex-border-solid wpex-border-accent\">Recomendaciones<\/span><\/h3><link rel=\"stylesheet\" href=\"https:\/\/livingwaters.com\/wp-content\/plugins\/indeed-my-testimonials-vc\/themes\/theme_7\/style.css\" type=\"text\/css\" media=\"all\"><link rel=\"stylesheet\" href=\"https:\/\/livingwaters.com\/wp-content\/plugins\/indeed-my-testimonials-vc\/layouts\/style_ee3733.css\" type=\"text\/css\" media=\"all\"><div class='style_ee3733'><div class='theme_7 pag-theme2'><div class='ictst_wrapp'><div class='carousel_view' id='indeed_carousel_view_widget_5700' ><ul id='indeed_ul_5700_1' ><li style= ' width: calc(100% - 1px)'>\r\n<div class=\"testi-wrapper\">\r\n\t<div class=\"testi-details\">\r\n\t\t<div class=\"clinet-img #SHOW_IMG\">\r\n\t\t\t<a >\r\n \t\t\t\t<img title=\"John Piper\" src=\"https:\/\/livingwaters.com\/wp-content\/uploads\/2017\/12\/John-Piper-150x150.jpg\" alt=\"\"\/>\r\n \t\t\t<\/a>\r\n\t\t<\/div>\r\n\t\t<div class=\"quotes \">\r\n\t \t\t<div class=\"quote-content\">\r\n\t\t\t\t<a >Las met\u00e1foras sobre el homosexualismo en esta pel\u00edcula son convincentes.<\/a>\r\n\t\t\t <\/div>\t\r\n\t\t<\/div>\r\n\t\t<div class=\"testi-text\">\r\n\t\t\t <div class=\"row\">\r\n\t\t\t\t<span class=\"testi-name\">John Piper<\/span><span class=\"show imtst-display-none\">,<\/span> \r\n\t\t\t\t<span class=\"testi-job\"> Fundador <\/span>\t\t\r\n\t\t\t<\/div>\r\n\t\t\t<div class=\"row\">\t\t\t  \r\n\t\t\t\t<span class=\"testi-company\"> Desiring God <\/span>\r\n\t\t\t<\/div>\r\n\t\t\t<div class=\"row\">\r\n\t\t\t \t<span class=\"date\"><\/span>\r\n\t\t\t<\/div>\r\n\t\t\t<div class=\"row\">\r\n\t\t\t\t<span class=\"stars\"><\/span>\r\n\t\t\t<\/div>\r\n\t\t\t<div class=\"row\">\r\n\t\t\t  <span class=\"imtst-social\"><\/span>\r\n\t\t\t<\/div>\r\n\t\t<\/div>\t\r\n\t<\/div>\r\n\t\r\n\t<div class=\"clear\"><\/div>\r\n<\/div>\r\n<\/li><div class='clear'><\/div><\/ul><ul id='indeed_ul_5700_2' ><li style= ' width: calc(100% - 1px)'>\r\n<div class=\"testi-wrapper\">\r\n\t<div class=\"testi-details\">\r\n\t\t<div class=\"clinet-img #SHOW_IMG\">\r\n\t\t\t<a >\r\n \t\t\t\t<img title=\"Alex Kendrick\" src=\"https:\/\/livingwaters.com\/wp-content\/uploads\/2017\/12\/Alex-Kendrick-150x150.jpg\" alt=\"\"\/>\r\n \t\t\t<\/a>\r\n\t\t<\/div>\r\n\t\t<div class=\"quotes \">\r\n\t \t\t<div class=\"quote-content\">\r\n\t\t\t\t<a ><div class=\"imtst_quote_show\" id=\"8394_2\" ><p>'Audacity' te forzara a examinar lo que realmente crees a cerca de la homosexualidad. Sacudir\u00e1 tus presunciones\u2026y t\u00fa fe en Dios. Si no est\u00e1 seguro cu\u00e1l es tu posici\u00f3n sobre el asunto del matrimonio homosexual, quedara claro despu\u00e9s de ver esta ...<\/div><div class=\"imtst-read-more-link\" style= \" color: #ee3733;\" id=\"read_more-8394_2\" onClick=\"imtst_full_quote(1, '8394_2');\" >Read More<\/div><div id=\"full_quote-8394_2\" class=\"imtst_quote_hide\"><p>'Audacity' te forzara a examinar lo que realmente crees a cerca de la homosexualidad. Sacudir\u00e1 tus presunciones\u2026y t\u00fa fe en Dios. Si no est\u00e1 seguro cu\u00e1l es tu posici\u00f3n sobre el asunto del matrimonio homosexual, quedara claro despu\u00e9s de ver esta pel\u00edcula.<\/p>\n<\/div><div class=\"imtst-read-less-link\" style= \" color: #ee3733;\" id=\"read_less-8394_2\" onClick=\"imtst_full_quote(0, '8394_2');\">Read Less<\/div><\/a>\r\n\t\t\t <\/div>\t\r\n\t\t<\/div>\r\n\t\t<div class=\"testi-text\">\r\n\t\t\t <div class=\"row\">\r\n\t\t\t\t<span class=\"testi-name\">Alex Kendrick<\/span><span class=\"show imtst-display-none\">,<\/span> \r\n\t\t\t\t<span class=\"testi-job\"> Director\/Productor <\/span>\t\t\r\n\t\t\t<\/div>\r\n\t\t\t<div class=\"row\">\t\t\t  \r\n\t\t\t\t<span class=\"testi-company\"> A Prueba de Fuego y Reto de Valientes <\/span>\r\n\t\t\t<\/div>\r\n\t\t\t<div class=\"row\">\r\n\t\t\t \t<span class=\"date\"><\/span>\r\n\t\t\t<\/div>\r\n\t\t\t<div class=\"row\">\r\n\t\t\t\t<span class=\"stars\"><\/span>\r\n\t\t\t<\/div>\r\n\t\t\t<div class=\"row\">\r\n\t\t\t  <span class=\"imtst-social\"><\/span>\r\n\t\t\t<\/div>\r\n\t\t<\/div>\t\r\n\t<\/div>\r\n\t\r\n\t<div class=\"clear\"><\/div>\r\n<\/div>\r\n<\/li><div class='clear'><\/div><\/ul><ul id='indeed_ul_5700_3' ><li style= ' width: calc(100% - 1px)'>\r\n<div class=\"testi-wrapper\">\r\n\t<div class=\"testi-details\">\r\n\t\t<div class=\"clinet-img #SHOW_IMG\">\r\n\t\t\t<a >\r\n \t\t\t\t<img title=\"Ken Ham\" src=\"https:\/\/livingwaters.com\/wp-content\/uploads\/2017\/12\/EZ-commendation_Ken-Ham-150x150.jpg\" alt=\"\"\/>\r\n \t\t\t<\/a>\r\n\t\t<\/div>\r\n\t\t<div class=\"quotes \">\r\n\t \t\t<div class=\"quote-content\">\r\n\t\t\t\t<a >Poderosa, intrigante, desafiante.<\/a>\r\n\t\t\t <\/div>\t\r\n\t\t<\/div>\r\n\t\t<div class=\"testi-text\">\r\n\t\t\t <div class=\"row\">\r\n\t\t\t\t<span class=\"testi-name\">Ken Ham<\/span><span class=\"show imtst-display-none\">,<\/span> \r\n\t\t\t\t<span class=\"testi-job\"> Fundador\/Presidente <\/span>\t\t\r\n\t\t\t<\/div>\r\n\t\t\t<div class=\"row\">\t\t\t  \r\n\t\t\t\t<span class=\"testi-company\"> Answers in Genesis <\/span>\r\n\t\t\t<\/div>\r\n\t\t\t<div class=\"row\">\r\n\t\t\t \t<span class=\"date\"><\/span>\r\n\t\t\t<\/div>\r\n\t\t\t<div class=\"row\">\r\n\t\t\t\t<span class=\"stars\"><\/span>\r\n\t\t\t<\/div>\r\n\t\t\t<div class=\"row\">\r\n\t\t\t  <span class=\"imtst-social\"><\/span>\r\n\t\t\t<\/div>\r\n\t\t<\/div>\t\r\n\t<\/div>\r\n\t\r\n\t<div class=\"clear\"><\/div>\r\n<\/div>\r\n<\/li><div class='clear'><\/div><\/ul><\/div><\/div><\/div><\/div><span class='imtst-js-owl-settings'\r\n                           data-parent_id='#indeed_carousel_view_widget_5700'\r\n                           data-autoHeight='true'\r\n                           data-animateOut=''fadeOut''\r\n                           data-animateIn=''fadeIn''\r\n                           data-lazyLoad='false'\r\n                           data-loop='true'\r\n                           data-autoplay='false'\r\n                           data-autoplayTimeout='5000'\r\n                           data-autoplayHoverPause='true'\r\n                           data-autoplaySpeed='500'\r\n                           data-nav='true'\r\n                           data-navSpeed='500'\r\n                           data-dots='true'\r\n                           data-dotsSpeed='500'\r\n                           data-responsiveClass='true'\r\n                           data-nav_small='true'\r\n                       ><\/span>[\/vc_column][\/vc_row]\n<\/div>","protected":false},"excerpt":{"rendered":"<p>&#8220;Audacity\u201d utiliza un enfoque \u00fanico para abordar un tema muy delicado dentro de la sociedad contempor\u00e1nea. Independientemente de sus puntos de vista sobre la homosexualidad, usted ganara nuevas ideas y una nueva perspectiva. \t\t<div data-elementor-type=\"section\" data-elementor-id=\"211259\" class=\"elementor elementor-211259 elementor-210451\" data-elementor-post-type=\"elementor_library\">\n\t\t\t\t\t<section class=\"elementor-section elementor-top-section elementor-element elementor-element-e9a9884 elementor-section-boxed elementor-section-height-default elementor-section-height-default\" data-id=\"e9a9884\" data-element_type=\"section\" data-e-type=\"section\">\n\t\t\t\t\t\t<div class=\"elementor-container elementor-column-gap-no\">\n\t\t\t\t\t<div class=\"elementor-column elementor-col-100 elementor-top-column elementor-element elementor-element-94cb099\" data-id=\"94cb099\" data-element_type=\"column\" data-e-type=\"column\">\n\t\t\t<div class=\"elementor-widget-wrap elementor-element-populated\">\n\t\t\t\t\t\t<div class=\"elementor-element elementor-element-410fc47 elementor-widget elementor-widget-button\" data-id=\"410fc47\" data-element_type=\"widget\" data-e-type=\"widget\" data-widget_type=\"button.default\">\n\t\t\t\t<div class=\"elementor-widget-container\">\n\t\t\t\t\t\t\t\t\t<div class=\"elementor-button-wrapper\">\n\t\t\t\t\t<a class=\"elementor-button elementor-button-link elementor-size-sm\" href=\"#elementor-action%3Aaction%3Dpopup%3Aopen%26settings%3DeyJpZCI6MjExMjYzLCJ0b2dnbGUiOmZhbHNlfQ%3D%3D\">\n\t\t\t\t\t\t<span class=\"elementor-button-content-wrapper\">\n\t\t\t\t\t\t\t\t\t<span class=\"elementor-button-text\">***Nota importante para usuarios de Apple iPad, iPhone, y iPod: Haga clic aqu\u00ed antes de adquirir***<\/span>\n\t\t\t\t\t<\/span>\n\t\t\t\t\t<\/a>\n\t\t\t\t<\/div>\n\t\t\t\t\t\t\t\t<\/div>\n\t\t\t\t<\/div>\n\t\t\t\t\t<\/div>\n\t\t<\/div>\n\t\t\t\t\t<\/div>\n\t\t<\/section>\n\t\t\t\t<\/div>\n\t\t<\/p>\n","protected":false},"featured_media":211515,"comment_status":"closed","ping_status":"closed","template":"","meta":{"_acf_changed":false,"_searchwp_excluded":""},"product_author":[],"product_collection":[],"product_topic":[],"product_brand":[],"product_cat":[10736],"product_tag":[],"class_list":{"0":"post-53422","1":"product","2":"type-product","3":"status-publish","4":"has-post-thumbnail","6":"product_cat-sin-categorizar","7":"pa_language-espanol","8":"entry","9":"has-media","11":"first","12":"instock","13":"downloadable","14":"sold-individually","15":"purchasable","16":"product-type-simple"},"group_of_quantity":0,"min_quantity":0,"max_quantity":"","exclude_order_quantity_value_rules":"no","exclude_category_quantity_rules":"no","combine_variations":"no","acf":[],"yoast_head":"<!-- This site is optimized with the Yoast SEO Premium plugin v27.2 (Yoast SEO v27.2) - https:\/\/yoast.com\/product\/yoast-seo-premium-wordpress\/ -->\n<title>Audacity Descargar (MP4) - Living Waters<\/title>\n<meta name=\"robots\" content=\"index, follow, max-snippet:-1, max-image-preview:large, max-video-preview:-1\" \/>\n<link rel=\"canonical\" href=\"https:\/\/livingwaters.com\/es\/tienda\/sin-categorizar\/audacity-descargar\/\" \/>\n<meta property=\"og:locale\" content=\"es_ES\" \/>\n<meta property=\"og:type\" content=\"article\" \/>\n<meta property=\"og:title\" content=\"Audacity Descargar (MP4)\" \/>\n<meta property=\"og:description\" content=\"&quot;Audacity\u201d utiliza un enfoque \u00fanico para abordar un tema muy delicado dentro de la sociedad contempor\u00e1nea. Independientemente de sus puntos de vista sobre la homosexualidad, usted ganara nuevas ideas y una nueva perspectiva.\" \/>\n<meta property=\"og:url\" content=\"https:\/\/livingwaters.com\/es\/tienda\/sin-categorizar\/audacity-descargar\/\" \/>\n<meta property=\"og:site_name\" content=\"Living Waters\" \/>\n<meta property=\"article:publisher\" content=\"https:\/\/www.facebook.com\/lwwotm\/\" \/>\n<meta property=\"article:modified_time\" content=\"2022-09-23T00:16:23+00:00\" \/>\n<meta property=\"og:image\" content=\"https:\/\/livingwaters.com\/wp-content\/uploads\/2016\/06\/mp4_Audacity_spanish-cover.jpg\" \/>\n\t<meta property=\"og:image:width\" content=\"700\" \/>\n\t<meta property=\"og:image:height\" content=\"700\" \/>\n\t<meta property=\"og:image:type\" content=\"image\/jpeg\" \/>\n<meta name=\"twitter:card\" content=\"summary_large_image\" \/>\n<meta name=\"twitter:site\" content=\"@LivingWatersPub\" \/>\n<meta name=\"twitter:label1\" content=\"Tiempo de lectura\" \/>\n\t<meta name=\"twitter:data1\" content=\"1 minuto\" \/>\n<script type=\"application\/ld+json\" class=\"yoast-schema-graph\">{\"@context\":\"https:\/\/schema.org\",\"@graph\":[{\"@type\":\"WebPage\",\"@id\":\"https:\/\/livingwaters.com\/es\/tienda\/sin-categorizar\/audacity-descargar\/\",\"url\":\"https:\/\/livingwaters.com\/es\/tienda\/sin-categorizar\/audacity-descargar\/\",\"name\":\"Audacity Descargar (MP4) - Living Waters\",\"isPartOf\":{\"@id\":\"https:\/\/livingwaters.com\/es\/#website\"},\"primaryImageOfPage\":{\"@id\":\"https:\/\/livingwaters.com\/es\/tienda\/sin-categorizar\/audacity-descargar\/#primaryimage\"},\"image\":{\"@id\":\"https:\/\/livingwaters.com\/es\/tienda\/sin-categorizar\/audacity-descargar\/#primaryimage\"},\"thumbnailUrl\":\"https:\/\/livingwaters.com\/wp-content\/uploads\/2016\/06\/mp4_Audacity_spanish-cover.jpg\",\"datePublished\":\"2016-06-01T16:06:45+00:00\",\"dateModified\":\"2022-09-23T00:16:23+00:00\",\"breadcrumb\":{\"@id\":\"https:\/\/livingwaters.com\/es\/tienda\/sin-categorizar\/audacity-descargar\/#breadcrumb\"},\"inLanguage\":\"es\",\"potentialAction\":[{\"@type\":\"ReadAction\",\"target\":[\"https:\/\/livingwaters.com\/es\/tienda\/sin-categorizar\/audacity-descargar\/\"]}]},{\"@type\":\"ImageObject\",\"inLanguage\":\"es\",\"@id\":\"https:\/\/livingwaters.com\/es\/tienda\/sin-categorizar\/audacity-descargar\/#primaryimage\",\"url\":\"https:\/\/livingwaters.com\/wp-content\/uploads\/2016\/06\/mp4_Audacity_spanish-cover.jpg\",\"contentUrl\":\"https:\/\/livingwaters.com\/wp-content\/uploads\/2016\/06\/mp4_Audacity_spanish-cover.jpg\",\"width\":700,\"height\":700},{\"@type\":\"BreadcrumbList\",\"@id\":\"https:\/\/livingwaters.com\/es\/tienda\/sin-categorizar\/audacity-descargar\/#breadcrumb\",\"itemListElement\":[{\"@type\":\"ListItem\",\"position\":1,\"name\":\"Home\",\"item\":\"https:\/\/livingwaters.com\/es\/\"},{\"@type\":\"ListItem\",\"position\":2,\"name\":\"Productos\",\"item\":\"https:\/\/livingwaters.com\/es\/shop\/\"},{\"@type\":\"ListItem\",\"position\":3,\"name\":\"Sin categorizar\",\"item\":\"https:\/\/livingwaters.com\/es\/categoria-producto\/sin-categorizar\/\"},{\"@type\":\"ListItem\",\"position\":4,\"name\":\"Audacity Descargar (MP4)\"}]},{\"@type\":\"WebSite\",\"@id\":\"https:\/\/livingwaters.com\/es\/#website\",\"url\":\"https:\/\/livingwaters.com\/es\/\",\"name\":\"Living Waters\",\"description\":\"Inspiring. Equipping. Fulfilling.\",\"publisher\":{\"@id\":\"https:\/\/livingwaters.com\/es\/#organization\"},\"potentialAction\":[{\"@type\":\"SearchAction\",\"target\":{\"@type\":\"EntryPoint\",\"urlTemplate\":\"https:\/\/livingwaters.com\/es\/?s={search_term_string}\"},\"query-input\":{\"@type\":\"PropertyValueSpecification\",\"valueRequired\":true,\"valueName\":\"search_term_string\"}}],\"inLanguage\":\"es\"},{\"@type\":\"Organization\",\"@id\":\"https:\/\/livingwaters.com\/es\/#organization\",\"name\":\"Living Waters\",\"url\":\"https:\/\/livingwaters.com\/es\/\",\"logo\":{\"@type\":\"ImageObject\",\"inLanguage\":\"es\",\"@id\":\"https:\/\/livingwaters.com\/es\/#\/schema\/logo\/image\/\",\"url\":\"https:\/\/livingwaters.com\/wp-content\/uploads\/2017\/12\/logo-blue.png\",\"contentUrl\":\"https:\/\/livingwaters.com\/wp-content\/uploads\/2017\/12\/logo-blue.png\",\"width\":152,\"height\":42,\"caption\":\"Living Waters\"},\"image\":{\"@id\":\"https:\/\/livingwaters.com\/es\/#\/schema\/logo\/image\/\"},\"sameAs\":[\"https:\/\/www.facebook.com\/lwwotm\/\",\"https:\/\/x.com\/LivingWatersPub\",\"https:\/\/www.instagram.com\/livingwatersofficial\/\",\"https:\/\/www.youtube.com\/thewayofthemaster\"]}]}<\/script>\n<!-- \/ Yoast SEO Premium plugin. -->","yoast_head_json":{"title":"Audacity Descargar (MP4) - Living Waters","robots":{"index":"index","follow":"follow","max-snippet":"max-snippet:-1","max-image-preview":"max-image-preview:large","max-video-preview":"max-video-preview:-1"},"canonical":"https:\/\/livingwaters.com\/es\/tienda\/sin-categorizar\/audacity-descargar\/","og_locale":"es_ES","og_type":"article","og_title":"Audacity Descargar (MP4)","og_description":"\"Audacity\u201d utiliza un enfoque \u00fanico para abordar un tema muy delicado dentro de la sociedad contempor\u00e1nea. Independientemente de sus puntos de vista sobre la homosexualidad, usted ganara nuevas ideas y una nueva perspectiva.","og_url":"https:\/\/livingwaters.com\/es\/tienda\/sin-categorizar\/audacity-descargar\/","og_site_name":"Living Waters","article_publisher":"https:\/\/www.facebook.com\/lwwotm\/","article_modified_time":"2022-09-23T00:16:23+00:00","og_image":[{"width":700,"height":700,"url":"https:\/\/livingwaters.com\/wp-content\/uploads\/2016\/06\/mp4_Audacity_spanish-cover.jpg","type":"image\/jpeg"}],"twitter_card":"summary_large_image","twitter_site":"@LivingWatersPub","twitter_misc":{"Tiempo de lectura":"1 minuto"},"schema":{"@context":"https:\/\/schema.org","@graph":[{"@type":"WebPage","@id":"https:\/\/livingwaters.com\/es\/tienda\/sin-categorizar\/audacity-descargar\/","url":"https:\/\/livingwaters.com\/es\/tienda\/sin-categorizar\/audacity-descargar\/","name":"Audacity Descargar (MP4) - Living Waters","isPartOf":{"@id":"https:\/\/livingwaters.com\/es\/#website"},"primaryImageOfPage":{"@id":"https:\/\/livingwaters.com\/es\/tienda\/sin-categorizar\/audacity-descargar\/#primaryimage"},"image":{"@id":"https:\/\/livingwaters.com\/es\/tienda\/sin-categorizar\/audacity-descargar\/#primaryimage"},"thumbnailUrl":"https:\/\/livingwaters.com\/wp-content\/uploads\/2016\/06\/mp4_Audacity_spanish-cover.jpg","datePublished":"2016-06-01T16:06:45+00:00","dateModified":"2022-09-23T00:16:23+00:00","breadcrumb":{"@id":"https:\/\/livingwaters.com\/es\/tienda\/sin-categorizar\/audacity-descargar\/#breadcrumb"},"inLanguage":"es","potentialAction":[{"@type":"ReadAction","target":["https:\/\/livingwaters.com\/es\/tienda\/sin-categorizar\/audacity-descargar\/"]}]},{"@type":"ImageObject","inLanguage":"es","@id":"https:\/\/livingwaters.com\/es\/tienda\/sin-categorizar\/audacity-descargar\/#primaryimage","url":"https:\/\/livingwaters.com\/wp-content\/uploads\/2016\/06\/mp4_Audacity_spanish-cover.jpg","contentUrl":"https:\/\/livingwaters.com\/wp-content\/uploads\/2016\/06\/mp4_Audacity_spanish-cover.jpg","width":700,"height":700},{"@type":"BreadcrumbList","@id":"https:\/\/livingwaters.com\/es\/tienda\/sin-categorizar\/audacity-descargar\/#breadcrumb","itemListElement":[{"@type":"ListItem","position":1,"name":"Home","item":"https:\/\/livingwaters.com\/es\/"},{"@type":"ListItem","position":2,"name":"Productos","item":"https:\/\/livingwaters.com\/es\/shop\/"},{"@type":"ListItem","position":3,"name":"Sin categorizar","item":"https:\/\/livingwaters.com\/es\/categoria-producto\/sin-categorizar\/"},{"@type":"ListItem","position":4,"name":"Audacity Descargar (MP4)"}]},{"@type":"WebSite","@id":"https:\/\/livingwaters.com\/es\/#website","url":"https:\/\/livingwaters.com\/es\/","name":"Living Waters","description":"Inspiring. Equipping. Fulfilling.","publisher":{"@id":"https:\/\/livingwaters.com\/es\/#organization"},"potentialAction":[{"@type":"SearchAction","target":{"@type":"EntryPoint","urlTemplate":"https:\/\/livingwaters.com\/es\/?s={search_term_string}"},"query-input":{"@type":"PropertyValueSpecification","valueRequired":true,"valueName":"search_term_string"}}],"inLanguage":"es"},{"@type":"Organization","@id":"https:\/\/livingwaters.com\/es\/#organization","name":"Living Waters","url":"https:\/\/livingwaters.com\/es\/","logo":{"@type":"ImageObject","inLanguage":"es","@id":"https:\/\/livingwaters.com\/es\/#\/schema\/logo\/image\/","url":"https:\/\/livingwaters.com\/wp-content\/uploads\/2017\/12\/logo-blue.png","contentUrl":"https:\/\/livingwaters.com\/wp-content\/uploads\/2017\/12\/logo-blue.png","width":152,"height":42,"caption":"Living Waters"},"image":{"@id":"https:\/\/livingwaters.com\/es\/#\/schema\/logo\/image\/"},"sameAs":["https:\/\/www.facebook.com\/lwwotm\/","https:\/\/x.com\/LivingWatersPub","https:\/\/www.instagram.com\/livingwatersofficial\/","https:\/\/www.youtube.com\/thewayofthemaster"]}]}},"_links":{"self":[{"href":"https:\/\/livingwaters.com\/es\/wp-json\/wp\/v2\/product\/53422","targetHints":{"allow":["GET"]}}],"collection":[{"href":"https:\/\/livingwaters.com\/es\/wp-json\/wp\/v2\/product"}],"about":[{"href":"https:\/\/livingwaters.com\/es\/wp-json\/wp\/v2\/types\/product"}],"replies":[{"embeddable":true,"href":"https:\/\/livingwaters.com\/es\/wp-json\/wp\/v2\/comments?post=53422"}],"wp:featuredmedia":[{"embeddable":true,"href":"https:\/\/livingwaters.com\/es\/wp-json\/wp\/v2\/media\/211515"}],"wp:attachment":[{"href":"https:\/\/livingwaters.com\/es\/wp-json\/wp\/v2\/media?parent=53422"}],"wp:term":[{"taxonomy":"product_author","embeddable":true,"href":"https:\/\/livingwaters.com\/es\/wp-json\/wp\/v2\/product_author?post=53422"},{"taxonomy":"product_collection","embeddable":true,"href":"https:\/\/livingwaters.com\/es\/wp-json\/wp\/v2\/product_collection?post=53422"},{"taxonomy":"product_topic","embeddable":true,"href":"https:\/\/livingwaters.com\/es\/wp-json\/wp\/v2\/product_topic?post=53422"},{"taxonomy":"product_brand","embeddable":true,"href":"https:\/\/livingwaters.com\/es\/wp-json\/wp\/v2\/product_brand?post=53422"},{"taxonomy":"product_cat","embeddable":true,"href":"https:\/\/livingwaters.com\/es\/wp-json\/wp\/v2\/product_cat?post=53422"},{"taxonomy":"product_tag","embeddable":true,"href":"https:\/\/livingwaters.com\/es\/wp-json\/wp\/v2\/product_tag?post=53422"}],"curies":[{"name":"wp","href":"https:\/\/api.w.org\/{rel}","templated":true}]}}