{"id":53766,"date":"2018-07-05T13:34:16","date_gmt":"2018-07-05T20:34:16","guid":{"rendered":"https:\/\/livingwaters.com\/?product=los-pasos-del-maestro-temporada-cuatro-descargar"},"modified":"2026-04-02T03:15:39","modified_gmt":"2026-04-02T10:15:39","slug":"los-pasos-del-maestro-temporada-cuatro-descargar","status":"publish","type":"product","link":"https:\/\/livingwaters.com\/es\/tienda\/video\/los-pasos-del-maestro-temporada-cuatro-descargar\/","title":{"rendered":"Los Pasos del Maestro Temporada Cuatro Descargar (MP4)"},"content":{"rendered":"<p><span class=\"wpex-responsive-media\"><iframe title=\"Tr\u00e1iler Oficial - Los Pasos del Maestro Cuarta Temporada\" width=\"980\" height=\"551\" src=\"https:\/\/www.youtube.com\/embed\/OcraymZA6yU?feature=oembed\"  allow=\"accelerometer; autoplay; clipboard-write; encrypted-media; gyroscope; picture-in-picture; web-share\" referrerpolicy=\"strict-origin-when-cross-origin\" allowfullscreen><\/iframe><\/span><\/p>\n<p>En la Cuarta Temporada de nuestro programa de televisi\u00f3n Los Pasos del Maestro, seguir\u00e1s a Ray Comfort y a su fiel equipo mientras ellos viajan a trav\u00e9s de trece pa\u00edses europeos en tan solo trece d\u00edas. Testificando individualmente y predicando el evangelio al aire libre en cada pa\u00eds. Usted ser\u00e1 cautivado al ver que algunos miembros del equipo son detenidos por la polic\u00eda italiana, tambi\u00e9n los ver\u00e1n predicando en la famosa Notre Dame en Par\u00eds, y como una multitud enojada y embriagada se vuelve ingobernable cuando escuchan el evangelio en B\u00e9lgica. Vean como el equipo comparte el evangelio en Alemania en el evento de Oktoberfest y en los bares de la liberal \u00c1msterdam. Esta inigualable y emocionante aventura a trav\u00e9s de las naciones europeas es conducida por Kirk Cameron.<\/p>\n<p>Episodio 40: LONDRES<br \/>\nEl viaje comienza en la tierra natal de Charles Spurgeon: Londres. Lugar en el que otros conocidos predicadores como John Wesley, y George Whitefield predicaban al aire libre. La capital de Inglaterra est\u00e1 llena de historia, y de personas interesantes. En este interesante episodio conducido por Kirk Cameron, conocer\u00e1n a \u201cCaroline\u201d, interesante persona que no f\u00e1cilmente olvidaras.<\/p>\n<p>Episodio 41: BRUSELAS<br \/>\nAunque Bruselas es una ciudad maravillosa, B\u00e9lgica se ha conocido como \u201ctierra de desperdicio evang\u00e9lico\u201d. Estar\u00e1 anonadado cuando una multitud de gente embriagada se vuelva ingobernable mientras escucha el evangelio. Aprender\u00e1 nuevas palabras, como responder a la filosof\u00eda del relativismo moral, como compartirle a un ateo, acerca de Voltaire, y que fue lo que hizo el valiente William Tyndale por usted; en este r\u00e1pido e informativo episodio.<\/p>\n<p>Episodio 42: LUXEMBURGO<br \/>\nLuxemburgo es un pa\u00eds sin salida al mar en Europa occidental, frontera con B\u00e9lgica, Francia y Alemania, y es un lugar que Ray Comfort y su equipo seguramente no olvidaran. Es no es solo el lugar donde le predicaron a un pandillero que los amenaz\u00f3 con una navaja, pero es el lugar donde los alcanzo el cansancio debido al itinerario tan ocupado y por la falta de sue\u00f1o. Aprender\u00e1s principios b\u00edblicos al escuchar a Mark Spence predicar el evangelio, Trish testifica a un fascinante creyente de la fe bah\u00e1&#8217;\u00ed, e E.Z. utiliza el tablero de Da Vinci para mantener la atenci\u00f3n de la gente mientras predica al aire libre.<\/p>\n<p>Episodio 43: \u00c1MSTERDAM<br \/>\nDespu\u00e9s de visitar lugares bastantes refinados, el cuarto pa\u00eds que visitan, \u00c1msterdam, resulta ser un poco m\u00e1s dif\u00edcil ya que tiene la reputaci\u00f3n de ser el pa\u00eds donde se consigue droga legalmente. Tambi\u00e9n es conocido como la capital de los gay y lesbianas de Europa, y tambi\u00e9n est\u00e1 el distrito rojo que permite la prostituci\u00f3n legal. Descubran que sucede cuando el equipo sufre una situaci\u00f3n que puede comprometer todo el viaje; descubra la causa y ra\u00edces por la cual Europa ha ca\u00eddo en el humanismo y ate\u00edsmo. Tambi\u00e9n conocer\u00e1 algunos personajes interesantes en este r\u00e1pido y absorbente episodio.<\/p>\n<p>Episodio 44: PAR\u00cdS<br \/>\nParis\u2014La capital del romance del mundo. Mire a los turistas mirar con horror absoluto las travesuras del equipo frente a la Torre Eiffel. Vean que sucede cuando Ray y Scotty predican al aire libre frente a la catedral de Notre Dame. Conozca el error com\u00fan de &#8220;deconstruccionismo&#8221;, porque la reencarnaci\u00f3n no tiene sentido, y que decir cuando los ateos le dicen que usted no puede saber que pasa despu\u00e9s de que usted muere. Tambi\u00e9n conocer\u00e1 a \u201cAlan\u201d, un personaje muy colorido y amable.<\/p>\n<p>Episodio 45: M\u00d3NACO<br \/>\nEn M\u00f3naco las autoridades les prohibieron entrevistar a las personas en las calles, as\u00ed que no parec\u00eda que podr\u00edan predicar al aire libre. M\u00f3naco tiene el cuerpo de polic\u00eda m\u00e1s grande del mundo, y lo \u00faltimo que necesitaba el equipo era meterse en problemas con las autoridades. Pero algo maravilloso sucedi\u00f3 que les permiti\u00f3 predicar al aire libre. Vean fascinantes entrevistas, y despu\u00e9s visitamos California para conocer en profundidad la incre\u00edble Academia de Embajadores.<\/p>\n<p>Episodio 46: MIL\u00c1N<br \/>\nEn Italia, el equipo predico el evangelio frente a un gran grupo al exterior de una famosa catedral en la bella Mil\u00e1n. Vean como un polic\u00eda encubierto arremete en contra del equipo como un tibur\u00f3n hambriento. Despu\u00e9s dos miembros del equipo fueron detenidos e interrogados por la polic\u00eda italiana, mientras que el resto del equipo oraba fervientemente y vieron a Dios intervenir de una manera maravillosa. Te sentir\u00e1s afligido porque los j\u00f3venes perdidos de hoy intentan justificar el asesinato, la mentira, el robo y el adulterio, y un hombre acusa a Jes\u00fas de meterse con una prostituta, y les anima a no preocuparse si usted est\u00e1 en pecado.<\/p>\n<p>Episodio 47: Z\u00daRICH<br \/>\nEste pa\u00eds es probablemente el \u00faltimo lugar en la tierra en el que esperar\u00edas confrontar a un grupo de cantantes Hare Krishnas. Pero el equipo los confronta y quedar\u00e1s estupefacto ante lo que creen que deben hacer para encontrar la vida eterna. Entre otras cosas, aprender\u00e1s porque est\u00e1 bien comer carne, descubre porque usan colas de caballo, y vera el horroroso resultado final de una cosmovisi\u00f3n moralmente relativista. Vea como un miembro del equipo utiliza una gr\u00e1fica para ense\u00f1ar a una multitud suiza sobre el sorprendente genoma humano.<\/p>\n<p>Episodio 48: M\u00daNICH<br \/>\nEn la tierra de Hitler, los alemanes de hoy \u00bfc\u00f3mo ven el horrible holocausto? \u00bfQu\u00e9 es lo que creen acerca de Dios? En este episodio examinaremos la pregunta si la maldad de este mundo es un argumento en contra de Dios, y si El est\u00e1 de acuerdo con toda la embriaguez que hay en la fiesta de cerveza m\u00e1s grande del mundo en Oktoberfest. Vean como el equipo muestra la manera de liberarse de la camisa de fuerza de la muerte que nos confina, , aprenda a usar las prioridades circunstanciales para ayudar a las personas a ver su necesidad de Dios, y vea una demonstraci\u00f3n pr\u00e1ctica del regalo gratuito de la gracia.<\/p>\n<p>Episodio 49: PRAGA<br \/>\nQu\u00e9 otro pa\u00eds en Europa tiene m\u00e1s de dos millones de habitantes, los cuales la mayor\u00eda son agn\u00f3sticos o ateos, y \u00bfaun as\u00ed tiene en el coraz\u00f3n de su ciudad m\u00e1s grande un reloj de siglos de antig\u00fcedad que conmemora los doce Ap\u00f3stoles? La respuesta es Praga, la capital de la Rep\u00fablica Checa. Praga es tan colorida y tan concurrida como una acera de la ciudad de Nueva York, pero tan pintoresco como un cuento de hadas de terror. En este episodio aprender\u00e1s a compartir a una persona que cree en la teor\u00eda de le evoluci\u00f3n y descubrir\u00e1s que un \u201ceslab\u00f3n perdido\u201d ha sido encontrado. Tambi\u00e9n conocer\u00e1n a una persona que posiblemente crea en Dios pero no en la biblia.<\/p>\n<p>Episodio 50: VIENA<br \/>\nLa capital de Austria, una ciudad sin\u00f3nima con romance y m\u00fasica hermosa. Hasta 1938, Viena fue considerada la capital de la m\u00fasica del mundo, siendo anfitri\u00f3n de un grupo de compositores reconocidos tales como Brahms, Bruckner, Mahler y, Johann Strauss. Como muchas ciudades en Europa, tambi\u00e9n es predominante el ate\u00edsmo y la evoluci\u00f3n. \u00dananse a \u201cE.Z.\u201d mientras usa los eventos del 11 de septiembre para iniciar una predicaci\u00f3n al aire libre, y conocer\u00e1n a un ateo que cree que es un primate y dice creer en Dios.<\/p>\n<p>Episodio 51: BUDAPEST<br \/>\nLa bella ciudad de Budapest no tiene nada que ver con Buda o con pest. Es la capital de Hungr\u00eda y desesperadamente necesita el evangelio. En este episodio presenciaras un encuentro divino con un cristiano que necesita ser alentado y conocer\u00e1s a alguien quien fue salvo por medio de un folleto b\u00edblico. \u00bfUsted sab\u00eda que el m\u00e1s duro de los ateos vive por fe? Descubra porque nuestra conciencia es nuestro aliado fiel, y porque no solo le puedes pedir perd\u00f3n a Dios y ser perdonado, y despu\u00e9s recibir\u00e1 una clase muy agil en el uso del Lat\u00edn con Todd Friel.<\/p>\n<p>Episodio 52: TIMISOARA<br \/>\nP\u00f3ngase al tanto con el equipo en la \u00faltima parte de su viaje, mientras ellos predican al aire libre en una Universidad en Timisoara, Rumania. Vea a un ateo (portando una camiseta cristiana) quien se burla de Ray y luego es confrontado con la Ley de Dios. Tambi\u00e9n conocer\u00e1n a un hombre que le afirmo a Kirk que est\u00e1 bien violar a ni\u00f1os (vea la reacci\u00f3n de su amigo), y finalmente ver\u00e1n aun hombre tatuado responder al llamado del evangelio. En este \u00faltimo episodio de la serie descubrir\u00e1 la trampa n\u00famero uno despu\u00e9s de regresar de un viaje de misionero.<\/p>\n","protected":false},"excerpt":{"rendered":"<p>En la Cuarta Temporada de nuestro programa de televisi\u00f3n Los Pasos del Maestro, te unir\u00e1s a Ray Comfort y a su fiel equipo, mientras ellos viajan a trav\u00e9s de trece pa\u00edses europeos en tan s\u00f3lo trece d\u00edas. Testificando de manera individual, y predicando el evangelio al aire libre en cada pa\u00eds.<\/p>\n","protected":false},"featured_media":211527,"comment_status":"open","ping_status":"closed","template":"","meta":{"_acf_changed":false,"_searchwp_excluded":""},"product_author":[],"product_collection":[10841],"product_topic":[],"product_brand":[],"product_cat":[10735],"product_tag":[],"class_list":{"0":"post-53766","1":"product","2":"type-product","3":"status-publish","4":"has-post-thumbnail","6":"product_collection-los-pasos-del-maestro-tv","7":"product_cat-video","8":"pa_language-espanol","9":"entry","10":"has-media","12":"first","13":"instock","14":"purchasable","15":"product-type-woosg"},"group_of_quantity":0,"min_quantity":0,"max_quantity":"","exclude_order_quantity_value_rules":"no","exclude_category_quantity_rules":"no","combine_variations":"no","acf":[],"yoast_head":"<!-- This site is optimized with the Yoast SEO Premium plugin v27.2 (Yoast SEO v27.2) - https:\/\/yoast.com\/product\/yoast-seo-premium-wordpress\/ -->\n<title>Los Pasos del Maestro Temporada Cuatro Descargar (MP4) - Living Waters<\/title>\n<meta name=\"description\" content=\"Los Pasos del Maestro Programa de televisi\u00f3n - Temporada Cuatro.\" \/>\n<meta name=\"robots\" content=\"index, follow, max-snippet:-1, max-image-preview:large, max-video-preview:-1\" \/>\n<link rel=\"canonical\" href=\"https:\/\/livingwaters.com\/es\/tienda\/video\/los-pasos-del-maestro-temporada-cuatro-descargar\/\" \/>\n<meta property=\"og:locale\" content=\"es_ES\" \/>\n<meta property=\"og:type\" content=\"article\" \/>\n<meta property=\"og:title\" content=\"Los Pasos del Maestro Temporada Cuatro Descargar (MP4)\" \/>\n<meta property=\"og:description\" content=\"Los Pasos del Maestro Programa de televisi\u00f3n - Temporada Cuatro.\" \/>\n<meta property=\"og:url\" content=\"https:\/\/livingwaters.com\/es\/tienda\/video\/los-pasos-del-maestro-temporada-cuatro-descargar\/\" \/>\n<meta property=\"og:site_name\" content=\"Living Waters\" \/>\n<meta property=\"article:publisher\" content=\"https:\/\/www.facebook.com\/lwwotm\/\" \/>\n<meta property=\"article:modified_time\" content=\"2026-04-02T10:15:39+00:00\" \/>\n<meta property=\"og:image\" content=\"https:\/\/livingwaters.com\/wp-content\/uploads\/2018\/07\/mp4_LPDM_temporada-4.jpg\" \/>\n\t<meta property=\"og:image:width\" content=\"700\" \/>\n\t<meta property=\"og:image:height\" content=\"700\" \/>\n\t<meta property=\"og:image:type\" content=\"image\/jpeg\" \/>\n<meta name=\"twitter:card\" content=\"summary_large_image\" \/>\n<meta name=\"twitter:site\" content=\"@LivingWatersPub\" \/>\n<meta name=\"twitter:label1\" content=\"Tiempo de lectura\" \/>\n\t<meta name=\"twitter:data1\" content=\"7 minutos\" \/>\n<script type=\"application\/ld+json\" class=\"yoast-schema-graph\">{\"@context\":\"https:\/\/schema.org\",\"@graph\":[{\"@type\":\"WebPage\",\"@id\":\"https:\/\/livingwaters.com\/es\/tienda\/video\/los-pasos-del-maestro-temporada-cuatro-descargar\/\",\"url\":\"https:\/\/livingwaters.com\/es\/tienda\/video\/los-pasos-del-maestro-temporada-cuatro-descargar\/\",\"name\":\"Los Pasos del Maestro Temporada Cuatro Descargar (MP4) - Living Waters\",\"isPartOf\":{\"@id\":\"https:\/\/livingwaters.com\/es\/#website\"},\"primaryImageOfPage\":{\"@id\":\"https:\/\/livingwaters.com\/es\/tienda\/video\/los-pasos-del-maestro-temporada-cuatro-descargar\/#primaryimage\"},\"image\":{\"@id\":\"https:\/\/livingwaters.com\/es\/tienda\/video\/los-pasos-del-maestro-temporada-cuatro-descargar\/#primaryimage\"},\"thumbnailUrl\":\"https:\/\/livingwaters.com\/wp-content\/uploads\/2018\/07\/mp4_LPDM_temporada-4.jpg\",\"datePublished\":\"2018-07-05T20:34:16+00:00\",\"dateModified\":\"2026-04-02T10:15:39+00:00\",\"description\":\"Los Pasos del Maestro Programa de televisi\u00f3n - Temporada Cuatro.\",\"breadcrumb\":{\"@id\":\"https:\/\/livingwaters.com\/es\/tienda\/video\/los-pasos-del-maestro-temporada-cuatro-descargar\/#breadcrumb\"},\"inLanguage\":\"es\",\"potentialAction\":[{\"@type\":\"ReadAction\",\"target\":[\"https:\/\/livingwaters.com\/es\/tienda\/video\/los-pasos-del-maestro-temporada-cuatro-descargar\/\"]}]},{\"@type\":\"ImageObject\",\"inLanguage\":\"es\",\"@id\":\"https:\/\/livingwaters.com\/es\/tienda\/video\/los-pasos-del-maestro-temporada-cuatro-descargar\/#primaryimage\",\"url\":\"https:\/\/livingwaters.com\/wp-content\/uploads\/2018\/07\/mp4_LPDM_temporada-4.jpg\",\"contentUrl\":\"https:\/\/livingwaters.com\/wp-content\/uploads\/2018\/07\/mp4_LPDM_temporada-4.jpg\",\"width\":700,\"height\":700},{\"@type\":\"BreadcrumbList\",\"@id\":\"https:\/\/livingwaters.com\/es\/tienda\/video\/los-pasos-del-maestro-temporada-cuatro-descargar\/#breadcrumb\",\"itemListElement\":[{\"@type\":\"ListItem\",\"position\":1,\"name\":\"Home\",\"item\":\"https:\/\/livingwaters.com\/es\/\"},{\"@type\":\"ListItem\",\"position\":2,\"name\":\"Productos\",\"item\":\"https:\/\/livingwaters.com\/es\/shop\/\"},{\"@type\":\"ListItem\",\"position\":3,\"name\":\"V\u00eddeo\",\"item\":\"https:\/\/livingwaters.com\/es\/categoria-producto\/video\/\"},{\"@type\":\"ListItem\",\"position\":4,\"name\":\"Los Pasos del Maestro Temporada Cuatro Descargar (MP4)\"}]},{\"@type\":\"WebSite\",\"@id\":\"https:\/\/livingwaters.com\/es\/#website\",\"url\":\"https:\/\/livingwaters.com\/es\/\",\"name\":\"Living Waters\",\"description\":\"Inspiring. Equipping. Fulfilling.\",\"publisher\":{\"@id\":\"https:\/\/livingwaters.com\/es\/#organization\"},\"potentialAction\":[{\"@type\":\"SearchAction\",\"target\":{\"@type\":\"EntryPoint\",\"urlTemplate\":\"https:\/\/livingwaters.com\/es\/?s={search_term_string}\"},\"query-input\":{\"@type\":\"PropertyValueSpecification\",\"valueRequired\":true,\"valueName\":\"search_term_string\"}}],\"inLanguage\":\"es\"},{\"@type\":\"Organization\",\"@id\":\"https:\/\/livingwaters.com\/es\/#organization\",\"name\":\"Living Waters\",\"url\":\"https:\/\/livingwaters.com\/es\/\",\"logo\":{\"@type\":\"ImageObject\",\"inLanguage\":\"es\",\"@id\":\"https:\/\/livingwaters.com\/es\/#\/schema\/logo\/image\/\",\"url\":\"https:\/\/livingwaters.com\/wp-content\/uploads\/2017\/12\/logo-blue.png\",\"contentUrl\":\"https:\/\/livingwaters.com\/wp-content\/uploads\/2017\/12\/logo-blue.png\",\"width\":152,\"height\":42,\"caption\":\"Living Waters\"},\"image\":{\"@id\":\"https:\/\/livingwaters.com\/es\/#\/schema\/logo\/image\/\"},\"sameAs\":[\"https:\/\/www.facebook.com\/lwwotm\/\",\"https:\/\/x.com\/LivingWatersPub\",\"https:\/\/www.instagram.com\/livingwatersofficial\/\",\"https:\/\/www.youtube.com\/thewayofthemaster\"]}]}<\/script>\n<!-- \/ Yoast SEO Premium plugin. -->","yoast_head_json":{"title":"Los Pasos del Maestro Temporada Cuatro Descargar (MP4) - Living Waters","description":"Los Pasos del Maestro Programa de televisi\u00f3n - Temporada Cuatro.","robots":{"index":"index","follow":"follow","max-snippet":"max-snippet:-1","max-image-preview":"max-image-preview:large","max-video-preview":"max-video-preview:-1"},"canonical":"https:\/\/livingwaters.com\/es\/tienda\/video\/los-pasos-del-maestro-temporada-cuatro-descargar\/","og_locale":"es_ES","og_type":"article","og_title":"Los Pasos del Maestro Temporada Cuatro Descargar (MP4)","og_description":"Los Pasos del Maestro Programa de televisi\u00f3n - Temporada Cuatro.","og_url":"https:\/\/livingwaters.com\/es\/tienda\/video\/los-pasos-del-maestro-temporada-cuatro-descargar\/","og_site_name":"Living Waters","article_publisher":"https:\/\/www.facebook.com\/lwwotm\/","article_modified_time":"2026-04-02T10:15:39+00:00","og_image":[{"width":700,"height":700,"url":"https:\/\/livingwaters.com\/wp-content\/uploads\/2018\/07\/mp4_LPDM_temporada-4.jpg","type":"image\/jpeg"}],"twitter_card":"summary_large_image","twitter_site":"@LivingWatersPub","twitter_misc":{"Tiempo de lectura":"7 minutos"},"schema":{"@context":"https:\/\/schema.org","@graph":[{"@type":"WebPage","@id":"https:\/\/livingwaters.com\/es\/tienda\/video\/los-pasos-del-maestro-temporada-cuatro-descargar\/","url":"https:\/\/livingwaters.com\/es\/tienda\/video\/los-pasos-del-maestro-temporada-cuatro-descargar\/","name":"Los Pasos del Maestro Temporada Cuatro Descargar (MP4) - Living Waters","isPartOf":{"@id":"https:\/\/livingwaters.com\/es\/#website"},"primaryImageOfPage":{"@id":"https:\/\/livingwaters.com\/es\/tienda\/video\/los-pasos-del-maestro-temporada-cuatro-descargar\/#primaryimage"},"image":{"@id":"https:\/\/livingwaters.com\/es\/tienda\/video\/los-pasos-del-maestro-temporada-cuatro-descargar\/#primaryimage"},"thumbnailUrl":"https:\/\/livingwaters.com\/wp-content\/uploads\/2018\/07\/mp4_LPDM_temporada-4.jpg","datePublished":"2018-07-05T20:34:16+00:00","dateModified":"2026-04-02T10:15:39+00:00","description":"Los Pasos del Maestro Programa de televisi\u00f3n - Temporada Cuatro.","breadcrumb":{"@id":"https:\/\/livingwaters.com\/es\/tienda\/video\/los-pasos-del-maestro-temporada-cuatro-descargar\/#breadcrumb"},"inLanguage":"es","potentialAction":[{"@type":"ReadAction","target":["https:\/\/livingwaters.com\/es\/tienda\/video\/los-pasos-del-maestro-temporada-cuatro-descargar\/"]}]},{"@type":"ImageObject","inLanguage":"es","@id":"https:\/\/livingwaters.com\/es\/tienda\/video\/los-pasos-del-maestro-temporada-cuatro-descargar\/#primaryimage","url":"https:\/\/livingwaters.com\/wp-content\/uploads\/2018\/07\/mp4_LPDM_temporada-4.jpg","contentUrl":"https:\/\/livingwaters.com\/wp-content\/uploads\/2018\/07\/mp4_LPDM_temporada-4.jpg","width":700,"height":700},{"@type":"BreadcrumbList","@id":"https:\/\/livingwaters.com\/es\/tienda\/video\/los-pasos-del-maestro-temporada-cuatro-descargar\/#breadcrumb","itemListElement":[{"@type":"ListItem","position":1,"name":"Home","item":"https:\/\/livingwaters.com\/es\/"},{"@type":"ListItem","position":2,"name":"Productos","item":"https:\/\/livingwaters.com\/es\/shop\/"},{"@type":"ListItem","position":3,"name":"V\u00eddeo","item":"https:\/\/livingwaters.com\/es\/categoria-producto\/video\/"},{"@type":"ListItem","position":4,"name":"Los Pasos del Maestro Temporada Cuatro Descargar (MP4)"}]},{"@type":"WebSite","@id":"https:\/\/livingwaters.com\/es\/#website","url":"https:\/\/livingwaters.com\/es\/","name":"Living Waters","description":"Inspiring. Equipping. Fulfilling.","publisher":{"@id":"https:\/\/livingwaters.com\/es\/#organization"},"potentialAction":[{"@type":"SearchAction","target":{"@type":"EntryPoint","urlTemplate":"https:\/\/livingwaters.com\/es\/?s={search_term_string}"},"query-input":{"@type":"PropertyValueSpecification","valueRequired":true,"valueName":"search_term_string"}}],"inLanguage":"es"},{"@type":"Organization","@id":"https:\/\/livingwaters.com\/es\/#organization","name":"Living Waters","url":"https:\/\/livingwaters.com\/es\/","logo":{"@type":"ImageObject","inLanguage":"es","@id":"https:\/\/livingwaters.com\/es\/#\/schema\/logo\/image\/","url":"https:\/\/livingwaters.com\/wp-content\/uploads\/2017\/12\/logo-blue.png","contentUrl":"https:\/\/livingwaters.com\/wp-content\/uploads\/2017\/12\/logo-blue.png","width":152,"height":42,"caption":"Living Waters"},"image":{"@id":"https:\/\/livingwaters.com\/es\/#\/schema\/logo\/image\/"},"sameAs":["https:\/\/www.facebook.com\/lwwotm\/","https:\/\/x.com\/LivingWatersPub","https:\/\/www.instagram.com\/livingwatersofficial\/","https:\/\/www.youtube.com\/thewayofthemaster"]}]}},"_links":{"self":[{"href":"https:\/\/livingwaters.com\/es\/wp-json\/wp\/v2\/product\/53766","targetHints":{"allow":["GET"]}}],"collection":[{"href":"https:\/\/livingwaters.com\/es\/wp-json\/wp\/v2\/product"}],"about":[{"href":"https:\/\/livingwaters.com\/es\/wp-json\/wp\/v2\/types\/product"}],"replies":[{"embeddable":true,"href":"https:\/\/livingwaters.com\/es\/wp-json\/wp\/v2\/comments?post=53766"}],"wp:featuredmedia":[{"embeddable":true,"href":"https:\/\/livingwaters.com\/es\/wp-json\/wp\/v2\/media\/211527"}],"wp:attachment":[{"href":"https:\/\/livingwaters.com\/es\/wp-json\/wp\/v2\/media?parent=53766"}],"wp:term":[{"taxonomy":"product_author","embeddable":true,"href":"https:\/\/livingwaters.com\/es\/wp-json\/wp\/v2\/product_author?post=53766"},{"taxonomy":"product_collection","embeddable":true,"href":"https:\/\/livingwaters.com\/es\/wp-json\/wp\/v2\/product_collection?post=53766"},{"taxonomy":"product_topic","embeddable":true,"href":"https:\/\/livingwaters.com\/es\/wp-json\/wp\/v2\/product_topic?post=53766"},{"taxonomy":"product_brand","embeddable":true,"href":"https:\/\/livingwaters.com\/es\/wp-json\/wp\/v2\/product_brand?post=53766"},{"taxonomy":"product_cat","embeddable":true,"href":"https:\/\/livingwaters.com\/es\/wp-json\/wp\/v2\/product_cat?post=53766"},{"taxonomy":"product_tag","embeddable":true,"href":"https:\/\/livingwaters.com\/es\/wp-json\/wp\/v2\/product_tag?post=53766"}],"curies":[{"name":"wp","href":"https:\/\/api.w.org\/{rel}","templated":true}]}}